{"id":2996,"date":"2021-05-29T14:20:41","date_gmt":"2021-05-29T12:20:41","guid":{"rendered":"https:\/\/artesepia.com\/product\/\/"},"modified":"2023-01-17T18:47:18","modified_gmt":"2023-01-17T17:47:18","slug":"paysage-de-plaine-dans-une-lumiere-crepusculaire-ecole-du-xixe-siecle","status":"publish","type":"product","link":"https:\/\/drawings-online.com\/en\/product\/a-plain-landscape-in-sunset-or-sundown-school-of-the-19th-century\/","title":{"rendered":"A plain landscape in sunset or sundown, School of the 19th century"},"content":{"rendered":"<p><strong>School of the 19th century<\/strong><\/p>\n<p><strong><em>A plain landscape in sunset or sundown<\/em><\/strong><\/p>\n<p>Oil on paper.<\/p>\n<p>206 x 329 mm &#8211; 8 1\/8 x 12 15\/16 in.<\/p>\n<p>&nbsp;<\/p>\n<p>This mysterious landscape is not easy to localize. The bulb-shaped bell tower in the distance suggest it could be an Oriental or Slavic landscape. The smokes rising in the pink sky evoke morning or evening chimney fires, whether it is sunset or sundown.<\/p>\n","protected":false},"excerpt":{"rendered":"<p>A plain landscape in sunset or sundown, School of the 19th century.<\/p>\n","protected":false},"featured_media":2997,"template":"","meta":{"_themeisle_gutenberg_block_has_review":false},"product_brand":[],"product_cat":[15],"product_tag":[37,353,86,419,120,197],"class_list":{"0":"post-2996","1":"product","2":"type-product","3":"status-publish","4":"has-post-thumbnail","6":"product_cat-uncategorized","7":"product_tag-19th","8":"product_tag-gallery","9":"product_tag-oil-on-paper","10":"product_tag-n6","11":"product_tag-landscape","12":"product_tag-orientalist-subject","14":"first","15":"instock","16":"taxable","17":"shipping-taxable","18":"purchasable","19":"product-type-variable"},"yoast_head":"<!-- This site is optimized with the Yoast SEO plugin v27.4 - https:\/\/yoast.com\/product\/yoast-seo-wordpress\/ -->\n<title>A plain landscape in sunset or sundown, School of the 19th century<\/title>\n<meta name=\"description\" content=\"A plain landscape in sunset or sundown, School of the 19th century.\" \/>\n<meta name=\"robots\" content=\"index, follow, max-snippet:-1, max-image-preview:large, max-video-preview:-1\" \/>\n<link rel=\"canonical\" href=\"http:\/\/A%20plain%20landscape%20in%20sunset%20or%20sundown,%20School%20of%20the%2019th%20century.\" \/>\n<meta property=\"og:locale\" content=\"en_US\" \/>\n<meta property=\"og:type\" content=\"article\" \/>\n<meta property=\"og:title\" content=\"A plain landscape in sunset or sundown, School of the 19th century\" \/>\n<meta property=\"og:description\" content=\"A plain landscape in sunset or sundown, School of the 19th century.\" \/>\n<meta property=\"og:url\" content=\"https:\/\/drawings-online.com\/en\/product\/a-plain-landscape-in-sunset-or-sundown-school-of-the-19th-century\/\" \/>\n<meta property=\"og:site_name\" content=\"Drawings-online\" \/>\n<meta property=\"article:publisher\" content=\"https:\/\/www.facebook.com\/people\/Drawings-online\/100034942735866\/\" \/>\n<meta property=\"article:modified_time\" content=\"2023-01-17T17:47:18+00:00\" \/>\n<meta property=\"og:image\" content=\"https:\/\/drawings-online.com\/wp-content\/uploads\/2021\/05\/DSC_3114_1-1024x1024.png\" \/>\n\t<meta property=\"og:image:width\" content=\"1024\" \/>\n\t<meta property=\"og:image:height\" content=\"1024\" \/>\n\t<meta property=\"og:image:type\" content=\"image\/png\" \/>\n<meta name=\"twitter:card\" content=\"summary_large_image\" \/>\n<meta name=\"twitter:site\" content=\"@OnlineDrawings\" \/>\n<meta name=\"twitter:label1\" content=\"Est. reading time\" \/>\n\t<meta name=\"twitter:data1\" content=\"1 minute\" \/>\n<script type=\"application\/ld+json\" class=\"yoast-schema-graph\">{\"@context\":\"https:\\\/\\\/schema.org\",\"@graph\":[{\"@type\":\"WebPage\",\"@id\":\"https:\\\/\\\/drawings-online.com\\\/en\\\/product\\\/a-plain-landscape-in-sunset-or-sundown-school-of-the-19th-century\\\/\",\"url\":\"https:\\\/\\\/drawings-online.com\\\/en\\\/product\\\/a-plain-landscape-in-sunset-or-sundown-school-of-the-19th-century\\\/\",\"name\":\"Paysage de plaine dans une lumi\u00e8re cr\u00e9pusculaire, Ecole du XIXe si\u00e8cle - Drawings-online\",\"isPartOf\":{\"@id\":\"https:\\\/\\\/drawings-online.com\\\/#website\"},\"primaryImageOfPage\":{\"@id\":\"https:\\\/\\\/drawings-online.com\\\/en\\\/product\\\/a-plain-landscape-in-sunset-or-sundown-school-of-the-19th-century\\\/#primaryimage\"},\"image\":{\"@id\":\"https:\\\/\\\/drawings-online.com\\\/en\\\/product\\\/a-plain-landscape-in-sunset-or-sundown-school-of-the-19th-century\\\/#primaryimage\"},\"thumbnailUrl\":\"https:\\\/\\\/drawings-online.com\\\/wp-content\\\/uploads\\\/2021\\\/05\\\/DSC_3114_1.png\",\"datePublished\":\"2021-05-29T12:20:41+00:00\",\"dateModified\":\"2023-01-17T17:47:18+00:00\",\"breadcrumb\":{\"@id\":\"https:\\\/\\\/drawings-online.com\\\/en\\\/product\\\/a-plain-landscape-in-sunset-or-sundown-school-of-the-19th-century\\\/#breadcrumb\"},\"inLanguage\":\"en-US\",\"potentialAction\":[{\"@type\":\"ReadAction\",\"target\":[\"https:\\\/\\\/drawings-online.com\\\/en\\\/product\\\/a-plain-landscape-in-sunset-or-sundown-school-of-the-19th-century\\\/\"]}]},{\"@type\":\"ImageObject\",\"inLanguage\":\"en-US\",\"@id\":\"https:\\\/\\\/drawings-online.com\\\/en\\\/product\\\/a-plain-landscape-in-sunset-or-sundown-school-of-the-19th-century\\\/#primaryimage\",\"url\":\"https:\\\/\\\/drawings-online.com\\\/wp-content\\\/uploads\\\/2021\\\/05\\\/DSC_3114_1.png\",\"contentUrl\":\"https:\\\/\\\/drawings-online.com\\\/wp-content\\\/uploads\\\/2021\\\/05\\\/DSC_3114_1.png\",\"width\":1800,\"height\":1800,\"caption\":\"Paysage de plaine dans une lumi\u00e8re cr\u00e9pusculaire, Ecole du XIXe si\u00e8cle\"},{\"@type\":\"BreadcrumbList\",\"@id\":\"https:\\\/\\\/drawings-online.com\\\/en\\\/product\\\/a-plain-landscape-in-sunset-or-sundown-school-of-the-19th-century\\\/#breadcrumb\",\"itemListElement\":[{\"@type\":\"ListItem\",\"position\":1,\"name\":\"Works available\",\"item\":\"https:\\\/\\\/drawings-online.com\\\/\"},{\"@type\":\"ListItem\",\"position\":2,\"name\":\"Gallery\",\"item\":\"https:\\\/\\\/drawings-online.com\\\/galerie\\\/\"},{\"@type\":\"ListItem\",\"position\":3,\"name\":\"19e\",\"item\":\"https:\\\/\\\/drawings-online.com\\\/product_tag\\\/19e\\\/\"},{\"@type\":\"ListItem\",\"position\":4,\"name\":\"A plain landscape in sunset or sundown, School of the 19th century\"}]},{\"@type\":\"WebSite\",\"@id\":\"https:\\\/\\\/drawings-online.com\\\/en\\\/#website\",\"url\":\"https:\\\/\\\/drawings-online.com\\\/en\\\/\",\"name\":\"Drawings-online\",\"description\":\"Dessins en ligne\",\"publisher\":{\"@id\":\"https:\\\/\\\/drawings-online.com\\\/en\\\/#organization\"},\"potentialAction\":[{\"@type\":\"SearchAction\",\"target\":{\"@type\":\"EntryPoint\",\"urlTemplate\":\"https:\\\/\\\/drawings-online.com\\\/en\\\/?s={search_term_string}\"},\"query-input\":{\"@type\":\"PropertyValueSpecification\",\"valueRequired\":true,\"valueName\":\"search_term_string\"}}],\"inLanguage\":\"en-US\"},{\"@type\":\"Organization\",\"@id\":\"https:\\\/\\\/drawings-online.com\\\/en\\\/#organization\",\"name\":\"Drawings-online\",\"url\":\"https:\\\/\\\/drawings-online.com\\\/en\\\/\",\"logo\":{\"@type\":\"ImageObject\",\"inLanguage\":\"en-US\",\"@id\":\"https:\\\/\\\/drawings-online.com\\\/en\\\/#\\\/schema\\\/logo\\\/image\\\/\",\"url\":\"https:\\\/\\\/drawings-online.com\\\/wp-content\\\/uploads\\\/2020\\\/12\\\/drawings-icone-transp-e1607442878135.png\",\"contentUrl\":\"https:\\\/\\\/drawings-online.com\\\/wp-content\\\/uploads\\\/2020\\\/12\\\/drawings-icone-transp-e1607442878135.png\",\"width\":150,\"height\":150,\"caption\":\"Drawings-online\"},\"image\":{\"@id\":\"https:\\\/\\\/drawings-online.com\\\/en\\\/#\\\/schema\\\/logo\\\/image\\\/\"},\"sameAs\":[\"https:\\\/\\\/www.facebook.com\\\/people\\\/Drawings-online\\\/100034942735866\\\/\",\"https:\\\/\\\/x.com\\\/OnlineDrawings\",\"https:\\\/\\\/www.instagram.com\\\/drawings_online_com\\\/\"]}]}<\/script>\n<!-- \/ Yoast SEO plugin. -->","yoast_head_json":{"title":"A plain landscape in sunset or sundown, School of the 19th century","description":"A plain landscape in sunset or sundown, School of the 19th century.","robots":{"index":"index","follow":"follow","max-snippet":"max-snippet:-1","max-image-preview":"max-image-preview:large","max-video-preview":"max-video-preview:-1"},"canonical":"A plain landscape in sunset or sundown, School of the 19th century.","og_locale":"en_US","og_type":"article","og_title":"A plain landscape in sunset or sundown, School of the 19th century","og_description":"A plain landscape in sunset or sundown, School of the 19th century.","og_url":"https:\/\/drawings-online.com\/en\/product\/a-plain-landscape-in-sunset-or-sundown-school-of-the-19th-century\/","og_site_name":"Drawings-online","article_publisher":"https:\/\/www.facebook.com\/people\/Drawings-online\/100034942735866\/","article_modified_time":"2023-01-17T17:47:18+00:00","og_image":[{"width":1024,"height":1024,"url":"https:\/\/drawings-online.com\/wp-content\/uploads\/2021\/05\/DSC_3114_1-1024x1024.png","type":"image\/png"}],"twitter_card":"summary_large_image","twitter_site":"@OnlineDrawings","twitter_misc":{"Est. reading time":"1 minute"},"schema":{"@context":"https:\/\/schema.org","@graph":[{"@type":"WebPage","@id":"https:\/\/drawings-online.com\/en\/product\/a-plain-landscape-in-sunset-or-sundown-school-of-the-19th-century\/","url":"https:\/\/drawings-online.com\/en\/product\/a-plain-landscape-in-sunset-or-sundown-school-of-the-19th-century\/","name":"Paysage de plaine dans une lumi\u00e8re cr\u00e9pusculaire, Ecole du XIXe si\u00e8cle - Drawings-online","isPartOf":{"@id":"https:\/\/drawings-online.com\/#website"},"primaryImageOfPage":{"@id":"https:\/\/drawings-online.com\/en\/product\/a-plain-landscape-in-sunset-or-sundown-school-of-the-19th-century\/#primaryimage"},"image":{"@id":"https:\/\/drawings-online.com\/en\/product\/a-plain-landscape-in-sunset-or-sundown-school-of-the-19th-century\/#primaryimage"},"thumbnailUrl":"https:\/\/drawings-online.com\/wp-content\/uploads\/2021\/05\/DSC_3114_1.png","datePublished":"2021-05-29T12:20:41+00:00","dateModified":"2023-01-17T17:47:18+00:00","breadcrumb":{"@id":"https:\/\/drawings-online.com\/en\/product\/a-plain-landscape-in-sunset-or-sundown-school-of-the-19th-century\/#breadcrumb"},"inLanguage":"en-US","potentialAction":[{"@type":"ReadAction","target":["https:\/\/drawings-online.com\/en\/product\/a-plain-landscape-in-sunset-or-sundown-school-of-the-19th-century\/"]}]},{"@type":"ImageObject","inLanguage":"en-US","@id":"https:\/\/drawings-online.com\/en\/product\/a-plain-landscape-in-sunset-or-sundown-school-of-the-19th-century\/#primaryimage","url":"https:\/\/drawings-online.com\/wp-content\/uploads\/2021\/05\/DSC_3114_1.png","contentUrl":"https:\/\/drawings-online.com\/wp-content\/uploads\/2021\/05\/DSC_3114_1.png","width":1800,"height":1800,"caption":"Paysage de plaine dans une lumi\u00e8re cr\u00e9pusculaire, Ecole du XIXe si\u00e8cle"},{"@type":"BreadcrumbList","@id":"https:\/\/drawings-online.com\/en\/product\/a-plain-landscape-in-sunset-or-sundown-school-of-the-19th-century\/#breadcrumb","itemListElement":[{"@type":"ListItem","position":1,"name":"Works available","item":"https:\/\/drawings-online.com\/"},{"@type":"ListItem","position":2,"name":"Gallery","item":"https:\/\/drawings-online.com\/galerie\/"},{"@type":"ListItem","position":3,"name":"19e","item":"https:\/\/drawings-online.com\/product_tag\/19e\/"},{"@type":"ListItem","position":4,"name":"A plain landscape in sunset or sundown, School of the 19th century"}]},{"@type":"WebSite","@id":"https:\/\/drawings-online.com\/en\/#website","url":"https:\/\/drawings-online.com\/en\/","name":"Drawings-online","description":"Dessins en ligne","publisher":{"@id":"https:\/\/drawings-online.com\/en\/#organization"},"potentialAction":[{"@type":"SearchAction","target":{"@type":"EntryPoint","urlTemplate":"https:\/\/drawings-online.com\/en\/?s={search_term_string}"},"query-input":{"@type":"PropertyValueSpecification","valueRequired":true,"valueName":"search_term_string"}}],"inLanguage":"en-US"},{"@type":"Organization","@id":"https:\/\/drawings-online.com\/en\/#organization","name":"Drawings-online","url":"https:\/\/drawings-online.com\/en\/","logo":{"@type":"ImageObject","inLanguage":"en-US","@id":"https:\/\/drawings-online.com\/en\/#\/schema\/logo\/image\/","url":"https:\/\/drawings-online.com\/wp-content\/uploads\/2020\/12\/drawings-icone-transp-e1607442878135.png","contentUrl":"https:\/\/drawings-online.com\/wp-content\/uploads\/2020\/12\/drawings-icone-transp-e1607442878135.png","width":150,"height":150,"caption":"Drawings-online"},"image":{"@id":"https:\/\/drawings-online.com\/en\/#\/schema\/logo\/image\/"},"sameAs":["https:\/\/www.facebook.com\/people\/Drawings-online\/100034942735866\/","https:\/\/x.com\/OnlineDrawings","https:\/\/www.instagram.com\/drawings_online_com\/"]}]}},"jetpack_sharing_enabled":true,"_links":{"self":[{"href":"https:\/\/drawings-online.com\/en\/wp-json\/wp\/v2\/product\/2996","targetHints":{"allow":["GET"]}}],"collection":[{"href":"https:\/\/drawings-online.com\/en\/wp-json\/wp\/v2\/product"}],"about":[{"href":"https:\/\/drawings-online.com\/en\/wp-json\/wp\/v2\/types\/product"}],"wp:featuredmedia":[{"embeddable":true,"href":"https:\/\/drawings-online.com\/en\/wp-json\/wp\/v2\/media\/2997"}],"wp:attachment":[{"href":"https:\/\/drawings-online.com\/en\/wp-json\/wp\/v2\/media?parent=2996"}],"wp:term":[{"taxonomy":"product_brand","embeddable":true,"href":"https:\/\/drawings-online.com\/en\/wp-json\/wp\/v2\/product_brand?post=2996"},{"taxonomy":"product_cat","embeddable":true,"href":"https:\/\/drawings-online.com\/en\/wp-json\/wp\/v2\/product_cat?post=2996"},{"taxonomy":"product_tag","embeddable":true,"href":"https:\/\/drawings-online.com\/en\/wp-json\/wp\/v2\/product_tag?post=2996"}],"curies":[{"name":"wp","href":"https:\/\/api.w.org\/{rel}","templated":true}]}}