{"id":2784,"date":"2021-04-22T13:10:36","date_gmt":"2021-04-22T11:10:36","guid":{"rendered":"https:\/\/artesepia.com\/product\/\/"},"modified":"2023-01-17T18:42:50","modified_gmt":"2023-01-17T17:42:50","slug":"vue-du-chateau-de-chillon-suisse-par-charles-louis-guigon","status":"publish","type":"product","link":"https:\/\/drawings-online.com\/en\/product\/view-of-the-castle-of-chillon-in-switzerland-by-charles-louis-guigon\/","title":{"rendered":"View of the castle of Chillon in Switzerland by Charles-Louis Guigon"},"content":{"rendered":"<p><strong>Charles-Louis Guigon<\/strong><\/p>\n<p>Gen\u00e8ve 1807 &#8211; 1882<\/p>\n<p><strong><em>View of the castle of Chillon in Switzerland<\/em><\/strong><\/p>\n<p><em>\u00a0<\/em>Signed <em>Guigon<\/em> lower left<\/p>\n<p>Oil on paper laid down on board.<\/p>\n<p>A torn label on the verso with inscription <em>Chillon et la\u00a0 \u20261831 ou 32.<\/em><\/p>\n<p>247 x 331 mm &#8211; 9 3\/4 x 13 1\/16 in.<\/p>\n<p>Exhibition &#8211; May-be Salon de Gen\u00e8ve, 1834, n\u00b0 103, <em>Vue du lac de Gen\u00e8ve, prise aupr\u00e8s du Ch\u00e2teau de Chillon<\/em> (tableau owned by Mr Odier-C\u00e9ard).<\/p>\n<p>Charles-Louis Guigon learnt drawing in Geneva with Fran\u00e7ois G\u00e9d\u00e9on Reverdin (1772 &#8211; 1828), then in Paris with Louis Victor Godin (1776 &#8211; 1831). He may also have trained with Alexandre Calame (1810 &#8211; 1864) whose taste for mountainous landscape he acquired and extensively developed in numerous paintings. He regularly took part in the Geneva salons from 1826 to 1881, became a drawing teacher and opened a studio for women. He brought back many studies and paintings from his trips to Italy, especially to Venice.<\/p>\n<p>A picturesque site from Lake Geneva in Veytaux, Switzerland, the Castle of Chillon was painted many times and, after having inspired romantic works to Eug\u00e8ne Delacroix and Lord Byron on the theme of <em>The<\/em> <em>Chillon prisoner<\/em>, he was painted by Gustave Courbet in a series of famous works.<\/p>\n","protected":false},"excerpt":{"rendered":"<p>View of the castle of Chillon in Switzerland by Charles-Louis Guigon.<\/p>\n","protected":false},"featured_media":2785,"template":"","meta":{"_themeisle_gutenberg_block_has_review":false},"product_brand":[],"product_cat":[260],"product_tag":[37,353,86,418,120,254],"class_list":{"0":"post-2784","1":"product","2":"type-product","3":"status-publish","4":"has-post-thumbnail","6":"product_cat-swiss-school","7":"product_tag-19th","8":"product_tag-gallery","9":"product_tag-oil-on-paper","10":"product_tag-n5","11":"product_tag-landscape","12":"product_tag-view-of-switzerland","14":"first","15":"outofstock","16":"taxable","17":"shipping-taxable","18":"purchasable","19":"product-type-variable","20":"has-default-attributes"},"yoast_head":"<!-- This site is optimized with the Yoast SEO plugin v27.4 - https:\/\/yoast.com\/product\/yoast-seo-wordpress\/ -->\n<title>View of the castle of Chillon in Switzerland by Charles-Louis Guigon<\/title>\n<meta name=\"description\" content=\"View of the castle of Chillon in Switzerland by Charles-Louis Guigon.\" \/>\n<meta name=\"robots\" content=\"index, follow, max-snippet:-1, max-image-preview:large, max-video-preview:-1\" \/>\n<link rel=\"canonical\" href=\"http:\/\/View%20of%20the%20castle%20of%20Chillon%20in%20Switzerland%20by%20Charles-Louis%20Guigon.\" \/>\n<meta property=\"og:locale\" content=\"en_US\" \/>\n<meta property=\"og:type\" content=\"article\" \/>\n<meta property=\"og:title\" content=\"View of the castle of Chillon in Switzerland by Charles-Louis Guigon\" \/>\n<meta property=\"og:description\" content=\"View of the castle of Chillon in Switzerland by Charles-Louis Guigon.\" \/>\n<meta property=\"og:url\" content=\"https:\/\/drawings-online.com\/en\/product\/view-of-the-castle-of-chillon-in-switzerland-by-charles-louis-guigon\/\" \/>\n<meta property=\"og:site_name\" content=\"Drawings-online\" \/>\n<meta property=\"article:publisher\" content=\"https:\/\/www.facebook.com\/people\/Drawings-online\/100034942735866\/\" \/>\n<meta property=\"article:modified_time\" content=\"2023-01-17T17:42:50+00:00\" \/>\n<meta property=\"og:image\" content=\"https:\/\/drawings-online.com\/wp-content\/uploads\/2021\/04\/DSC_3198_1-1024x1024.png\" \/>\n\t<meta property=\"og:image:width\" content=\"1024\" \/>\n\t<meta property=\"og:image:height\" content=\"1024\" \/>\n\t<meta property=\"og:image:type\" content=\"image\/png\" \/>\n<meta name=\"twitter:card\" content=\"summary_large_image\" \/>\n<meta name=\"twitter:site\" content=\"@OnlineDrawings\" \/>\n<meta name=\"twitter:label1\" content=\"Est. reading time\" \/>\n\t<meta name=\"twitter:data1\" content=\"1 minute\" \/>\n<script type=\"application\/ld+json\" class=\"yoast-schema-graph\">{\"@context\":\"https:\\\/\\\/schema.org\",\"@graph\":[{\"@type\":\"WebPage\",\"@id\":\"https:\\\/\\\/drawings-online.com\\\/en\\\/product\\\/view-of-the-castle-of-chillon-in-switzerland-by-charles-louis-guigon\\\/\",\"url\":\"https:\\\/\\\/drawings-online.com\\\/en\\\/product\\\/view-of-the-castle-of-chillon-in-switzerland-by-charles-louis-guigon\\\/\",\"name\":\"Vue du ch\u00e2teau de Chillon, Suisse par Charles-Louis Guigon - Drawings-online\",\"isPartOf\":{\"@id\":\"https:\\\/\\\/drawings-online.com\\\/#website\"},\"primaryImageOfPage\":{\"@id\":\"https:\\\/\\\/drawings-online.com\\\/en\\\/product\\\/view-of-the-castle-of-chillon-in-switzerland-by-charles-louis-guigon\\\/#primaryimage\"},\"image\":{\"@id\":\"https:\\\/\\\/drawings-online.com\\\/en\\\/product\\\/view-of-the-castle-of-chillon-in-switzerland-by-charles-louis-guigon\\\/#primaryimage\"},\"thumbnailUrl\":\"https:\\\/\\\/drawings-online.com\\\/wp-content\\\/uploads\\\/2021\\\/04\\\/DSC_3198_1.png\",\"datePublished\":\"2021-04-22T11:10:36+00:00\",\"dateModified\":\"2023-01-17T17:42:50+00:00\",\"breadcrumb\":{\"@id\":\"https:\\\/\\\/drawings-online.com\\\/en\\\/product\\\/view-of-the-castle-of-chillon-in-switzerland-by-charles-louis-guigon\\\/#breadcrumb\"},\"inLanguage\":\"en-US\",\"potentialAction\":[{\"@type\":\"ReadAction\",\"target\":[\"https:\\\/\\\/drawings-online.com\\\/en\\\/product\\\/view-of-the-castle-of-chillon-in-switzerland-by-charles-louis-guigon\\\/\"]}]},{\"@type\":\"ImageObject\",\"inLanguage\":\"en-US\",\"@id\":\"https:\\\/\\\/drawings-online.com\\\/en\\\/product\\\/view-of-the-castle-of-chillon-in-switzerland-by-charles-louis-guigon\\\/#primaryimage\",\"url\":\"https:\\\/\\\/drawings-online.com\\\/wp-content\\\/uploads\\\/2021\\\/04\\\/DSC_3198_1.png\",\"contentUrl\":\"https:\\\/\\\/drawings-online.com\\\/wp-content\\\/uploads\\\/2021\\\/04\\\/DSC_3198_1.png\",\"width\":1800,\"height\":1800,\"caption\":\"Vue du ch\u00e2teau de Chillon, Suisse par Charles-Louis Guigon\"},{\"@type\":\"BreadcrumbList\",\"@id\":\"https:\\\/\\\/drawings-online.com\\\/en\\\/product\\\/view-of-the-castle-of-chillon-in-switzerland-by-charles-louis-guigon\\\/#breadcrumb\",\"itemListElement\":[{\"@type\":\"ListItem\",\"position\":1,\"name\":\"Works available\",\"item\":\"https:\\\/\\\/drawings-online.com\\\/\"},{\"@type\":\"ListItem\",\"position\":2,\"name\":\"Gallery\",\"item\":\"https:\\\/\\\/drawings-online.com\\\/galerie\\\/\"},{\"@type\":\"ListItem\",\"position\":3,\"name\":\"19e\",\"item\":\"https:\\\/\\\/drawings-online.com\\\/product_tag\\\/19e\\\/\"},{\"@type\":\"ListItem\",\"position\":4,\"name\":\"View of the castle of Chillon in Switzerland by Charles-Louis Guigon\"}]},{\"@type\":\"WebSite\",\"@id\":\"https:\\\/\\\/drawings-online.com\\\/en\\\/#website\",\"url\":\"https:\\\/\\\/drawings-online.com\\\/en\\\/\",\"name\":\"Drawings-online\",\"description\":\"Dessins en ligne\",\"publisher\":{\"@id\":\"https:\\\/\\\/drawings-online.com\\\/en\\\/#organization\"},\"potentialAction\":[{\"@type\":\"SearchAction\",\"target\":{\"@type\":\"EntryPoint\",\"urlTemplate\":\"https:\\\/\\\/drawings-online.com\\\/en\\\/?s={search_term_string}\"},\"query-input\":{\"@type\":\"PropertyValueSpecification\",\"valueRequired\":true,\"valueName\":\"search_term_string\"}}],\"inLanguage\":\"en-US\"},{\"@type\":\"Organization\",\"@id\":\"https:\\\/\\\/drawings-online.com\\\/en\\\/#organization\",\"name\":\"Drawings-online\",\"url\":\"https:\\\/\\\/drawings-online.com\\\/en\\\/\",\"logo\":{\"@type\":\"ImageObject\",\"inLanguage\":\"en-US\",\"@id\":\"https:\\\/\\\/drawings-online.com\\\/en\\\/#\\\/schema\\\/logo\\\/image\\\/\",\"url\":\"https:\\\/\\\/drawings-online.com\\\/wp-content\\\/uploads\\\/2020\\\/12\\\/drawings-icone-transp-e1607442878135.png\",\"contentUrl\":\"https:\\\/\\\/drawings-online.com\\\/wp-content\\\/uploads\\\/2020\\\/12\\\/drawings-icone-transp-e1607442878135.png\",\"width\":150,\"height\":150,\"caption\":\"Drawings-online\"},\"image\":{\"@id\":\"https:\\\/\\\/drawings-online.com\\\/en\\\/#\\\/schema\\\/logo\\\/image\\\/\"},\"sameAs\":[\"https:\\\/\\\/www.facebook.com\\\/people\\\/Drawings-online\\\/100034942735866\\\/\",\"https:\\\/\\\/x.com\\\/OnlineDrawings\",\"https:\\\/\\\/www.instagram.com\\\/drawings_online_com\\\/\"]}]}<\/script>\n<!-- \/ Yoast SEO plugin. -->","yoast_head_json":{"title":"View of the castle of Chillon in Switzerland by Charles-Louis Guigon","description":"View of the castle of Chillon in Switzerland by Charles-Louis Guigon.","robots":{"index":"index","follow":"follow","max-snippet":"max-snippet:-1","max-image-preview":"max-image-preview:large","max-video-preview":"max-video-preview:-1"},"canonical":"View of the castle of Chillon in Switzerland by Charles-Louis Guigon.","og_locale":"en_US","og_type":"article","og_title":"View of the castle of Chillon in Switzerland by Charles-Louis Guigon","og_description":"View of the castle of Chillon in Switzerland by Charles-Louis Guigon.","og_url":"https:\/\/drawings-online.com\/en\/product\/view-of-the-castle-of-chillon-in-switzerland-by-charles-louis-guigon\/","og_site_name":"Drawings-online","article_publisher":"https:\/\/www.facebook.com\/people\/Drawings-online\/100034942735866\/","article_modified_time":"2023-01-17T17:42:50+00:00","og_image":[{"width":1024,"height":1024,"url":"https:\/\/drawings-online.com\/wp-content\/uploads\/2021\/04\/DSC_3198_1-1024x1024.png","type":"image\/png"}],"twitter_card":"summary_large_image","twitter_site":"@OnlineDrawings","twitter_misc":{"Est. reading time":"1 minute"},"schema":{"@context":"https:\/\/schema.org","@graph":[{"@type":"WebPage","@id":"https:\/\/drawings-online.com\/en\/product\/view-of-the-castle-of-chillon-in-switzerland-by-charles-louis-guigon\/","url":"https:\/\/drawings-online.com\/en\/product\/view-of-the-castle-of-chillon-in-switzerland-by-charles-louis-guigon\/","name":"Vue du ch\u00e2teau de Chillon, Suisse par Charles-Louis Guigon - Drawings-online","isPartOf":{"@id":"https:\/\/drawings-online.com\/#website"},"primaryImageOfPage":{"@id":"https:\/\/drawings-online.com\/en\/product\/view-of-the-castle-of-chillon-in-switzerland-by-charles-louis-guigon\/#primaryimage"},"image":{"@id":"https:\/\/drawings-online.com\/en\/product\/view-of-the-castle-of-chillon-in-switzerland-by-charles-louis-guigon\/#primaryimage"},"thumbnailUrl":"https:\/\/drawings-online.com\/wp-content\/uploads\/2021\/04\/DSC_3198_1.png","datePublished":"2021-04-22T11:10:36+00:00","dateModified":"2023-01-17T17:42:50+00:00","breadcrumb":{"@id":"https:\/\/drawings-online.com\/en\/product\/view-of-the-castle-of-chillon-in-switzerland-by-charles-louis-guigon\/#breadcrumb"},"inLanguage":"en-US","potentialAction":[{"@type":"ReadAction","target":["https:\/\/drawings-online.com\/en\/product\/view-of-the-castle-of-chillon-in-switzerland-by-charles-louis-guigon\/"]}]},{"@type":"ImageObject","inLanguage":"en-US","@id":"https:\/\/drawings-online.com\/en\/product\/view-of-the-castle-of-chillon-in-switzerland-by-charles-louis-guigon\/#primaryimage","url":"https:\/\/drawings-online.com\/wp-content\/uploads\/2021\/04\/DSC_3198_1.png","contentUrl":"https:\/\/drawings-online.com\/wp-content\/uploads\/2021\/04\/DSC_3198_1.png","width":1800,"height":1800,"caption":"Vue du ch\u00e2teau de Chillon, Suisse par Charles-Louis Guigon"},{"@type":"BreadcrumbList","@id":"https:\/\/drawings-online.com\/en\/product\/view-of-the-castle-of-chillon-in-switzerland-by-charles-louis-guigon\/#breadcrumb","itemListElement":[{"@type":"ListItem","position":1,"name":"Works available","item":"https:\/\/drawings-online.com\/"},{"@type":"ListItem","position":2,"name":"Gallery","item":"https:\/\/drawings-online.com\/galerie\/"},{"@type":"ListItem","position":3,"name":"19e","item":"https:\/\/drawings-online.com\/product_tag\/19e\/"},{"@type":"ListItem","position":4,"name":"View of the castle of Chillon in Switzerland by Charles-Louis Guigon"}]},{"@type":"WebSite","@id":"https:\/\/drawings-online.com\/en\/#website","url":"https:\/\/drawings-online.com\/en\/","name":"Drawings-online","description":"Dessins en ligne","publisher":{"@id":"https:\/\/drawings-online.com\/en\/#organization"},"potentialAction":[{"@type":"SearchAction","target":{"@type":"EntryPoint","urlTemplate":"https:\/\/drawings-online.com\/en\/?s={search_term_string}"},"query-input":{"@type":"PropertyValueSpecification","valueRequired":true,"valueName":"search_term_string"}}],"inLanguage":"en-US"},{"@type":"Organization","@id":"https:\/\/drawings-online.com\/en\/#organization","name":"Drawings-online","url":"https:\/\/drawings-online.com\/en\/","logo":{"@type":"ImageObject","inLanguage":"en-US","@id":"https:\/\/drawings-online.com\/en\/#\/schema\/logo\/image\/","url":"https:\/\/drawings-online.com\/wp-content\/uploads\/2020\/12\/drawings-icone-transp-e1607442878135.png","contentUrl":"https:\/\/drawings-online.com\/wp-content\/uploads\/2020\/12\/drawings-icone-transp-e1607442878135.png","width":150,"height":150,"caption":"Drawings-online"},"image":{"@id":"https:\/\/drawings-online.com\/en\/#\/schema\/logo\/image\/"},"sameAs":["https:\/\/www.facebook.com\/people\/Drawings-online\/100034942735866\/","https:\/\/x.com\/OnlineDrawings","https:\/\/www.instagram.com\/drawings_online_com\/"]}]}},"jetpack_sharing_enabled":true,"_links":{"self":[{"href":"https:\/\/drawings-online.com\/en\/wp-json\/wp\/v2\/product\/2784","targetHints":{"allow":["GET"]}}],"collection":[{"href":"https:\/\/drawings-online.com\/en\/wp-json\/wp\/v2\/product"}],"about":[{"href":"https:\/\/drawings-online.com\/en\/wp-json\/wp\/v2\/types\/product"}],"wp:featuredmedia":[{"embeddable":true,"href":"https:\/\/drawings-online.com\/en\/wp-json\/wp\/v2\/media\/2785"}],"wp:attachment":[{"href":"https:\/\/drawings-online.com\/en\/wp-json\/wp\/v2\/media?parent=2784"}],"wp:term":[{"taxonomy":"product_brand","embeddable":true,"href":"https:\/\/drawings-online.com\/en\/wp-json\/wp\/v2\/product_brand?post=2784"},{"taxonomy":"product_cat","embeddable":true,"href":"https:\/\/drawings-online.com\/en\/wp-json\/wp\/v2\/product_cat?post=2784"},{"taxonomy":"product_tag","embeddable":true,"href":"https:\/\/drawings-online.com\/en\/wp-json\/wp\/v2\/product_tag?post=2784"}],"curies":[{"name":"wp","href":"https:\/\/api.w.org\/{rel}","templated":true}]}}