{"id":2732,"date":"2021-04-22T11:50:00","date_gmt":"2021-04-22T09:50:00","guid":{"rendered":"https:\/\/artesepia.com\/product\/\/"},"modified":"2023-01-17T18:42:54","modified_gmt":"2023-01-17T17:42:54","slug":"ciel-orageux-au-bord-dun-lac-une-barque-et-des-voiliers-une-femme-lisant-sur-la-berge-ecole-francaise-de-la-seconde-moitie-du-xixe-siecle","status":"publish","type":"product","link":"https:\/\/drawings-online.com\/en\/product\/stormy-sky-by-a-lake-a-bark-and-sailing-boats-a-woman-reading-on-the-riverbank-french-school-from-the-second-half-of-the-19th-century\/","title":{"rendered":"Stormy Sky by a Lake, a Bark and Sailing Boats, a Woman reading on the Riverbank, French school from the second half of the 19th century"},"content":{"rendered":"<p><strong>French school, second half of the 19th century<\/strong><\/p>\n<p><strong><em>Stormy Sky by a Lake, a Bark and Sailing Boats, a Woman reading on the Riverbank<\/em><\/strong><\/p>\n<p><em>\u00a0<\/em>Oil on paper laid down on canvas and mounted on chassis.<\/p>\n<p>Signed by initials <em>CA<\/em> or <em>CH<\/em> lower right.<\/p>\n<p>155 x 235 mm &#8211; 6 1\/8 x 9 1\/4 in.<\/p>\n<p>&nbsp;<\/p>\n<p>In this lovely oil on paper, two women are shown embarking into a rowboat paddled by a man, as a storm is approaching: the darkening sky on the right-hand side, the billowing sails of the boat on the background, the birds flying rather low in the sky, and the grey and mauve glints on the river surface make palpable the sudden cooling of air and gust of wind which precede storm. A reading woman is lingering on the river bank while figures are walking away under the trees. The liveliness and sensibility of this beautiful sketch, whose monogram we have not been able to identify, capture the viewer\u2019s attention.<\/p>\n","protected":false},"excerpt":{"rendered":"<p>Stormy Sky by a Lake, a Bark and Sailing Boats, a Woman reading on the Riverbank, French school from the second half of the 19th century.<\/p>\n","protected":false},"featured_media":2733,"template":"","meta":{"_themeisle_gutenberg_block_has_review":false},"product_brand":[],"product_cat":[78],"product_tag":[37,353,86,242,418,120],"class_list":{"0":"post-2732","1":"product","2":"type-product","3":"status-publish","4":"has-post-thumbnail","6":"product_cat-french-school","7":"product_tag-19th","8":"product_tag-gallery","9":"product_tag-oil-on-paper","10":"product_tag-marine","11":"product_tag-n5","12":"product_tag-landscape","14":"first","15":"instock","16":"taxable","17":"shipping-taxable","18":"purchasable","19":"product-type-variable","20":"has-default-attributes"},"yoast_head":"<!-- This site is optimized with the Yoast SEO plugin v27.4 - https:\/\/yoast.com\/product\/yoast-seo-wordpress\/ -->\n<title>Stormy Sky by a Lake, a Bark and Sailing Boats, a Woman reading on the Riverbank, French school from the second half of the 19th century<\/title>\n<meta name=\"description\" content=\"Stormy Sky by a Lake, a Bark and Sailing Boats, a Woman reading on the Riverbank, French school from the second half of the 19th century.\" \/>\n<meta name=\"robots\" content=\"index, follow, max-snippet:-1, max-image-preview:large, max-video-preview:-1\" \/>\n<link rel=\"canonical\" href=\"http:\/\/Stormy%20Sky%20by%20a%20Lake,%20a%20Bark%20and%20Sailing%20Boats,%20a%20Woman%20reading%20on%20the%20Riverbank,%20French%20school%20from%20the%20second%20half%20of%20the%2019th%20century.\" \/>\n<meta property=\"og:locale\" content=\"en_US\" \/>\n<meta property=\"og:type\" content=\"article\" \/>\n<meta property=\"og:title\" content=\"Stormy Sky by a Lake, a Bark and Sailing Boats, a Woman reading on the Riverbank, French school from the second half of the 19th century\" \/>\n<meta property=\"og:description\" content=\"Stormy Sky by a Lake, a Bark and Sailing Boats, a Woman reading on the Riverbank, French school from the second half of the 19th century.\" \/>\n<meta property=\"og:url\" content=\"https:\/\/drawings-online.com\/en\/product\/stormy-sky-by-a-lake-a-bark-and-sailing-boats-a-woman-reading-on-the-riverbank-french-school-from-the-second-half-of-the-19th-century\/\" \/>\n<meta property=\"og:site_name\" content=\"Drawings-online\" \/>\n<meta property=\"article:publisher\" content=\"https:\/\/www.facebook.com\/people\/Drawings-online\/100034942735866\/\" \/>\n<meta property=\"article:modified_time\" content=\"2023-01-17T17:42:54+00:00\" \/>\n<meta property=\"og:image\" content=\"https:\/\/drawings-online.com\/wp-content\/uploads\/2021\/04\/DSC_3193_1-1024x1024.png\" \/>\n\t<meta property=\"og:image:width\" content=\"1024\" \/>\n\t<meta property=\"og:image:height\" content=\"1024\" \/>\n\t<meta property=\"og:image:type\" content=\"image\/png\" \/>\n<meta name=\"twitter:card\" content=\"summary_large_image\" \/>\n<meta name=\"twitter:site\" content=\"@OnlineDrawings\" \/>\n<meta name=\"twitter:label1\" content=\"Est. reading time\" \/>\n\t<meta name=\"twitter:data1\" content=\"1 minute\" \/>\n<script type=\"application\/ld+json\" class=\"yoast-schema-graph\">{\"@context\":\"https:\\\/\\\/schema.org\",\"@graph\":[{\"@type\":\"WebPage\",\"@id\":\"https:\\\/\\\/drawings-online.com\\\/en\\\/product\\\/stormy-sky-by-a-lake-a-bark-and-sailing-boats-a-woman-reading-on-the-riverbank-french-school-from-the-second-half-of-the-19th-century\\\/\",\"url\":\"https:\\\/\\\/drawings-online.com\\\/en\\\/product\\\/stormy-sky-by-a-lake-a-bark-and-sailing-boats-a-woman-reading-on-the-riverbank-french-school-from-the-second-half-of-the-19th-century\\\/\",\"name\":\"Ciel orageux au bord d\u2019un lac, une barque et des voiliers, une femme lisant sur la berge, \u00c9cole fran\u00e7aise de la seconde moiti\u00e9 du XIXe si\u00e8cle - Drawings-online\",\"isPartOf\":{\"@id\":\"https:\\\/\\\/drawings-online.com\\\/#website\"},\"primaryImageOfPage\":{\"@id\":\"https:\\\/\\\/drawings-online.com\\\/en\\\/product\\\/stormy-sky-by-a-lake-a-bark-and-sailing-boats-a-woman-reading-on-the-riverbank-french-school-from-the-second-half-of-the-19th-century\\\/#primaryimage\"},\"image\":{\"@id\":\"https:\\\/\\\/drawings-online.com\\\/en\\\/product\\\/stormy-sky-by-a-lake-a-bark-and-sailing-boats-a-woman-reading-on-the-riverbank-french-school-from-the-second-half-of-the-19th-century\\\/#primaryimage\"},\"thumbnailUrl\":\"https:\\\/\\\/drawings-online.com\\\/wp-content\\\/uploads\\\/2021\\\/04\\\/DSC_3193_1.png\",\"datePublished\":\"2021-04-22T09:50:00+00:00\",\"dateModified\":\"2023-01-17T17:42:54+00:00\",\"breadcrumb\":{\"@id\":\"https:\\\/\\\/drawings-online.com\\\/en\\\/product\\\/stormy-sky-by-a-lake-a-bark-and-sailing-boats-a-woman-reading-on-the-riverbank-french-school-from-the-second-half-of-the-19th-century\\\/#breadcrumb\"},\"inLanguage\":\"en-US\",\"potentialAction\":[{\"@type\":\"ReadAction\",\"target\":[\"https:\\\/\\\/drawings-online.com\\\/en\\\/product\\\/stormy-sky-by-a-lake-a-bark-and-sailing-boats-a-woman-reading-on-the-riverbank-french-school-from-the-second-half-of-the-19th-century\\\/\"]}]},{\"@type\":\"ImageObject\",\"inLanguage\":\"en-US\",\"@id\":\"https:\\\/\\\/drawings-online.com\\\/en\\\/product\\\/stormy-sky-by-a-lake-a-bark-and-sailing-boats-a-woman-reading-on-the-riverbank-french-school-from-the-second-half-of-the-19th-century\\\/#primaryimage\",\"url\":\"https:\\\/\\\/drawings-online.com\\\/wp-content\\\/uploads\\\/2021\\\/04\\\/DSC_3193_1.png\",\"contentUrl\":\"https:\\\/\\\/drawings-online.com\\\/wp-content\\\/uploads\\\/2021\\\/04\\\/DSC_3193_1.png\",\"width\":1800,\"height\":1800,\"caption\":\"Ciel orageux au bord d\u2019un lac, une barque et des voiliers, une femme lisant sur la berge, \u00c9cole fran\u00e7aise de la seconde moiti\u00e9 du XIXe si\u00e8cle\"},{\"@type\":\"BreadcrumbList\",\"@id\":\"https:\\\/\\\/drawings-online.com\\\/en\\\/product\\\/stormy-sky-by-a-lake-a-bark-and-sailing-boats-a-woman-reading-on-the-riverbank-french-school-from-the-second-half-of-the-19th-century\\\/#breadcrumb\",\"itemListElement\":[{\"@type\":\"ListItem\",\"position\":1,\"name\":\"Works available\",\"item\":\"https:\\\/\\\/drawings-online.com\\\/\"},{\"@type\":\"ListItem\",\"position\":2,\"name\":\"Gallery\",\"item\":\"https:\\\/\\\/drawings-online.com\\\/galerie\\\/\"},{\"@type\":\"ListItem\",\"position\":3,\"name\":\"19e\",\"item\":\"https:\\\/\\\/drawings-online.com\\\/product_tag\\\/19e\\\/\"},{\"@type\":\"ListItem\",\"position\":4,\"name\":\"Stormy Sky by a Lake, a Bark and Sailing Boats, a Woman reading on the Riverbank, French school from the second half of the 19th century\"}]},{\"@type\":\"WebSite\",\"@id\":\"https:\\\/\\\/drawings-online.com\\\/en\\\/#website\",\"url\":\"https:\\\/\\\/drawings-online.com\\\/en\\\/\",\"name\":\"Drawings-online\",\"description\":\"Dessins en ligne\",\"publisher\":{\"@id\":\"https:\\\/\\\/drawings-online.com\\\/en\\\/#organization\"},\"potentialAction\":[{\"@type\":\"SearchAction\",\"target\":{\"@type\":\"EntryPoint\",\"urlTemplate\":\"https:\\\/\\\/drawings-online.com\\\/en\\\/?s={search_term_string}\"},\"query-input\":{\"@type\":\"PropertyValueSpecification\",\"valueRequired\":true,\"valueName\":\"search_term_string\"}}],\"inLanguage\":\"en-US\"},{\"@type\":\"Organization\",\"@id\":\"https:\\\/\\\/drawings-online.com\\\/en\\\/#organization\",\"name\":\"Drawings-online\",\"url\":\"https:\\\/\\\/drawings-online.com\\\/en\\\/\",\"logo\":{\"@type\":\"ImageObject\",\"inLanguage\":\"en-US\",\"@id\":\"https:\\\/\\\/drawings-online.com\\\/en\\\/#\\\/schema\\\/logo\\\/image\\\/\",\"url\":\"https:\\\/\\\/drawings-online.com\\\/wp-content\\\/uploads\\\/2020\\\/12\\\/drawings-icone-transp-e1607442878135.png\",\"contentUrl\":\"https:\\\/\\\/drawings-online.com\\\/wp-content\\\/uploads\\\/2020\\\/12\\\/drawings-icone-transp-e1607442878135.png\",\"width\":150,\"height\":150,\"caption\":\"Drawings-online\"},\"image\":{\"@id\":\"https:\\\/\\\/drawings-online.com\\\/en\\\/#\\\/schema\\\/logo\\\/image\\\/\"},\"sameAs\":[\"https:\\\/\\\/www.facebook.com\\\/people\\\/Drawings-online\\\/100034942735866\\\/\",\"https:\\\/\\\/x.com\\\/OnlineDrawings\",\"https:\\\/\\\/www.instagram.com\\\/drawings_online_com\\\/\"]}]}<\/script>\n<!-- \/ Yoast SEO plugin. -->","yoast_head_json":{"title":"Stormy Sky by a Lake, a Bark and Sailing Boats, a Woman reading on the Riverbank, French school from the second half of the 19th century","description":"Stormy Sky by a Lake, a Bark and Sailing Boats, a Woman reading on the Riverbank, French school from the second half of the 19th century.","robots":{"index":"index","follow":"follow","max-snippet":"max-snippet:-1","max-image-preview":"max-image-preview:large","max-video-preview":"max-video-preview:-1"},"canonical":"Stormy Sky by a Lake, a Bark and Sailing Boats, a Woman reading on the Riverbank, French school from the second half of the 19th century.","og_locale":"en_US","og_type":"article","og_title":"Stormy Sky by a Lake, a Bark and Sailing Boats, a Woman reading on the Riverbank, French school from the second half of the 19th century","og_description":"Stormy Sky by a Lake, a Bark and Sailing Boats, a Woman reading on the Riverbank, French school from the second half of the 19th century.","og_url":"https:\/\/drawings-online.com\/en\/product\/stormy-sky-by-a-lake-a-bark-and-sailing-boats-a-woman-reading-on-the-riverbank-french-school-from-the-second-half-of-the-19th-century\/","og_site_name":"Drawings-online","article_publisher":"https:\/\/www.facebook.com\/people\/Drawings-online\/100034942735866\/","article_modified_time":"2023-01-17T17:42:54+00:00","og_image":[{"width":1024,"height":1024,"url":"https:\/\/drawings-online.com\/wp-content\/uploads\/2021\/04\/DSC_3193_1-1024x1024.png","type":"image\/png"}],"twitter_card":"summary_large_image","twitter_site":"@OnlineDrawings","twitter_misc":{"Est. reading time":"1 minute"},"schema":{"@context":"https:\/\/schema.org","@graph":[{"@type":"WebPage","@id":"https:\/\/drawings-online.com\/en\/product\/stormy-sky-by-a-lake-a-bark-and-sailing-boats-a-woman-reading-on-the-riverbank-french-school-from-the-second-half-of-the-19th-century\/","url":"https:\/\/drawings-online.com\/en\/product\/stormy-sky-by-a-lake-a-bark-and-sailing-boats-a-woman-reading-on-the-riverbank-french-school-from-the-second-half-of-the-19th-century\/","name":"Ciel orageux au bord d\u2019un lac, une barque et des voiliers, une femme lisant sur la berge, \u00c9cole fran\u00e7aise de la seconde moiti\u00e9 du XIXe si\u00e8cle - Drawings-online","isPartOf":{"@id":"https:\/\/drawings-online.com\/#website"},"primaryImageOfPage":{"@id":"https:\/\/drawings-online.com\/en\/product\/stormy-sky-by-a-lake-a-bark-and-sailing-boats-a-woman-reading-on-the-riverbank-french-school-from-the-second-half-of-the-19th-century\/#primaryimage"},"image":{"@id":"https:\/\/drawings-online.com\/en\/product\/stormy-sky-by-a-lake-a-bark-and-sailing-boats-a-woman-reading-on-the-riverbank-french-school-from-the-second-half-of-the-19th-century\/#primaryimage"},"thumbnailUrl":"https:\/\/drawings-online.com\/wp-content\/uploads\/2021\/04\/DSC_3193_1.png","datePublished":"2021-04-22T09:50:00+00:00","dateModified":"2023-01-17T17:42:54+00:00","breadcrumb":{"@id":"https:\/\/drawings-online.com\/en\/product\/stormy-sky-by-a-lake-a-bark-and-sailing-boats-a-woman-reading-on-the-riverbank-french-school-from-the-second-half-of-the-19th-century\/#breadcrumb"},"inLanguage":"en-US","potentialAction":[{"@type":"ReadAction","target":["https:\/\/drawings-online.com\/en\/product\/stormy-sky-by-a-lake-a-bark-and-sailing-boats-a-woman-reading-on-the-riverbank-french-school-from-the-second-half-of-the-19th-century\/"]}]},{"@type":"ImageObject","inLanguage":"en-US","@id":"https:\/\/drawings-online.com\/en\/product\/stormy-sky-by-a-lake-a-bark-and-sailing-boats-a-woman-reading-on-the-riverbank-french-school-from-the-second-half-of-the-19th-century\/#primaryimage","url":"https:\/\/drawings-online.com\/wp-content\/uploads\/2021\/04\/DSC_3193_1.png","contentUrl":"https:\/\/drawings-online.com\/wp-content\/uploads\/2021\/04\/DSC_3193_1.png","width":1800,"height":1800,"caption":"Ciel orageux au bord d\u2019un lac, une barque et des voiliers, une femme lisant sur la berge, \u00c9cole fran\u00e7aise de la seconde moiti\u00e9 du XIXe si\u00e8cle"},{"@type":"BreadcrumbList","@id":"https:\/\/drawings-online.com\/en\/product\/stormy-sky-by-a-lake-a-bark-and-sailing-boats-a-woman-reading-on-the-riverbank-french-school-from-the-second-half-of-the-19th-century\/#breadcrumb","itemListElement":[{"@type":"ListItem","position":1,"name":"Works available","item":"https:\/\/drawings-online.com\/"},{"@type":"ListItem","position":2,"name":"Gallery","item":"https:\/\/drawings-online.com\/galerie\/"},{"@type":"ListItem","position":3,"name":"19e","item":"https:\/\/drawings-online.com\/product_tag\/19e\/"},{"@type":"ListItem","position":4,"name":"Stormy Sky by a Lake, a Bark and Sailing Boats, a Woman reading on the Riverbank, French school from the second half of the 19th century"}]},{"@type":"WebSite","@id":"https:\/\/drawings-online.com\/en\/#website","url":"https:\/\/drawings-online.com\/en\/","name":"Drawings-online","description":"Dessins en ligne","publisher":{"@id":"https:\/\/drawings-online.com\/en\/#organization"},"potentialAction":[{"@type":"SearchAction","target":{"@type":"EntryPoint","urlTemplate":"https:\/\/drawings-online.com\/en\/?s={search_term_string}"},"query-input":{"@type":"PropertyValueSpecification","valueRequired":true,"valueName":"search_term_string"}}],"inLanguage":"en-US"},{"@type":"Organization","@id":"https:\/\/drawings-online.com\/en\/#organization","name":"Drawings-online","url":"https:\/\/drawings-online.com\/en\/","logo":{"@type":"ImageObject","inLanguage":"en-US","@id":"https:\/\/drawings-online.com\/en\/#\/schema\/logo\/image\/","url":"https:\/\/drawings-online.com\/wp-content\/uploads\/2020\/12\/drawings-icone-transp-e1607442878135.png","contentUrl":"https:\/\/drawings-online.com\/wp-content\/uploads\/2020\/12\/drawings-icone-transp-e1607442878135.png","width":150,"height":150,"caption":"Drawings-online"},"image":{"@id":"https:\/\/drawings-online.com\/en\/#\/schema\/logo\/image\/"},"sameAs":["https:\/\/www.facebook.com\/people\/Drawings-online\/100034942735866\/","https:\/\/x.com\/OnlineDrawings","https:\/\/www.instagram.com\/drawings_online_com\/"]}]}},"jetpack_sharing_enabled":true,"_links":{"self":[{"href":"https:\/\/drawings-online.com\/en\/wp-json\/wp\/v2\/product\/2732","targetHints":{"allow":["GET"]}}],"collection":[{"href":"https:\/\/drawings-online.com\/en\/wp-json\/wp\/v2\/product"}],"about":[{"href":"https:\/\/drawings-online.com\/en\/wp-json\/wp\/v2\/types\/product"}],"wp:featuredmedia":[{"embeddable":true,"href":"https:\/\/drawings-online.com\/en\/wp-json\/wp\/v2\/media\/2733"}],"wp:attachment":[{"href":"https:\/\/drawings-online.com\/en\/wp-json\/wp\/v2\/media?parent=2732"}],"wp:term":[{"taxonomy":"product_brand","embeddable":true,"href":"https:\/\/drawings-online.com\/en\/wp-json\/wp\/v2\/product_brand?post=2732"},{"taxonomy":"product_cat","embeddable":true,"href":"https:\/\/drawings-online.com\/en\/wp-json\/wp\/v2\/product_cat?post=2732"},{"taxonomy":"product_tag","embeddable":true,"href":"https:\/\/drawings-online.com\/en\/wp-json\/wp\/v2\/product_tag?post=2732"}],"curies":[{"name":"wp","href":"https:\/\/api.w.org\/{rel}","templated":true}]}}