{"id":2715,"date":"2021-04-22T09:00:22","date_gmt":"2021-04-22T07:00:22","guid":{"rendered":"https:\/\/artesepia.com\/product\/\/"},"modified":"2023-01-17T18:41:47","modified_gmt":"2023-01-17T17:41:47","slug":"promeneurs-pres-dune-riviere-et-chevaux-devant-une-ferme-paire-ecole-anglaise-du-xixe-siecle","status":"publish","type":"product","link":"https:\/\/drawings-online.com\/en\/product\/horses-and-carriages-in-front-offigures-strolling-by-a-river-and-horses-and-carriages-in-front-of-a-farm-english-school-from-the-19th-century-a-farm-and-stormy-sky-by-a-lake-english-school-from-the-1\/","title":{"rendered":"Figures Strolling by a River and Horses and Carriages in Front of a Farm, English school from the 19th century"},"content":{"rendered":"<p><strong>English school, 19th century<\/strong><\/p>\n<p><strong><em>Figures Strolling by a River, a House on the Heights<\/em><\/strong><\/p>\n<p>Oil on paper laid down on canvas and mounted on a chassis.<\/p>\n<p>158 x 232 mm &#8211; 6 1\/4 x 9 1\/8 in.<\/p>\n<p>&nbsp;<\/p>\n<p>This small anonymous study and its pendant, <em>Horses and Carriage in Front of a Farm, a Willow Tree on the Right<\/em>, are painted in an attractive and lively way. They demonstrate a deep sense of nature and a range of colors more evocative of the British school than the French. The artist\u2019s particularly fluid touch here also reminds of British watercolor painters.<\/p>\n<p>Condition report &#8211; Very good condition<\/p>\n<p>&nbsp;<\/p>\n<p><strong><em>Horses and Carriages in Front of a Farm, a Willow Tree on the Right<\/em><\/strong><\/p>\n<p>Oil on paper laid down on canvas and mounted on a chassis.<\/p>\n<p>160 x 230 mm &#8211; 6 5\/16 x 9 1\/16 in.<\/p>\n<p>&nbsp;<\/p>\n<p>This anonymous study and its pendant, <em>Figures Strolling by a River, a House on the Heights, <\/em>display a bright and attractive touch, a deep sense of nature and a range of colors more evocative of the British school than the French. The artist has successfully combined different greens to evoke with poetry and soundness the shivering trees against the grey sky, almost stormy in the background.<\/p>\n<p>Condition report &#8211; Good overall condition. A small loss in the upper right corner.<\/p>\n<p>&nbsp;<\/p>\n<p>&nbsp;<\/p>\n","protected":false},"excerpt":{"rendered":"<p>Figures Strolling by a River and Horses and Carriages in Front of a Farm, English school from the 19th century.<\/p>\n","protected":false},"featured_media":2724,"template":"","meta":{"_themeisle_gutenberg_block_has_review":false},"product_brand":[],"product_cat":[150],"product_tag":[37,146,353,86,418,120],"class_list":{"0":"post-2715","1":"product","2":"type-product","3":"status-publish","4":"has-post-thumbnail","6":"product_cat-english-school","7":"product_tag-19th","8":"product_tag-horses","9":"product_tag-gallery","10":"product_tag-oil-on-paper","11":"product_tag-n5","12":"product_tag-landscape","14":"first","15":"outofstock","16":"taxable","17":"shipping-taxable","18":"purchasable","19":"product-type-variable","20":"has-default-attributes"},"yoast_head":"<!-- This site is optimized with the Yoast SEO plugin v27.4 - https:\/\/yoast.com\/product\/yoast-seo-wordpress\/ -->\n<title>Figures Strolling by a River and Horses and Carriages in Front of a Farm, English school from the 19th century<\/title>\n<meta name=\"description\" content=\"Figures Strolling by a River and Horses and Carriages in Front of a Farm, English school from the 19th century.\" \/>\n<meta name=\"robots\" content=\"index, follow, max-snippet:-1, max-image-preview:large, max-video-preview:-1\" \/>\n<link rel=\"canonical\" href=\"http:\/\/Figures%20Strolling%20by%20a%20River%20and%20Horses%20and%20Carriages%20in%20Front%20of%20a%20Farm,%20English%20school%20from%20the%2019th%20century.\" \/>\n<meta property=\"og:locale\" content=\"en_US\" \/>\n<meta property=\"og:type\" content=\"article\" \/>\n<meta property=\"og:title\" content=\"Figures Strolling by a River and Horses and Carriages in Front of a Farm, English school from the 19th century\" \/>\n<meta property=\"og:description\" content=\"Figures Strolling by a River and Horses and Carriages in Front of a Farm, English school from the 19th century.\" \/>\n<meta property=\"og:url\" content=\"https:\/\/drawings-online.com\/en\/product\/horses-and-carriages-in-front-offigures-strolling-by-a-river-and-horses-and-carriages-in-front-of-a-farm-english-school-from-the-19th-century-a-farm-and-stormy-sky-by-a-lake-english-school-from-the-1\/\" \/>\n<meta property=\"og:site_name\" content=\"Drawings-online\" \/>\n<meta property=\"article:publisher\" content=\"https:\/\/www.facebook.com\/people\/Drawings-online\/100034942735866\/\" \/>\n<meta property=\"article:modified_time\" content=\"2023-01-17T17:41:47+00:00\" \/>\n<meta property=\"og:image\" content=\"https:\/\/drawings-online.com\/wp-content\/uploads\/2021\/04\/DSC_3182_1-1024x1024.png\" \/>\n\t<meta property=\"og:image:width\" content=\"1024\" \/>\n\t<meta property=\"og:image:height\" content=\"1024\" \/>\n\t<meta property=\"og:image:type\" content=\"image\/png\" \/>\n<meta name=\"twitter:card\" content=\"summary_large_image\" \/>\n<meta name=\"twitter:site\" content=\"@OnlineDrawings\" \/>\n<meta name=\"twitter:label1\" content=\"Est. reading time\" \/>\n\t<meta name=\"twitter:data1\" content=\"1 minute\" \/>\n<script type=\"application\/ld+json\" class=\"yoast-schema-graph\">{\"@context\":\"https:\\\/\\\/schema.org\",\"@graph\":[{\"@type\":\"WebPage\",\"@id\":\"https:\\\/\\\/drawings-online.com\\\/en\\\/product\\\/horses-and-carriages-in-front-offigures-strolling-by-a-river-and-horses-and-carriages-in-front-of-a-farm-english-school-from-the-19th-century-a-farm-and-stormy-sky-by-a-lake-english-school-from-the-1\\\/\",\"url\":\"https:\\\/\\\/drawings-online.com\\\/en\\\/product\\\/horses-and-carriages-in-front-offigures-strolling-by-a-river-and-horses-and-carriages-in-front-of-a-farm-english-school-from-the-19th-century-a-farm-and-stormy-sky-by-a-lake-english-school-from-the-1\\\/\",\"name\":\"Promeneurs pr\u00e8s d\u2019une rivi\u00e8re et Chevaux devant une ferme (paire), \u00c9cole anglaise du XIXe si\u00e8cle - Drawings-online\",\"isPartOf\":{\"@id\":\"https:\\\/\\\/drawings-online.com\\\/#website\"},\"primaryImageOfPage\":{\"@id\":\"https:\\\/\\\/drawings-online.com\\\/en\\\/product\\\/horses-and-carriages-in-front-offigures-strolling-by-a-river-and-horses-and-carriages-in-front-of-a-farm-english-school-from-the-19th-century-a-farm-and-stormy-sky-by-a-lake-english-school-from-the-1\\\/#primaryimage\"},\"image\":{\"@id\":\"https:\\\/\\\/drawings-online.com\\\/en\\\/product\\\/horses-and-carriages-in-front-offigures-strolling-by-a-river-and-horses-and-carriages-in-front-of-a-farm-english-school-from-the-19th-century-a-farm-and-stormy-sky-by-a-lake-english-school-from-the-1\\\/#primaryimage\"},\"thumbnailUrl\":\"https:\\\/\\\/drawings-online.com\\\/wp-content\\\/uploads\\\/2021\\\/04\\\/DSC_3182_1.png\",\"datePublished\":\"2021-04-22T07:00:22+00:00\",\"dateModified\":\"2023-01-17T17:41:47+00:00\",\"breadcrumb\":{\"@id\":\"https:\\\/\\\/drawings-online.com\\\/en\\\/product\\\/horses-and-carriages-in-front-offigures-strolling-by-a-river-and-horses-and-carriages-in-front-of-a-farm-english-school-from-the-19th-century-a-farm-and-stormy-sky-by-a-lake-english-school-from-the-1\\\/#breadcrumb\"},\"inLanguage\":\"en-US\",\"potentialAction\":[{\"@type\":\"ReadAction\",\"target\":[\"https:\\\/\\\/drawings-online.com\\\/en\\\/product\\\/horses-and-carriages-in-front-offigures-strolling-by-a-river-and-horses-and-carriages-in-front-of-a-farm-english-school-from-the-19th-century-a-farm-and-stormy-sky-by-a-lake-english-school-from-the-1\\\/\"]}]},{\"@type\":\"ImageObject\",\"inLanguage\":\"en-US\",\"@id\":\"https:\\\/\\\/drawings-online.com\\\/en\\\/product\\\/horses-and-carriages-in-front-offigures-strolling-by-a-river-and-horses-and-carriages-in-front-of-a-farm-english-school-from-the-19th-century-a-farm-and-stormy-sky-by-a-lake-english-school-from-the-1\\\/#primaryimage\",\"url\":\"https:\\\/\\\/drawings-online.com\\\/wp-content\\\/uploads\\\/2021\\\/04\\\/DSC_3182_1.png\",\"contentUrl\":\"https:\\\/\\\/drawings-online.com\\\/wp-content\\\/uploads\\\/2021\\\/04\\\/DSC_3182_1.png\",\"width\":1800,\"height\":1800,\"caption\":\"Promeneurs pr\u00e8s d\u2019une rivi\u00e8re, une maison en hauteur sur la droite (d'une paire), \u00c9cole anglaise du XIXe si\u00e8cle\"},{\"@type\":\"BreadcrumbList\",\"@id\":\"https:\\\/\\\/drawings-online.com\\\/en\\\/product\\\/horses-and-carriages-in-front-offigures-strolling-by-a-river-and-horses-and-carriages-in-front-of-a-farm-english-school-from-the-19th-century-a-farm-and-stormy-sky-by-a-lake-english-school-from-the-1\\\/#breadcrumb\",\"itemListElement\":[{\"@type\":\"ListItem\",\"position\":1,\"name\":\"Works available\",\"item\":\"https:\\\/\\\/drawings-online.com\\\/\"},{\"@type\":\"ListItem\",\"position\":2,\"name\":\"Gallery\",\"item\":\"https:\\\/\\\/drawings-online.com\\\/galerie\\\/\"},{\"@type\":\"ListItem\",\"position\":3,\"name\":\"19e\",\"item\":\"https:\\\/\\\/drawings-online.com\\\/product_tag\\\/19e\\\/\"},{\"@type\":\"ListItem\",\"position\":4,\"name\":\"Figures Strolling by a River and Horses and Carriages in Front of a Farm, English school from the 19th century\"}]},{\"@type\":\"WebSite\",\"@id\":\"https:\\\/\\\/drawings-online.com\\\/en\\\/#website\",\"url\":\"https:\\\/\\\/drawings-online.com\\\/en\\\/\",\"name\":\"Drawings-online\",\"description\":\"Dessins en ligne\",\"publisher\":{\"@id\":\"https:\\\/\\\/drawings-online.com\\\/en\\\/#organization\"},\"potentialAction\":[{\"@type\":\"SearchAction\",\"target\":{\"@type\":\"EntryPoint\",\"urlTemplate\":\"https:\\\/\\\/drawings-online.com\\\/en\\\/?s={search_term_string}\"},\"query-input\":{\"@type\":\"PropertyValueSpecification\",\"valueRequired\":true,\"valueName\":\"search_term_string\"}}],\"inLanguage\":\"en-US\"},{\"@type\":\"Organization\",\"@id\":\"https:\\\/\\\/drawings-online.com\\\/en\\\/#organization\",\"name\":\"Drawings-online\",\"url\":\"https:\\\/\\\/drawings-online.com\\\/en\\\/\",\"logo\":{\"@type\":\"ImageObject\",\"inLanguage\":\"en-US\",\"@id\":\"https:\\\/\\\/drawings-online.com\\\/en\\\/#\\\/schema\\\/logo\\\/image\\\/\",\"url\":\"https:\\\/\\\/drawings-online.com\\\/wp-content\\\/uploads\\\/2020\\\/12\\\/drawings-icone-transp-e1607442878135.png\",\"contentUrl\":\"https:\\\/\\\/drawings-online.com\\\/wp-content\\\/uploads\\\/2020\\\/12\\\/drawings-icone-transp-e1607442878135.png\",\"width\":150,\"height\":150,\"caption\":\"Drawings-online\"},\"image\":{\"@id\":\"https:\\\/\\\/drawings-online.com\\\/en\\\/#\\\/schema\\\/logo\\\/image\\\/\"},\"sameAs\":[\"https:\\\/\\\/www.facebook.com\\\/people\\\/Drawings-online\\\/100034942735866\\\/\",\"https:\\\/\\\/x.com\\\/OnlineDrawings\",\"https:\\\/\\\/www.instagram.com\\\/drawings_online_com\\\/\"]}]}<\/script>\n<!-- \/ Yoast SEO plugin. -->","yoast_head_json":{"title":"Figures Strolling by a River and Horses and Carriages in Front of a Farm, English school from the 19th century","description":"Figures Strolling by a River and Horses and Carriages in Front of a Farm, English school from the 19th century.","robots":{"index":"index","follow":"follow","max-snippet":"max-snippet:-1","max-image-preview":"max-image-preview:large","max-video-preview":"max-video-preview:-1"},"canonical":"Figures Strolling by a River and Horses and Carriages in Front of a Farm, English school from the 19th century.","og_locale":"en_US","og_type":"article","og_title":"Figures Strolling by a River and Horses and Carriages in Front of a Farm, English school from the 19th century","og_description":"Figures Strolling by a River and Horses and Carriages in Front of a Farm, English school from the 19th century.","og_url":"https:\/\/drawings-online.com\/en\/product\/horses-and-carriages-in-front-offigures-strolling-by-a-river-and-horses-and-carriages-in-front-of-a-farm-english-school-from-the-19th-century-a-farm-and-stormy-sky-by-a-lake-english-school-from-the-1\/","og_site_name":"Drawings-online","article_publisher":"https:\/\/www.facebook.com\/people\/Drawings-online\/100034942735866\/","article_modified_time":"2023-01-17T17:41:47+00:00","og_image":[{"width":1024,"height":1024,"url":"https:\/\/drawings-online.com\/wp-content\/uploads\/2021\/04\/DSC_3182_1-1024x1024.png","type":"image\/png"}],"twitter_card":"summary_large_image","twitter_site":"@OnlineDrawings","twitter_misc":{"Est. reading time":"1 minute"},"schema":{"@context":"https:\/\/schema.org","@graph":[{"@type":"WebPage","@id":"https:\/\/drawings-online.com\/en\/product\/horses-and-carriages-in-front-offigures-strolling-by-a-river-and-horses-and-carriages-in-front-of-a-farm-english-school-from-the-19th-century-a-farm-and-stormy-sky-by-a-lake-english-school-from-the-1\/","url":"https:\/\/drawings-online.com\/en\/product\/horses-and-carriages-in-front-offigures-strolling-by-a-river-and-horses-and-carriages-in-front-of-a-farm-english-school-from-the-19th-century-a-farm-and-stormy-sky-by-a-lake-english-school-from-the-1\/","name":"Promeneurs pr\u00e8s d\u2019une rivi\u00e8re et Chevaux devant une ferme (paire), \u00c9cole anglaise du XIXe si\u00e8cle - Drawings-online","isPartOf":{"@id":"https:\/\/drawings-online.com\/#website"},"primaryImageOfPage":{"@id":"https:\/\/drawings-online.com\/en\/product\/horses-and-carriages-in-front-offigures-strolling-by-a-river-and-horses-and-carriages-in-front-of-a-farm-english-school-from-the-19th-century-a-farm-and-stormy-sky-by-a-lake-english-school-from-the-1\/#primaryimage"},"image":{"@id":"https:\/\/drawings-online.com\/en\/product\/horses-and-carriages-in-front-offigures-strolling-by-a-river-and-horses-and-carriages-in-front-of-a-farm-english-school-from-the-19th-century-a-farm-and-stormy-sky-by-a-lake-english-school-from-the-1\/#primaryimage"},"thumbnailUrl":"https:\/\/drawings-online.com\/wp-content\/uploads\/2021\/04\/DSC_3182_1.png","datePublished":"2021-04-22T07:00:22+00:00","dateModified":"2023-01-17T17:41:47+00:00","breadcrumb":{"@id":"https:\/\/drawings-online.com\/en\/product\/horses-and-carriages-in-front-offigures-strolling-by-a-river-and-horses-and-carriages-in-front-of-a-farm-english-school-from-the-19th-century-a-farm-and-stormy-sky-by-a-lake-english-school-from-the-1\/#breadcrumb"},"inLanguage":"en-US","potentialAction":[{"@type":"ReadAction","target":["https:\/\/drawings-online.com\/en\/product\/horses-and-carriages-in-front-offigures-strolling-by-a-river-and-horses-and-carriages-in-front-of-a-farm-english-school-from-the-19th-century-a-farm-and-stormy-sky-by-a-lake-english-school-from-the-1\/"]}]},{"@type":"ImageObject","inLanguage":"en-US","@id":"https:\/\/drawings-online.com\/en\/product\/horses-and-carriages-in-front-offigures-strolling-by-a-river-and-horses-and-carriages-in-front-of-a-farm-english-school-from-the-19th-century-a-farm-and-stormy-sky-by-a-lake-english-school-from-the-1\/#primaryimage","url":"https:\/\/drawings-online.com\/wp-content\/uploads\/2021\/04\/DSC_3182_1.png","contentUrl":"https:\/\/drawings-online.com\/wp-content\/uploads\/2021\/04\/DSC_3182_1.png","width":1800,"height":1800,"caption":"Promeneurs pr\u00e8s d\u2019une rivi\u00e8re, une maison en hauteur sur la droite (d'une paire), \u00c9cole anglaise du XIXe si\u00e8cle"},{"@type":"BreadcrumbList","@id":"https:\/\/drawings-online.com\/en\/product\/horses-and-carriages-in-front-offigures-strolling-by-a-river-and-horses-and-carriages-in-front-of-a-farm-english-school-from-the-19th-century-a-farm-and-stormy-sky-by-a-lake-english-school-from-the-1\/#breadcrumb","itemListElement":[{"@type":"ListItem","position":1,"name":"Works available","item":"https:\/\/drawings-online.com\/"},{"@type":"ListItem","position":2,"name":"Gallery","item":"https:\/\/drawings-online.com\/galerie\/"},{"@type":"ListItem","position":3,"name":"19e","item":"https:\/\/drawings-online.com\/product_tag\/19e\/"},{"@type":"ListItem","position":4,"name":"Figures Strolling by a River and Horses and Carriages in Front of a Farm, English school from the 19th century"}]},{"@type":"WebSite","@id":"https:\/\/drawings-online.com\/en\/#website","url":"https:\/\/drawings-online.com\/en\/","name":"Drawings-online","description":"Dessins en ligne","publisher":{"@id":"https:\/\/drawings-online.com\/en\/#organization"},"potentialAction":[{"@type":"SearchAction","target":{"@type":"EntryPoint","urlTemplate":"https:\/\/drawings-online.com\/en\/?s={search_term_string}"},"query-input":{"@type":"PropertyValueSpecification","valueRequired":true,"valueName":"search_term_string"}}],"inLanguage":"en-US"},{"@type":"Organization","@id":"https:\/\/drawings-online.com\/en\/#organization","name":"Drawings-online","url":"https:\/\/drawings-online.com\/en\/","logo":{"@type":"ImageObject","inLanguage":"en-US","@id":"https:\/\/drawings-online.com\/en\/#\/schema\/logo\/image\/","url":"https:\/\/drawings-online.com\/wp-content\/uploads\/2020\/12\/drawings-icone-transp-e1607442878135.png","contentUrl":"https:\/\/drawings-online.com\/wp-content\/uploads\/2020\/12\/drawings-icone-transp-e1607442878135.png","width":150,"height":150,"caption":"Drawings-online"},"image":{"@id":"https:\/\/drawings-online.com\/en\/#\/schema\/logo\/image\/"},"sameAs":["https:\/\/www.facebook.com\/people\/Drawings-online\/100034942735866\/","https:\/\/x.com\/OnlineDrawings","https:\/\/www.instagram.com\/drawings_online_com\/"]}]}},"jetpack_sharing_enabled":true,"_links":{"self":[{"href":"https:\/\/drawings-online.com\/en\/wp-json\/wp\/v2\/product\/2715","targetHints":{"allow":["GET"]}}],"collection":[{"href":"https:\/\/drawings-online.com\/en\/wp-json\/wp\/v2\/product"}],"about":[{"href":"https:\/\/drawings-online.com\/en\/wp-json\/wp\/v2\/types\/product"}],"wp:featuredmedia":[{"embeddable":true,"href":"https:\/\/drawings-online.com\/en\/wp-json\/wp\/v2\/media\/2724"}],"wp:attachment":[{"href":"https:\/\/drawings-online.com\/en\/wp-json\/wp\/v2\/media?parent=2715"}],"wp:term":[{"taxonomy":"product_brand","embeddable":true,"href":"https:\/\/drawings-online.com\/en\/wp-json\/wp\/v2\/product_brand?post=2715"},{"taxonomy":"product_cat","embeddable":true,"href":"https:\/\/drawings-online.com\/en\/wp-json\/wp\/v2\/product_cat?post=2715"},{"taxonomy":"product_tag","embeddable":true,"href":"https:\/\/drawings-online.com\/en\/wp-json\/wp\/v2\/product_tag?post=2715"}],"curies":[{"name":"wp","href":"https:\/\/api.w.org\/{rel}","templated":true}]}}