{"id":2658,"date":"2023-07-11T06:00:31","date_gmt":"2023-07-11T04:00:31","guid":{"rendered":"https:\/\/artesepia.com\/product\/\/"},"modified":"2024-03-05T14:31:17","modified_gmt":"2024-03-05T13:31:17","slug":"vue-de-village-et-cour-de-maison-une-paire-ecole-francaise-du-debut-du-xixe-siecle","status":"publish","type":"product","link":"https:\/\/drawings-online.com\/en\/product\/view-of-a-village-and-house-courtyard-a-pair-french-school-from-beginning-of-the-19th-century\/","title":{"rendered":"View of a village and House courtyard (a pair), French School from beginning of the 19th century"},"content":{"rendered":"<p><strong>French School, beginning of the 19th century<\/strong><\/p>\n<p><strong><em>View of a village, trees against a wall<\/em><\/strong><\/p>\n<p>Oil on paper.<\/p>\n<p>247 x 357 mm &#8211; 9 3\/4 x 14 1\/16 in.<\/p>\n<p>&nbsp;<\/p>\n<p>This anonymous oil on paper representing the view of a village taken from above demonstrates, as does its pendant <em>View of a Courtyard<\/em>, its author\u2019s special sensibility. The simple volumes, the absence of anecdotal details or narrative information give the work a silent atmosphere, which is magnified by the vast expanse of serene sky and the green plain extending to the background hills.<\/p>\n<p>The calm and simplicity of the composition and the author\u2019s interest in representing groups of houses or vegetation recall the works executed by Jean Victor Bertin (1767 \u2013 1842) at the very beginning of the 19<sup>th<\/sup> century, particularly his many versions of <a href=\"https:\/\/art.rmngp.fr\/fr\/library\/artworks\/jean-victor-bertin_entree-du-parc-de-saint-cloud_huile-sur-toile\"><em>View of the entrance of the Park of Saint Cloud<\/em><\/a>. But these two oils on paper do not possess Bertin\u2019s characteristic touch, which describes in detail every foliage and roof tiles while simplifying volumes. Here the artist is rather aiming at mere simplicity.<\/p>\n<p>&nbsp;<\/p>\n<p><strong>House courtyard<\/strong><\/p>\n<p>Oil on paper.<\/p>\n<p>247 x 335 mm &#8211; 9 3\/4 x 13 3\/16 in.<\/p>\n<p>&nbsp;<\/p>\n<p>Showing a house courtyard with great simplicity, this oil on paper, as its pendant <em>View of a village, trees against a wall<\/em>, is anonymous. Maybe the works of an amateur or a young artist, this oil on paper shows undeniable talent and its na\u00efve character, on the verge of clumsiness, does not lessen his ability to convey the serene atmosphere of the house, the beautiful light reflected by the clear walls, the courtyard vegetation, trees, bushes, grass. The simplification of volumes and quick, even succinct, treatment of details don\u2019t overshadow the artist\u2019s sensibility, which is visible through many little things such as the choice of the viewpoint, the door left ajar on the fields in the background, the small window behind the rose bush, or in its pendant, the long wall with planted trees. The atmosphere is close to that of paintings by Jean Victor Bertin (1767 &#8211; 1842). Unlike Bertin, however, the artist here does not try to render very small details such as rooftiles or foliage.<\/p>\n<p>Condition report &#8211; Very good condition, irregular edges. Pinholes at 4 corners.<\/p>\n","protected":false},"excerpt":{"rendered":"<p>View of a village and House courtyard (a pair), French School from beginning of the 19th century.<\/p>\n","protected":false},"featured_media":2664,"template":"","meta":{"_themeisle_gutenberg_block_has_review":false},"product_brand":[],"product_cat":[78],"product_tag":[37,353,86,418,120],"class_list":{"0":"post-2658","1":"product","2":"type-product","3":"status-publish","4":"has-post-thumbnail","6":"product_cat-french-school","7":"product_tag-19th","8":"product_tag-gallery","9":"product_tag-oil-on-paper","10":"product_tag-n5","11":"product_tag-landscape","13":"first","14":"instock","15":"taxable","16":"shipping-taxable","17":"purchasable","18":"product-type-variable","19":"has-default-attributes"},"yoast_head":"<!-- This site is optimized with the Yoast SEO plugin v27.5 - https:\/\/yoast.com\/product\/yoast-seo-wordpress\/ -->\n<title>View of a village and House courtyard (a pair), French School from beginning of the 19th century<\/title>\n<meta name=\"description\" content=\"View of a village and House courtyard (a pair), French School from beginning of the 19th century.\" \/>\n<meta name=\"robots\" content=\"index, follow, max-snippet:-1, max-image-preview:large, max-video-preview:-1\" \/>\n<link rel=\"canonical\" href=\"http:\/\/View%20of%20a%20village%20and%20House%20courtyard%20(a%20pair),%20French%20School%20from%20beginning%20of%20the%2019th%20century.\" \/>\n<meta property=\"og:locale\" content=\"en_US\" \/>\n<meta property=\"og:type\" content=\"article\" \/>\n<meta property=\"og:title\" content=\"View of a village and House courtyard (a pair), French School from beginning of the 19th century\" \/>\n<meta property=\"og:description\" content=\"View of a village and House courtyard (a pair), French School from beginning of the 19th century.\" \/>\n<meta property=\"og:url\" content=\"https:\/\/drawings-online.com\/en\/product\/view-of-a-village-and-house-courtyard-a-pair-french-school-from-beginning-of-the-19th-century\/\" \/>\n<meta property=\"og:site_name\" content=\"Drawings-online\" \/>\n<meta property=\"article:publisher\" content=\"https:\/\/www.facebook.com\/people\/Drawings-online\/100034942735866\/\" \/>\n<meta property=\"article:modified_time\" content=\"2024-03-05T13:31:17+00:00\" \/>\n<meta property=\"og:image\" content=\"https:\/\/drawings-online.com\/wp-content\/uploads\/2021\/04\/DSC_31173122_1-1024x1024.png\" \/>\n\t<meta property=\"og:image:width\" content=\"1024\" \/>\n\t<meta property=\"og:image:height\" content=\"1024\" \/>\n\t<meta property=\"og:image:type\" content=\"image\/png\" \/>\n<meta name=\"twitter:card\" content=\"summary_large_image\" \/>\n<meta name=\"twitter:site\" content=\"@OnlineDrawings\" \/>\n<meta name=\"twitter:label1\" content=\"Est. reading time\" \/>\n\t<meta name=\"twitter:data1\" content=\"2 minutes\" \/>\n<script type=\"application\/ld+json\" class=\"yoast-schema-graph\">{\"@context\":\"https:\\\/\\\/schema.org\",\"@graph\":[{\"@type\":\"WebPage\",\"@id\":\"https:\\\/\\\/drawings-online.com\\\/en\\\/product\\\/view-of-a-village-and-house-courtyard-a-pair-french-school-from-beginning-of-the-19th-century\\\/\",\"url\":\"https:\\\/\\\/drawings-online.com\\\/en\\\/product\\\/view-of-a-village-and-house-courtyard-a-pair-french-school-from-beginning-of-the-19th-century\\\/\",\"name\":\"Vue de village et Cour de maison (une paire), \u00c9cole fran\u00e7aise du d\u00e9but du XIXe si\u00e8cle - Drawings-online\",\"isPartOf\":{\"@id\":\"https:\\\/\\\/drawings-online.com\\\/#website\"},\"primaryImageOfPage\":{\"@id\":\"https:\\\/\\\/drawings-online.com\\\/en\\\/product\\\/view-of-a-village-and-house-courtyard-a-pair-french-school-from-beginning-of-the-19th-century\\\/#primaryimage\"},\"image\":{\"@id\":\"https:\\\/\\\/drawings-online.com\\\/en\\\/product\\\/view-of-a-village-and-house-courtyard-a-pair-french-school-from-beginning-of-the-19th-century\\\/#primaryimage\"},\"thumbnailUrl\":\"https:\\\/\\\/drawings-online.com\\\/wp-content\\\/uploads\\\/2021\\\/04\\\/DSC_31173122_1.png\",\"datePublished\":\"2023-07-11T04:00:31+00:00\",\"dateModified\":\"2024-03-05T13:31:17+00:00\",\"breadcrumb\":{\"@id\":\"https:\\\/\\\/drawings-online.com\\\/en\\\/product\\\/view-of-a-village-and-house-courtyard-a-pair-french-school-from-beginning-of-the-19th-century\\\/#breadcrumb\"},\"inLanguage\":\"en-US\",\"potentialAction\":[{\"@type\":\"ReadAction\",\"target\":[\"https:\\\/\\\/drawings-online.com\\\/en\\\/product\\\/view-of-a-village-and-house-courtyard-a-pair-french-school-from-beginning-of-the-19th-century\\\/\"]}]},{\"@type\":\"ImageObject\",\"inLanguage\":\"en-US\",\"@id\":\"https:\\\/\\\/drawings-online.com\\\/en\\\/product\\\/view-of-a-village-and-house-courtyard-a-pair-french-school-from-beginning-of-the-19th-century\\\/#primaryimage\",\"url\":\"https:\\\/\\\/drawings-online.com\\\/wp-content\\\/uploads\\\/2021\\\/04\\\/DSC_31173122_1.png\",\"contentUrl\":\"https:\\\/\\\/drawings-online.com\\\/wp-content\\\/uploads\\\/2021\\\/04\\\/DSC_31173122_1.png\",\"width\":1800,\"height\":1800,\"caption\":\"Vue de village et Cour de maison (une paire), \u00c9cole fran\u00e7aise du d\u00e9but du XIXe si\u00e8cle\"},{\"@type\":\"BreadcrumbList\",\"@id\":\"https:\\\/\\\/drawings-online.com\\\/en\\\/product\\\/view-of-a-village-and-house-courtyard-a-pair-french-school-from-beginning-of-the-19th-century\\\/#breadcrumb\",\"itemListElement\":[{\"@type\":\"ListItem\",\"position\":1,\"name\":\"Works available\",\"item\":\"https:\\\/\\\/drawings-online.com\\\/\"},{\"@type\":\"ListItem\",\"position\":2,\"name\":\"Gallery\",\"item\":\"https:\\\/\\\/drawings-online.com\\\/galerie\\\/\"},{\"@type\":\"ListItem\",\"position\":3,\"name\":\"19e\",\"item\":\"https:\\\/\\\/drawings-online.com\\\/product_tag\\\/19e\\\/\"},{\"@type\":\"ListItem\",\"position\":4,\"name\":\"View of a village and House courtyard (a pair), French School from beginning of the 19th century\"}]},{\"@type\":\"WebSite\",\"@id\":\"https:\\\/\\\/drawings-online.com\\\/en\\\/#website\",\"url\":\"https:\\\/\\\/drawings-online.com\\\/en\\\/\",\"name\":\"Drawings-online\",\"description\":\"Dessins en ligne\",\"publisher\":{\"@id\":\"https:\\\/\\\/drawings-online.com\\\/en\\\/#organization\"},\"potentialAction\":[{\"@type\":\"SearchAction\",\"target\":{\"@type\":\"EntryPoint\",\"urlTemplate\":\"https:\\\/\\\/drawings-online.com\\\/en\\\/?s={search_term_string}\"},\"query-input\":{\"@type\":\"PropertyValueSpecification\",\"valueRequired\":true,\"valueName\":\"search_term_string\"}}],\"inLanguage\":\"en-US\"},{\"@type\":\"Organization\",\"@id\":\"https:\\\/\\\/drawings-online.com\\\/en\\\/#organization\",\"name\":\"Drawings-online\",\"url\":\"https:\\\/\\\/drawings-online.com\\\/en\\\/\",\"logo\":{\"@type\":\"ImageObject\",\"inLanguage\":\"en-US\",\"@id\":\"https:\\\/\\\/drawings-online.com\\\/en\\\/#\\\/schema\\\/logo\\\/image\\\/\",\"url\":\"https:\\\/\\\/drawings-online.com\\\/wp-content\\\/uploads\\\/2020\\\/12\\\/drawings-icone-transp-e1607442878135.png\",\"contentUrl\":\"https:\\\/\\\/drawings-online.com\\\/wp-content\\\/uploads\\\/2020\\\/12\\\/drawings-icone-transp-e1607442878135.png\",\"width\":150,\"height\":150,\"caption\":\"Drawings-online\"},\"image\":{\"@id\":\"https:\\\/\\\/drawings-online.com\\\/en\\\/#\\\/schema\\\/logo\\\/image\\\/\"},\"sameAs\":[\"https:\\\/\\\/www.facebook.com\\\/people\\\/Drawings-online\\\/100034942735866\\\/\",\"https:\\\/\\\/x.com\\\/OnlineDrawings\",\"https:\\\/\\\/www.instagram.com\\\/drawings_online_com\\\/\"]}]}<\/script>\n<!-- \/ Yoast SEO plugin. -->","yoast_head_json":{"title":"View of a village and House courtyard (a pair), French School from beginning of the 19th century","description":"View of a village and House courtyard (a pair), French School from beginning of the 19th century.","robots":{"index":"index","follow":"follow","max-snippet":"max-snippet:-1","max-image-preview":"max-image-preview:large","max-video-preview":"max-video-preview:-1"},"canonical":"View of a village and House courtyard (a pair), French School from beginning of the 19th century.","og_locale":"en_US","og_type":"article","og_title":"View of a village and House courtyard (a pair), French School from beginning of the 19th century","og_description":"View of a village and House courtyard (a pair), French School from beginning of the 19th century.","og_url":"https:\/\/drawings-online.com\/en\/product\/view-of-a-village-and-house-courtyard-a-pair-french-school-from-beginning-of-the-19th-century\/","og_site_name":"Drawings-online","article_publisher":"https:\/\/www.facebook.com\/people\/Drawings-online\/100034942735866\/","article_modified_time":"2024-03-05T13:31:17+00:00","og_image":[{"width":1024,"height":1024,"url":"https:\/\/drawings-online.com\/wp-content\/uploads\/2021\/04\/DSC_31173122_1-1024x1024.png","type":"image\/png"}],"twitter_card":"summary_large_image","twitter_site":"@OnlineDrawings","twitter_misc":{"Est. reading time":"2 minutes"},"schema":{"@context":"https:\/\/schema.org","@graph":[{"@type":"WebPage","@id":"https:\/\/drawings-online.com\/en\/product\/view-of-a-village-and-house-courtyard-a-pair-french-school-from-beginning-of-the-19th-century\/","url":"https:\/\/drawings-online.com\/en\/product\/view-of-a-village-and-house-courtyard-a-pair-french-school-from-beginning-of-the-19th-century\/","name":"Vue de village et Cour de maison (une paire), \u00c9cole fran\u00e7aise du d\u00e9but du XIXe si\u00e8cle - Drawings-online","isPartOf":{"@id":"https:\/\/drawings-online.com\/#website"},"primaryImageOfPage":{"@id":"https:\/\/drawings-online.com\/en\/product\/view-of-a-village-and-house-courtyard-a-pair-french-school-from-beginning-of-the-19th-century\/#primaryimage"},"image":{"@id":"https:\/\/drawings-online.com\/en\/product\/view-of-a-village-and-house-courtyard-a-pair-french-school-from-beginning-of-the-19th-century\/#primaryimage"},"thumbnailUrl":"https:\/\/drawings-online.com\/wp-content\/uploads\/2021\/04\/DSC_31173122_1.png","datePublished":"2023-07-11T04:00:31+00:00","dateModified":"2024-03-05T13:31:17+00:00","breadcrumb":{"@id":"https:\/\/drawings-online.com\/en\/product\/view-of-a-village-and-house-courtyard-a-pair-french-school-from-beginning-of-the-19th-century\/#breadcrumb"},"inLanguage":"en-US","potentialAction":[{"@type":"ReadAction","target":["https:\/\/drawings-online.com\/en\/product\/view-of-a-village-and-house-courtyard-a-pair-french-school-from-beginning-of-the-19th-century\/"]}]},{"@type":"ImageObject","inLanguage":"en-US","@id":"https:\/\/drawings-online.com\/en\/product\/view-of-a-village-and-house-courtyard-a-pair-french-school-from-beginning-of-the-19th-century\/#primaryimage","url":"https:\/\/drawings-online.com\/wp-content\/uploads\/2021\/04\/DSC_31173122_1.png","contentUrl":"https:\/\/drawings-online.com\/wp-content\/uploads\/2021\/04\/DSC_31173122_1.png","width":1800,"height":1800,"caption":"Vue de village et Cour de maison (une paire), \u00c9cole fran\u00e7aise du d\u00e9but du XIXe si\u00e8cle"},{"@type":"BreadcrumbList","@id":"https:\/\/drawings-online.com\/en\/product\/view-of-a-village-and-house-courtyard-a-pair-french-school-from-beginning-of-the-19th-century\/#breadcrumb","itemListElement":[{"@type":"ListItem","position":1,"name":"Works available","item":"https:\/\/drawings-online.com\/"},{"@type":"ListItem","position":2,"name":"Gallery","item":"https:\/\/drawings-online.com\/galerie\/"},{"@type":"ListItem","position":3,"name":"19e","item":"https:\/\/drawings-online.com\/product_tag\/19e\/"},{"@type":"ListItem","position":4,"name":"View of a village and House courtyard (a pair), French School from beginning of the 19th century"}]},{"@type":"WebSite","@id":"https:\/\/drawings-online.com\/en\/#website","url":"https:\/\/drawings-online.com\/en\/","name":"Drawings-online","description":"Dessins en ligne","publisher":{"@id":"https:\/\/drawings-online.com\/en\/#organization"},"potentialAction":[{"@type":"SearchAction","target":{"@type":"EntryPoint","urlTemplate":"https:\/\/drawings-online.com\/en\/?s={search_term_string}"},"query-input":{"@type":"PropertyValueSpecification","valueRequired":true,"valueName":"search_term_string"}}],"inLanguage":"en-US"},{"@type":"Organization","@id":"https:\/\/drawings-online.com\/en\/#organization","name":"Drawings-online","url":"https:\/\/drawings-online.com\/en\/","logo":{"@type":"ImageObject","inLanguage":"en-US","@id":"https:\/\/drawings-online.com\/en\/#\/schema\/logo\/image\/","url":"https:\/\/drawings-online.com\/wp-content\/uploads\/2020\/12\/drawings-icone-transp-e1607442878135.png","contentUrl":"https:\/\/drawings-online.com\/wp-content\/uploads\/2020\/12\/drawings-icone-transp-e1607442878135.png","width":150,"height":150,"caption":"Drawings-online"},"image":{"@id":"https:\/\/drawings-online.com\/en\/#\/schema\/logo\/image\/"},"sameAs":["https:\/\/www.facebook.com\/people\/Drawings-online\/100034942735866\/","https:\/\/x.com\/OnlineDrawings","https:\/\/www.instagram.com\/drawings_online_com\/"]}]}},"jetpack_sharing_enabled":true,"_links":{"self":[{"href":"https:\/\/drawings-online.com\/en\/wp-json\/wp\/v2\/product\/2658","targetHints":{"allow":["GET"]}}],"collection":[{"href":"https:\/\/drawings-online.com\/en\/wp-json\/wp\/v2\/product"}],"about":[{"href":"https:\/\/drawings-online.com\/en\/wp-json\/wp\/v2\/types\/product"}],"wp:featuredmedia":[{"embeddable":true,"href":"https:\/\/drawings-online.com\/en\/wp-json\/wp\/v2\/media\/2664"}],"wp:attachment":[{"href":"https:\/\/drawings-online.com\/en\/wp-json\/wp\/v2\/media?parent=2658"}],"wp:term":[{"taxonomy":"product_brand","embeddable":true,"href":"https:\/\/drawings-online.com\/en\/wp-json\/wp\/v2\/product_brand?post=2658"},{"taxonomy":"product_cat","embeddable":true,"href":"https:\/\/drawings-online.com\/en\/wp-json\/wp\/v2\/product_cat?post=2658"},{"taxonomy":"product_tag","embeddable":true,"href":"https:\/\/drawings-online.com\/en\/wp-json\/wp\/v2\/product_tag?post=2658"}],"curies":[{"name":"wp","href":"https:\/\/api.w.org\/{rel}","templated":true}]}}