{"id":2600,"date":"2021-04-22T10:20:39","date_gmt":"2021-04-22T08:20:39","guid":{"rendered":"https:\/\/artesepia.com\/product\/\/"},"modified":"2023-01-17T18:41:41","modified_gmt":"2023-01-17T17:41:41","slug":"paysage-de-plaine-a-connere-dans-la-sarthe-par-leopold-leprince","status":"publish","type":"product","link":"https:\/\/drawings-online.com\/en\/product\/plain-landscape-in-connerre-sarthe-by-leopold-leprince\/","title":{"rendered":"Plain landscape in Connerr\u00e9, Sarthe by L\u00e9opold Leprince"},"content":{"rendered":"<p><strong>L\u00e9opold Leprince<\/strong><\/p>\n<p>Paris 1800 \u2013 Chartres 1847<\/p>\n<p><strong><em>Plain landscape in Connerr\u00e9, Sarthe<\/em><\/strong><\/p>\n<p>Oil on paper.<\/p>\n<p>Inscribed on the back <em>27 pr\u00e8s <span style=\"text-decoration: line-through;\">Mon<\/span> Comeri Sarthe.<\/em><\/p>\n<p>134 x 293 mm &#8211; 5 1\/4 x 11 9\/16 in.<\/p>\n<p>&nbsp;<\/p>\n<p>Born to family of landscape painters, L\u00e9opold Leprince made his apprenticeship with his father and his brother Xavier. He exhibited at the Paris Salon from 1822 to 1844, and in Douai, Valenciennes, Lille and Bordeaux. He is sometimes confused with his brothers Xavier and Gustave, the three of them having specialized in landscape and worked together. Leprince executed two studies of this spot in the Sarthes (Pays de la Loire in France), near Connerr\u00e9 according the misspelled inscription <em>Comeri<\/em>. <a href=\"https:\/\/commons.wikimedia.org\/wiki\/File:Robert-L%C3%A9opold_Leprince_-_Une_vue_de_la_campagne_%C3%A0_Connerr%C3%A9,_pr%C3%A8s_du_Mans_(1825).jpg\" target=\"_blank\" rel=\"noopener\">Another version<\/a> was for sale at Christie\u2019s New York, 4 June 2009, lot 153. It represents the same spot, painted in the same sketchy way and approximatively at the same time but with minor differences. The existence of these two versions shows the painter\u2019s need to study a special spot several times.<\/p>\n<p>Condition report &#8211; Very good condition, a few stains in the corner on the back.<\/p>\n","protected":false},"excerpt":{"rendered":"<p>Plain landscape in Conn\u00e9r\u00e9, Sarthe by L\u00e9opold Leprince.<\/p>\n","protected":false},"featured_media":2601,"template":"","meta":{"_themeisle_gutenberg_block_has_review":false},"product_brand":[],"product_cat":[78],"product_tag":[37,353,121,86,418,120,255],"class_list":{"0":"post-2600","1":"product","2":"type-product","3":"status-publish","4":"has-post-thumbnail","6":"product_cat-french-school","7":"product_tag-19th","8":"product_tag-gallery","9":"product_tag-grand-tour","10":"product_tag-oil-on-paper","11":"product_tag-n5","12":"product_tag-landscape","13":"product_tag-sarthe","15":"first","16":"outofstock","17":"taxable","18":"shipping-taxable","19":"purchasable","20":"product-type-variable","21":"has-default-attributes"},"yoast_head":"<!-- This site is optimized with the Yoast SEO plugin v27.4 - https:\/\/yoast.com\/product\/yoast-seo-wordpress\/ -->\n<title>Plain landscape in Connerr\u00e9, Sarthe by L\u00e9opold Leprince<\/title>\n<meta name=\"description\" content=\"Plain landscape in Conn\u00e9r\u00e9, Sarthe by L\u00e9opold Leprince.\" \/>\n<meta name=\"robots\" content=\"index, follow, max-snippet:-1, max-image-preview:large, max-video-preview:-1\" \/>\n<link rel=\"canonical\" href=\"http:\/\/Plain%20landscape%20in%20Conn\u00e9r\u00e9,%20Sarthe%20by%20L\u00e9opold%20Leprince.\" \/>\n<meta property=\"og:locale\" content=\"en_US\" \/>\n<meta property=\"og:type\" content=\"article\" \/>\n<meta property=\"og:title\" content=\"Plain landscape in Connerr\u00e9, Sarthe by L\u00e9opold Leprince\" \/>\n<meta property=\"og:description\" content=\"Plain landscape in Conn\u00e9r\u00e9, Sarthe by L\u00e9opold Leprince.\" \/>\n<meta property=\"og:url\" content=\"https:\/\/drawings-online.com\/en\/product\/plain-landscape-in-connerre-sarthe-by-leopold-leprince\/\" \/>\n<meta property=\"og:site_name\" content=\"Drawings-online\" \/>\n<meta property=\"article:publisher\" content=\"https:\/\/www.facebook.com\/people\/Drawings-online\/100034942735866\/\" \/>\n<meta property=\"article:modified_time\" content=\"2023-01-17T17:41:41+00:00\" \/>\n<meta property=\"og:image\" content=\"https:\/\/drawings-online.com\/wp-content\/uploads\/2021\/04\/DSC_2900_1-1024x1024.png\" \/>\n\t<meta property=\"og:image:width\" content=\"1024\" \/>\n\t<meta property=\"og:image:height\" content=\"1024\" \/>\n\t<meta property=\"og:image:type\" content=\"image\/png\" \/>\n<meta name=\"twitter:card\" content=\"summary_large_image\" \/>\n<meta name=\"twitter:site\" content=\"@OnlineDrawings\" \/>\n<meta name=\"twitter:label1\" content=\"Est. reading time\" \/>\n\t<meta name=\"twitter:data1\" content=\"1 minute\" \/>\n<script type=\"application\/ld+json\" class=\"yoast-schema-graph\">{\"@context\":\"https:\\\/\\\/schema.org\",\"@graph\":[{\"@type\":\"WebPage\",\"@id\":\"https:\\\/\\\/drawings-online.com\\\/en\\\/product\\\/plain-landscape-in-connerre-sarthe-by-leopold-leprince\\\/\",\"url\":\"https:\\\/\\\/drawings-online.com\\\/en\\\/product\\\/plain-landscape-in-connerre-sarthe-by-leopold-leprince\\\/\",\"name\":\"Paysage de plaine \u00e0 Connerr\u00e9 dans la Sarthe par L\u00e9opold Leprince - Drawings-online\",\"isPartOf\":{\"@id\":\"https:\\\/\\\/drawings-online.com\\\/#website\"},\"primaryImageOfPage\":{\"@id\":\"https:\\\/\\\/drawings-online.com\\\/en\\\/product\\\/plain-landscape-in-connerre-sarthe-by-leopold-leprince\\\/#primaryimage\"},\"image\":{\"@id\":\"https:\\\/\\\/drawings-online.com\\\/en\\\/product\\\/plain-landscape-in-connerre-sarthe-by-leopold-leprince\\\/#primaryimage\"},\"thumbnailUrl\":\"https:\\\/\\\/drawings-online.com\\\/wp-content\\\/uploads\\\/2021\\\/04\\\/DSC_2900_1.png\",\"datePublished\":\"2021-04-22T08:20:39+00:00\",\"dateModified\":\"2023-01-17T17:41:41+00:00\",\"breadcrumb\":{\"@id\":\"https:\\\/\\\/drawings-online.com\\\/en\\\/product\\\/plain-landscape-in-connerre-sarthe-by-leopold-leprince\\\/#breadcrumb\"},\"inLanguage\":\"en-US\",\"potentialAction\":[{\"@type\":\"ReadAction\",\"target\":[\"https:\\\/\\\/drawings-online.com\\\/en\\\/product\\\/plain-landscape-in-connerre-sarthe-by-leopold-leprince\\\/\"]}]},{\"@type\":\"ImageObject\",\"inLanguage\":\"en-US\",\"@id\":\"https:\\\/\\\/drawings-online.com\\\/en\\\/product\\\/plain-landscape-in-connerre-sarthe-by-leopold-leprince\\\/#primaryimage\",\"url\":\"https:\\\/\\\/drawings-online.com\\\/wp-content\\\/uploads\\\/2021\\\/04\\\/DSC_2900_1.png\",\"contentUrl\":\"https:\\\/\\\/drawings-online.com\\\/wp-content\\\/uploads\\\/2021\\\/04\\\/DSC_2900_1.png\",\"width\":1800,\"height\":1800,\"caption\":\"Paysage de plaine \u00e0 Conn\u00e9r\u00e9 dans la Sarthe par L\u00e9opold Leprince\"},{\"@type\":\"BreadcrumbList\",\"@id\":\"https:\\\/\\\/drawings-online.com\\\/en\\\/product\\\/plain-landscape-in-connerre-sarthe-by-leopold-leprince\\\/#breadcrumb\",\"itemListElement\":[{\"@type\":\"ListItem\",\"position\":1,\"name\":\"Works available\",\"item\":\"https:\\\/\\\/drawings-online.com\\\/\"},{\"@type\":\"ListItem\",\"position\":2,\"name\":\"Gallery\",\"item\":\"https:\\\/\\\/drawings-online.com\\\/galerie\\\/\"},{\"@type\":\"ListItem\",\"position\":3,\"name\":\"19e\",\"item\":\"https:\\\/\\\/drawings-online.com\\\/product_tag\\\/19e\\\/\"},{\"@type\":\"ListItem\",\"position\":4,\"name\":\"Plain landscape in Connerr\u00e9, Sarthe by L\u00e9opold Leprince\"}]},{\"@type\":\"WebSite\",\"@id\":\"https:\\\/\\\/drawings-online.com\\\/en\\\/#website\",\"url\":\"https:\\\/\\\/drawings-online.com\\\/en\\\/\",\"name\":\"Drawings-online\",\"description\":\"Dessins en ligne\",\"publisher\":{\"@id\":\"https:\\\/\\\/drawings-online.com\\\/en\\\/#organization\"},\"potentialAction\":[{\"@type\":\"SearchAction\",\"target\":{\"@type\":\"EntryPoint\",\"urlTemplate\":\"https:\\\/\\\/drawings-online.com\\\/en\\\/?s={search_term_string}\"},\"query-input\":{\"@type\":\"PropertyValueSpecification\",\"valueRequired\":true,\"valueName\":\"search_term_string\"}}],\"inLanguage\":\"en-US\"},{\"@type\":\"Organization\",\"@id\":\"https:\\\/\\\/drawings-online.com\\\/en\\\/#organization\",\"name\":\"Drawings-online\",\"url\":\"https:\\\/\\\/drawings-online.com\\\/en\\\/\",\"logo\":{\"@type\":\"ImageObject\",\"inLanguage\":\"en-US\",\"@id\":\"https:\\\/\\\/drawings-online.com\\\/en\\\/#\\\/schema\\\/logo\\\/image\\\/\",\"url\":\"https:\\\/\\\/drawings-online.com\\\/wp-content\\\/uploads\\\/2020\\\/12\\\/drawings-icone-transp-e1607442878135.png\",\"contentUrl\":\"https:\\\/\\\/drawings-online.com\\\/wp-content\\\/uploads\\\/2020\\\/12\\\/drawings-icone-transp-e1607442878135.png\",\"width\":150,\"height\":150,\"caption\":\"Drawings-online\"},\"image\":{\"@id\":\"https:\\\/\\\/drawings-online.com\\\/en\\\/#\\\/schema\\\/logo\\\/image\\\/\"},\"sameAs\":[\"https:\\\/\\\/www.facebook.com\\\/people\\\/Drawings-online\\\/100034942735866\\\/\",\"https:\\\/\\\/x.com\\\/OnlineDrawings\",\"https:\\\/\\\/www.instagram.com\\\/drawings_online_com\\\/\"]}]}<\/script>\n<!-- \/ Yoast SEO plugin. -->","yoast_head_json":{"title":"Plain landscape in Connerr\u00e9, Sarthe by L\u00e9opold Leprince","description":"Plain landscape in Conn\u00e9r\u00e9, Sarthe by L\u00e9opold Leprince.","robots":{"index":"index","follow":"follow","max-snippet":"max-snippet:-1","max-image-preview":"max-image-preview:large","max-video-preview":"max-video-preview:-1"},"canonical":"Plain landscape in Conn\u00e9r\u00e9, Sarthe by L\u00e9opold Leprince.","og_locale":"en_US","og_type":"article","og_title":"Plain landscape in Connerr\u00e9, Sarthe by L\u00e9opold Leprince","og_description":"Plain landscape in Conn\u00e9r\u00e9, Sarthe by L\u00e9opold Leprince.","og_url":"https:\/\/drawings-online.com\/en\/product\/plain-landscape-in-connerre-sarthe-by-leopold-leprince\/","og_site_name":"Drawings-online","article_publisher":"https:\/\/www.facebook.com\/people\/Drawings-online\/100034942735866\/","article_modified_time":"2023-01-17T17:41:41+00:00","og_image":[{"width":1024,"height":1024,"url":"https:\/\/drawings-online.com\/wp-content\/uploads\/2021\/04\/DSC_2900_1-1024x1024.png","type":"image\/png"}],"twitter_card":"summary_large_image","twitter_site":"@OnlineDrawings","twitter_misc":{"Est. reading time":"1 minute"},"schema":{"@context":"https:\/\/schema.org","@graph":[{"@type":"WebPage","@id":"https:\/\/drawings-online.com\/en\/product\/plain-landscape-in-connerre-sarthe-by-leopold-leprince\/","url":"https:\/\/drawings-online.com\/en\/product\/plain-landscape-in-connerre-sarthe-by-leopold-leprince\/","name":"Paysage de plaine \u00e0 Connerr\u00e9 dans la Sarthe par L\u00e9opold Leprince - Drawings-online","isPartOf":{"@id":"https:\/\/drawings-online.com\/#website"},"primaryImageOfPage":{"@id":"https:\/\/drawings-online.com\/en\/product\/plain-landscape-in-connerre-sarthe-by-leopold-leprince\/#primaryimage"},"image":{"@id":"https:\/\/drawings-online.com\/en\/product\/plain-landscape-in-connerre-sarthe-by-leopold-leprince\/#primaryimage"},"thumbnailUrl":"https:\/\/drawings-online.com\/wp-content\/uploads\/2021\/04\/DSC_2900_1.png","datePublished":"2021-04-22T08:20:39+00:00","dateModified":"2023-01-17T17:41:41+00:00","breadcrumb":{"@id":"https:\/\/drawings-online.com\/en\/product\/plain-landscape-in-connerre-sarthe-by-leopold-leprince\/#breadcrumb"},"inLanguage":"en-US","potentialAction":[{"@type":"ReadAction","target":["https:\/\/drawings-online.com\/en\/product\/plain-landscape-in-connerre-sarthe-by-leopold-leprince\/"]}]},{"@type":"ImageObject","inLanguage":"en-US","@id":"https:\/\/drawings-online.com\/en\/product\/plain-landscape-in-connerre-sarthe-by-leopold-leprince\/#primaryimage","url":"https:\/\/drawings-online.com\/wp-content\/uploads\/2021\/04\/DSC_2900_1.png","contentUrl":"https:\/\/drawings-online.com\/wp-content\/uploads\/2021\/04\/DSC_2900_1.png","width":1800,"height":1800,"caption":"Paysage de plaine \u00e0 Conn\u00e9r\u00e9 dans la Sarthe par L\u00e9opold Leprince"},{"@type":"BreadcrumbList","@id":"https:\/\/drawings-online.com\/en\/product\/plain-landscape-in-connerre-sarthe-by-leopold-leprince\/#breadcrumb","itemListElement":[{"@type":"ListItem","position":1,"name":"Works available","item":"https:\/\/drawings-online.com\/"},{"@type":"ListItem","position":2,"name":"Gallery","item":"https:\/\/drawings-online.com\/galerie\/"},{"@type":"ListItem","position":3,"name":"19e","item":"https:\/\/drawings-online.com\/product_tag\/19e\/"},{"@type":"ListItem","position":4,"name":"Plain landscape in Connerr\u00e9, Sarthe by L\u00e9opold Leprince"}]},{"@type":"WebSite","@id":"https:\/\/drawings-online.com\/en\/#website","url":"https:\/\/drawings-online.com\/en\/","name":"Drawings-online","description":"Dessins en ligne","publisher":{"@id":"https:\/\/drawings-online.com\/en\/#organization"},"potentialAction":[{"@type":"SearchAction","target":{"@type":"EntryPoint","urlTemplate":"https:\/\/drawings-online.com\/en\/?s={search_term_string}"},"query-input":{"@type":"PropertyValueSpecification","valueRequired":true,"valueName":"search_term_string"}}],"inLanguage":"en-US"},{"@type":"Organization","@id":"https:\/\/drawings-online.com\/en\/#organization","name":"Drawings-online","url":"https:\/\/drawings-online.com\/en\/","logo":{"@type":"ImageObject","inLanguage":"en-US","@id":"https:\/\/drawings-online.com\/en\/#\/schema\/logo\/image\/","url":"https:\/\/drawings-online.com\/wp-content\/uploads\/2020\/12\/drawings-icone-transp-e1607442878135.png","contentUrl":"https:\/\/drawings-online.com\/wp-content\/uploads\/2020\/12\/drawings-icone-transp-e1607442878135.png","width":150,"height":150,"caption":"Drawings-online"},"image":{"@id":"https:\/\/drawings-online.com\/en\/#\/schema\/logo\/image\/"},"sameAs":["https:\/\/www.facebook.com\/people\/Drawings-online\/100034942735866\/","https:\/\/x.com\/OnlineDrawings","https:\/\/www.instagram.com\/drawings_online_com\/"]}]}},"jetpack_sharing_enabled":true,"_links":{"self":[{"href":"https:\/\/drawings-online.com\/en\/wp-json\/wp\/v2\/product\/2600","targetHints":{"allow":["GET"]}}],"collection":[{"href":"https:\/\/drawings-online.com\/en\/wp-json\/wp\/v2\/product"}],"about":[{"href":"https:\/\/drawings-online.com\/en\/wp-json\/wp\/v2\/types\/product"}],"wp:featuredmedia":[{"embeddable":true,"href":"https:\/\/drawings-online.com\/en\/wp-json\/wp\/v2\/media\/2601"}],"wp:attachment":[{"href":"https:\/\/drawings-online.com\/en\/wp-json\/wp\/v2\/media?parent=2600"}],"wp:term":[{"taxonomy":"product_brand","embeddable":true,"href":"https:\/\/drawings-online.com\/en\/wp-json\/wp\/v2\/product_brand?post=2600"},{"taxonomy":"product_cat","embeddable":true,"href":"https:\/\/drawings-online.com\/en\/wp-json\/wp\/v2\/product_cat?post=2600"},{"taxonomy":"product_tag","embeddable":true,"href":"https:\/\/drawings-online.com\/en\/wp-json\/wp\/v2\/product_tag?post=2600"}],"curies":[{"name":"wp","href":"https:\/\/api.w.org\/{rel}","templated":true}]}}