{"id":2519,"date":"2021-04-22T10:15:20","date_gmt":"2021-04-22T08:15:20","guid":{"rendered":"https:\/\/artesepia.com\/product\/\/"},"modified":"2023-01-17T18:41:42","modified_gmt":"2023-01-17T17:41:42","slug":"paysage-lacustre-avec-des-montagnes-par-frederic-francois-dandiran","status":"publish","type":"product","link":"https:\/\/drawings-online.com\/en\/product\/mountainous-landscape-with-a-lake-by-frederic-francois-dandiran\/","title":{"rendered":"Mountainous Landscape with a Lake by Fr\u00e9d\u00e9ric Fran\u00e7ois Dandiran"},"content":{"rendered":"<p><em><strong>Fr\u00e9d\u00e9ric Fran\u00e7ois Dandiran<\/strong> <\/em><\/p>\n<p><em>Bordeaux 1802 \u2013 Lausanne 1876 <\/em><\/p>\n<p><strong><em>Mountainous Landscape with a Lake<\/em><\/strong><\/p>\n<p>Oil on paper laid on Masonite; stamp <em>F. Dandiran<\/em> on the back.<\/p>\n<p>193 x 318 mm &#8211; 7 5\/8 x 12 1\/2 in.<\/p>\n<p>&nbsp;<\/p>\n<p>Originally from Bordeaux, Dandiran executed numerous landscapes of very good quality, most often in watercolour or lithography. He took part in many Salons in Paris, Geneva, Valenciennes and Toulouse and was awarded several medals.<\/p>\n<p>Condition report &#8211; Minor tears lower right.<\/p>\n","protected":false},"excerpt":{"rendered":"<p>Mountainous Landscape with a Lake by Fr\u00e9d\u00e9ric Fran\u00e7ois Dandiran.<\/p>\n","protected":false},"featured_media":2525,"template":"","meta":{"_themeisle_gutenberg_block_has_review":false},"product_brand":[],"product_cat":[78],"product_tag":[37,353,86,242,418,120],"class_list":{"0":"post-2519","1":"product","2":"type-product","3":"status-publish","4":"has-post-thumbnail","6":"product_cat-french-school","7":"product_tag-19th","8":"product_tag-gallery","9":"product_tag-oil-on-paper","10":"product_tag-marine","11":"product_tag-n5","12":"product_tag-landscape","14":"first","15":"outofstock","16":"taxable","17":"shipping-taxable","18":"purchasable","19":"product-type-variable","20":"has-default-attributes"},"yoast_head":"<!-- This site is optimized with the Yoast SEO plugin v27.4 - https:\/\/yoast.com\/product\/yoast-seo-wordpress\/ -->\n<title>Mountainous Landscape with a Lake by Fr\u00e9d\u00e9ric Fran\u00e7ois Dandiran<\/title>\n<meta name=\"description\" content=\"Mountainous Landscape with a Lake by Fr\u00e9d\u00e9ric Fran\u00e7ois Dandiran.\" \/>\n<meta name=\"robots\" content=\"index, follow, max-snippet:-1, max-image-preview:large, max-video-preview:-1\" \/>\n<link rel=\"canonical\" href=\"http:\/\/Mountainous%20Landscape%20with%20a%20Lake%20by%20Fr\u00e9d\u00e9ric%20Fran\u00e7ois%20Dandiran.\" \/>\n<meta property=\"og:locale\" content=\"en_US\" \/>\n<meta property=\"og:type\" content=\"article\" \/>\n<meta property=\"og:title\" content=\"Mountainous Landscape with a Lake by Fr\u00e9d\u00e9ric Fran\u00e7ois Dandiran\" \/>\n<meta property=\"og:description\" content=\"Mountainous Landscape with a Lake by Fr\u00e9d\u00e9ric Fran\u00e7ois Dandiran.\" \/>\n<meta property=\"og:url\" content=\"https:\/\/drawings-online.com\/en\/product\/mountainous-landscape-with-a-lake-by-frederic-francois-dandiran\/\" \/>\n<meta property=\"og:site_name\" content=\"Drawings-online\" \/>\n<meta property=\"article:publisher\" content=\"https:\/\/www.facebook.com\/people\/Drawings-online\/100034942735866\/\" \/>\n<meta property=\"article:modified_time\" content=\"2023-01-17T17:41:42+00:00\" \/>\n<meta property=\"og:image\" content=\"https:\/\/drawings-online.com\/wp-content\/uploads\/2021\/04\/DSC_3162_1-1024x1024.png\" \/>\n\t<meta property=\"og:image:width\" content=\"1024\" \/>\n\t<meta property=\"og:image:height\" content=\"1024\" \/>\n\t<meta property=\"og:image:type\" content=\"image\/png\" \/>\n<meta name=\"twitter:card\" content=\"summary_large_image\" \/>\n<meta name=\"twitter:site\" content=\"@OnlineDrawings\" \/>\n<meta name=\"twitter:label1\" content=\"Est. reading time\" \/>\n\t<meta name=\"twitter:data1\" content=\"1 minute\" \/>\n<script type=\"application\/ld+json\" class=\"yoast-schema-graph\">{\"@context\":\"https:\\\/\\\/schema.org\",\"@graph\":[{\"@type\":\"WebPage\",\"@id\":\"https:\\\/\\\/drawings-online.com\\\/en\\\/product\\\/mountainous-landscape-with-a-lake-by-frederic-francois-dandiran\\\/\",\"url\":\"https:\\\/\\\/drawings-online.com\\\/en\\\/product\\\/mountainous-landscape-with-a-lake-by-frederic-francois-dandiran\\\/\",\"name\":\"Paysage lacustre avec des montagnes par Fr\u00e9d\u00e9ric Fran\u00e7ois Dandiran - Drawings-online\",\"isPartOf\":{\"@id\":\"https:\\\/\\\/drawings-online.com\\\/#website\"},\"primaryImageOfPage\":{\"@id\":\"https:\\\/\\\/drawings-online.com\\\/en\\\/product\\\/mountainous-landscape-with-a-lake-by-frederic-francois-dandiran\\\/#primaryimage\"},\"image\":{\"@id\":\"https:\\\/\\\/drawings-online.com\\\/en\\\/product\\\/mountainous-landscape-with-a-lake-by-frederic-francois-dandiran\\\/#primaryimage\"},\"thumbnailUrl\":\"https:\\\/\\\/drawings-online.com\\\/wp-content\\\/uploads\\\/2021\\\/04\\\/DSC_3162_1.png\",\"datePublished\":\"2021-04-22T08:15:20+00:00\",\"dateModified\":\"2023-01-17T17:41:42+00:00\",\"breadcrumb\":{\"@id\":\"https:\\\/\\\/drawings-online.com\\\/en\\\/product\\\/mountainous-landscape-with-a-lake-by-frederic-francois-dandiran\\\/#breadcrumb\"},\"inLanguage\":\"en-US\",\"potentialAction\":[{\"@type\":\"ReadAction\",\"target\":[\"https:\\\/\\\/drawings-online.com\\\/en\\\/product\\\/mountainous-landscape-with-a-lake-by-frederic-francois-dandiran\\\/\"]}]},{\"@type\":\"ImageObject\",\"inLanguage\":\"en-US\",\"@id\":\"https:\\\/\\\/drawings-online.com\\\/en\\\/product\\\/mountainous-landscape-with-a-lake-by-frederic-francois-dandiran\\\/#primaryimage\",\"url\":\"https:\\\/\\\/drawings-online.com\\\/wp-content\\\/uploads\\\/2021\\\/04\\\/DSC_3162_1.png\",\"contentUrl\":\"https:\\\/\\\/drawings-online.com\\\/wp-content\\\/uploads\\\/2021\\\/04\\\/DSC_3162_1.png\",\"width\":1800,\"height\":1800,\"caption\":\"Paysage lacustre avec des montagnes par Fr\u00e9d\u00e9ric Fran\u00e7ois Dandiran\"},{\"@type\":\"BreadcrumbList\",\"@id\":\"https:\\\/\\\/drawings-online.com\\\/en\\\/product\\\/mountainous-landscape-with-a-lake-by-frederic-francois-dandiran\\\/#breadcrumb\",\"itemListElement\":[{\"@type\":\"ListItem\",\"position\":1,\"name\":\"Works available\",\"item\":\"https:\\\/\\\/drawings-online.com\\\/\"},{\"@type\":\"ListItem\",\"position\":2,\"name\":\"Gallery\",\"item\":\"https:\\\/\\\/drawings-online.com\\\/galerie\\\/\"},{\"@type\":\"ListItem\",\"position\":3,\"name\":\"19e\",\"item\":\"https:\\\/\\\/drawings-online.com\\\/product_tag\\\/19e\\\/\"},{\"@type\":\"ListItem\",\"position\":4,\"name\":\"Mountainous Landscape with a Lake by Fr\u00e9d\u00e9ric Fran\u00e7ois Dandiran\"}]},{\"@type\":\"WebSite\",\"@id\":\"https:\\\/\\\/drawings-online.com\\\/en\\\/#website\",\"url\":\"https:\\\/\\\/drawings-online.com\\\/en\\\/\",\"name\":\"Drawings-online\",\"description\":\"Dessins en ligne\",\"publisher\":{\"@id\":\"https:\\\/\\\/drawings-online.com\\\/en\\\/#organization\"},\"potentialAction\":[{\"@type\":\"SearchAction\",\"target\":{\"@type\":\"EntryPoint\",\"urlTemplate\":\"https:\\\/\\\/drawings-online.com\\\/en\\\/?s={search_term_string}\"},\"query-input\":{\"@type\":\"PropertyValueSpecification\",\"valueRequired\":true,\"valueName\":\"search_term_string\"}}],\"inLanguage\":\"en-US\"},{\"@type\":\"Organization\",\"@id\":\"https:\\\/\\\/drawings-online.com\\\/en\\\/#organization\",\"name\":\"Drawings-online\",\"url\":\"https:\\\/\\\/drawings-online.com\\\/en\\\/\",\"logo\":{\"@type\":\"ImageObject\",\"inLanguage\":\"en-US\",\"@id\":\"https:\\\/\\\/drawings-online.com\\\/en\\\/#\\\/schema\\\/logo\\\/image\\\/\",\"url\":\"https:\\\/\\\/drawings-online.com\\\/wp-content\\\/uploads\\\/2020\\\/12\\\/drawings-icone-transp-e1607442878135.png\",\"contentUrl\":\"https:\\\/\\\/drawings-online.com\\\/wp-content\\\/uploads\\\/2020\\\/12\\\/drawings-icone-transp-e1607442878135.png\",\"width\":150,\"height\":150,\"caption\":\"Drawings-online\"},\"image\":{\"@id\":\"https:\\\/\\\/drawings-online.com\\\/en\\\/#\\\/schema\\\/logo\\\/image\\\/\"},\"sameAs\":[\"https:\\\/\\\/www.facebook.com\\\/people\\\/Drawings-online\\\/100034942735866\\\/\",\"https:\\\/\\\/x.com\\\/OnlineDrawings\",\"https:\\\/\\\/www.instagram.com\\\/drawings_online_com\\\/\"]}]}<\/script>\n<!-- \/ Yoast SEO plugin. -->","yoast_head_json":{"title":"Mountainous Landscape with a Lake by Fr\u00e9d\u00e9ric Fran\u00e7ois Dandiran","description":"Mountainous Landscape with a Lake by Fr\u00e9d\u00e9ric Fran\u00e7ois Dandiran.","robots":{"index":"index","follow":"follow","max-snippet":"max-snippet:-1","max-image-preview":"max-image-preview:large","max-video-preview":"max-video-preview:-1"},"canonical":"Mountainous Landscape with a Lake by Fr\u00e9d\u00e9ric Fran\u00e7ois Dandiran.","og_locale":"en_US","og_type":"article","og_title":"Mountainous Landscape with a Lake by Fr\u00e9d\u00e9ric Fran\u00e7ois Dandiran","og_description":"Mountainous Landscape with a Lake by Fr\u00e9d\u00e9ric Fran\u00e7ois Dandiran.","og_url":"https:\/\/drawings-online.com\/en\/product\/mountainous-landscape-with-a-lake-by-frederic-francois-dandiran\/","og_site_name":"Drawings-online","article_publisher":"https:\/\/www.facebook.com\/people\/Drawings-online\/100034942735866\/","article_modified_time":"2023-01-17T17:41:42+00:00","og_image":[{"width":1024,"height":1024,"url":"https:\/\/drawings-online.com\/wp-content\/uploads\/2021\/04\/DSC_3162_1-1024x1024.png","type":"image\/png"}],"twitter_card":"summary_large_image","twitter_site":"@OnlineDrawings","twitter_misc":{"Est. reading time":"1 minute"},"schema":{"@context":"https:\/\/schema.org","@graph":[{"@type":"WebPage","@id":"https:\/\/drawings-online.com\/en\/product\/mountainous-landscape-with-a-lake-by-frederic-francois-dandiran\/","url":"https:\/\/drawings-online.com\/en\/product\/mountainous-landscape-with-a-lake-by-frederic-francois-dandiran\/","name":"Paysage lacustre avec des montagnes par Fr\u00e9d\u00e9ric Fran\u00e7ois Dandiran - Drawings-online","isPartOf":{"@id":"https:\/\/drawings-online.com\/#website"},"primaryImageOfPage":{"@id":"https:\/\/drawings-online.com\/en\/product\/mountainous-landscape-with-a-lake-by-frederic-francois-dandiran\/#primaryimage"},"image":{"@id":"https:\/\/drawings-online.com\/en\/product\/mountainous-landscape-with-a-lake-by-frederic-francois-dandiran\/#primaryimage"},"thumbnailUrl":"https:\/\/drawings-online.com\/wp-content\/uploads\/2021\/04\/DSC_3162_1.png","datePublished":"2021-04-22T08:15:20+00:00","dateModified":"2023-01-17T17:41:42+00:00","breadcrumb":{"@id":"https:\/\/drawings-online.com\/en\/product\/mountainous-landscape-with-a-lake-by-frederic-francois-dandiran\/#breadcrumb"},"inLanguage":"en-US","potentialAction":[{"@type":"ReadAction","target":["https:\/\/drawings-online.com\/en\/product\/mountainous-landscape-with-a-lake-by-frederic-francois-dandiran\/"]}]},{"@type":"ImageObject","inLanguage":"en-US","@id":"https:\/\/drawings-online.com\/en\/product\/mountainous-landscape-with-a-lake-by-frederic-francois-dandiran\/#primaryimage","url":"https:\/\/drawings-online.com\/wp-content\/uploads\/2021\/04\/DSC_3162_1.png","contentUrl":"https:\/\/drawings-online.com\/wp-content\/uploads\/2021\/04\/DSC_3162_1.png","width":1800,"height":1800,"caption":"Paysage lacustre avec des montagnes par Fr\u00e9d\u00e9ric Fran\u00e7ois Dandiran"},{"@type":"BreadcrumbList","@id":"https:\/\/drawings-online.com\/en\/product\/mountainous-landscape-with-a-lake-by-frederic-francois-dandiran\/#breadcrumb","itemListElement":[{"@type":"ListItem","position":1,"name":"Works available","item":"https:\/\/drawings-online.com\/"},{"@type":"ListItem","position":2,"name":"Gallery","item":"https:\/\/drawings-online.com\/galerie\/"},{"@type":"ListItem","position":3,"name":"19e","item":"https:\/\/drawings-online.com\/product_tag\/19e\/"},{"@type":"ListItem","position":4,"name":"Mountainous Landscape with a Lake by Fr\u00e9d\u00e9ric Fran\u00e7ois Dandiran"}]},{"@type":"WebSite","@id":"https:\/\/drawings-online.com\/en\/#website","url":"https:\/\/drawings-online.com\/en\/","name":"Drawings-online","description":"Dessins en ligne","publisher":{"@id":"https:\/\/drawings-online.com\/en\/#organization"},"potentialAction":[{"@type":"SearchAction","target":{"@type":"EntryPoint","urlTemplate":"https:\/\/drawings-online.com\/en\/?s={search_term_string}"},"query-input":{"@type":"PropertyValueSpecification","valueRequired":true,"valueName":"search_term_string"}}],"inLanguage":"en-US"},{"@type":"Organization","@id":"https:\/\/drawings-online.com\/en\/#organization","name":"Drawings-online","url":"https:\/\/drawings-online.com\/en\/","logo":{"@type":"ImageObject","inLanguage":"en-US","@id":"https:\/\/drawings-online.com\/en\/#\/schema\/logo\/image\/","url":"https:\/\/drawings-online.com\/wp-content\/uploads\/2020\/12\/drawings-icone-transp-e1607442878135.png","contentUrl":"https:\/\/drawings-online.com\/wp-content\/uploads\/2020\/12\/drawings-icone-transp-e1607442878135.png","width":150,"height":150,"caption":"Drawings-online"},"image":{"@id":"https:\/\/drawings-online.com\/en\/#\/schema\/logo\/image\/"},"sameAs":["https:\/\/www.facebook.com\/people\/Drawings-online\/100034942735866\/","https:\/\/x.com\/OnlineDrawings","https:\/\/www.instagram.com\/drawings_online_com\/"]}]}},"jetpack_sharing_enabled":true,"_links":{"self":[{"href":"https:\/\/drawings-online.com\/en\/wp-json\/wp\/v2\/product\/2519","targetHints":{"allow":["GET"]}}],"collection":[{"href":"https:\/\/drawings-online.com\/en\/wp-json\/wp\/v2\/product"}],"about":[{"href":"https:\/\/drawings-online.com\/en\/wp-json\/wp\/v2\/types\/product"}],"wp:featuredmedia":[{"embeddable":true,"href":"https:\/\/drawings-online.com\/en\/wp-json\/wp\/v2\/media\/2525"}],"wp:attachment":[{"href":"https:\/\/drawings-online.com\/en\/wp-json\/wp\/v2\/media?parent=2519"}],"wp:term":[{"taxonomy":"product_brand","embeddable":true,"href":"https:\/\/drawings-online.com\/en\/wp-json\/wp\/v2\/product_brand?post=2519"},{"taxonomy":"product_cat","embeddable":true,"href":"https:\/\/drawings-online.com\/en\/wp-json\/wp\/v2\/product_cat?post=2519"},{"taxonomy":"product_tag","embeddable":true,"href":"https:\/\/drawings-online.com\/en\/wp-json\/wp\/v2\/product_tag?post=2519"}],"curies":[{"name":"wp","href":"https:\/\/api.w.org\/{rel}","templated":true}]}}