{"id":2298,"date":"2021-03-18T11:45:27","date_gmt":"2021-03-18T10:45:27","guid":{"rendered":"https:\/\/drawings-online.com\/product\/\/"},"modified":"2023-01-17T18:40:47","modified_gmt":"2023-01-17T17:40:47","slug":"etude-de-tetes-de-jeune-fille-et-denfant-pour-lheroine-de-saint-milhier-par-louis-leopold-boilly","status":"publish","type":"product","link":"https:\/\/drawings-online.com\/en\/product\/preparatory-studies-of-a-young-girl-and-a-childs-heads-for-the-heroine-of-saint-milhier-by-louis-leopold-boilly\/","title":{"rendered":"Preparatory Studies of a Young girl and a Child\u2019s heads for\u00a0The Heroine of Saint-Milhier by Louis-L\u00e9opold Boilly"},"content":{"rendered":"<p style=\"font-weight: 400;\"><strong>Louis-L\u00e9opold Boilly\u00a0<\/strong><\/p>\n<p style=\"font-weight: 400;\">La Bass\u00e9e 1761 &#8211; Paris 1845<\/p>\n<p style=\"font-weight: 400;\"><strong><em>Preparatory Studies of a Young girl and a Child\u2019s heads for\u00a0<\/em>The Heroine of Saint-Milhier<\/strong><\/p>\n<p style=\"font-weight: 400;\">Signed\u00a0<em>Boilly\u00a0<\/em>lower left.<\/p>\n<p style=\"font-weight: 400;\">Black chalk, stumping and white chalk heightening on light brown paper.<\/p>\n<p style=\"font-weight: 400;\">278 x 258 mm \u2013 10,95 x 10,16 inch<\/p>\n<p style=\"font-weight: 400;\">Provenance &#8211; Albert Pontremoli, his sale, Paris, 20-21 June 1924, n\u00b0 2 (650 francs) ;\u00a0\u00a0where acquired\u00a0\u00a0by L\u00e9on Voillemot, according an inscription in the sale catalogue ; L\u00e9on Voillemot, Paris, his stamp lower right (<a href=\"http:\/\/www.marquesdecollections.fr\/detail.cfm\/marque\/6617\/total\/1\" target=\"_blank\" rel=\"noopener\">L.\u00a0789d<\/a>) ; Michel Tardieu, his sale, Paris, Tajan, 18 May 1999, n\u00b0 61 ; Paris, Artcurial, 14 November 2017<a href=\"https:\/\/www.artcurial.com\/fr\/lot-louis-leopold-boilly-la-bassee-1761-paris-1845-etude-pour-lheroine-de-saint-milhier-crayon-noir#popin-active\" data-saferedirecturl=\"https:\/\/www.google.com\/url?q=https:\/\/www.artcurial.com\/fr\/lot-louis-leopold-boilly-la-bassee-1761-paris-1845-etude-pour-lheroine-de-saint-milhier-crayon-noir%23popin-active&amp;source=gmail&amp;ust=1616065698400000&amp;usg=AFQjCNG8lHYgBh8GrJI6R9luSJ3q7Z4PuQ\">, n\u00b0 409<\/a>\u00a0; Private collection.<\/p>\n<p style=\"font-weight: 400;\">Bibliographie &#8211; Jacques Seligmann,\u00a0<em>L.-L. Boilly<\/em>,\u00a0exhibition\u00a0catalogue 31 May-22 June 1930, Paris, p. 53\u00a0;\u00a0<em>Louis-L\u00e9opold Boilly<\/em>, exhibition catalogue, H\u00f4tel Sagan, Paris, 1930, n\u00b0 158\u00a0; Annie Scottez de Wambrechies et Florence Raymond,\u00a0<em>Boilly (1761-1845)<\/em>, exhibition catalogue, Palais des Beaux-Arts de Lille, 2011, p. 124, note 2\u00a0; \u00c9tienne Br\u00e9ton and Pascal Zuber,\u00a0<em>Louis-L\u00e9opold Boilly (1761-1845)<\/em>, 2 vol., Arthena, 2019, vol. 2, p. 522, n\u00b0 261 D.<\/p>\n<p>&nbsp;<\/p>\n<p style=\"font-weight: 400;\"><a href=\"https:\/\/drawings-online.com\/wp-content\/uploads\/2021\/03\/Boilly.jpg\"><img loading=\"lazy\" decoding=\"async\" class=\" wp-image-2325 alignleft\" src=\"https:\/\/drawings-online.com\/wp-content\/uploads\/2021\/03\/Boilly-300x242.jpg\" alt=\"\" width=\"341\" height=\"275\" srcset=\"https:\/\/drawings-online.com\/wp-content\/uploads\/2021\/03\/Boilly-300x242.jpg 300w, https:\/\/drawings-online.com\/wp-content\/uploads\/2021\/03\/Boilly-600x483.jpg 600w, https:\/\/drawings-online.com\/wp-content\/uploads\/2021\/03\/Boilly-1024x825.jpg 1024w, https:\/\/drawings-online.com\/wp-content\/uploads\/2021\/03\/Boilly-768x619.jpg 768w, https:\/\/drawings-online.com\/wp-content\/uploads\/2021\/03\/Boilly-1536x1238.jpg 1536w, https:\/\/drawings-online.com\/wp-content\/uploads\/2021\/03\/Boilly-2048x1650.jpg 2048w\" sizes=\"auto, (max-width: 341px) 100vw, 341px\" \/><\/a>This spectacular drawing bears two head studies borrowed from a larger sheet illustrating a famous revolutionary theme,\u00a0<em>The\u00a0<\/em><em>Heroine of Saint-Milhier<\/em>, dated from 1794 (fig. 1, cf. \u00c9tienne Br\u00e9ton and Pascal Zuber,\u00a0<em>Louis-L\u00e9opold Boilly (1761-1845)<\/em>, 2 vol., Arthena, 2019, vol. 2, p. 522-523, n\u00b0 262 D). This work illustrates the legendary bravery of a young Vendean woman who protected her children and resisted assaults from scavengers. This story was reported in the\u00a0<em>Recueil des actions h\u00e9ro\u00efques et civiques\u00a0<\/em>presented to the Convention Nationale by \u201ccitoyen\u201d L\u00e9onard Bourdon(Paris, an II, 1793-1794, p.\u00a025, n\u00b0 28). To be distributed in every school of the recent Republic, it was intended to stimulate the civic mindedness of the young generation and provide painters with a repertoire of the French Revolution great deeds to illustrate.<\/p>\n<p>&nbsp;<\/p>\n<p style=\"font-weight: 400;\">The Republican government created the Concours de l\u2019An II, inviting artists \u201cto represent on canvas the most glorious events of the French Revolution of their choosing\u201d in order to restore public commission and stimulate Republican propaganda, by honoring the regime\u2019s new heroes. Boilly eventually chose to paint the\u00a0<em>Triumph of Marat\u00a0<\/em>instead of the\u00a0<em>Heroine of Saint-Milhier<\/em>, a theme already largely covered by other artists such as the painters\u00a0Fran\u00e7ois-Andr\u00e9 Vincent, Marguerite G\u00e9rard and Martin Drolling and engravers such as Cazeneuve &amp; Thouvenin (BN Estampes, 52 B 9861) and Debucourt (BN estampes, 85 C 1719 11, cf. Claude Langlois, \u00ab\u00a0Les d\u00e9rives vend\u00e9ennes de l\u2019imaginaire r\u00e9volutionnaire\u00a0\u00bb, in\u00a0<em>Annales. Histoires, Sciences Sociales<\/em>, Cambridge University Press, 4<sup>th<\/sup>\u00a0year, n\u00b0 3, 1988, pp. 771-797).<\/p>\n<p>&nbsp;<\/p>\n<p style=\"font-weight: 400;\">The subject, drawn from the revolutionary imagination, is the story of a young Vendean woman, resisting hordes of scavengers. Surrounded by her four children, she is aiming a gun at the bandits and another at a gunpowder barrel, prepared to blow up the house and her own family rather than fall onto the assailants\u2019 hands.<\/p>\n<p>&nbsp;<\/p>\n<p style=\"font-weight: 400;\">This lively study prepares the figures of two of the heroine&#8217;s children, the young girl on her right side and the baby she is holding on her knees. The artist focuses on the expression of terror on their faces, accentuating the light and shadows effects by marking the edges with powerful black chalk and the volume with delicate touches of white chalk.<\/p>\n<p>Condition report &#8211; Very good condition. False margins &#8211; Blue grey paper<\/p>\n","protected":false},"excerpt":{"rendered":"<p><em>A heroic mother fighting for the French Revolution!<\/em><br \/>\nPreparatory Studies of a Young girl and a Child\u2019s heads for\u00a0The Heroine of Saint-Milhier by Louis-L\u00e9opold Boilly.<\/p>\n","protected":false},"featured_media":2299,"template":"","meta":{"_themeisle_gutenberg_block_has_review":false},"product_brand":[],"product_cat":[78],"product_tag":[24,37,345,34,353,417,16,228],"class_list":{"0":"post-2298","1":"product","2":"type-product","3":"status-publish","4":"has-post-thumbnail","6":"product_cat-french-school","7":"product_tag-18th","8":"product_tag-19th","9":"product_tag-old-master-drawings","10":"product_tag-stumping","11":"product_tag-gallery","12":"product_tag-n4","13":"product_tag-black-chalk","14":"product_tag-revolution","16":"first","17":"outofstock","18":"taxable","19":"shipping-taxable","20":"purchasable","21":"product-type-simple"},"yoast_head":"<!-- This site is optimized with the Yoast SEO plugin v27.5 - https:\/\/yoast.com\/product\/yoast-seo-wordpress\/ -->\n<title>Preparatory Studies of a Young girl and a Child\u2019s heads for\u00a0The Heroine of Saint-Milhier by Louis-L\u00e9opold Boilly<\/title>\n<meta name=\"description\" content=\"A heroic mother fighting for the French Revolution! Preparatory Studies of a Young girl and a Child\u2019s heads for\u00a0The Heroine of Saint-Milhier by Louis-L\u00e9opold Boilly.\" \/>\n<meta name=\"robots\" content=\"index, follow, max-snippet:-1, max-image-preview:large, max-video-preview:-1\" \/>\n<link rel=\"canonical\" href=\"http:\/\/A%20heroic%20mother%20fighting%20for%20the%20French%20Revolution!%20Preparatory%20Studies%20of%20a%20Young%20girl%20and%20a%20Child\u2019s%20heads%20for\u00a0The%20Heroine%20of%20Saint-Milhier%20by%20Louis-L\u00e9opold%20Boilly.\" \/>\n<meta property=\"og:locale\" content=\"en_US\" \/>\n<meta property=\"og:type\" content=\"article\" \/>\n<meta property=\"og:title\" content=\"Preparatory Studies of a Young girl and a Child\u2019s heads for\u00a0The Heroine of Saint-Milhier by Louis-L\u00e9opold Boilly\" \/>\n<meta property=\"og:description\" content=\"A heroic mother fighting for the French Revolution! Preparatory Studies of a Young girl and a Child\u2019s heads for\u00a0The Heroine of Saint-Milhier by Louis-L\u00e9opold Boilly.\" \/>\n<meta property=\"og:url\" content=\"https:\/\/drawings-online.com\/en\/product\/preparatory-studies-of-a-young-girl-and-a-childs-heads-for-the-heroine-of-saint-milhier-by-louis-leopold-boilly\/\" \/>\n<meta property=\"og:site_name\" content=\"Drawings-online\" \/>\n<meta property=\"article:publisher\" content=\"https:\/\/www.facebook.com\/people\/Drawings-online\/100034942735866\/\" \/>\n<meta property=\"article:modified_time\" content=\"2023-01-17T17:40:47+00:00\" \/>\n<meta property=\"og:image\" content=\"https:\/\/drawings-online.com\/wp-content\/uploads\/2021\/03\/DSC_0258_1-1024x1024.png\" \/>\n\t<meta property=\"og:image:width\" content=\"1024\" \/>\n\t<meta property=\"og:image:height\" content=\"1024\" \/>\n\t<meta property=\"og:image:type\" content=\"image\/png\" \/>\n<meta name=\"twitter:card\" content=\"summary_large_image\" \/>\n<meta name=\"twitter:site\" content=\"@OnlineDrawings\" \/>\n<meta name=\"twitter:label1\" content=\"Est. reading time\" \/>\n\t<meta name=\"twitter:data1\" content=\"3 minutes\" \/>\n<script type=\"application\/ld+json\" class=\"yoast-schema-graph\">{\"@context\":\"https:\\\/\\\/schema.org\",\"@graph\":[{\"@type\":\"WebPage\",\"@id\":\"https:\\\/\\\/drawings-online.com\\\/en\\\/product\\\/preparatory-studies-of-a-young-girl-and-a-childs-heads-for-the-heroine-of-saint-milhier-by-louis-leopold-boilly\\\/\",\"url\":\"https:\\\/\\\/drawings-online.com\\\/en\\\/product\\\/preparatory-studies-of-a-young-girl-and-a-childs-heads-for-the-heroine-of-saint-milhier-by-louis-leopold-boilly\\\/\",\"name\":\"\u00c9tude de t\u00eates de jeune fille et d\u2019enfant pour l'H\u00e9ro\u00efne de Saint-Milhier par Louis-L\u00e9opold Boilly\u00a0 - Drawings-online\",\"isPartOf\":{\"@id\":\"https:\\\/\\\/drawings-online.com\\\/#website\"},\"primaryImageOfPage\":{\"@id\":\"https:\\\/\\\/drawings-online.com\\\/en\\\/product\\\/preparatory-studies-of-a-young-girl-and-a-childs-heads-for-the-heroine-of-saint-milhier-by-louis-leopold-boilly\\\/#primaryimage\"},\"image\":{\"@id\":\"https:\\\/\\\/drawings-online.com\\\/en\\\/product\\\/preparatory-studies-of-a-young-girl-and-a-childs-heads-for-the-heroine-of-saint-milhier-by-louis-leopold-boilly\\\/#primaryimage\"},\"thumbnailUrl\":\"https:\\\/\\\/drawings-online.com\\\/wp-content\\\/uploads\\\/2021\\\/03\\\/DSC_0258_1.png\",\"datePublished\":\"2021-03-18T10:45:27+00:00\",\"dateModified\":\"2023-01-17T17:40:47+00:00\",\"breadcrumb\":{\"@id\":\"https:\\\/\\\/drawings-online.com\\\/en\\\/product\\\/preparatory-studies-of-a-young-girl-and-a-childs-heads-for-the-heroine-of-saint-milhier-by-louis-leopold-boilly\\\/#breadcrumb\"},\"inLanguage\":\"en-US\",\"potentialAction\":[{\"@type\":\"ReadAction\",\"target\":[\"https:\\\/\\\/drawings-online.com\\\/en\\\/product\\\/preparatory-studies-of-a-young-girl-and-a-childs-heads-for-the-heroine-of-saint-milhier-by-louis-leopold-boilly\\\/\"]}]},{\"@type\":\"ImageObject\",\"inLanguage\":\"en-US\",\"@id\":\"https:\\\/\\\/drawings-online.com\\\/en\\\/product\\\/preparatory-studies-of-a-young-girl-and-a-childs-heads-for-the-heroine-of-saint-milhier-by-louis-leopold-boilly\\\/#primaryimage\",\"url\":\"https:\\\/\\\/drawings-online.com\\\/wp-content\\\/uploads\\\/2021\\\/03\\\/DSC_0258_1.png\",\"contentUrl\":\"https:\\\/\\\/drawings-online.com\\\/wp-content\\\/uploads\\\/2021\\\/03\\\/DSC_0258_1.png\",\"width\":1800,\"height\":1800,\"caption\":\"\u00c9tude de t\u00eates de jeune fille et d\u2019enfant pour l'H\u00e9ro\u00efne de Saint-Milhier par Louis-L\u00e9opold Boilly\u00a0\"},{\"@type\":\"BreadcrumbList\",\"@id\":\"https:\\\/\\\/drawings-online.com\\\/en\\\/product\\\/preparatory-studies-of-a-young-girl-and-a-childs-heads-for-the-heroine-of-saint-milhier-by-louis-leopold-boilly\\\/#breadcrumb\",\"itemListElement\":[{\"@type\":\"ListItem\",\"position\":1,\"name\":\"Works available\",\"item\":\"https:\\\/\\\/drawings-online.com\\\/\"},{\"@type\":\"ListItem\",\"position\":2,\"name\":\"Gallery\",\"item\":\"https:\\\/\\\/drawings-online.com\\\/galerie\\\/\"},{\"@type\":\"ListItem\",\"position\":3,\"name\":\"18e\",\"item\":\"https:\\\/\\\/drawings-online.com\\\/product_tag\\\/18e\\\/\"},{\"@type\":\"ListItem\",\"position\":4,\"name\":\"Preparatory Studies of a Young girl and a Child\u2019s heads for\u00a0The Heroine of Saint-Milhier by Louis-L\u00e9opold Boilly\"}]},{\"@type\":\"WebSite\",\"@id\":\"https:\\\/\\\/drawings-online.com\\\/en\\\/#website\",\"url\":\"https:\\\/\\\/drawings-online.com\\\/en\\\/\",\"name\":\"Drawings-online\",\"description\":\"Dessins en ligne\",\"publisher\":{\"@id\":\"https:\\\/\\\/drawings-online.com\\\/en\\\/#organization\"},\"potentialAction\":[{\"@type\":\"SearchAction\",\"target\":{\"@type\":\"EntryPoint\",\"urlTemplate\":\"https:\\\/\\\/drawings-online.com\\\/en\\\/?s={search_term_string}\"},\"query-input\":{\"@type\":\"PropertyValueSpecification\",\"valueRequired\":true,\"valueName\":\"search_term_string\"}}],\"inLanguage\":\"en-US\"},{\"@type\":\"Organization\",\"@id\":\"https:\\\/\\\/drawings-online.com\\\/en\\\/#organization\",\"name\":\"Drawings-online\",\"url\":\"https:\\\/\\\/drawings-online.com\\\/en\\\/\",\"logo\":{\"@type\":\"ImageObject\",\"inLanguage\":\"en-US\",\"@id\":\"https:\\\/\\\/drawings-online.com\\\/en\\\/#\\\/schema\\\/logo\\\/image\\\/\",\"url\":\"https:\\\/\\\/drawings-online.com\\\/wp-content\\\/uploads\\\/2020\\\/12\\\/drawings-icone-transp-e1607442878135.png\",\"contentUrl\":\"https:\\\/\\\/drawings-online.com\\\/wp-content\\\/uploads\\\/2020\\\/12\\\/drawings-icone-transp-e1607442878135.png\",\"width\":150,\"height\":150,\"caption\":\"Drawings-online\"},\"image\":{\"@id\":\"https:\\\/\\\/drawings-online.com\\\/en\\\/#\\\/schema\\\/logo\\\/image\\\/\"},\"sameAs\":[\"https:\\\/\\\/www.facebook.com\\\/people\\\/Drawings-online\\\/100034942735866\\\/\",\"https:\\\/\\\/x.com\\\/OnlineDrawings\",\"https:\\\/\\\/www.instagram.com\\\/drawings_online_com\\\/\"]}]}<\/script>\n<!-- \/ Yoast SEO plugin. -->","yoast_head_json":{"title":"Preparatory Studies of a Young girl and a Child\u2019s heads for\u00a0The Heroine of Saint-Milhier by Louis-L\u00e9opold Boilly","description":"A heroic mother fighting for the French Revolution! Preparatory Studies of a Young girl and a Child\u2019s heads for\u00a0The Heroine of Saint-Milhier by Louis-L\u00e9opold Boilly.","robots":{"index":"index","follow":"follow","max-snippet":"max-snippet:-1","max-image-preview":"max-image-preview:large","max-video-preview":"max-video-preview:-1"},"canonical":"A heroic mother fighting for the French Revolution! Preparatory Studies of a Young girl and a Child\u2019s heads for\u00a0The Heroine of Saint-Milhier by Louis-L\u00e9opold Boilly.","og_locale":"en_US","og_type":"article","og_title":"Preparatory Studies of a Young girl and a Child\u2019s heads for\u00a0The Heroine of Saint-Milhier by Louis-L\u00e9opold Boilly","og_description":"A heroic mother fighting for the French Revolution! Preparatory Studies of a Young girl and a Child\u2019s heads for\u00a0The Heroine of Saint-Milhier by Louis-L\u00e9opold Boilly.","og_url":"https:\/\/drawings-online.com\/en\/product\/preparatory-studies-of-a-young-girl-and-a-childs-heads-for-the-heroine-of-saint-milhier-by-louis-leopold-boilly\/","og_site_name":"Drawings-online","article_publisher":"https:\/\/www.facebook.com\/people\/Drawings-online\/100034942735866\/","article_modified_time":"2023-01-17T17:40:47+00:00","og_image":[{"width":1024,"height":1024,"url":"https:\/\/drawings-online.com\/wp-content\/uploads\/2021\/03\/DSC_0258_1-1024x1024.png","type":"image\/png"}],"twitter_card":"summary_large_image","twitter_site":"@OnlineDrawings","twitter_misc":{"Est. reading time":"3 minutes"},"schema":{"@context":"https:\/\/schema.org","@graph":[{"@type":"WebPage","@id":"https:\/\/drawings-online.com\/en\/product\/preparatory-studies-of-a-young-girl-and-a-childs-heads-for-the-heroine-of-saint-milhier-by-louis-leopold-boilly\/","url":"https:\/\/drawings-online.com\/en\/product\/preparatory-studies-of-a-young-girl-and-a-childs-heads-for-the-heroine-of-saint-milhier-by-louis-leopold-boilly\/","name":"\u00c9tude de t\u00eates de jeune fille et d\u2019enfant pour l'H\u00e9ro\u00efne de Saint-Milhier par Louis-L\u00e9opold Boilly\u00a0 - Drawings-online","isPartOf":{"@id":"https:\/\/drawings-online.com\/#website"},"primaryImageOfPage":{"@id":"https:\/\/drawings-online.com\/en\/product\/preparatory-studies-of-a-young-girl-and-a-childs-heads-for-the-heroine-of-saint-milhier-by-louis-leopold-boilly\/#primaryimage"},"image":{"@id":"https:\/\/drawings-online.com\/en\/product\/preparatory-studies-of-a-young-girl-and-a-childs-heads-for-the-heroine-of-saint-milhier-by-louis-leopold-boilly\/#primaryimage"},"thumbnailUrl":"https:\/\/drawings-online.com\/wp-content\/uploads\/2021\/03\/DSC_0258_1.png","datePublished":"2021-03-18T10:45:27+00:00","dateModified":"2023-01-17T17:40:47+00:00","breadcrumb":{"@id":"https:\/\/drawings-online.com\/en\/product\/preparatory-studies-of-a-young-girl-and-a-childs-heads-for-the-heroine-of-saint-milhier-by-louis-leopold-boilly\/#breadcrumb"},"inLanguage":"en-US","potentialAction":[{"@type":"ReadAction","target":["https:\/\/drawings-online.com\/en\/product\/preparatory-studies-of-a-young-girl-and-a-childs-heads-for-the-heroine-of-saint-milhier-by-louis-leopold-boilly\/"]}]},{"@type":"ImageObject","inLanguage":"en-US","@id":"https:\/\/drawings-online.com\/en\/product\/preparatory-studies-of-a-young-girl-and-a-childs-heads-for-the-heroine-of-saint-milhier-by-louis-leopold-boilly\/#primaryimage","url":"https:\/\/drawings-online.com\/wp-content\/uploads\/2021\/03\/DSC_0258_1.png","contentUrl":"https:\/\/drawings-online.com\/wp-content\/uploads\/2021\/03\/DSC_0258_1.png","width":1800,"height":1800,"caption":"\u00c9tude de t\u00eates de jeune fille et d\u2019enfant pour l'H\u00e9ro\u00efne de Saint-Milhier par Louis-L\u00e9opold Boilly\u00a0"},{"@type":"BreadcrumbList","@id":"https:\/\/drawings-online.com\/en\/product\/preparatory-studies-of-a-young-girl-and-a-childs-heads-for-the-heroine-of-saint-milhier-by-louis-leopold-boilly\/#breadcrumb","itemListElement":[{"@type":"ListItem","position":1,"name":"Works available","item":"https:\/\/drawings-online.com\/"},{"@type":"ListItem","position":2,"name":"Gallery","item":"https:\/\/drawings-online.com\/galerie\/"},{"@type":"ListItem","position":3,"name":"18e","item":"https:\/\/drawings-online.com\/product_tag\/18e\/"},{"@type":"ListItem","position":4,"name":"Preparatory Studies of a Young girl and a Child\u2019s heads for\u00a0The Heroine of Saint-Milhier by Louis-L\u00e9opold Boilly"}]},{"@type":"WebSite","@id":"https:\/\/drawings-online.com\/en\/#website","url":"https:\/\/drawings-online.com\/en\/","name":"Drawings-online","description":"Dessins en ligne","publisher":{"@id":"https:\/\/drawings-online.com\/en\/#organization"},"potentialAction":[{"@type":"SearchAction","target":{"@type":"EntryPoint","urlTemplate":"https:\/\/drawings-online.com\/en\/?s={search_term_string}"},"query-input":{"@type":"PropertyValueSpecification","valueRequired":true,"valueName":"search_term_string"}}],"inLanguage":"en-US"},{"@type":"Organization","@id":"https:\/\/drawings-online.com\/en\/#organization","name":"Drawings-online","url":"https:\/\/drawings-online.com\/en\/","logo":{"@type":"ImageObject","inLanguage":"en-US","@id":"https:\/\/drawings-online.com\/en\/#\/schema\/logo\/image\/","url":"https:\/\/drawings-online.com\/wp-content\/uploads\/2020\/12\/drawings-icone-transp-e1607442878135.png","contentUrl":"https:\/\/drawings-online.com\/wp-content\/uploads\/2020\/12\/drawings-icone-transp-e1607442878135.png","width":150,"height":150,"caption":"Drawings-online"},"image":{"@id":"https:\/\/drawings-online.com\/en\/#\/schema\/logo\/image\/"},"sameAs":["https:\/\/www.facebook.com\/people\/Drawings-online\/100034942735866\/","https:\/\/x.com\/OnlineDrawings","https:\/\/www.instagram.com\/drawings_online_com\/"]}]}},"jetpack_sharing_enabled":true,"_links":{"self":[{"href":"https:\/\/drawings-online.com\/en\/wp-json\/wp\/v2\/product\/2298","targetHints":{"allow":["GET"]}}],"collection":[{"href":"https:\/\/drawings-online.com\/en\/wp-json\/wp\/v2\/product"}],"about":[{"href":"https:\/\/drawings-online.com\/en\/wp-json\/wp\/v2\/types\/product"}],"wp:featuredmedia":[{"embeddable":true,"href":"https:\/\/drawings-online.com\/en\/wp-json\/wp\/v2\/media\/2299"}],"wp:attachment":[{"href":"https:\/\/drawings-online.com\/en\/wp-json\/wp\/v2\/media?parent=2298"}],"wp:term":[{"taxonomy":"product_brand","embeddable":true,"href":"https:\/\/drawings-online.com\/en\/wp-json\/wp\/v2\/product_brand?post=2298"},{"taxonomy":"product_cat","embeddable":true,"href":"https:\/\/drawings-online.com\/en\/wp-json\/wp\/v2\/product_cat?post=2298"},{"taxonomy":"product_tag","embeddable":true,"href":"https:\/\/drawings-online.com\/en\/wp-json\/wp\/v2\/product_tag?post=2298"}],"curies":[{"name":"wp","href":"https:\/\/api.w.org\/{rel}","templated":true}]}}