{"id":2250,"date":"2021-03-18T10:30:55","date_gmt":"2021-03-18T09:30:55","guid":{"rendered":"https:\/\/drawings-online.com\/product\/\/"},"modified":"2023-01-17T18:39:51","modified_gmt":"2023-01-17T17:39:51","slug":"saint-benoit-decouvrant-miraculeusement-une-fontaine-cachee-par-philippe-de-champaigne","status":"publish","type":"product","link":"https:\/\/drawings-online.com\/en\/product\/benedict-of-nursia-miraculously-discovering-a-hidden-fountain-by-philippe-de-champaigne\/","title":{"rendered":"Benedict of Nursia miraculously Discovering a Hidden Fountain by Philippe de Champaigne"},"content":{"rendered":"<p><strong>Philippe de Champaigne<\/strong><\/p>\n<p>Brussels 1602 &#8211; Paris 1674<\/p>\n<p><strong><em>Benedict of Nursia miraculously Discovering a Hidden Fountain<\/em><\/strong><\/p>\n<p>Inscribed lower left <em>S. Conca<\/em> (recto) and <em>aa<\/em> (verso).<\/p>\n<p>Pen and brown ink, grey wash.<\/p>\n<p>162 x 198 mm &#8211; 6 3\/8 x 7 7\/8 in<\/p>\n<p>Provenance<\/p>\n<p>London, Christie&#8217;s 7 July 2015, <a href=\"https:\/\/www.christies.com\/en\/lot\/lot-5915895\">lot 50<\/a>.<\/p>\n<p>&nbsp;<\/p>\n<figure id=\"attachment_2335\" aria-describedby=\"caption-attachment-2335\" style=\"width: 322px\" class=\"wp-caption alignleft\"><a href=\"https:\/\/drawings-online.com\/wp-content\/uploads\/2021\/03\/Champaigne-tableau-1-scaled.jpg\" target=\"_blank\" rel=\"noopener\"><img loading=\"lazy\" decoding=\"async\" class=\"wp-image-2335 \" src=\"https:\/\/drawings-online.com\/wp-content\/uploads\/2021\/03\/Champaigne-tableau-1-300x214.jpg\" alt=\"\" width=\"322\" height=\"230\" srcset=\"https:\/\/drawings-online.com\/wp-content\/uploads\/2021\/03\/Champaigne-tableau-1-scaled-300x214.jpg 300w, https:\/\/drawings-online.com\/wp-content\/uploads\/2021\/03\/Champaigne-tableau-1-scaled-600x427.jpg 600w, https:\/\/drawings-online.com\/wp-content\/uploads\/2021\/03\/Champaigne-tableau-1-1024x729.jpg 1024w, https:\/\/drawings-online.com\/wp-content\/uploads\/2021\/03\/Champaigne-tableau-1-768x547.jpg 768w, https:\/\/drawings-online.com\/wp-content\/uploads\/2021\/03\/Champaigne-tableau-1-1536x1094.jpg 1536w, https:\/\/drawings-online.com\/wp-content\/uploads\/2021\/03\/Champaigne-tableau-1-2048x1459.jpg 2048w\" sizes=\"auto, (max-width: 322px) 100vw, 322px\" \/><\/a><figcaption id=\"caption-attachment-2335\" class=\"wp-caption-text\">fig.1<\/figcaption><\/figure>\n<p>This drawing is a preparatory study for the\u00a0<em>Miraculous Fontain<\/em> (Fig. 1; Royal Museums of Fine Arts of Belgium in Brussels, Inv. 29; see Bernard Dorival,\u00a0<em>Philippe de Champaigne 1602 &#8211; 1674<\/em>, Paris, 1976, II, n\u00b0 103 and Dominique Br\u00eame, <em>\u00c0 l\u2019\u00e9cole de Philippe de Champaigne<\/em>, exposition au mus\u00e9e d\u2019\u00c9vreux du 18 novembre 2007 au 17 f\u00e9vrier 2008, Somogy \u00e9ditions, 2007, p. 185, fig. 81)), a painting which was formerly part of a series of twelve scenes devoted to the\u00a0<em>Life of Saint Benedict\u00a0<\/em>executed for Queen Anne of Austria&#8217;s chamber in her apartment of the Val-de-Gr\u00e2ce Royal abbey around 1655-56 by Philippe de Champaigne, Jean-Baptiste de Champaigne and Nicolas de Plattemontagne. This series of paintings was divided during the French Revolution; eleven of them are in the Royal Museums of Fine Arts of Belgium in Brussels, Hermitage in St Petersburg, Mus\u00e9e Carnavalet in Paris, Mus\u00e9e des Beaux-Arts in Menton, and in a private collection.<\/p>\n<p>&nbsp;<\/p>\n<p>A renowned painter and religious man, Philippe de Champaigne attracted Louis XIII\u2019s mother Marie de Medicis&#8217; attention in 1628 and, as a painter of the royal family, he was asked to participate in the Luxembourg Palace decoration. In 1655-56, it is for Anne of Austria, Louis XIII\u2019s wife, that he painted the\u00a0<em>Life of Saint Benedict<\/em>\u00a0series. This drawing is the only surviving\u00a0 presentation drawing related to this series. However, a few figure studies, drawn with black and white chalks and attributed to Champaigne&#8217;s partners, are related to this series (see Fr\u00e9d\u00e9rique Lano\u00eb,\u00a0<em>Trois ma\u00eetres du dessin, Philippe de Champaigne Jean-Baptiste de Champaigne, Nicolas de Plattemontagne<\/em>, exhibition catalogue, Magny-les-Hameaux, Mus\u00e9e National de Port-Royal des Champs from 25 March to 29 June 2009).<\/p>\n<p>&nbsp;<\/p>\n<p>The subject illustrates one of Saint Benedict&#8217;s miracles, the finding of a source near a monastery, drawn from the second book of Saint Gregory the Great\u2019s <em>Dialogues<\/em> (592) and Jacques de Voragine\u2019s <em>Golden Legend<\/em> (1261 \u2013 1266). \u00a0Three of the monasteries founded by Saint Benedict had poor water supply. One night, he went up to the mountain with a young child and, after praying for a long time, they found a water source.<\/p>\n<p>&nbsp;<\/p>\n<p>The right-hand side of the painted composition is quite similar to the drawing\u2019s, featuring the same group of three bewildered monks and the same amphorae on the foreground, whereas the left-hand side of the composition was radically transformed. Instead of being shown in the action of digging, Saint Benedict is now represented kneeling in prayer. Champaigne has also added the young boy wearing the Benedictine habit and piling up three stones near the source for the monks to be able to trace its location.<\/p>\n<p>&nbsp;<\/p>\n<p>The delineation of the figures with the pen and brown ink and the suggesting of the habits pleats by skillfully applied grey wash is characteristic of Philippe de Champaigne\u2019s composition drawings, such as <em>The Presentation of the Virgin to the temple<\/em> (New York, Metropolitan Museum, <a href=\"https:\/\/www.metmuseum.org\/art\/collection\/search\/381975\">inv. 2008.93<\/a>).<\/p>\n<p>&nbsp;<\/p>\n<p>Condition report: Laid down on a thick paper. Some slight foxing, especially in the upper right corner.<\/p>\n","protected":false},"excerpt":{"rendered":"<p><em>The Miracle of the Hidden Fountain by a great 17th century French painter.<\/em><br \/>\nBenedict of Nursia miraculously Discovering a Hidden Fountain by Philippe de Champaigne.<\/p>\n","protected":false},"featured_media":2252,"template":"","meta":{"_themeisle_gutenberg_block_has_review":false},"product_brand":[],"product_cat":[78],"product_tag":[23,161,345,36,25,353,417,35,96],"class_list":{"0":"post-2250","1":"product","2":"type-product","3":"status-publish","4":"has-post-thumbnail","6":"product_cat-french-school","7":"product_tag-17th","8":"product_tag-preparatory-drawing","9":"product_tag-old-master-drawings","10":"product_tag-brown-ink","11":"product_tag-grey-ink","12":"product_tag-gallery","13":"product_tag-n4","14":"product_tag-pen","15":"product_tag-religious-subject","17":"first","18":"outofstock","19":"taxable","20":"shipping-taxable","21":"purchasable","22":"product-type-simple"},"yoast_head":"<!-- This site is optimized with the Yoast SEO plugin v27.5 - https:\/\/yoast.com\/product\/yoast-seo-wordpress\/ -->\n<title>Benedict of Nursia miraculously Discovering a Hidden Fountain by Philippe de Champaigne<\/title>\n<meta name=\"description\" content=\"The Miracle of the Hidden Fountain by a great 17th century French painter. Benedict of Nursia miraculously Discovering a Hidden Fountain by Philippe de Champaigne.\" \/>\n<meta name=\"robots\" content=\"index, follow, max-snippet:-1, max-image-preview:large, max-video-preview:-1\" \/>\n<link rel=\"canonical\" href=\"http:\/\/The%20Miracle%20of%20the%20Hidden%20Fountain%20by%20a%20great%2017th%20century%20French%20painter.%20Benedict%20of%20Nursia%20miraculously%20Discovering%20a%20Hidden%20Fountain%20by%20Philippe%20de%20Champaigne.\" \/>\n<meta property=\"og:locale\" content=\"en_US\" \/>\n<meta property=\"og:type\" content=\"article\" \/>\n<meta property=\"og:title\" content=\"Benedict of Nursia miraculously Discovering a Hidden Fountain by Philippe de Champaigne\" \/>\n<meta property=\"og:description\" content=\"The Miracle of the Hidden Fountain by a great 17th century French painter. Benedict of Nursia miraculously Discovering a Hidden Fountain by Philippe de Champaigne.\" \/>\n<meta property=\"og:url\" content=\"https:\/\/drawings-online.com\/en\/product\/benedict-of-nursia-miraculously-discovering-a-hidden-fountain-by-philippe-de-champaigne\/\" \/>\n<meta property=\"og:site_name\" content=\"Drawings-online\" \/>\n<meta property=\"article:publisher\" content=\"https:\/\/www.facebook.com\/people\/Drawings-online\/100034942735866\/\" \/>\n<meta property=\"article:modified_time\" content=\"2023-01-17T17:39:51+00:00\" \/>\n<meta property=\"og:image\" content=\"https:\/\/drawings-online.com\/wp-content\/uploads\/2021\/03\/DSC_2638_1-1024x1024.png\" \/>\n\t<meta property=\"og:image:width\" content=\"1024\" \/>\n\t<meta property=\"og:image:height\" content=\"1024\" \/>\n\t<meta property=\"og:image:type\" content=\"image\/png\" \/>\n<meta name=\"twitter:card\" content=\"summary_large_image\" \/>\n<meta name=\"twitter:site\" content=\"@OnlineDrawings\" \/>\n<meta name=\"twitter:label1\" content=\"Est. reading time\" \/>\n\t<meta name=\"twitter:data1\" content=\"3 minutes\" \/>\n<script type=\"application\/ld+json\" class=\"yoast-schema-graph\">{\"@context\":\"https:\\\/\\\/schema.org\",\"@graph\":[{\"@type\":\"WebPage\",\"@id\":\"https:\\\/\\\/drawings-online.com\\\/en\\\/product\\\/benedict-of-nursia-miraculously-discovering-a-hidden-fountain-by-philippe-de-champaigne\\\/\",\"url\":\"https:\\\/\\\/drawings-online.com\\\/en\\\/product\\\/benedict-of-nursia-miraculously-discovering-a-hidden-fountain-by-philippe-de-champaigne\\\/\",\"name\":\"Saint Beno\u00eet d\u00e9couvrant miraculeusement une fontaine cach\u00e9e par Philippe de Champaigne - Drawings-online\",\"isPartOf\":{\"@id\":\"https:\\\/\\\/drawings-online.com\\\/#website\"},\"primaryImageOfPage\":{\"@id\":\"https:\\\/\\\/drawings-online.com\\\/en\\\/product\\\/benedict-of-nursia-miraculously-discovering-a-hidden-fountain-by-philippe-de-champaigne\\\/#primaryimage\"},\"image\":{\"@id\":\"https:\\\/\\\/drawings-online.com\\\/en\\\/product\\\/benedict-of-nursia-miraculously-discovering-a-hidden-fountain-by-philippe-de-champaigne\\\/#primaryimage\"},\"thumbnailUrl\":\"https:\\\/\\\/drawings-online.com\\\/wp-content\\\/uploads\\\/2021\\\/03\\\/DSC_2638_1.png\",\"datePublished\":\"2021-03-18T09:30:55+00:00\",\"dateModified\":\"2023-01-17T17:39:51+00:00\",\"breadcrumb\":{\"@id\":\"https:\\\/\\\/drawings-online.com\\\/en\\\/product\\\/benedict-of-nursia-miraculously-discovering-a-hidden-fountain-by-philippe-de-champaigne\\\/#breadcrumb\"},\"inLanguage\":\"en-US\",\"potentialAction\":[{\"@type\":\"ReadAction\",\"target\":[\"https:\\\/\\\/drawings-online.com\\\/en\\\/product\\\/benedict-of-nursia-miraculously-discovering-a-hidden-fountain-by-philippe-de-champaigne\\\/\"]}]},{\"@type\":\"ImageObject\",\"inLanguage\":\"en-US\",\"@id\":\"https:\\\/\\\/drawings-online.com\\\/en\\\/product\\\/benedict-of-nursia-miraculously-discovering-a-hidden-fountain-by-philippe-de-champaigne\\\/#primaryimage\",\"url\":\"https:\\\/\\\/drawings-online.com\\\/wp-content\\\/uploads\\\/2021\\\/03\\\/DSC_2638_1.png\",\"contentUrl\":\"https:\\\/\\\/drawings-online.com\\\/wp-content\\\/uploads\\\/2021\\\/03\\\/DSC_2638_1.png\",\"width\":1800,\"height\":1800,\"caption\":\"Saint Beno\u00eet d\u00e9couvrant miraculeusement une fontaine cach\u00e9e par Philippe de Champaigne.\"},{\"@type\":\"BreadcrumbList\",\"@id\":\"https:\\\/\\\/drawings-online.com\\\/en\\\/product\\\/benedict-of-nursia-miraculously-discovering-a-hidden-fountain-by-philippe-de-champaigne\\\/#breadcrumb\",\"itemListElement\":[{\"@type\":\"ListItem\",\"position\":1,\"name\":\"Works available\",\"item\":\"https:\\\/\\\/drawings-online.com\\\/\"},{\"@type\":\"ListItem\",\"position\":2,\"name\":\"Gallery\",\"item\":\"https:\\\/\\\/drawings-online.com\\\/galerie\\\/\"},{\"@type\":\"ListItem\",\"position\":3,\"name\":\"17e\",\"item\":\"https:\\\/\\\/drawings-online.com\\\/product_tag\\\/17e\\\/\"},{\"@type\":\"ListItem\",\"position\":4,\"name\":\"Benedict of Nursia miraculously Discovering a Hidden Fountain by Philippe de Champaigne\"}]},{\"@type\":\"WebSite\",\"@id\":\"https:\\\/\\\/drawings-online.com\\\/en\\\/#website\",\"url\":\"https:\\\/\\\/drawings-online.com\\\/en\\\/\",\"name\":\"Drawings-online\",\"description\":\"Dessins en ligne\",\"publisher\":{\"@id\":\"https:\\\/\\\/drawings-online.com\\\/en\\\/#organization\"},\"potentialAction\":[{\"@type\":\"SearchAction\",\"target\":{\"@type\":\"EntryPoint\",\"urlTemplate\":\"https:\\\/\\\/drawings-online.com\\\/en\\\/?s={search_term_string}\"},\"query-input\":{\"@type\":\"PropertyValueSpecification\",\"valueRequired\":true,\"valueName\":\"search_term_string\"}}],\"inLanguage\":\"en-US\"},{\"@type\":\"Organization\",\"@id\":\"https:\\\/\\\/drawings-online.com\\\/en\\\/#organization\",\"name\":\"Drawings-online\",\"url\":\"https:\\\/\\\/drawings-online.com\\\/en\\\/\",\"logo\":{\"@type\":\"ImageObject\",\"inLanguage\":\"en-US\",\"@id\":\"https:\\\/\\\/drawings-online.com\\\/en\\\/#\\\/schema\\\/logo\\\/image\\\/\",\"url\":\"https:\\\/\\\/drawings-online.com\\\/wp-content\\\/uploads\\\/2020\\\/12\\\/drawings-icone-transp-e1607442878135.png\",\"contentUrl\":\"https:\\\/\\\/drawings-online.com\\\/wp-content\\\/uploads\\\/2020\\\/12\\\/drawings-icone-transp-e1607442878135.png\",\"width\":150,\"height\":150,\"caption\":\"Drawings-online\"},\"image\":{\"@id\":\"https:\\\/\\\/drawings-online.com\\\/en\\\/#\\\/schema\\\/logo\\\/image\\\/\"},\"sameAs\":[\"https:\\\/\\\/www.facebook.com\\\/people\\\/Drawings-online\\\/100034942735866\\\/\",\"https:\\\/\\\/x.com\\\/OnlineDrawings\",\"https:\\\/\\\/www.instagram.com\\\/drawings_online_com\\\/\"]}]}<\/script>\n<!-- \/ Yoast SEO plugin. -->","yoast_head_json":{"title":"Benedict of Nursia miraculously Discovering a Hidden Fountain by Philippe de Champaigne","description":"The Miracle of the Hidden Fountain by a great 17th century French painter. Benedict of Nursia miraculously Discovering a Hidden Fountain by Philippe de Champaigne.","robots":{"index":"index","follow":"follow","max-snippet":"max-snippet:-1","max-image-preview":"max-image-preview:large","max-video-preview":"max-video-preview:-1"},"canonical":"The Miracle of the Hidden Fountain by a great 17th century French painter. Benedict of Nursia miraculously Discovering a Hidden Fountain by Philippe de Champaigne.","og_locale":"en_US","og_type":"article","og_title":"Benedict of Nursia miraculously Discovering a Hidden Fountain by Philippe de Champaigne","og_description":"The Miracle of the Hidden Fountain by a great 17th century French painter. Benedict of Nursia miraculously Discovering a Hidden Fountain by Philippe de Champaigne.","og_url":"https:\/\/drawings-online.com\/en\/product\/benedict-of-nursia-miraculously-discovering-a-hidden-fountain-by-philippe-de-champaigne\/","og_site_name":"Drawings-online","article_publisher":"https:\/\/www.facebook.com\/people\/Drawings-online\/100034942735866\/","article_modified_time":"2023-01-17T17:39:51+00:00","og_image":[{"width":1024,"height":1024,"url":"https:\/\/drawings-online.com\/wp-content\/uploads\/2021\/03\/DSC_2638_1-1024x1024.png","type":"image\/png"}],"twitter_card":"summary_large_image","twitter_site":"@OnlineDrawings","twitter_misc":{"Est. reading time":"3 minutes"},"schema":{"@context":"https:\/\/schema.org","@graph":[{"@type":"WebPage","@id":"https:\/\/drawings-online.com\/en\/product\/benedict-of-nursia-miraculously-discovering-a-hidden-fountain-by-philippe-de-champaigne\/","url":"https:\/\/drawings-online.com\/en\/product\/benedict-of-nursia-miraculously-discovering-a-hidden-fountain-by-philippe-de-champaigne\/","name":"Saint Beno\u00eet d\u00e9couvrant miraculeusement une fontaine cach\u00e9e par Philippe de Champaigne - Drawings-online","isPartOf":{"@id":"https:\/\/drawings-online.com\/#website"},"primaryImageOfPage":{"@id":"https:\/\/drawings-online.com\/en\/product\/benedict-of-nursia-miraculously-discovering-a-hidden-fountain-by-philippe-de-champaigne\/#primaryimage"},"image":{"@id":"https:\/\/drawings-online.com\/en\/product\/benedict-of-nursia-miraculously-discovering-a-hidden-fountain-by-philippe-de-champaigne\/#primaryimage"},"thumbnailUrl":"https:\/\/drawings-online.com\/wp-content\/uploads\/2021\/03\/DSC_2638_1.png","datePublished":"2021-03-18T09:30:55+00:00","dateModified":"2023-01-17T17:39:51+00:00","breadcrumb":{"@id":"https:\/\/drawings-online.com\/en\/product\/benedict-of-nursia-miraculously-discovering-a-hidden-fountain-by-philippe-de-champaigne\/#breadcrumb"},"inLanguage":"en-US","potentialAction":[{"@type":"ReadAction","target":["https:\/\/drawings-online.com\/en\/product\/benedict-of-nursia-miraculously-discovering-a-hidden-fountain-by-philippe-de-champaigne\/"]}]},{"@type":"ImageObject","inLanguage":"en-US","@id":"https:\/\/drawings-online.com\/en\/product\/benedict-of-nursia-miraculously-discovering-a-hidden-fountain-by-philippe-de-champaigne\/#primaryimage","url":"https:\/\/drawings-online.com\/wp-content\/uploads\/2021\/03\/DSC_2638_1.png","contentUrl":"https:\/\/drawings-online.com\/wp-content\/uploads\/2021\/03\/DSC_2638_1.png","width":1800,"height":1800,"caption":"Saint Beno\u00eet d\u00e9couvrant miraculeusement une fontaine cach\u00e9e par Philippe de Champaigne."},{"@type":"BreadcrumbList","@id":"https:\/\/drawings-online.com\/en\/product\/benedict-of-nursia-miraculously-discovering-a-hidden-fountain-by-philippe-de-champaigne\/#breadcrumb","itemListElement":[{"@type":"ListItem","position":1,"name":"Works available","item":"https:\/\/drawings-online.com\/"},{"@type":"ListItem","position":2,"name":"Gallery","item":"https:\/\/drawings-online.com\/galerie\/"},{"@type":"ListItem","position":3,"name":"17e","item":"https:\/\/drawings-online.com\/product_tag\/17e\/"},{"@type":"ListItem","position":4,"name":"Benedict of Nursia miraculously Discovering a Hidden Fountain by Philippe de Champaigne"}]},{"@type":"WebSite","@id":"https:\/\/drawings-online.com\/en\/#website","url":"https:\/\/drawings-online.com\/en\/","name":"Drawings-online","description":"Dessins en ligne","publisher":{"@id":"https:\/\/drawings-online.com\/en\/#organization"},"potentialAction":[{"@type":"SearchAction","target":{"@type":"EntryPoint","urlTemplate":"https:\/\/drawings-online.com\/en\/?s={search_term_string}"},"query-input":{"@type":"PropertyValueSpecification","valueRequired":true,"valueName":"search_term_string"}}],"inLanguage":"en-US"},{"@type":"Organization","@id":"https:\/\/drawings-online.com\/en\/#organization","name":"Drawings-online","url":"https:\/\/drawings-online.com\/en\/","logo":{"@type":"ImageObject","inLanguage":"en-US","@id":"https:\/\/drawings-online.com\/en\/#\/schema\/logo\/image\/","url":"https:\/\/drawings-online.com\/wp-content\/uploads\/2020\/12\/drawings-icone-transp-e1607442878135.png","contentUrl":"https:\/\/drawings-online.com\/wp-content\/uploads\/2020\/12\/drawings-icone-transp-e1607442878135.png","width":150,"height":150,"caption":"Drawings-online"},"image":{"@id":"https:\/\/drawings-online.com\/en\/#\/schema\/logo\/image\/"},"sameAs":["https:\/\/www.facebook.com\/people\/Drawings-online\/100034942735866\/","https:\/\/x.com\/OnlineDrawings","https:\/\/www.instagram.com\/drawings_online_com\/"]}]}},"jetpack_sharing_enabled":true,"_links":{"self":[{"href":"https:\/\/drawings-online.com\/en\/wp-json\/wp\/v2\/product\/2250","targetHints":{"allow":["GET"]}}],"collection":[{"href":"https:\/\/drawings-online.com\/en\/wp-json\/wp\/v2\/product"}],"about":[{"href":"https:\/\/drawings-online.com\/en\/wp-json\/wp\/v2\/types\/product"}],"wp:featuredmedia":[{"embeddable":true,"href":"https:\/\/drawings-online.com\/en\/wp-json\/wp\/v2\/media\/2252"}],"wp:attachment":[{"href":"https:\/\/drawings-online.com\/en\/wp-json\/wp\/v2\/media?parent=2250"}],"wp:term":[{"taxonomy":"product_brand","embeddable":true,"href":"https:\/\/drawings-online.com\/en\/wp-json\/wp\/v2\/product_brand?post=2250"},{"taxonomy":"product_cat","embeddable":true,"href":"https:\/\/drawings-online.com\/en\/wp-json\/wp\/v2\/product_cat?post=2250"},{"taxonomy":"product_tag","embeddable":true,"href":"https:\/\/drawings-online.com\/en\/wp-json\/wp\/v2\/product_tag?post=2250"}],"curies":[{"name":"wp","href":"https:\/\/api.w.org\/{rel}","templated":true}]}}