{"id":2053,"date":"2021-02-10T22:50:24","date_gmt":"2021-02-10T21:50:24","guid":{"rendered":"https:\/\/drawings-online.com\/product\/\/"},"modified":"2023-01-18T09:46:30","modified_gmt":"2023-01-18T08:46:30","slug":"dispute-pour-des-marrons-ecole-francaise-du-xviiie-siecle","status":"publish","type":"product","link":"https:\/\/drawings-online.com\/en\/product\/quarrel-over-chestnuts-french-school-from-the-18th-century\/","title":{"rendered":"Quarrel over Chestnuts, French school from the 18th century"},"content":{"rendered":"<p style=\"font-weight: 400;\"><strong>French school, 18<sup>th<\/sup>century<\/strong><\/p>\n<p style=\"font-weight: 400;\">After Jean Etienne Liotard (Gen\u00e8ve 1702 \u2013 1789)<\/p>\n<p style=\"font-weight: 400;\"><strong><em>Quarrel over Chestnuts<\/em><\/strong><\/p>\n<p style=\"font-weight: 400;\">Watercolour.\u00a0<\/p>\n<p style=\"font-weight: 400;\">282 x 414 mm &#8211; <span lang=\"EN-US\">1\u00a0<\/span><sup><span lang=\"EN-US\">1<\/span><\/sup><span lang=\"EN-US\">\/<\/span><sub><span lang=\"EN-US\">8<\/span><\/sub><span lang=\"EN-US\">x 16\u00a0<\/span><sup><span lang=\"EN-US\">5<\/span><\/sup><span lang=\"EN-US\">\/<\/span><sub><span lang=\"EN-US\">16\u00a0<\/span><\/sub><span lang=\"EN-US\">in.\u00a0<\/span><\/p>\n<p>&nbsp;<\/p>\n<p style=\"font-weight: 400;\"><img loading=\"lazy\" decoding=\"async\" class=\" wp-image-2129 alignleft\" src=\"https:\/\/drawings-online.com\/wp-content\/uploads\/2021\/02\/comparatif-Liotard-300x208.png\" alt=\"\" width=\"167\" height=\"116\" srcset=\"https:\/\/drawings-online.com\/wp-content\/uploads\/2021\/02\/comparatif-Liotard-300x208.png 300w, https:\/\/drawings-online.com\/wp-content\/uploads\/2021\/02\/comparatif-Liotard-600x417.png 600w, https:\/\/drawings-online.com\/wp-content\/uploads\/2021\/02\/comparatif-Liotard-768x534.png 768w, https:\/\/drawings-online.com\/wp-content\/uploads\/2021\/02\/comparatif-Liotard.png 872w\" sizes=\"auto, (max-width: 167px) 100vw, 167px\" \/>The present work is made after a <a href=\"https:\/\/artsandculture.google.com\/asset\/young-boy-with-three-maidens\/3AH5MFBpLtbJUQ\" target=\"_blank\" rel=\"noopener\">pastel belonging to the Miniaturkabinett de Sch\u00f6nbrunn in Vienna<\/a>, formerly attributed to Maria Theresa of Austria\u2019s spouse, Francis I, and reattributed to Jean Etienne Liotard by <a href=\"https:\/\/neiljeffares.wordpress.com\/2015\/06\/15\/liotardiana-2-dispute-pour-des-marrons\/\" target=\"_blank\" rel=\"noopener\">Neil Jeffar\u00e8s<\/a>. The watercolour corresponds to\u00a0<em>\u2018a small picture representing a quarrel over chestnuts\u2019\u00a0<\/em>which Liotard exhibited at the 1752 Salon of the Acad\u00e9mie de Saint-Luc. The scene is replete with obvious sexual connotations and treated with great humour: a young man tries to make a young woman touch the chestnuts, whereas another reprimands them while trying to reach them too. The third woman on the right with her arms folded watches the scene with disapprobation.<\/p>\n","protected":false},"excerpt":{"rendered":"<p><em>Frivolous gathering around a handfull of chestnuts !<\/em><br \/>\nQuarrel over Chestnuts, French school from the 18th century.<\/p>\n","protected":false},"featured_media":2054,"template":"","meta":{"_themeisle_gutenberg_block_has_review":false},"product_brand":[],"product_cat":[78],"product_tag":[24,32,345,353,205,416,204],"class_list":{"0":"post-2053","1":"product","2":"type-product","3":"status-publish","4":"has-post-thumbnail","6":"product_cat-french-school","7":"product_tag-18th","8":"product_tag-watercolour","9":"product_tag-old-master-drawings","10":"product_tag-gallery","11":"product_tag-grivoiserie","12":"product_tag-n3","13":"product_tag-allegorical-scene","15":"first","16":"outofstock","17":"taxable","18":"shipping-taxable","19":"purchasable","20":"product-type-simple"},"yoast_head":"<!-- This site is optimized with the Yoast SEO plugin v27.4 - https:\/\/yoast.com\/product\/yoast-seo-wordpress\/ -->\n<title>Quarrel over Chestnuts, French school from the 18th century<\/title>\n<meta name=\"description\" content=\"Frivolous gathering around a handfull of chestnuts ! Quarrel over Chestnuts, French school from the 18th century.\" \/>\n<meta name=\"robots\" content=\"index, follow, max-snippet:-1, max-image-preview:large, max-video-preview:-1\" \/>\n<link rel=\"canonical\" href=\"http:\/\/Frivolous%20gathering%20around%20a%20handfull%20of%20chestnuts%20!%20Quarrel%20over%20Chestnuts,%20French%20school%20from%20the%2018th%20century.\" \/>\n<meta property=\"og:locale\" content=\"en_US\" \/>\n<meta property=\"og:type\" content=\"article\" \/>\n<meta property=\"og:title\" content=\"Quarrel over Chestnuts, French school from the 18th century\" \/>\n<meta property=\"og:description\" content=\"Frivolous gathering around a handfull of chestnuts ! Quarrel over Chestnuts, French school from the 18th century.\" \/>\n<meta property=\"og:url\" content=\"https:\/\/drawings-online.com\/en\/product\/quarrel-over-chestnuts-french-school-from-the-18th-century\/\" \/>\n<meta property=\"og:site_name\" content=\"Drawings-online\" \/>\n<meta property=\"article:publisher\" content=\"https:\/\/www.facebook.com\/people\/Drawings-online\/100034942735866\/\" \/>\n<meta property=\"article:modified_time\" content=\"2023-01-18T08:46:30+00:00\" \/>\n<meta property=\"og:image\" content=\"https:\/\/drawings-online.com\/wp-content\/uploads\/2021\/02\/DSC_1359_1-1024x1024.png\" \/>\n\t<meta property=\"og:image:width\" content=\"1024\" \/>\n\t<meta property=\"og:image:height\" content=\"1024\" \/>\n\t<meta property=\"og:image:type\" content=\"image\/png\" \/>\n<meta name=\"twitter:card\" content=\"summary_large_image\" \/>\n<meta name=\"twitter:site\" content=\"@OnlineDrawings\" \/>\n<meta name=\"twitter:label1\" content=\"Est. reading time\" \/>\n\t<meta name=\"twitter:data1\" content=\"1 minute\" \/>\n<script type=\"application\/ld+json\" class=\"yoast-schema-graph\">{\"@context\":\"https:\\\/\\\/schema.org\",\"@graph\":[{\"@type\":\"WebPage\",\"@id\":\"https:\\\/\\\/drawings-online.com\\\/en\\\/product\\\/quarrel-over-chestnuts-french-school-from-the-18th-century\\\/\",\"url\":\"https:\\\/\\\/drawings-online.com\\\/en\\\/product\\\/quarrel-over-chestnuts-french-school-from-the-18th-century\\\/\",\"name\":\"Dispute pour des marrons, \u00e9cole fran\u00e7aise du XVIIIe si\u00e8cle - Drawings-online\",\"isPartOf\":{\"@id\":\"https:\\\/\\\/drawings-online.com\\\/#website\"},\"primaryImageOfPage\":{\"@id\":\"https:\\\/\\\/drawings-online.com\\\/en\\\/product\\\/quarrel-over-chestnuts-french-school-from-the-18th-century\\\/#primaryimage\"},\"image\":{\"@id\":\"https:\\\/\\\/drawings-online.com\\\/en\\\/product\\\/quarrel-over-chestnuts-french-school-from-the-18th-century\\\/#primaryimage\"},\"thumbnailUrl\":\"https:\\\/\\\/drawings-online.com\\\/wp-content\\\/uploads\\\/2021\\\/02\\\/DSC_1359_1.png\",\"datePublished\":\"2021-02-10T21:50:24+00:00\",\"dateModified\":\"2023-01-18T08:46:30+00:00\",\"breadcrumb\":{\"@id\":\"https:\\\/\\\/drawings-online.com\\\/en\\\/product\\\/quarrel-over-chestnuts-french-school-from-the-18th-century\\\/#breadcrumb\"},\"inLanguage\":\"en-US\",\"potentialAction\":[{\"@type\":\"ReadAction\",\"target\":[\"https:\\\/\\\/drawings-online.com\\\/en\\\/product\\\/quarrel-over-chestnuts-french-school-from-the-18th-century\\\/\"]}]},{\"@type\":\"ImageObject\",\"inLanguage\":\"en-US\",\"@id\":\"https:\\\/\\\/drawings-online.com\\\/en\\\/product\\\/quarrel-over-chestnuts-french-school-from-the-18th-century\\\/#primaryimage\",\"url\":\"https:\\\/\\\/drawings-online.com\\\/wp-content\\\/uploads\\\/2021\\\/02\\\/DSC_1359_1.png\",\"contentUrl\":\"https:\\\/\\\/drawings-online.com\\\/wp-content\\\/uploads\\\/2021\\\/02\\\/DSC_1359_1.png\",\"width\":1800,\"height\":1800,\"caption\":\"\u00c9cole fran\u00e7aise XVIIIe si\u00e8cle D\u2019apr\u00e8s Jean-Etienne Liotard (Gen\u00e8ve 1702 - 1789) Dispute pour des marrons\"},{\"@type\":\"BreadcrumbList\",\"@id\":\"https:\\\/\\\/drawings-online.com\\\/en\\\/product\\\/quarrel-over-chestnuts-french-school-from-the-18th-century\\\/#breadcrumb\",\"itemListElement\":[{\"@type\":\"ListItem\",\"position\":1,\"name\":\"Works available\",\"item\":\"https:\\\/\\\/drawings-online.com\\\/\"},{\"@type\":\"ListItem\",\"position\":2,\"name\":\"Gallery\",\"item\":\"https:\\\/\\\/drawings-online.com\\\/galerie\\\/\"},{\"@type\":\"ListItem\",\"position\":3,\"name\":\"18e\",\"item\":\"https:\\\/\\\/drawings-online.com\\\/product_tag\\\/18e\\\/\"},{\"@type\":\"ListItem\",\"position\":4,\"name\":\"Quarrel over Chestnuts, French school from the 18th century\"}]},{\"@type\":\"WebSite\",\"@id\":\"https:\\\/\\\/drawings-online.com\\\/en\\\/#website\",\"url\":\"https:\\\/\\\/drawings-online.com\\\/en\\\/\",\"name\":\"Drawings-online\",\"description\":\"Dessins en ligne\",\"publisher\":{\"@id\":\"https:\\\/\\\/drawings-online.com\\\/en\\\/#organization\"},\"potentialAction\":[{\"@type\":\"SearchAction\",\"target\":{\"@type\":\"EntryPoint\",\"urlTemplate\":\"https:\\\/\\\/drawings-online.com\\\/en\\\/?s={search_term_string}\"},\"query-input\":{\"@type\":\"PropertyValueSpecification\",\"valueRequired\":true,\"valueName\":\"search_term_string\"}}],\"inLanguage\":\"en-US\"},{\"@type\":\"Organization\",\"@id\":\"https:\\\/\\\/drawings-online.com\\\/en\\\/#organization\",\"name\":\"Drawings-online\",\"url\":\"https:\\\/\\\/drawings-online.com\\\/en\\\/\",\"logo\":{\"@type\":\"ImageObject\",\"inLanguage\":\"en-US\",\"@id\":\"https:\\\/\\\/drawings-online.com\\\/en\\\/#\\\/schema\\\/logo\\\/image\\\/\",\"url\":\"https:\\\/\\\/drawings-online.com\\\/wp-content\\\/uploads\\\/2020\\\/12\\\/drawings-icone-transp-e1607442878135.png\",\"contentUrl\":\"https:\\\/\\\/drawings-online.com\\\/wp-content\\\/uploads\\\/2020\\\/12\\\/drawings-icone-transp-e1607442878135.png\",\"width\":150,\"height\":150,\"caption\":\"Drawings-online\"},\"image\":{\"@id\":\"https:\\\/\\\/drawings-online.com\\\/en\\\/#\\\/schema\\\/logo\\\/image\\\/\"},\"sameAs\":[\"https:\\\/\\\/www.facebook.com\\\/people\\\/Drawings-online\\\/100034942735866\\\/\",\"https:\\\/\\\/x.com\\\/OnlineDrawings\",\"https:\\\/\\\/www.instagram.com\\\/drawings_online_com\\\/\"]}]}<\/script>\n<!-- \/ Yoast SEO plugin. -->","yoast_head_json":{"title":"Quarrel over Chestnuts, French school from the 18th century","description":"Frivolous gathering around a handfull of chestnuts ! Quarrel over Chestnuts, French school from the 18th century.","robots":{"index":"index","follow":"follow","max-snippet":"max-snippet:-1","max-image-preview":"max-image-preview:large","max-video-preview":"max-video-preview:-1"},"canonical":"Frivolous gathering around a handfull of chestnuts ! Quarrel over Chestnuts, French school from the 18th century.","og_locale":"en_US","og_type":"article","og_title":"Quarrel over Chestnuts, French school from the 18th century","og_description":"Frivolous gathering around a handfull of chestnuts ! Quarrel over Chestnuts, French school from the 18th century.","og_url":"https:\/\/drawings-online.com\/en\/product\/quarrel-over-chestnuts-french-school-from-the-18th-century\/","og_site_name":"Drawings-online","article_publisher":"https:\/\/www.facebook.com\/people\/Drawings-online\/100034942735866\/","article_modified_time":"2023-01-18T08:46:30+00:00","og_image":[{"width":1024,"height":1024,"url":"https:\/\/drawings-online.com\/wp-content\/uploads\/2021\/02\/DSC_1359_1-1024x1024.png","type":"image\/png"}],"twitter_card":"summary_large_image","twitter_site":"@OnlineDrawings","twitter_misc":{"Est. reading time":"1 minute"},"schema":{"@context":"https:\/\/schema.org","@graph":[{"@type":"WebPage","@id":"https:\/\/drawings-online.com\/en\/product\/quarrel-over-chestnuts-french-school-from-the-18th-century\/","url":"https:\/\/drawings-online.com\/en\/product\/quarrel-over-chestnuts-french-school-from-the-18th-century\/","name":"Dispute pour des marrons, \u00e9cole fran\u00e7aise du XVIIIe si\u00e8cle - Drawings-online","isPartOf":{"@id":"https:\/\/drawings-online.com\/#website"},"primaryImageOfPage":{"@id":"https:\/\/drawings-online.com\/en\/product\/quarrel-over-chestnuts-french-school-from-the-18th-century\/#primaryimage"},"image":{"@id":"https:\/\/drawings-online.com\/en\/product\/quarrel-over-chestnuts-french-school-from-the-18th-century\/#primaryimage"},"thumbnailUrl":"https:\/\/drawings-online.com\/wp-content\/uploads\/2021\/02\/DSC_1359_1.png","datePublished":"2021-02-10T21:50:24+00:00","dateModified":"2023-01-18T08:46:30+00:00","breadcrumb":{"@id":"https:\/\/drawings-online.com\/en\/product\/quarrel-over-chestnuts-french-school-from-the-18th-century\/#breadcrumb"},"inLanguage":"en-US","potentialAction":[{"@type":"ReadAction","target":["https:\/\/drawings-online.com\/en\/product\/quarrel-over-chestnuts-french-school-from-the-18th-century\/"]}]},{"@type":"ImageObject","inLanguage":"en-US","@id":"https:\/\/drawings-online.com\/en\/product\/quarrel-over-chestnuts-french-school-from-the-18th-century\/#primaryimage","url":"https:\/\/drawings-online.com\/wp-content\/uploads\/2021\/02\/DSC_1359_1.png","contentUrl":"https:\/\/drawings-online.com\/wp-content\/uploads\/2021\/02\/DSC_1359_1.png","width":1800,"height":1800,"caption":"\u00c9cole fran\u00e7aise XVIIIe si\u00e8cle D\u2019apr\u00e8s Jean-Etienne Liotard (Gen\u00e8ve 1702 - 1789) Dispute pour des marrons"},{"@type":"BreadcrumbList","@id":"https:\/\/drawings-online.com\/en\/product\/quarrel-over-chestnuts-french-school-from-the-18th-century\/#breadcrumb","itemListElement":[{"@type":"ListItem","position":1,"name":"Works available","item":"https:\/\/drawings-online.com\/"},{"@type":"ListItem","position":2,"name":"Gallery","item":"https:\/\/drawings-online.com\/galerie\/"},{"@type":"ListItem","position":3,"name":"18e","item":"https:\/\/drawings-online.com\/product_tag\/18e\/"},{"@type":"ListItem","position":4,"name":"Quarrel over Chestnuts, French school from the 18th century"}]},{"@type":"WebSite","@id":"https:\/\/drawings-online.com\/en\/#website","url":"https:\/\/drawings-online.com\/en\/","name":"Drawings-online","description":"Dessins en ligne","publisher":{"@id":"https:\/\/drawings-online.com\/en\/#organization"},"potentialAction":[{"@type":"SearchAction","target":{"@type":"EntryPoint","urlTemplate":"https:\/\/drawings-online.com\/en\/?s={search_term_string}"},"query-input":{"@type":"PropertyValueSpecification","valueRequired":true,"valueName":"search_term_string"}}],"inLanguage":"en-US"},{"@type":"Organization","@id":"https:\/\/drawings-online.com\/en\/#organization","name":"Drawings-online","url":"https:\/\/drawings-online.com\/en\/","logo":{"@type":"ImageObject","inLanguage":"en-US","@id":"https:\/\/drawings-online.com\/en\/#\/schema\/logo\/image\/","url":"https:\/\/drawings-online.com\/wp-content\/uploads\/2020\/12\/drawings-icone-transp-e1607442878135.png","contentUrl":"https:\/\/drawings-online.com\/wp-content\/uploads\/2020\/12\/drawings-icone-transp-e1607442878135.png","width":150,"height":150,"caption":"Drawings-online"},"image":{"@id":"https:\/\/drawings-online.com\/en\/#\/schema\/logo\/image\/"},"sameAs":["https:\/\/www.facebook.com\/people\/Drawings-online\/100034942735866\/","https:\/\/x.com\/OnlineDrawings","https:\/\/www.instagram.com\/drawings_online_com\/"]}]}},"jetpack_sharing_enabled":true,"_links":{"self":[{"href":"https:\/\/drawings-online.com\/en\/wp-json\/wp\/v2\/product\/2053","targetHints":{"allow":["GET"]}}],"collection":[{"href":"https:\/\/drawings-online.com\/en\/wp-json\/wp\/v2\/product"}],"about":[{"href":"https:\/\/drawings-online.com\/en\/wp-json\/wp\/v2\/types\/product"}],"wp:featuredmedia":[{"embeddable":true,"href":"https:\/\/drawings-online.com\/en\/wp-json\/wp\/v2\/media\/2054"}],"wp:attachment":[{"href":"https:\/\/drawings-online.com\/en\/wp-json\/wp\/v2\/media?parent=2053"}],"wp:term":[{"taxonomy":"product_brand","embeddable":true,"href":"https:\/\/drawings-online.com\/en\/wp-json\/wp\/v2\/product_brand?post=2053"},{"taxonomy":"product_cat","embeddable":true,"href":"https:\/\/drawings-online.com\/en\/wp-json\/wp\/v2\/product_cat?post=2053"},{"taxonomy":"product_tag","embeddable":true,"href":"https:\/\/drawings-online.com\/en\/wp-json\/wp\/v2\/product_tag?post=2053"}],"curies":[{"name":"wp","href":"https:\/\/api.w.org\/{rel}","templated":true}]}}