{"id":2015,"date":"2021-02-10T22:40:07","date_gmt":"2021-02-10T21:40:07","guid":{"rendered":"https:\/\/drawings-online.com\/product\/\/"},"modified":"2023-01-17T18:34:42","modified_gmt":"2023-01-17T17:34:42","slug":"un-soldat-victorieux-en-armure-devant-la-vierge-a-lenfant-ecole-italienne-du-xviie-siecle","status":"publish","type":"product","link":"https:\/\/drawings-online.com\/en\/product\/a-soldier-standing-in-front-of-the-virgin-and-child-with-other-saints-italian-school-from-the-17th-century\/","title":{"rendered":"A Soldier Standing in front of the Virgin and Child with other Saints, Italian school from the 17th century"},"content":{"rendered":"<p><strong>Italian school, 17th century\u00a0<\/strong><\/p>\n<p><em><strong>A Soldier Standing in front of the Virgin and Child with other Saints<\/strong>\u00a0<\/em><\/p>\n<p><em>Numbered\u00a036\u00a0lower right and left.\u00a0<\/em><\/p>\n<p>Pen and brown ink. Framing lines with pen and black ink.\u00a0<\/p>\n<p>370 x 270 mm &#8211; 14 9\/16 x 10 5\/8 in.<\/p>\n<p>&nbsp;<\/p>\n<p><img loading=\"lazy\" decoding=\"async\" class=\"size-medium wp-image-2132 alignleft\" src=\"https:\/\/drawings-online.com\/wp-content\/uploads\/2021\/02\/Pala-Pesaro-215x300.jpg\" alt=\"\" width=\"215\" height=\"300\" srcset=\"https:\/\/drawings-online.com\/wp-content\/uploads\/2021\/02\/Pala-Pesaro-215x300.jpg 215w, https:\/\/drawings-online.com\/wp-content\/uploads\/2021\/02\/Pala-Pesaro-300x418.jpg 300w, https:\/\/drawings-online.com\/wp-content\/uploads\/2021\/02\/Pala-Pesaro.jpg 564w\" sizes=\"auto, (max-width: 215px) 100vw, 215px\" \/>The Virgin and Child are seated on a throne supported by two lions, one of which at least having wings.\u00a0\u00a0On their right-hand side are standing two Franciscan monks, probably Saint Francis of Assisi and Saint Anthony of Padua. Two praying benefactors are kneeling on the left side of the composition. A victorious soldier is standing in front of the Virgin, trampling a broken spear or stake underfoot, a banner unfurling behind him. Undoubtedly inspired by the Pala Pesaro by Tiziano (Basilica di Santa Maria Gloriaosa dei Frari, Venice), although in reverse and not a literal copy of it, this composition remains anonymous. It does not seem to relate to the Battle of Lepanto, but it is certainly connected to a military victory. The broken spear could be an evocation of Saint Giorgio\u2019s weapon, which is often called Ascalon, and could consequently make reference to the Venetian crusade against the city of the same name in 1122-24. But the drawing\u2019s author and the painting it relates to remain unknown.<\/p>\n<p>Condition report: Good condition. One tear on the lower right edge. A few stains. One humidity stain on the verso. Pencil inscriptions on the verso. Abrasions on the verso edges.<\/p>\n","protected":false},"excerpt":{"rendered":"<p><em>An ambitious composition in search of an author.<\/em><br \/>\nA Soldier Standing in front of the Virgin and Child with other Saints, Italian school from the 17th century.<\/p>\n","protected":false},"featured_media":2016,"template":"","meta":{"_themeisle_gutenberg_block_has_review":false},"product_brand":[],"product_cat":[79],"product_tag":[23,345,36,353,416,35,96,199],"class_list":{"0":"post-2015","1":"product","2":"type-product","3":"status-publish","4":"has-post-thumbnail","6":"product_cat-italian-school","7":"product_tag-17th","8":"product_tag-old-master-drawings","9":"product_tag-brown-ink","10":"product_tag-gallery","11":"product_tag-n3","12":"product_tag-pen","13":"product_tag-religious-subject","14":"product_tag-virgin-and-child","16":"first","17":"outofstock","18":"taxable","19":"shipping-taxable","20":"purchasable","21":"product-type-simple"},"yoast_head":"<!-- This site is optimized with the Yoast SEO plugin v27.4 - https:\/\/yoast.com\/product\/yoast-seo-wordpress\/ -->\n<title>A Soldier Standing in front of the Virgin and Child with other Saints, Italian school from the 17th century<\/title>\n<meta name=\"description\" content=\"An ambitious composition in search of an author. A Soldier Standing in front of the Virgin and Child with other Saints, Italian school from the 17th century.\" \/>\n<meta name=\"robots\" content=\"index, follow, max-snippet:-1, max-image-preview:large, max-video-preview:-1\" \/>\n<link rel=\"canonical\" href=\"http:\/\/An%20ambitious%20composition%20in%20search%20of%20an%20author.%20A%20Soldier%20Standing%20in%20front%20of%20the%20Virgin%20and%20Child%20with%20other%20Saints,%20Italian%20school%20from%20the%2017th%20century.\" \/>\n<meta property=\"og:locale\" content=\"en_US\" \/>\n<meta property=\"og:type\" content=\"article\" \/>\n<meta property=\"og:title\" content=\"A Soldier Standing in front of the Virgin and Child with other Saints, Italian school from the 17th century\" \/>\n<meta property=\"og:description\" content=\"An ambitious composition in search of an author. A Soldier Standing in front of the Virgin and Child with other Saints, Italian school from the 17th century.\" \/>\n<meta property=\"og:url\" content=\"https:\/\/drawings-online.com\/en\/product\/a-soldier-standing-in-front-of-the-virgin-and-child-with-other-saints-italian-school-from-the-17th-century\/\" \/>\n<meta property=\"og:site_name\" content=\"Drawings-online\" \/>\n<meta property=\"article:publisher\" content=\"https:\/\/www.facebook.com\/people\/Drawings-online\/100034942735866\/\" \/>\n<meta property=\"article:modified_time\" content=\"2023-01-17T17:34:42+00:00\" \/>\n<meta property=\"og:image\" content=\"https:\/\/drawings-online.com\/wp-content\/uploads\/2021\/02\/DSC_9755_1-1024x1024.png\" \/>\n\t<meta property=\"og:image:width\" content=\"1024\" \/>\n\t<meta property=\"og:image:height\" content=\"1024\" \/>\n\t<meta property=\"og:image:type\" content=\"image\/png\" \/>\n<meta name=\"twitter:card\" content=\"summary_large_image\" \/>\n<meta name=\"twitter:site\" content=\"@OnlineDrawings\" \/>\n<meta name=\"twitter:label1\" content=\"Est. reading time\" \/>\n\t<meta name=\"twitter:data1\" content=\"2 minutes\" \/>\n<script type=\"application\/ld+json\" class=\"yoast-schema-graph\">{\"@context\":\"https:\\\/\\\/schema.org\",\"@graph\":[{\"@type\":\"WebPage\",\"@id\":\"https:\\\/\\\/drawings-online.com\\\/en\\\/product\\\/a-soldier-standing-in-front-of-the-virgin-and-child-with-other-saints-italian-school-from-the-17th-century\\\/\",\"url\":\"https:\\\/\\\/drawings-online.com\\\/en\\\/product\\\/a-soldier-standing-in-front-of-the-virgin-and-child-with-other-saints-italian-school-from-the-17th-century\\\/\",\"name\":\"\u00a0Un soldat victorieux en armure devant la Vierge \u00e0 l\u2019enfant, \u00c9cole italienne du XVIIe si\u00e8cle - Drawings-online\",\"isPartOf\":{\"@id\":\"https:\\\/\\\/drawings-online.com\\\/#website\"},\"primaryImageOfPage\":{\"@id\":\"https:\\\/\\\/drawings-online.com\\\/en\\\/product\\\/a-soldier-standing-in-front-of-the-virgin-and-child-with-other-saints-italian-school-from-the-17th-century\\\/#primaryimage\"},\"image\":{\"@id\":\"https:\\\/\\\/drawings-online.com\\\/en\\\/product\\\/a-soldier-standing-in-front-of-the-virgin-and-child-with-other-saints-italian-school-from-the-17th-century\\\/#primaryimage\"},\"thumbnailUrl\":\"https:\\\/\\\/drawings-online.com\\\/wp-content\\\/uploads\\\/2021\\\/02\\\/DSC_9755_1.png\",\"datePublished\":\"2021-02-10T21:40:07+00:00\",\"dateModified\":\"2023-01-17T17:34:42+00:00\",\"breadcrumb\":{\"@id\":\"https:\\\/\\\/drawings-online.com\\\/en\\\/product\\\/a-soldier-standing-in-front-of-the-virgin-and-child-with-other-saints-italian-school-from-the-17th-century\\\/#breadcrumb\"},\"inLanguage\":\"en-US\",\"potentialAction\":[{\"@type\":\"ReadAction\",\"target\":[\"https:\\\/\\\/drawings-online.com\\\/en\\\/product\\\/a-soldier-standing-in-front-of-the-virgin-and-child-with-other-saints-italian-school-from-the-17th-century\\\/\"]}]},{\"@type\":\"ImageObject\",\"inLanguage\":\"en-US\",\"@id\":\"https:\\\/\\\/drawings-online.com\\\/en\\\/product\\\/a-soldier-standing-in-front-of-the-virgin-and-child-with-other-saints-italian-school-from-the-17th-century\\\/#primaryimage\",\"url\":\"https:\\\/\\\/drawings-online.com\\\/wp-content\\\/uploads\\\/2021\\\/02\\\/DSC_9755_1.png\",\"contentUrl\":\"https:\\\/\\\/drawings-online.com\\\/wp-content\\\/uploads\\\/2021\\\/02\\\/DSC_9755_1.png\",\"width\":1800,\"height\":1800,\"caption\":\"\u00c9cole italienne, XVIIIe si\u00e8cle Un soldat victorieux en armure, devant la Vierge \u00e0 l\u2019enfant entour\u00e9e d\u2019autres saints.\"},{\"@type\":\"BreadcrumbList\",\"@id\":\"https:\\\/\\\/drawings-online.com\\\/en\\\/product\\\/a-soldier-standing-in-front-of-the-virgin-and-child-with-other-saints-italian-school-from-the-17th-century\\\/#breadcrumb\",\"itemListElement\":[{\"@type\":\"ListItem\",\"position\":1,\"name\":\"Works available\",\"item\":\"https:\\\/\\\/drawings-online.com\\\/\"},{\"@type\":\"ListItem\",\"position\":2,\"name\":\"Gallery\",\"item\":\"https:\\\/\\\/drawings-online.com\\\/galerie\\\/\"},{\"@type\":\"ListItem\",\"position\":3,\"name\":\"17e\",\"item\":\"https:\\\/\\\/drawings-online.com\\\/product_tag\\\/17e\\\/\"},{\"@type\":\"ListItem\",\"position\":4,\"name\":\"A Soldier Standing in front of the Virgin and Child with other Saints, Italian school from the 17th century\"}]},{\"@type\":\"WebSite\",\"@id\":\"https:\\\/\\\/drawings-online.com\\\/en\\\/#website\",\"url\":\"https:\\\/\\\/drawings-online.com\\\/en\\\/\",\"name\":\"Drawings-online\",\"description\":\"Dessins en ligne\",\"publisher\":{\"@id\":\"https:\\\/\\\/drawings-online.com\\\/en\\\/#organization\"},\"potentialAction\":[{\"@type\":\"SearchAction\",\"target\":{\"@type\":\"EntryPoint\",\"urlTemplate\":\"https:\\\/\\\/drawings-online.com\\\/en\\\/?s={search_term_string}\"},\"query-input\":{\"@type\":\"PropertyValueSpecification\",\"valueRequired\":true,\"valueName\":\"search_term_string\"}}],\"inLanguage\":\"en-US\"},{\"@type\":\"Organization\",\"@id\":\"https:\\\/\\\/drawings-online.com\\\/en\\\/#organization\",\"name\":\"Drawings-online\",\"url\":\"https:\\\/\\\/drawings-online.com\\\/en\\\/\",\"logo\":{\"@type\":\"ImageObject\",\"inLanguage\":\"en-US\",\"@id\":\"https:\\\/\\\/drawings-online.com\\\/en\\\/#\\\/schema\\\/logo\\\/image\\\/\",\"url\":\"https:\\\/\\\/drawings-online.com\\\/wp-content\\\/uploads\\\/2020\\\/12\\\/drawings-icone-transp-e1607442878135.png\",\"contentUrl\":\"https:\\\/\\\/drawings-online.com\\\/wp-content\\\/uploads\\\/2020\\\/12\\\/drawings-icone-transp-e1607442878135.png\",\"width\":150,\"height\":150,\"caption\":\"Drawings-online\"},\"image\":{\"@id\":\"https:\\\/\\\/drawings-online.com\\\/en\\\/#\\\/schema\\\/logo\\\/image\\\/\"},\"sameAs\":[\"https:\\\/\\\/www.facebook.com\\\/people\\\/Drawings-online\\\/100034942735866\\\/\",\"https:\\\/\\\/x.com\\\/OnlineDrawings\",\"https:\\\/\\\/www.instagram.com\\\/drawings_online_com\\\/\"]}]}<\/script>\n<!-- \/ Yoast SEO plugin. -->","yoast_head_json":{"title":"A Soldier Standing in front of the Virgin and Child with other Saints, Italian school from the 17th century","description":"An ambitious composition in search of an author. A Soldier Standing in front of the Virgin and Child with other Saints, Italian school from the 17th century.","robots":{"index":"index","follow":"follow","max-snippet":"max-snippet:-1","max-image-preview":"max-image-preview:large","max-video-preview":"max-video-preview:-1"},"canonical":"An ambitious composition in search of an author. A Soldier Standing in front of the Virgin and Child with other Saints, Italian school from the 17th century.","og_locale":"en_US","og_type":"article","og_title":"A Soldier Standing in front of the Virgin and Child with other Saints, Italian school from the 17th century","og_description":"An ambitious composition in search of an author. A Soldier Standing in front of the Virgin and Child with other Saints, Italian school from the 17th century.","og_url":"https:\/\/drawings-online.com\/en\/product\/a-soldier-standing-in-front-of-the-virgin-and-child-with-other-saints-italian-school-from-the-17th-century\/","og_site_name":"Drawings-online","article_publisher":"https:\/\/www.facebook.com\/people\/Drawings-online\/100034942735866\/","article_modified_time":"2023-01-17T17:34:42+00:00","og_image":[{"width":1024,"height":1024,"url":"https:\/\/drawings-online.com\/wp-content\/uploads\/2021\/02\/DSC_9755_1-1024x1024.png","type":"image\/png"}],"twitter_card":"summary_large_image","twitter_site":"@OnlineDrawings","twitter_misc":{"Est. reading time":"2 minutes"},"schema":{"@context":"https:\/\/schema.org","@graph":[{"@type":"WebPage","@id":"https:\/\/drawings-online.com\/en\/product\/a-soldier-standing-in-front-of-the-virgin-and-child-with-other-saints-italian-school-from-the-17th-century\/","url":"https:\/\/drawings-online.com\/en\/product\/a-soldier-standing-in-front-of-the-virgin-and-child-with-other-saints-italian-school-from-the-17th-century\/","name":"\u00a0Un soldat victorieux en armure devant la Vierge \u00e0 l\u2019enfant, \u00c9cole italienne du XVIIe si\u00e8cle - Drawings-online","isPartOf":{"@id":"https:\/\/drawings-online.com\/#website"},"primaryImageOfPage":{"@id":"https:\/\/drawings-online.com\/en\/product\/a-soldier-standing-in-front-of-the-virgin-and-child-with-other-saints-italian-school-from-the-17th-century\/#primaryimage"},"image":{"@id":"https:\/\/drawings-online.com\/en\/product\/a-soldier-standing-in-front-of-the-virgin-and-child-with-other-saints-italian-school-from-the-17th-century\/#primaryimage"},"thumbnailUrl":"https:\/\/drawings-online.com\/wp-content\/uploads\/2021\/02\/DSC_9755_1.png","datePublished":"2021-02-10T21:40:07+00:00","dateModified":"2023-01-17T17:34:42+00:00","breadcrumb":{"@id":"https:\/\/drawings-online.com\/en\/product\/a-soldier-standing-in-front-of-the-virgin-and-child-with-other-saints-italian-school-from-the-17th-century\/#breadcrumb"},"inLanguage":"en-US","potentialAction":[{"@type":"ReadAction","target":["https:\/\/drawings-online.com\/en\/product\/a-soldier-standing-in-front-of-the-virgin-and-child-with-other-saints-italian-school-from-the-17th-century\/"]}]},{"@type":"ImageObject","inLanguage":"en-US","@id":"https:\/\/drawings-online.com\/en\/product\/a-soldier-standing-in-front-of-the-virgin-and-child-with-other-saints-italian-school-from-the-17th-century\/#primaryimage","url":"https:\/\/drawings-online.com\/wp-content\/uploads\/2021\/02\/DSC_9755_1.png","contentUrl":"https:\/\/drawings-online.com\/wp-content\/uploads\/2021\/02\/DSC_9755_1.png","width":1800,"height":1800,"caption":"\u00c9cole italienne, XVIIIe si\u00e8cle Un soldat victorieux en armure, devant la Vierge \u00e0 l\u2019enfant entour\u00e9e d\u2019autres saints."},{"@type":"BreadcrumbList","@id":"https:\/\/drawings-online.com\/en\/product\/a-soldier-standing-in-front-of-the-virgin-and-child-with-other-saints-italian-school-from-the-17th-century\/#breadcrumb","itemListElement":[{"@type":"ListItem","position":1,"name":"Works available","item":"https:\/\/drawings-online.com\/"},{"@type":"ListItem","position":2,"name":"Gallery","item":"https:\/\/drawings-online.com\/galerie\/"},{"@type":"ListItem","position":3,"name":"17e","item":"https:\/\/drawings-online.com\/product_tag\/17e\/"},{"@type":"ListItem","position":4,"name":"A Soldier Standing in front of the Virgin and Child with other Saints, Italian school from the 17th century"}]},{"@type":"WebSite","@id":"https:\/\/drawings-online.com\/en\/#website","url":"https:\/\/drawings-online.com\/en\/","name":"Drawings-online","description":"Dessins en ligne","publisher":{"@id":"https:\/\/drawings-online.com\/en\/#organization"},"potentialAction":[{"@type":"SearchAction","target":{"@type":"EntryPoint","urlTemplate":"https:\/\/drawings-online.com\/en\/?s={search_term_string}"},"query-input":{"@type":"PropertyValueSpecification","valueRequired":true,"valueName":"search_term_string"}}],"inLanguage":"en-US"},{"@type":"Organization","@id":"https:\/\/drawings-online.com\/en\/#organization","name":"Drawings-online","url":"https:\/\/drawings-online.com\/en\/","logo":{"@type":"ImageObject","inLanguage":"en-US","@id":"https:\/\/drawings-online.com\/en\/#\/schema\/logo\/image\/","url":"https:\/\/drawings-online.com\/wp-content\/uploads\/2020\/12\/drawings-icone-transp-e1607442878135.png","contentUrl":"https:\/\/drawings-online.com\/wp-content\/uploads\/2020\/12\/drawings-icone-transp-e1607442878135.png","width":150,"height":150,"caption":"Drawings-online"},"image":{"@id":"https:\/\/drawings-online.com\/en\/#\/schema\/logo\/image\/"},"sameAs":["https:\/\/www.facebook.com\/people\/Drawings-online\/100034942735866\/","https:\/\/x.com\/OnlineDrawings","https:\/\/www.instagram.com\/drawings_online_com\/"]}]}},"jetpack_sharing_enabled":true,"_links":{"self":[{"href":"https:\/\/drawings-online.com\/en\/wp-json\/wp\/v2\/product\/2015","targetHints":{"allow":["GET"]}}],"collection":[{"href":"https:\/\/drawings-online.com\/en\/wp-json\/wp\/v2\/product"}],"about":[{"href":"https:\/\/drawings-online.com\/en\/wp-json\/wp\/v2\/types\/product"}],"wp:featuredmedia":[{"embeddable":true,"href":"https:\/\/drawings-online.com\/en\/wp-json\/wp\/v2\/media\/2016"}],"wp:attachment":[{"href":"https:\/\/drawings-online.com\/en\/wp-json\/wp\/v2\/media?parent=2015"}],"wp:term":[{"taxonomy":"product_brand","embeddable":true,"href":"https:\/\/drawings-online.com\/en\/wp-json\/wp\/v2\/product_brand?post=2015"},{"taxonomy":"product_cat","embeddable":true,"href":"https:\/\/drawings-online.com\/en\/wp-json\/wp\/v2\/product_cat?post=2015"},{"taxonomy":"product_tag","embeddable":true,"href":"https:\/\/drawings-online.com\/en\/wp-json\/wp\/v2\/product_tag?post=2015"}],"curies":[{"name":"wp","href":"https:\/\/api.w.org\/{rel}","templated":true}]}}