{"id":1998,"date":"2021-02-10T22:30:54","date_gmt":"2021-02-10T21:30:54","guid":{"rendered":"https:\/\/drawings-online.com\/product\/\/"},"modified":"2023-01-17T18:34:43","modified_gmt":"2023-01-17T17:34:43","slug":"homme-a-la-toque-de-fourrure-ecole-francaise-du-xviiie-siecle","status":"publish","type":"product","link":"https:\/\/drawings-online.com\/en\/product\/a-man-wearing-a-fur-hat-french-school-from-the-18th-century\/","title":{"rendered":"A Man wearing a Fur Hat, French school from the 18th century"},"content":{"rendered":"<p><b>French school, 18th century<\/b><\/p>\n<p><i><span lang=\"EN-US\">A Man wearing a Fur Hat<\/span><\/i><\/p>\n<p><span lang=\"EN-US\">Black chalk and white gouache heightening on grey prepared paper.<\/span><\/p>\n<p>229 x 200 mm &#8211; 9 1\/64 x 7 7\/8 in.<\/p>\n<p><span style=\"font-family: arial, sans-serif;\"><span lang=\"EN-US\">This lovely study on prepared paper is still waiting to be attributed. The motif evocates the subject of caravans, often treated by Genoese painters and revived by 18th-century French artists.\u00a0<\/span>This interest for Genoese subjects and the white heightenings on prepared paper \u00a0remind of some drawings by Jean Jacques Lagren\u00e9e.<\/span><\/p>\n<p><span lang=\"EN-US\"><span style=\"font-family: arial, sans-serif;\">Condition report &#8211; A few workshop stains on the verso, one of them which was probably showing through was cleaned on the verso.<\/span><\/span><\/p>\n","protected":false},"excerpt":{"rendered":"<p>A Man wearing a Fur Hat, French school from the 18th century.<\/p>\n","protected":false},"featured_media":1999,"template":"","meta":{"_themeisle_gutenberg_block_has_review":false},"product_brand":[],"product_cat":[78],"product_tag":[24,345,353,93,416,16,99,27],"class_list":{"0":"post-1998","1":"product","2":"type-product","3":"status-publish","4":"has-post-thumbnail","6":"product_cat-french-school","7":"product_tag-18th","8":"product_tag-old-master-drawings","9":"product_tag-gallery","10":"product_tag-white-gouache","11":"product_tag-n3","12":"product_tag-black-chalk","13":"product_tag-portrait","14":"product_tag-heightened-with-white","16":"first","17":"outofstock","18":"taxable","19":"shipping-taxable","20":"purchasable","21":"product-type-simple"},"yoast_head":"<!-- This site is optimized with the Yoast SEO plugin v27.5 - https:\/\/yoast.com\/product\/yoast-seo-wordpress\/ -->\n<title>A Man wearing a Fur Hat, French school from the 18th century<\/title>\n<meta name=\"description\" content=\"A Man wearing a Fur Hat, French school from the 18th century.\" \/>\n<meta name=\"robots\" content=\"index, follow, max-snippet:-1, max-image-preview:large, max-video-preview:-1\" \/>\n<link rel=\"canonical\" href=\"http:\/\/A%20Man%20wearing%20a%20Fur%20Hat,%20French%20school%20from%20the%2018th%20century.\" \/>\n<meta property=\"og:locale\" content=\"en_US\" \/>\n<meta property=\"og:type\" content=\"article\" \/>\n<meta property=\"og:title\" content=\"A Man wearing a Fur Hat, French school from the 18th century\" \/>\n<meta property=\"og:description\" content=\"A Man wearing a Fur Hat, French school from the 18th century.\" \/>\n<meta property=\"og:url\" content=\"https:\/\/drawings-online.com\/en\/product\/a-man-wearing-a-fur-hat-french-school-from-the-18th-century\/\" \/>\n<meta property=\"og:site_name\" content=\"Drawings-online\" \/>\n<meta property=\"article:publisher\" content=\"https:\/\/www.facebook.com\/people\/Drawings-online\/100034942735866\/\" \/>\n<meta property=\"article:modified_time\" content=\"2023-01-17T17:34:43+00:00\" \/>\n<meta property=\"og:image\" content=\"https:\/\/drawings-online.com\/wp-content\/uploads\/2021\/02\/DSC_9734_1-1024x1024.png\" \/>\n\t<meta property=\"og:image:width\" content=\"1024\" \/>\n\t<meta property=\"og:image:height\" content=\"1024\" \/>\n\t<meta property=\"og:image:type\" content=\"image\/png\" \/>\n<meta name=\"twitter:card\" content=\"summary_large_image\" \/>\n<meta name=\"twitter:site\" content=\"@OnlineDrawings\" \/>\n<meta name=\"twitter:label1\" content=\"Est. reading time\" \/>\n\t<meta name=\"twitter:data1\" content=\"1 minute\" \/>\n<script type=\"application\/ld+json\" class=\"yoast-schema-graph\">{\"@context\":\"https:\\\/\\\/schema.org\",\"@graph\":[{\"@type\":\"WebPage\",\"@id\":\"https:\\\/\\\/drawings-online.com\\\/en\\\/product\\\/a-man-wearing-a-fur-hat-french-school-from-the-18th-century\\\/\",\"url\":\"https:\\\/\\\/drawings-online.com\\\/en\\\/product\\\/a-man-wearing-a-fur-hat-french-school-from-the-18th-century\\\/\",\"name\":\"Homme \u00e0 la toque de fourrure, \u00e9cole fran\u00e7aise du XVIIIe\u00a0si\u00e8cle - Drawings-online\",\"isPartOf\":{\"@id\":\"https:\\\/\\\/drawings-online.com\\\/#website\"},\"primaryImageOfPage\":{\"@id\":\"https:\\\/\\\/drawings-online.com\\\/en\\\/product\\\/a-man-wearing-a-fur-hat-french-school-from-the-18th-century\\\/#primaryimage\"},\"image\":{\"@id\":\"https:\\\/\\\/drawings-online.com\\\/en\\\/product\\\/a-man-wearing-a-fur-hat-french-school-from-the-18th-century\\\/#primaryimage\"},\"thumbnailUrl\":\"https:\\\/\\\/drawings-online.com\\\/wp-content\\\/uploads\\\/2021\\\/02\\\/DSC_9734_1.png\",\"datePublished\":\"2021-02-10T21:30:54+00:00\",\"dateModified\":\"2023-01-17T17:34:43+00:00\",\"breadcrumb\":{\"@id\":\"https:\\\/\\\/drawings-online.com\\\/en\\\/product\\\/a-man-wearing-a-fur-hat-french-school-from-the-18th-century\\\/#breadcrumb\"},\"inLanguage\":\"en-US\",\"potentialAction\":[{\"@type\":\"ReadAction\",\"target\":[\"https:\\\/\\\/drawings-online.com\\\/en\\\/product\\\/a-man-wearing-a-fur-hat-french-school-from-the-18th-century\\\/\"]}]},{\"@type\":\"ImageObject\",\"inLanguage\":\"en-US\",\"@id\":\"https:\\\/\\\/drawings-online.com\\\/en\\\/product\\\/a-man-wearing-a-fur-hat-french-school-from-the-18th-century\\\/#primaryimage\",\"url\":\"https:\\\/\\\/drawings-online.com\\\/wp-content\\\/uploads\\\/2021\\\/02\\\/DSC_9734_1.png\",\"contentUrl\":\"https:\\\/\\\/drawings-online.com\\\/wp-content\\\/uploads\\\/2021\\\/02\\\/DSC_9734_1.png\",\"width\":1800,\"height\":1800,\"caption\":\"\u00c9cole fran\u00e7aise, XVIIIe si\u00e8cle Homme \u00e0 la toque de fourrure\"},{\"@type\":\"BreadcrumbList\",\"@id\":\"https:\\\/\\\/drawings-online.com\\\/en\\\/product\\\/a-man-wearing-a-fur-hat-french-school-from-the-18th-century\\\/#breadcrumb\",\"itemListElement\":[{\"@type\":\"ListItem\",\"position\":1,\"name\":\"Works available\",\"item\":\"https:\\\/\\\/drawings-online.com\\\/\"},{\"@type\":\"ListItem\",\"position\":2,\"name\":\"Gallery\",\"item\":\"https:\\\/\\\/drawings-online.com\\\/galerie\\\/\"},{\"@type\":\"ListItem\",\"position\":3,\"name\":\"18e\",\"item\":\"https:\\\/\\\/drawings-online.com\\\/product_tag\\\/18e\\\/\"},{\"@type\":\"ListItem\",\"position\":4,\"name\":\"A Man wearing a Fur Hat, French school from the 18th century\"}]},{\"@type\":\"WebSite\",\"@id\":\"https:\\\/\\\/drawings-online.com\\\/en\\\/#website\",\"url\":\"https:\\\/\\\/drawings-online.com\\\/en\\\/\",\"name\":\"Drawings-online\",\"description\":\"Dessins en ligne\",\"publisher\":{\"@id\":\"https:\\\/\\\/drawings-online.com\\\/en\\\/#organization\"},\"potentialAction\":[{\"@type\":\"SearchAction\",\"target\":{\"@type\":\"EntryPoint\",\"urlTemplate\":\"https:\\\/\\\/drawings-online.com\\\/en\\\/?s={search_term_string}\"},\"query-input\":{\"@type\":\"PropertyValueSpecification\",\"valueRequired\":true,\"valueName\":\"search_term_string\"}}],\"inLanguage\":\"en-US\"},{\"@type\":\"Organization\",\"@id\":\"https:\\\/\\\/drawings-online.com\\\/en\\\/#organization\",\"name\":\"Drawings-online\",\"url\":\"https:\\\/\\\/drawings-online.com\\\/en\\\/\",\"logo\":{\"@type\":\"ImageObject\",\"inLanguage\":\"en-US\",\"@id\":\"https:\\\/\\\/drawings-online.com\\\/en\\\/#\\\/schema\\\/logo\\\/image\\\/\",\"url\":\"https:\\\/\\\/drawings-online.com\\\/wp-content\\\/uploads\\\/2020\\\/12\\\/drawings-icone-transp-e1607442878135.png\",\"contentUrl\":\"https:\\\/\\\/drawings-online.com\\\/wp-content\\\/uploads\\\/2020\\\/12\\\/drawings-icone-transp-e1607442878135.png\",\"width\":150,\"height\":150,\"caption\":\"Drawings-online\"},\"image\":{\"@id\":\"https:\\\/\\\/drawings-online.com\\\/en\\\/#\\\/schema\\\/logo\\\/image\\\/\"},\"sameAs\":[\"https:\\\/\\\/www.facebook.com\\\/people\\\/Drawings-online\\\/100034942735866\\\/\",\"https:\\\/\\\/x.com\\\/OnlineDrawings\",\"https:\\\/\\\/www.instagram.com\\\/drawings_online_com\\\/\"]}]}<\/script>\n<!-- \/ Yoast SEO plugin. -->","yoast_head_json":{"title":"A Man wearing a Fur Hat, French school from the 18th century","description":"A Man wearing a Fur Hat, French school from the 18th century.","robots":{"index":"index","follow":"follow","max-snippet":"max-snippet:-1","max-image-preview":"max-image-preview:large","max-video-preview":"max-video-preview:-1"},"canonical":"A Man wearing a Fur Hat, French school from the 18th century.","og_locale":"en_US","og_type":"article","og_title":"A Man wearing a Fur Hat, French school from the 18th century","og_description":"A Man wearing a Fur Hat, French school from the 18th century.","og_url":"https:\/\/drawings-online.com\/en\/product\/a-man-wearing-a-fur-hat-french-school-from-the-18th-century\/","og_site_name":"Drawings-online","article_publisher":"https:\/\/www.facebook.com\/people\/Drawings-online\/100034942735866\/","article_modified_time":"2023-01-17T17:34:43+00:00","og_image":[{"width":1024,"height":1024,"url":"https:\/\/drawings-online.com\/wp-content\/uploads\/2021\/02\/DSC_9734_1-1024x1024.png","type":"image\/png"}],"twitter_card":"summary_large_image","twitter_site":"@OnlineDrawings","twitter_misc":{"Est. reading time":"1 minute"},"schema":{"@context":"https:\/\/schema.org","@graph":[{"@type":"WebPage","@id":"https:\/\/drawings-online.com\/en\/product\/a-man-wearing-a-fur-hat-french-school-from-the-18th-century\/","url":"https:\/\/drawings-online.com\/en\/product\/a-man-wearing-a-fur-hat-french-school-from-the-18th-century\/","name":"Homme \u00e0 la toque de fourrure, \u00e9cole fran\u00e7aise du XVIIIe\u00a0si\u00e8cle - Drawings-online","isPartOf":{"@id":"https:\/\/drawings-online.com\/#website"},"primaryImageOfPage":{"@id":"https:\/\/drawings-online.com\/en\/product\/a-man-wearing-a-fur-hat-french-school-from-the-18th-century\/#primaryimage"},"image":{"@id":"https:\/\/drawings-online.com\/en\/product\/a-man-wearing-a-fur-hat-french-school-from-the-18th-century\/#primaryimage"},"thumbnailUrl":"https:\/\/drawings-online.com\/wp-content\/uploads\/2021\/02\/DSC_9734_1.png","datePublished":"2021-02-10T21:30:54+00:00","dateModified":"2023-01-17T17:34:43+00:00","breadcrumb":{"@id":"https:\/\/drawings-online.com\/en\/product\/a-man-wearing-a-fur-hat-french-school-from-the-18th-century\/#breadcrumb"},"inLanguage":"en-US","potentialAction":[{"@type":"ReadAction","target":["https:\/\/drawings-online.com\/en\/product\/a-man-wearing-a-fur-hat-french-school-from-the-18th-century\/"]}]},{"@type":"ImageObject","inLanguage":"en-US","@id":"https:\/\/drawings-online.com\/en\/product\/a-man-wearing-a-fur-hat-french-school-from-the-18th-century\/#primaryimage","url":"https:\/\/drawings-online.com\/wp-content\/uploads\/2021\/02\/DSC_9734_1.png","contentUrl":"https:\/\/drawings-online.com\/wp-content\/uploads\/2021\/02\/DSC_9734_1.png","width":1800,"height":1800,"caption":"\u00c9cole fran\u00e7aise, XVIIIe si\u00e8cle Homme \u00e0 la toque de fourrure"},{"@type":"BreadcrumbList","@id":"https:\/\/drawings-online.com\/en\/product\/a-man-wearing-a-fur-hat-french-school-from-the-18th-century\/#breadcrumb","itemListElement":[{"@type":"ListItem","position":1,"name":"Works available","item":"https:\/\/drawings-online.com\/"},{"@type":"ListItem","position":2,"name":"Gallery","item":"https:\/\/drawings-online.com\/galerie\/"},{"@type":"ListItem","position":3,"name":"18e","item":"https:\/\/drawings-online.com\/product_tag\/18e\/"},{"@type":"ListItem","position":4,"name":"A Man wearing a Fur Hat, French school from the 18th century"}]},{"@type":"WebSite","@id":"https:\/\/drawings-online.com\/en\/#website","url":"https:\/\/drawings-online.com\/en\/","name":"Drawings-online","description":"Dessins en ligne","publisher":{"@id":"https:\/\/drawings-online.com\/en\/#organization"},"potentialAction":[{"@type":"SearchAction","target":{"@type":"EntryPoint","urlTemplate":"https:\/\/drawings-online.com\/en\/?s={search_term_string}"},"query-input":{"@type":"PropertyValueSpecification","valueRequired":true,"valueName":"search_term_string"}}],"inLanguage":"en-US"},{"@type":"Organization","@id":"https:\/\/drawings-online.com\/en\/#organization","name":"Drawings-online","url":"https:\/\/drawings-online.com\/en\/","logo":{"@type":"ImageObject","inLanguage":"en-US","@id":"https:\/\/drawings-online.com\/en\/#\/schema\/logo\/image\/","url":"https:\/\/drawings-online.com\/wp-content\/uploads\/2020\/12\/drawings-icone-transp-e1607442878135.png","contentUrl":"https:\/\/drawings-online.com\/wp-content\/uploads\/2020\/12\/drawings-icone-transp-e1607442878135.png","width":150,"height":150,"caption":"Drawings-online"},"image":{"@id":"https:\/\/drawings-online.com\/en\/#\/schema\/logo\/image\/"},"sameAs":["https:\/\/www.facebook.com\/people\/Drawings-online\/100034942735866\/","https:\/\/x.com\/OnlineDrawings","https:\/\/www.instagram.com\/drawings_online_com\/"]}]}},"jetpack_sharing_enabled":true,"_links":{"self":[{"href":"https:\/\/drawings-online.com\/en\/wp-json\/wp\/v2\/product\/1998","targetHints":{"allow":["GET"]}}],"collection":[{"href":"https:\/\/drawings-online.com\/en\/wp-json\/wp\/v2\/product"}],"about":[{"href":"https:\/\/drawings-online.com\/en\/wp-json\/wp\/v2\/types\/product"}],"wp:featuredmedia":[{"embeddable":true,"href":"https:\/\/drawings-online.com\/en\/wp-json\/wp\/v2\/media\/1999"}],"wp:attachment":[{"href":"https:\/\/drawings-online.com\/en\/wp-json\/wp\/v2\/media?parent=1998"}],"wp:term":[{"taxonomy":"product_brand","embeddable":true,"href":"https:\/\/drawings-online.com\/en\/wp-json\/wp\/v2\/product_brand?post=1998"},{"taxonomy":"product_cat","embeddable":true,"href":"https:\/\/drawings-online.com\/en\/wp-json\/wp\/v2\/product_cat?post=1998"},{"taxonomy":"product_tag","embeddable":true,"href":"https:\/\/drawings-online.com\/en\/wp-json\/wp\/v2\/product_tag?post=1998"}],"curies":[{"name":"wp","href":"https:\/\/api.w.org\/{rel}","templated":true}]}}