{"id":1972,"date":"2023-07-11T05:50:39","date_gmt":"2023-07-11T03:50:39","guid":{"rendered":"https:\/\/drawings-online.com\/product\/\/"},"modified":"2024-03-05T14:46:03","modified_gmt":"2024-03-05T13:46:03","slug":"etude-delements-decoratifs-antiques-par-jean-baptiste-marc-antoine-descamps","status":"publish","type":"product","link":"https:\/\/drawings-online.com\/en\/product\/studies-of-antique-decorative-elements-by-jean-baptiste-marc-antoine-descamps\/","title":{"rendered":"Studies of Antique decorative elements\u00a0by Jean-Baptiste Marc-Antoine Descamps"},"content":{"rendered":"<p><strong>Jean-Baptiste Marc-Antoine Descamps<\/strong><\/p>\n<p>Rouen 1742 &#8211; 1836<\/p>\n<p><strong><em>Studies of Antique decorative elements: acanthus leaves, ornamental frieze, oil lamp and tripod\u00a0<\/em><\/strong><\/p>\n<p>Inscribed lower left\u00a0<em>D. C. f Roma 1777\u00a0<\/em>and on the left\u00a0<em>DC 1773<\/em>.<\/p>\n<p>Red chalk.<\/p>\n<p>535 x 310 mm &#8211; 21\u00a0<sup>1<\/sup>\/<sub>16<\/sub>x 12\u00a0<sup>3<\/sup>\/<sub>16\u00a0<\/sub>in.<\/p>\n<p>Provenance\u00a0&#8211; Nikos Dhikeos, his stamp lower right (<a href=\"http:\/\/www.marquesdecollections.fr\/detail.cfm\/marque\/11037\" target=\"_blank\" rel=\"noopener\">L. 3529<\/a>).<\/p>\n<p>Jean-Baptiste Marc-Antoine was the son of Jean-Baptiste Descamps (Dunkerque 1714 \u2013 Rouen 1791), a painter who created the first drawing school in Rouen in 1740. Marc-Antoine won the first prize of drawing \u00ab d\u2019apr\u00e8s bosse \u00bb [after a sculpture] in 1759 and the first prize of drawing \u201cd\u2019apr\u00e8s nature\u201d [on the motif] in 1763. After training with his father, he sought to perfect his education first in Paris, then in Rome, where he stayed from 1773 to 1777. During his stay in Italy, in 1775, he was elected a member of the\u00a0<em>Acad\u00e9mie des Sciences, Belles-Lettres et Arts<\/em>\u00a0of Rouen. Back in France, he collaborated with his father and took over from him as the Director of the Rouen School of Drawing and Painting in 1791. Appointed Curator of the Museum of Paintings in Rouen in 1809, he is the author of the first catalog of its collection (Th\u00e9odore Lebreton,\u00a0<em>Biographie rouennaise : recueil de notices biographiques et bibliographiques<\/em>, Rouen, \u00e9d. Le Brument, 1865, p. 101-102).<\/p>\n<p>This large and impressive sheet of studies of ornamental and ancient objects can be compared to a group of drawings bearing the same inscription\u00a0<em>D.C. f. Roma.<\/em>\u00a0Two sheets dated 1776 are in the Berlin Kunstbibliothek (Hdz 6448 et Hdz 6449), while another, dated 1777, is in the St-Petersburg Hermitage (inv. 288040). These drawings were formerly connected with the red chalk drawings of the sculptor Gilles-Paul Cauvet (1731-1788), who published in 1777 a pedagogical handbook\u00a0<em>Recueil d\u2019ornements \u00e0 l\u2019usage des jeunes artistes qui se destinent \u00e0 la d\u00e9coration des b\u00e2timents.\u00a0<\/em>\u00a0They have eventually been attributed with certainty to Jean-Baptiste Marc-Antoine Descamps thanks to the apparition of the\u00a0<em>Study of a Seeping Young Woman<\/em>\u00a0inscribed with the same handwriting and bearing the complete name of the artist\u00a0<em>Descamps fils f. R. 1777<\/em>\u00a0\u00a0(Sotheby\u2019s, London, 4 July 2018,\u00a0<a href=\"https:\/\/www.sothebys.com\/en\/auctions\/ecahttps:\/www.sothebys.com\/en\/auctions\/ecatalogue\/2018\/old-master-british-works-on-paper-l18040\/lot.85.html\" target=\"_blank\" rel=\"noopener\">lot 85<\/a>). The fact that the artist was still in Rome in 1777 is supported by his article\u00a0<em>Notices faites par M. Descamps \u00e0 Rome en\u00a0<\/em>1777 published in\u00a0<em>Pr\u00e9cis de l\u2019Acad\u00e9mie<\/em>\u00a0in 1822, p. 95\u00a0(Cf. <a href=\"https:\/\/www.rouen-histoire.com\/Academie\/Acad_Fich.php?id=8)\" target=\"_blank\" rel=\"noopener\">site rouen-histoire.com<\/a>).<\/p>\n<p>Condition report \u2013 Traces of glue on the edges. Two assembled sheets of paper. A few creases. Stains on the verso. Irregular edges.<\/p>\n","protected":false},"excerpt":{"rendered":"<p><em>Roman studies by the first curator of the Rouen Museum of Fine Arts<\/em><br \/>\nStudies of Antique decorative elements: acanthus leaves, ornamental frieze, oil lamp and tripod\u00a0by Jean-Baptiste Marc-Antoine Descamps.<\/p>\n","protected":false},"featured_media":1973,"template":"","meta":{"_themeisle_gutenberg_block_has_review":false},"product_brand":[],"product_cat":[78],"product_tag":[24,191,115,345,192,353,416,28],"class_list":{"0":"post-1972","1":"product","2":"type-product","3":"status-publish","4":"has-post-thumbnail","6":"product_cat-french-school","7":"product_tag-18th","8":"product_tag-antiquity","9":"product_tag-architecture","10":"product_tag-old-master-drawings","11":"product_tag-architectural-elements","12":"product_tag-gallery","13":"product_tag-n3","14":"product_tag-red-chalk","16":"first","17":"instock","18":"taxable","19":"shipping-taxable","20":"purchasable","21":"product-type-simple"},"yoast_head":"<!-- This site is optimized with the Yoast SEO plugin v27.5 - https:\/\/yoast.com\/product\/yoast-seo-wordpress\/ -->\n<title>Studies of Antique decorative elements\u00a0by Jean-Baptiste Marc-Antoine Descamps<\/title>\n<meta name=\"description\" content=\"Roman studies by the first curator of the Rouen Museum of Fine Arts Studies of Antique decorative elements: acanthus leaves, ornamental frieze, oil lamp and tripod\u00a0by Jean-Baptiste Marc-Antoine Descamps.\" \/>\n<meta name=\"robots\" content=\"index, follow, max-snippet:-1, max-image-preview:large, max-video-preview:-1\" \/>\n<link rel=\"canonical\" href=\"\" \/>\n<meta property=\"og:locale\" content=\"en_US\" \/>\n<meta property=\"og:type\" content=\"article\" \/>\n<meta property=\"og:title\" content=\"Studies of Antique decorative elements\u00a0by Jean-Baptiste Marc-Antoine Descamps\" \/>\n<meta property=\"og:description\" content=\"Roman studies by the first curator of the Rouen Museum of Fine Arts Studies of Antique decorative elements: acanthus leaves, ornamental frieze, oil lamp and tripod\u00a0by Jean-Baptiste Marc-Antoine Descamps.\" \/>\n<meta property=\"og:url\" content=\"https:\/\/drawings-online.com\/en\/product\/studies-of-antique-decorative-elements-by-jean-baptiste-marc-antoine-descamps\/\" \/>\n<meta property=\"og:site_name\" content=\"Drawings-online\" \/>\n<meta property=\"article:publisher\" content=\"https:\/\/www.facebook.com\/people\/Drawings-online\/100034942735866\/\" \/>\n<meta property=\"article:modified_time\" content=\"2024-03-05T13:46:03+00:00\" \/>\n<meta property=\"og:image\" content=\"https:\/\/drawings-online.com\/wp-content\/uploads\/2021\/02\/DSC_1376_1-1024x1024.png\" \/>\n\t<meta property=\"og:image:width\" content=\"1024\" \/>\n\t<meta property=\"og:image:height\" content=\"1024\" \/>\n\t<meta property=\"og:image:type\" content=\"image\/png\" \/>\n<meta name=\"twitter:card\" content=\"summary_large_image\" \/>\n<meta name=\"twitter:site\" content=\"@OnlineDrawings\" \/>\n<meta name=\"twitter:label1\" content=\"Est. reading time\" \/>\n\t<meta name=\"twitter:data1\" content=\"2 minutes\" \/>\n<script type=\"application\/ld+json\" class=\"yoast-schema-graph\">{\"@context\":\"https:\\\/\\\/schema.org\",\"@graph\":[{\"@type\":\"WebPage\",\"@id\":\"https:\\\/\\\/drawings-online.com\\\/en\\\/product\\\/studies-of-antique-decorative-elements-by-jean-baptiste-marc-antoine-descamps\\\/\",\"url\":\"https:\\\/\\\/drawings-online.com\\\/en\\\/product\\\/studies-of-antique-decorative-elements-by-jean-baptiste-marc-antoine-descamps\\\/\",\"name\":\"\u00c9tude d\u2019\u00e9l\u00e9ments d\u00e9coratifs antiques par Jean-Baptiste Marc-Antoine Descamps - Drawings-online\",\"isPartOf\":{\"@id\":\"https:\\\/\\\/drawings-online.com\\\/#website\"},\"primaryImageOfPage\":{\"@id\":\"https:\\\/\\\/drawings-online.com\\\/en\\\/product\\\/studies-of-antique-decorative-elements-by-jean-baptiste-marc-antoine-descamps\\\/#primaryimage\"},\"image\":{\"@id\":\"https:\\\/\\\/drawings-online.com\\\/en\\\/product\\\/studies-of-antique-decorative-elements-by-jean-baptiste-marc-antoine-descamps\\\/#primaryimage\"},\"thumbnailUrl\":\"https:\\\/\\\/drawings-online.com\\\/wp-content\\\/uploads\\\/2021\\\/02\\\/DSC_1376_1.png\",\"datePublished\":\"2023-07-11T03:50:39+00:00\",\"dateModified\":\"2024-03-05T13:46:03+00:00\",\"breadcrumb\":{\"@id\":\"https:\\\/\\\/drawings-online.com\\\/en\\\/product\\\/studies-of-antique-decorative-elements-by-jean-baptiste-marc-antoine-descamps\\\/#breadcrumb\"},\"inLanguage\":\"en-US\",\"potentialAction\":[{\"@type\":\"ReadAction\",\"target\":[\"https:\\\/\\\/drawings-online.com\\\/en\\\/product\\\/studies-of-antique-decorative-elements-by-jean-baptiste-marc-antoine-descamps\\\/\"]}]},{\"@type\":\"ImageObject\",\"inLanguage\":\"en-US\",\"@id\":\"https:\\\/\\\/drawings-online.com\\\/en\\\/product\\\/studies-of-antique-decorative-elements-by-jean-baptiste-marc-antoine-descamps\\\/#primaryimage\",\"url\":\"https:\\\/\\\/drawings-online.com\\\/wp-content\\\/uploads\\\/2021\\\/02\\\/DSC_1376_1.png\",\"contentUrl\":\"https:\\\/\\\/drawings-online.com\\\/wp-content\\\/uploads\\\/2021\\\/02\\\/DSC_1376_1.png\",\"width\":1800,\"height\":1800,\"caption\":\"\u00c9tude d\u2019\u00e9l\u00e9ments d\u00e9coratifs antiques : feuille d\u2019acanthe, frise de rinceaux, lampe \u00e0 huile et tr\u00e9pied par Jean-Baptiste Marc-Antoine Descamps\"},{\"@type\":\"BreadcrumbList\",\"@id\":\"https:\\\/\\\/drawings-online.com\\\/en\\\/product\\\/studies-of-antique-decorative-elements-by-jean-baptiste-marc-antoine-descamps\\\/#breadcrumb\",\"itemListElement\":[{\"@type\":\"ListItem\",\"position\":1,\"name\":\"Works available\",\"item\":\"https:\\\/\\\/drawings-online.com\\\/\"},{\"@type\":\"ListItem\",\"position\":2,\"name\":\"Gallery\",\"item\":\"https:\\\/\\\/drawings-online.com\\\/galerie\\\/\"},{\"@type\":\"ListItem\",\"position\":3,\"name\":\"18e\",\"item\":\"https:\\\/\\\/drawings-online.com\\\/product_tag\\\/18e\\\/\"},{\"@type\":\"ListItem\",\"position\":4,\"name\":\"Studies of Antique decorative elements\u00a0by Jean-Baptiste Marc-Antoine Descamps\"}]},{\"@type\":\"WebSite\",\"@id\":\"https:\\\/\\\/drawings-online.com\\\/en\\\/#website\",\"url\":\"https:\\\/\\\/drawings-online.com\\\/en\\\/\",\"name\":\"Drawings-online\",\"description\":\"Dessins en ligne\",\"publisher\":{\"@id\":\"https:\\\/\\\/drawings-online.com\\\/en\\\/#organization\"},\"potentialAction\":[{\"@type\":\"SearchAction\",\"target\":{\"@type\":\"EntryPoint\",\"urlTemplate\":\"https:\\\/\\\/drawings-online.com\\\/en\\\/?s={search_term_string}\"},\"query-input\":{\"@type\":\"PropertyValueSpecification\",\"valueRequired\":true,\"valueName\":\"search_term_string\"}}],\"inLanguage\":\"en-US\"},{\"@type\":\"Organization\",\"@id\":\"https:\\\/\\\/drawings-online.com\\\/en\\\/#organization\",\"name\":\"Drawings-online\",\"url\":\"https:\\\/\\\/drawings-online.com\\\/en\\\/\",\"logo\":{\"@type\":\"ImageObject\",\"inLanguage\":\"en-US\",\"@id\":\"https:\\\/\\\/drawings-online.com\\\/en\\\/#\\\/schema\\\/logo\\\/image\\\/\",\"url\":\"https:\\\/\\\/drawings-online.com\\\/wp-content\\\/uploads\\\/2020\\\/12\\\/drawings-icone-transp-e1607442878135.png\",\"contentUrl\":\"https:\\\/\\\/drawings-online.com\\\/wp-content\\\/uploads\\\/2020\\\/12\\\/drawings-icone-transp-e1607442878135.png\",\"width\":150,\"height\":150,\"caption\":\"Drawings-online\"},\"image\":{\"@id\":\"https:\\\/\\\/drawings-online.com\\\/en\\\/#\\\/schema\\\/logo\\\/image\\\/\"},\"sameAs\":[\"https:\\\/\\\/www.facebook.com\\\/people\\\/Drawings-online\\\/100034942735866\\\/\",\"https:\\\/\\\/x.com\\\/OnlineDrawings\",\"https:\\\/\\\/www.instagram.com\\\/drawings_online_com\\\/\"]}]}<\/script>\n<!-- \/ Yoast SEO plugin. -->","yoast_head_json":{"title":"Studies of Antique decorative elements\u00a0by Jean-Baptiste Marc-Antoine Descamps","description":"Roman studies by the first curator of the Rouen Museum of Fine Arts Studies of Antique decorative elements: acanthus leaves, ornamental frieze, oil lamp and tripod\u00a0by Jean-Baptiste Marc-Antoine Descamps.","robots":{"index":"index","follow":"follow","max-snippet":"max-snippet:-1","max-image-preview":"max-image-preview:large","max-video-preview":"max-video-preview:-1"},"canonical":"Roman studies by the first curator of the Rouen Museum of Fine Arts Studies of Antique decorative elements: acanthus leaves, ornamental frieze, oil lamp and tripod\u00a0by Jean-Baptiste Marc-Antoine Descamps.","og_locale":"en_US","og_type":"article","og_title":"Studies of Antique decorative elements\u00a0by Jean-Baptiste Marc-Antoine Descamps","og_description":"Roman studies by the first curator of the Rouen Museum of Fine Arts Studies of Antique decorative elements: acanthus leaves, ornamental frieze, oil lamp and tripod\u00a0by Jean-Baptiste Marc-Antoine Descamps.","og_url":"https:\/\/drawings-online.com\/en\/product\/studies-of-antique-decorative-elements-by-jean-baptiste-marc-antoine-descamps\/","og_site_name":"Drawings-online","article_publisher":"https:\/\/www.facebook.com\/people\/Drawings-online\/100034942735866\/","article_modified_time":"2024-03-05T13:46:03+00:00","og_image":[{"width":1024,"height":1024,"url":"https:\/\/drawings-online.com\/wp-content\/uploads\/2021\/02\/DSC_1376_1-1024x1024.png","type":"image\/png"}],"twitter_card":"summary_large_image","twitter_site":"@OnlineDrawings","twitter_misc":{"Est. reading time":"2 minutes"},"schema":{"@context":"https:\/\/schema.org","@graph":[{"@type":"WebPage","@id":"https:\/\/drawings-online.com\/en\/product\/studies-of-antique-decorative-elements-by-jean-baptiste-marc-antoine-descamps\/","url":"https:\/\/drawings-online.com\/en\/product\/studies-of-antique-decorative-elements-by-jean-baptiste-marc-antoine-descamps\/","name":"\u00c9tude d\u2019\u00e9l\u00e9ments d\u00e9coratifs antiques par Jean-Baptiste Marc-Antoine Descamps - Drawings-online","isPartOf":{"@id":"https:\/\/drawings-online.com\/#website"},"primaryImageOfPage":{"@id":"https:\/\/drawings-online.com\/en\/product\/studies-of-antique-decorative-elements-by-jean-baptiste-marc-antoine-descamps\/#primaryimage"},"image":{"@id":"https:\/\/drawings-online.com\/en\/product\/studies-of-antique-decorative-elements-by-jean-baptiste-marc-antoine-descamps\/#primaryimage"},"thumbnailUrl":"https:\/\/drawings-online.com\/wp-content\/uploads\/2021\/02\/DSC_1376_1.png","datePublished":"2023-07-11T03:50:39+00:00","dateModified":"2024-03-05T13:46:03+00:00","breadcrumb":{"@id":"https:\/\/drawings-online.com\/en\/product\/studies-of-antique-decorative-elements-by-jean-baptiste-marc-antoine-descamps\/#breadcrumb"},"inLanguage":"en-US","potentialAction":[{"@type":"ReadAction","target":["https:\/\/drawings-online.com\/en\/product\/studies-of-antique-decorative-elements-by-jean-baptiste-marc-antoine-descamps\/"]}]},{"@type":"ImageObject","inLanguage":"en-US","@id":"https:\/\/drawings-online.com\/en\/product\/studies-of-antique-decorative-elements-by-jean-baptiste-marc-antoine-descamps\/#primaryimage","url":"https:\/\/drawings-online.com\/wp-content\/uploads\/2021\/02\/DSC_1376_1.png","contentUrl":"https:\/\/drawings-online.com\/wp-content\/uploads\/2021\/02\/DSC_1376_1.png","width":1800,"height":1800,"caption":"\u00c9tude d\u2019\u00e9l\u00e9ments d\u00e9coratifs antiques : feuille d\u2019acanthe, frise de rinceaux, lampe \u00e0 huile et tr\u00e9pied par Jean-Baptiste Marc-Antoine Descamps"},{"@type":"BreadcrumbList","@id":"https:\/\/drawings-online.com\/en\/product\/studies-of-antique-decorative-elements-by-jean-baptiste-marc-antoine-descamps\/#breadcrumb","itemListElement":[{"@type":"ListItem","position":1,"name":"Works available","item":"https:\/\/drawings-online.com\/"},{"@type":"ListItem","position":2,"name":"Gallery","item":"https:\/\/drawings-online.com\/galerie\/"},{"@type":"ListItem","position":3,"name":"18e","item":"https:\/\/drawings-online.com\/product_tag\/18e\/"},{"@type":"ListItem","position":4,"name":"Studies of Antique decorative elements\u00a0by Jean-Baptiste Marc-Antoine Descamps"}]},{"@type":"WebSite","@id":"https:\/\/drawings-online.com\/en\/#website","url":"https:\/\/drawings-online.com\/en\/","name":"Drawings-online","description":"Dessins en ligne","publisher":{"@id":"https:\/\/drawings-online.com\/en\/#organization"},"potentialAction":[{"@type":"SearchAction","target":{"@type":"EntryPoint","urlTemplate":"https:\/\/drawings-online.com\/en\/?s={search_term_string}"},"query-input":{"@type":"PropertyValueSpecification","valueRequired":true,"valueName":"search_term_string"}}],"inLanguage":"en-US"},{"@type":"Organization","@id":"https:\/\/drawings-online.com\/en\/#organization","name":"Drawings-online","url":"https:\/\/drawings-online.com\/en\/","logo":{"@type":"ImageObject","inLanguage":"en-US","@id":"https:\/\/drawings-online.com\/en\/#\/schema\/logo\/image\/","url":"https:\/\/drawings-online.com\/wp-content\/uploads\/2020\/12\/drawings-icone-transp-e1607442878135.png","contentUrl":"https:\/\/drawings-online.com\/wp-content\/uploads\/2020\/12\/drawings-icone-transp-e1607442878135.png","width":150,"height":150,"caption":"Drawings-online"},"image":{"@id":"https:\/\/drawings-online.com\/en\/#\/schema\/logo\/image\/"},"sameAs":["https:\/\/www.facebook.com\/people\/Drawings-online\/100034942735866\/","https:\/\/x.com\/OnlineDrawings","https:\/\/www.instagram.com\/drawings_online_com\/"]}]}},"jetpack_sharing_enabled":true,"_links":{"self":[{"href":"https:\/\/drawings-online.com\/en\/wp-json\/wp\/v2\/product\/1972","targetHints":{"allow":["GET"]}}],"collection":[{"href":"https:\/\/drawings-online.com\/en\/wp-json\/wp\/v2\/product"}],"about":[{"href":"https:\/\/drawings-online.com\/en\/wp-json\/wp\/v2\/types\/product"}],"wp:featuredmedia":[{"embeddable":true,"href":"https:\/\/drawings-online.com\/en\/wp-json\/wp\/v2\/media\/1973"}],"wp:attachment":[{"href":"https:\/\/drawings-online.com\/en\/wp-json\/wp\/v2\/media?parent=1972"}],"wp:term":[{"taxonomy":"product_brand","embeddable":true,"href":"https:\/\/drawings-online.com\/en\/wp-json\/wp\/v2\/product_brand?post=1972"},{"taxonomy":"product_cat","embeddable":true,"href":"https:\/\/drawings-online.com\/en\/wp-json\/wp\/v2\/product_cat?post=1972"},{"taxonomy":"product_tag","embeddable":true,"href":"https:\/\/drawings-online.com\/en\/wp-json\/wp\/v2\/product_tag?post=1972"}],"curies":[{"name":"wp","href":"https:\/\/api.w.org\/{rel}","templated":true}]}}