{"id":1966,"date":"2021-02-11T02:00:50","date_gmt":"2021-02-11T01:00:50","guid":{"rendered":"https:\/\/drawings-online.com\/product\/\/"},"modified":"2023-01-18T09:45:50","modified_gmt":"2023-01-18T08:45:50","slug":"vue-du-salon-du-comte-et-de-la-comtesse-de-bruges-a-berlin-ecole-allemande-du-xixe-siecle","status":"publish","type":"product","link":"https:\/\/drawings-online.com\/en\/product\/view-of-the-living-room-of-count-and-countess-de-bruges-in-berlin-german-school-from-the-19th-century\/","title":{"rendered":"View of the living-room of Count and Countess de Bruges in Berlin, German School from the 19th century"},"content":{"rendered":"<p><b><span style=\"font-family: arial, sans-serif;\">German School, 19th century<\/span><\/b><\/p>\n<p><strong><i><span style=\"font-family: arial, sans-serif;\">View of the living-room of Count and Countess de Bruges in Berlin<\/span><\/i><\/strong><\/p>\n<p><span style=\"font-family: arial, sans-serif;\"><span lang=\"EN-US\">Watercolor on graphite, arabic gum on the table cloth.<\/span><\/span><\/p>\n<p><span style=\"font-family: arial, sans-serif;\"><span lang=\"EN-US\"> Inscribed on the verso\u00a0<i>Salon de ma m\u00e8re \u00e0 Berlin \/ donn\u00e9 par R\u00f6scher\u00a0<\/i><\/span><span lang=\"EN-US\">[M<\/span><span lang=\"EN-US\">y mother&#8217;s living room in Berlin\/ given by R\u00f6scher<\/span><span lang=\"EN-US\">].\u00a0<\/span><\/span><\/p>\n<p>175 x 285 mm &#8211; 6 7\/8 x 11 1\/4 in.<\/p>\n<p><span lang=\"EN-US\"><span style=\"font-family: arial, sans-serif;\">Provenance: Marie-Charlotte Apollonie de Bruges (1802 \u2013 1893), wife of Henri Michel Scipion, marquis de la Rochelambert (1789 \u2013 1863); by descent to the present owner.<\/span><\/span><\/p>\n<p>&nbsp;<\/p>\n<p><span lang=\"EN-US\"><span style=\"font-family: arial, sans-serif;\">\u00a0<\/span><\/span><span style=\"font-family: arial, sans-serif;\">An excellent example of drawing as support to family memories, this view of a bedroom at Countess Alphonse de Bruges in Berlin was kept with numerous other documents in an amicorum album gathered by the countess&#8217;s daughter, Apollonie de Bruges, to keep together the most important souvenirs and mementos of her life. Born in Berlin in a monarchist family who had emigrated under the French Revolution, Apollonie de Bruges came back to Paris to be educated in the Augustinian ladies&#8217; convent, where she befriended Georges Sand. In 1822, she married Count de Rochelambert. The artist, whose name can be read as R\u00f6scher is little known. There are several artists called Roscher in 19th-century Germany. It could be August\u00a0Eduard Ferdinand R\u00f6scher who is known for his self-portrait.<\/span><\/p>\n<p><span style=\"font-family: arial, sans-serif;\">Condition report &#8211; Laid down on paper. A fold on the left edge.<\/span><\/p>\n","protected":false},"excerpt":{"rendered":"<p><em>In the privacy of an aristocratic family. <\/em><br \/>\nView of the living-room of Count and Countess de Bruges in Berlin, German School from the 19th century.<\/p>\n","protected":false},"featured_media":1967,"template":"","meta":{"_themeisle_gutenberg_block_has_review":false},"product_brand":[],"product_cat":[84],"product_tag":[190,37,32,346,353,416,176],"class_list":{"0":"post-1966","1":"product","2":"type-product","3":"status-publish","4":"has-post-thumbnail","6":"product_cat-german-school","7":"product_tag-interior-view","8":"product_tag-19th","9":"product_tag-watercolour","10":"product_tag-19th-century-drawings","11":"product_tag-gallery","12":"product_tag-n3","13":"product_tag-interior-scene","15":"first","16":"outofstock","17":"taxable","18":"shipping-taxable","19":"purchasable","20":"product-type-simple"},"yoast_head":"<!-- This site is optimized with the Yoast SEO plugin v27.4 - https:\/\/yoast.com\/product\/yoast-seo-wordpress\/ -->\n<title>View of the living-room of Count and Countess de Bruges in Berlin, German School from the 19th century<\/title>\n<meta name=\"description\" content=\"In the privacy of an aristocratic family.  View of the living-room of Count and Countess de Bruges in Berlin, German School from the 19th century.\" \/>\n<meta name=\"robots\" content=\"index, follow, max-snippet:-1, max-image-preview:large, max-video-preview:-1\" \/>\n<link rel=\"canonical\" href=\"http:\/\/In%20the%20privacy%20of%20an%20aristocratic%20family.%20%20View%20of%20the%20living-room%20of%20Count%20and%20Countess%20de%20Bruges%20in%20Berlin,%20German%20School%20from%20the%2019th%20century.\" \/>\n<meta property=\"og:locale\" content=\"en_US\" \/>\n<meta property=\"og:type\" content=\"article\" \/>\n<meta property=\"og:title\" content=\"View of the living-room of Count and Countess de Bruges in Berlin, German School from the 19th century\" \/>\n<meta property=\"og:description\" content=\"In the privacy of an aristocratic family.  View of the living-room of Count and Countess de Bruges in Berlin, German School from the 19th century.\" \/>\n<meta property=\"og:url\" content=\"https:\/\/drawings-online.com\/en\/product\/view-of-the-living-room-of-count-and-countess-de-bruges-in-berlin-german-school-from-the-19th-century\/\" \/>\n<meta property=\"og:site_name\" content=\"Drawings-online\" \/>\n<meta property=\"article:publisher\" content=\"https:\/\/www.facebook.com\/people\/Drawings-online\/100034942735866\/\" \/>\n<meta property=\"article:modified_time\" content=\"2023-01-18T08:45:50+00:00\" \/>\n<meta property=\"og:image\" content=\"https:\/\/drawings-online.com\/wp-content\/uploads\/2021\/02\/DSC_1352_1-1024x1024.png\" \/>\n\t<meta property=\"og:image:width\" content=\"1024\" \/>\n\t<meta property=\"og:image:height\" content=\"1024\" \/>\n\t<meta property=\"og:image:type\" content=\"image\/png\" \/>\n<meta name=\"twitter:card\" content=\"summary_large_image\" \/>\n<meta name=\"twitter:site\" content=\"@OnlineDrawings\" \/>\n<meta name=\"twitter:label1\" content=\"Est. reading time\" \/>\n\t<meta name=\"twitter:data1\" content=\"1 minute\" \/>\n<script type=\"application\/ld+json\" class=\"yoast-schema-graph\">{\"@context\":\"https:\\\/\\\/schema.org\",\"@graph\":[{\"@type\":\"WebPage\",\"@id\":\"https:\\\/\\\/drawings-online.com\\\/en\\\/product\\\/view-of-the-living-room-of-count-and-countess-de-bruges-in-berlin-german-school-from-the-19th-century\\\/\",\"url\":\"https:\\\/\\\/drawings-online.com\\\/en\\\/product\\\/view-of-the-living-room-of-count-and-countess-de-bruges-in-berlin-german-school-from-the-19th-century\\\/\",\"name\":\"Vue du salon du comte et de la comtesse de Bruges, \u00e0 Berlin, \u00c9cole allemande du XIXe si\u00e8cle - Drawings-online\",\"isPartOf\":{\"@id\":\"https:\\\/\\\/drawings-online.com\\\/#website\"},\"primaryImageOfPage\":{\"@id\":\"https:\\\/\\\/drawings-online.com\\\/en\\\/product\\\/view-of-the-living-room-of-count-and-countess-de-bruges-in-berlin-german-school-from-the-19th-century\\\/#primaryimage\"},\"image\":{\"@id\":\"https:\\\/\\\/drawings-online.com\\\/en\\\/product\\\/view-of-the-living-room-of-count-and-countess-de-bruges-in-berlin-german-school-from-the-19th-century\\\/#primaryimage\"},\"thumbnailUrl\":\"https:\\\/\\\/drawings-online.com\\\/wp-content\\\/uploads\\\/2021\\\/02\\\/DSC_1352_1.png\",\"datePublished\":\"2021-02-11T01:00:50+00:00\",\"dateModified\":\"2023-01-18T08:45:50+00:00\",\"breadcrumb\":{\"@id\":\"https:\\\/\\\/drawings-online.com\\\/en\\\/product\\\/view-of-the-living-room-of-count-and-countess-de-bruges-in-berlin-german-school-from-the-19th-century\\\/#breadcrumb\"},\"inLanguage\":\"en-US\",\"potentialAction\":[{\"@type\":\"ReadAction\",\"target\":[\"https:\\\/\\\/drawings-online.com\\\/en\\\/product\\\/view-of-the-living-room-of-count-and-countess-de-bruges-in-berlin-german-school-from-the-19th-century\\\/\"]}]},{\"@type\":\"ImageObject\",\"inLanguage\":\"en-US\",\"@id\":\"https:\\\/\\\/drawings-online.com\\\/en\\\/product\\\/view-of-the-living-room-of-count-and-countess-de-bruges-in-berlin-german-school-from-the-19th-century\\\/#primaryimage\",\"url\":\"https:\\\/\\\/drawings-online.com\\\/wp-content\\\/uploads\\\/2021\\\/02\\\/DSC_1352_1.png\",\"contentUrl\":\"https:\\\/\\\/drawings-online.com\\\/wp-content\\\/uploads\\\/2021\\\/02\\\/DSC_1352_1.png\",\"width\":1800,\"height\":1800,\"caption\":\"\u00c9cole allemande, XIXe si\u00e8cle. Vue du salon du comte et de la comtesse de Bruges, \u00e0 Berlin.\"},{\"@type\":\"BreadcrumbList\",\"@id\":\"https:\\\/\\\/drawings-online.com\\\/en\\\/product\\\/view-of-the-living-room-of-count-and-countess-de-bruges-in-berlin-german-school-from-the-19th-century\\\/#breadcrumb\",\"itemListElement\":[{\"@type\":\"ListItem\",\"position\":1,\"name\":\"Works available\",\"item\":\"https:\\\/\\\/drawings-online.com\\\/\"},{\"@type\":\"ListItem\",\"position\":2,\"name\":\"Gallery\",\"item\":\"https:\\\/\\\/drawings-online.com\\\/galerie\\\/\"},{\"@type\":\"ListItem\",\"position\":3,\"name\":\"\\\"Portraits\\\" d'int\u00e9rieurs\",\"item\":\"https:\\\/\\\/drawings-online.com\\\/product_tag\\\/portraits-dinterieurs\\\/\"},{\"@type\":\"ListItem\",\"position\":4,\"name\":\"View of the living-room of Count and Countess de Bruges in Berlin, German School from the 19th century\"}]},{\"@type\":\"WebSite\",\"@id\":\"https:\\\/\\\/drawings-online.com\\\/en\\\/#website\",\"url\":\"https:\\\/\\\/drawings-online.com\\\/en\\\/\",\"name\":\"Drawings-online\",\"description\":\"Dessins en ligne\",\"publisher\":{\"@id\":\"https:\\\/\\\/drawings-online.com\\\/en\\\/#organization\"},\"potentialAction\":[{\"@type\":\"SearchAction\",\"target\":{\"@type\":\"EntryPoint\",\"urlTemplate\":\"https:\\\/\\\/drawings-online.com\\\/en\\\/?s={search_term_string}\"},\"query-input\":{\"@type\":\"PropertyValueSpecification\",\"valueRequired\":true,\"valueName\":\"search_term_string\"}}],\"inLanguage\":\"en-US\"},{\"@type\":\"Organization\",\"@id\":\"https:\\\/\\\/drawings-online.com\\\/en\\\/#organization\",\"name\":\"Drawings-online\",\"url\":\"https:\\\/\\\/drawings-online.com\\\/en\\\/\",\"logo\":{\"@type\":\"ImageObject\",\"inLanguage\":\"en-US\",\"@id\":\"https:\\\/\\\/drawings-online.com\\\/en\\\/#\\\/schema\\\/logo\\\/image\\\/\",\"url\":\"https:\\\/\\\/drawings-online.com\\\/wp-content\\\/uploads\\\/2020\\\/12\\\/drawings-icone-transp-e1607442878135.png\",\"contentUrl\":\"https:\\\/\\\/drawings-online.com\\\/wp-content\\\/uploads\\\/2020\\\/12\\\/drawings-icone-transp-e1607442878135.png\",\"width\":150,\"height\":150,\"caption\":\"Drawings-online\"},\"image\":{\"@id\":\"https:\\\/\\\/drawings-online.com\\\/en\\\/#\\\/schema\\\/logo\\\/image\\\/\"},\"sameAs\":[\"https:\\\/\\\/www.facebook.com\\\/people\\\/Drawings-online\\\/100034942735866\\\/\",\"https:\\\/\\\/x.com\\\/OnlineDrawings\",\"https:\\\/\\\/www.instagram.com\\\/drawings_online_com\\\/\"]}]}<\/script>\n<!-- \/ Yoast SEO plugin. -->","yoast_head_json":{"title":"View of the living-room of Count and Countess de Bruges in Berlin, German School from the 19th century","description":"In the privacy of an aristocratic family.  View of the living-room of Count and Countess de Bruges in Berlin, German School from the 19th century.","robots":{"index":"index","follow":"follow","max-snippet":"max-snippet:-1","max-image-preview":"max-image-preview:large","max-video-preview":"max-video-preview:-1"},"canonical":"In the privacy of an aristocratic family.  View of the living-room of Count and Countess de Bruges in Berlin, German School from the 19th century.","og_locale":"en_US","og_type":"article","og_title":"View of the living-room of Count and Countess de Bruges in Berlin, German School from the 19th century","og_description":"In the privacy of an aristocratic family.  View of the living-room of Count and Countess de Bruges in Berlin, German School from the 19th century.","og_url":"https:\/\/drawings-online.com\/en\/product\/view-of-the-living-room-of-count-and-countess-de-bruges-in-berlin-german-school-from-the-19th-century\/","og_site_name":"Drawings-online","article_publisher":"https:\/\/www.facebook.com\/people\/Drawings-online\/100034942735866\/","article_modified_time":"2023-01-18T08:45:50+00:00","og_image":[{"width":1024,"height":1024,"url":"https:\/\/drawings-online.com\/wp-content\/uploads\/2021\/02\/DSC_1352_1-1024x1024.png","type":"image\/png"}],"twitter_card":"summary_large_image","twitter_site":"@OnlineDrawings","twitter_misc":{"Est. reading time":"1 minute"},"schema":{"@context":"https:\/\/schema.org","@graph":[{"@type":"WebPage","@id":"https:\/\/drawings-online.com\/en\/product\/view-of-the-living-room-of-count-and-countess-de-bruges-in-berlin-german-school-from-the-19th-century\/","url":"https:\/\/drawings-online.com\/en\/product\/view-of-the-living-room-of-count-and-countess-de-bruges-in-berlin-german-school-from-the-19th-century\/","name":"Vue du salon du comte et de la comtesse de Bruges, \u00e0 Berlin, \u00c9cole allemande du XIXe si\u00e8cle - Drawings-online","isPartOf":{"@id":"https:\/\/drawings-online.com\/#website"},"primaryImageOfPage":{"@id":"https:\/\/drawings-online.com\/en\/product\/view-of-the-living-room-of-count-and-countess-de-bruges-in-berlin-german-school-from-the-19th-century\/#primaryimage"},"image":{"@id":"https:\/\/drawings-online.com\/en\/product\/view-of-the-living-room-of-count-and-countess-de-bruges-in-berlin-german-school-from-the-19th-century\/#primaryimage"},"thumbnailUrl":"https:\/\/drawings-online.com\/wp-content\/uploads\/2021\/02\/DSC_1352_1.png","datePublished":"2021-02-11T01:00:50+00:00","dateModified":"2023-01-18T08:45:50+00:00","breadcrumb":{"@id":"https:\/\/drawings-online.com\/en\/product\/view-of-the-living-room-of-count-and-countess-de-bruges-in-berlin-german-school-from-the-19th-century\/#breadcrumb"},"inLanguage":"en-US","potentialAction":[{"@type":"ReadAction","target":["https:\/\/drawings-online.com\/en\/product\/view-of-the-living-room-of-count-and-countess-de-bruges-in-berlin-german-school-from-the-19th-century\/"]}]},{"@type":"ImageObject","inLanguage":"en-US","@id":"https:\/\/drawings-online.com\/en\/product\/view-of-the-living-room-of-count-and-countess-de-bruges-in-berlin-german-school-from-the-19th-century\/#primaryimage","url":"https:\/\/drawings-online.com\/wp-content\/uploads\/2021\/02\/DSC_1352_1.png","contentUrl":"https:\/\/drawings-online.com\/wp-content\/uploads\/2021\/02\/DSC_1352_1.png","width":1800,"height":1800,"caption":"\u00c9cole allemande, XIXe si\u00e8cle. Vue du salon du comte et de la comtesse de Bruges, \u00e0 Berlin."},{"@type":"BreadcrumbList","@id":"https:\/\/drawings-online.com\/en\/product\/view-of-the-living-room-of-count-and-countess-de-bruges-in-berlin-german-school-from-the-19th-century\/#breadcrumb","itemListElement":[{"@type":"ListItem","position":1,"name":"Works available","item":"https:\/\/drawings-online.com\/"},{"@type":"ListItem","position":2,"name":"Gallery","item":"https:\/\/drawings-online.com\/galerie\/"},{"@type":"ListItem","position":3,"name":"\"Portraits\" d'int\u00e9rieurs","item":"https:\/\/drawings-online.com\/product_tag\/portraits-dinterieurs\/"},{"@type":"ListItem","position":4,"name":"View of the living-room of Count and Countess de Bruges in Berlin, German School from the 19th century"}]},{"@type":"WebSite","@id":"https:\/\/drawings-online.com\/en\/#website","url":"https:\/\/drawings-online.com\/en\/","name":"Drawings-online","description":"Dessins en ligne","publisher":{"@id":"https:\/\/drawings-online.com\/en\/#organization"},"potentialAction":[{"@type":"SearchAction","target":{"@type":"EntryPoint","urlTemplate":"https:\/\/drawings-online.com\/en\/?s={search_term_string}"},"query-input":{"@type":"PropertyValueSpecification","valueRequired":true,"valueName":"search_term_string"}}],"inLanguage":"en-US"},{"@type":"Organization","@id":"https:\/\/drawings-online.com\/en\/#organization","name":"Drawings-online","url":"https:\/\/drawings-online.com\/en\/","logo":{"@type":"ImageObject","inLanguage":"en-US","@id":"https:\/\/drawings-online.com\/en\/#\/schema\/logo\/image\/","url":"https:\/\/drawings-online.com\/wp-content\/uploads\/2020\/12\/drawings-icone-transp-e1607442878135.png","contentUrl":"https:\/\/drawings-online.com\/wp-content\/uploads\/2020\/12\/drawings-icone-transp-e1607442878135.png","width":150,"height":150,"caption":"Drawings-online"},"image":{"@id":"https:\/\/drawings-online.com\/en\/#\/schema\/logo\/image\/"},"sameAs":["https:\/\/www.facebook.com\/people\/Drawings-online\/100034942735866\/","https:\/\/x.com\/OnlineDrawings","https:\/\/www.instagram.com\/drawings_online_com\/"]}]}},"jetpack_sharing_enabled":true,"_links":{"self":[{"href":"https:\/\/drawings-online.com\/en\/wp-json\/wp\/v2\/product\/1966","targetHints":{"allow":["GET"]}}],"collection":[{"href":"https:\/\/drawings-online.com\/en\/wp-json\/wp\/v2\/product"}],"about":[{"href":"https:\/\/drawings-online.com\/en\/wp-json\/wp\/v2\/types\/product"}],"wp:featuredmedia":[{"embeddable":true,"href":"https:\/\/drawings-online.com\/en\/wp-json\/wp\/v2\/media\/1967"}],"wp:attachment":[{"href":"https:\/\/drawings-online.com\/en\/wp-json\/wp\/v2\/media?parent=1966"}],"wp:term":[{"taxonomy":"product_brand","embeddable":true,"href":"https:\/\/drawings-online.com\/en\/wp-json\/wp\/v2\/product_brand?post=1966"},{"taxonomy":"product_cat","embeddable":true,"href":"https:\/\/drawings-online.com\/en\/wp-json\/wp\/v2\/product_cat?post=1966"},{"taxonomy":"product_tag","embeddable":true,"href":"https:\/\/drawings-online.com\/en\/wp-json\/wp\/v2\/product_tag?post=1966"}],"curies":[{"name":"wp","href":"https:\/\/api.w.org\/{rel}","templated":true}]}}