{"id":1849,"date":"2021-01-14T12:20:11","date_gmt":"2021-01-14T11:20:11","guid":{"rendered":"https:\/\/drawings-online.com\/product\/\/"},"modified":"2023-08-28T17:48:22","modified_gmt":"2023-08-28T15:48:22","slug":"le-peintre-alphonse-de-neuville-dans-son-atelier-par-marie-desiree-bourgoin","status":"publish","type":"product","link":"https:\/\/drawings-online.com\/en\/product\/painter-alphonse-de-neuville-in-his-studio-by-marie-desiree-bourgoin\/","title":{"rendered":"Painter Alphonse de Neuville in his Studio by Marie-D\u00e9sir\u00e9e Bourgoin"},"content":{"rendered":"<p class=\"has-text-align-left\"><strong>Marie-D\u00e9sir\u00e9e Bourgoin<\/strong><\/p>\n<p class=\"has-text-align-left\">Paris ? 1839 \u2013 Paris 1912<\/p>\n<p class=\"has-text-align-left\"><strong><em>Painter Alphonse de Neuville in his Studio<\/em><\/strong><\/p>\n<p>Signed <em>Bourgoin<\/em> at upper right.<\/p>\n<p class=\"has-text-align-left\">Watercolor, pencil.<\/p>\n<p class=\"has-text-align-left\">367 x 541 mm\u00a0 &#8211; 14 \u00bd x 21 3\/8 in.<\/p>\n<p><strong>Provenance\u00a0<\/strong>: Inscriptions on the verso of an Anglo-Saxon art dealer:\u00a0<em>Invoiced in the oil painting book\/<s>#4438<\/s>\/Fes am 54\/# 204\/Subject de Neuville\u2019s studio\/by\/Bourgoin<\/em>.<\/p>\n<p><a href=\"https:\/\/www.photo.rmn.fr\/CorexDoc\/RMN\/Media\/TR1\/6R9JPD\/98-014349.jpg\" target=\"_blank\" rel=\"noopener\"><img loading=\"lazy\" decoding=\"async\" class=\"alignleft wp-image-1651\" src=\"https:\/\/drawings-online.com\/wp-content\/uploads\/2021\/01\/Alphonse-de-NEUVILLE-1836-1885-1-214x300.jpg\" sizes=\"auto, (max-width: 113px) 100vw, 113px\" srcset=\"https:\/\/drawings-online.com\/wp-content\/uploads\/2021\/01\/Alphonse-de-NEUVILLE-1836-1885-1-214x300.jpg 214w, https:\/\/drawings-online.com\/wp-content\/uploads\/2021\/01\/Alphonse-de-NEUVILLE-1836-1885-1-300x421.jpg 300w, https:\/\/drawings-online.com\/wp-content\/uploads\/2021\/01\/Alphonse-de-NEUVILLE-1836-1885-1.jpg 450w\" alt=\"\" width=\"113\" height=\"159\" \/><\/a><\/p>\n<p>Even without any inscriptions referring to the model\u2019s identity, we could not fail identifying the battle painter Alphonse de Neuville (1836 \u2013 1885), whose stern face, long nose and characteristic whiskers are known from several photographs (including a\u00a0<a href=\"https:\/\/www.photo.rmn.fr\/CorexDoc\/RMN\/Media\/TR1\/6R9JPD\/98-014349.jpg\" target=\"_blank\" rel=\"noopener\">Woodburytype by Ferdinand Mulnier<\/a>\u00a0\u2013 one copy is at the Mus\u00e9e d\u2019Orsay, and the other at the Los Angeles County Museum of Art) as well as from his\u00a0<a href=\"https:\/\/www.osenat.com\/lot\/18616\/3774646\" target=\"_blank\" rel=\"noopener\"><i>Self-Portrait with a Black Dolman\u00a0<\/i><\/a>(Oil on canvas, Fontainebleau, Osenat, 23\/03\/2014, lot 104).<\/p>\n<p style=\"font-size: 14.4px;\">\u00a0<\/p>\n<div class=\"wp-block-spacer\" aria-hidden=\"true\">\u00a0<\/div>\n<p>The artist is shown at work in his studio in the rue Br\u00e9montier, leaning over his drawings, little worried about the sketches carelessly scattered about. Around him are spread painting equipments, \u201cweapons, of war, military hats and parts of weapons,\u201d which were sold at two posthumous studio sales on May 5 and 6, 1886, lots 270 \u2013 386 and then on May 25, 1898, lot 291. We can also identify the \u201cbig carved wooden table, held up by pilasters with gadrooning, scrolled legs, crossbar with fruit and leaf design of Louis XIII style\u201d covered with oriental rugs that were also sold with deckchairs (lot 289 of 1898 sale. In the rear of the studio we recognize two famous works by the painter:\u00a0<i>The Footbridge in Stiring<\/i>,\u00a0<i>August 1870<\/i>\u00a0painted the same year (Stiring Town Hall) on the right, and\u00a0<i>the Attack on a Barricaded House at Villersexel<\/i>\u00a0(1875, Mus\u00e9e d\u2019Orsay) on the left, both featured at the sale on May 5, 1886 (lots 7 and 8). Not all the paintings on the walls are Neuville\u2019s; the posthumous sale in 1898 shows that the artist loved the paintings by D\u00e9taille, Gudin, as well as by the Russian artists Alexey Petrovich Bogolyubov (1824-1896) and Pavel Osipovich Kovalevsky (1843-1903). He also owned a landscape watercolor by a Bourgoin (lot 68), who, if not Adolphe Aim\u00e9 Bourgoin, could be Marie D\u00e9sir\u00e9e.<\/p>\n<p>There exist photographs of Alphonse de Neuville\u2019s studio made by Auguste Giraudon; taken after the painter\u2019s death, they do not show quite the same arrangement, but include certain elements, paintings, of course, the table, lances and weapons. The atmosphere of the studio, perfectly captured in the watercolor, is completely fin-de-si\u00e8cle and it mixes the Haute \u00c9poque, the Oriental Art and Ancient History. It is interesting to compare it with that of Edouard D\u00e9taille\u2019s studio, the other battle painter of the time, who was much more orderly and methodical.<\/p>\n<p>Besides its beautiful decorative quality, Marie-D\u00e9sir\u00e9e Bourgoin\u2019s watercolor provides valuable evidence of the eclectic taste and excessiveness of the time. She beautifully and with a touch of humor captures the painter absorbed in his work, dressed in a military uniform himself. This talented watercolor artist is little known. She mainly painted landscapes, but also made beautiful portraits, such as\u00a0<i>Sarah Bernhardt Sculpting in Her Studio<\/i>\u00a0and interior views, for example\u00a0<i>Interior of the Luis XII Gallery of the Baron A. de Rothschild<\/i>.<\/p>\n","protected":false},"excerpt":{"rendered":"<p><em>The lavish workshop of military painter Alphonse de Neuville.<\/em><\/p>\n<p>Painter Alphonse de Neuville in his Studio by Marie-D\u00e9sir\u00e9e Bourgoin.<\/p>\n","protected":false},"featured_media":1604,"template":"","meta":{"_themeisle_gutenberg_block_has_review":false},"product_brand":[],"product_cat":[78],"product_tag":[37,104,32,179,346,180,353,423,415],"class_list":{"0":"post-1849","1":"product","2":"type-product","3":"status-publish","4":"has-post-thumbnail","6":"product_cat-french-school","7":"product_tag-19th","8":"product_tag-20th","9":"product_tag-watercolour","10":"product_tag-artists-studio","11":"product_tag-19th-century-drawings","12":"product_tag-female-painter","13":"product_tag-gallery","14":"product_tag-n15b","15":"product_tag-n2","17":"first","18":"outofstock","19":"taxable","20":"shipping-taxable","21":"product-type-simple"},"yoast_head":"<!-- This site is optimized with the Yoast SEO plugin v27.5 - https:\/\/yoast.com\/product\/yoast-seo-wordpress\/ -->\n<title>Painter Alphonse de Neuville in his Studio by Marie-D\u00e9sir\u00e9e Bourgoin<\/title>\n<meta name=\"description\" content=\"The lavish workshop of military painter Alphonse de Neuville.Painter Alphonse de Neuville in his Studio by Marie-D\u00e9sir\u00e9e Bourgoin.\" \/>\n<meta name=\"robots\" content=\"index, follow, max-snippet:-1, max-image-preview:large, max-video-preview:-1\" \/>\n<link rel=\"canonical\" href=\"http:\/\/The%20lavish%20workshop%20of%20military%20painter%20Alphonse%20de%20Neuville.Painter%20Alphonse%20de%20Neuville%20in%20his%20Studio%20by%20Marie-D\u00e9sir\u00e9e%20Bourgoin.\" \/>\n<meta property=\"og:locale\" content=\"en_US\" \/>\n<meta property=\"og:type\" content=\"article\" \/>\n<meta property=\"og:title\" content=\"Painter Alphonse de Neuville in his Studio by Marie-D\u00e9sir\u00e9e Bourgoin\" \/>\n<meta property=\"og:description\" content=\"The lavish workshop of military painter Alphonse de Neuville.Painter Alphonse de Neuville in his Studio by Marie-D\u00e9sir\u00e9e Bourgoin.\" \/>\n<meta property=\"og:url\" content=\"https:\/\/drawings-online.com\/en\/product\/painter-alphonse-de-neuville-in-his-studio-by-marie-desiree-bourgoin\/\" \/>\n<meta property=\"og:site_name\" content=\"Drawings-online\" \/>\n<meta property=\"article:publisher\" content=\"https:\/\/www.facebook.com\/people\/Drawings-online\/100034942735866\/\" \/>\n<meta property=\"article:modified_time\" content=\"2023-08-28T15:48:22+00:00\" \/>\n<meta property=\"og:image\" content=\"https:\/\/drawings-online.com\/wp-content\/uploads\/2021\/01\/DSC_9645_1-1024x1024.png\" \/>\n\t<meta property=\"og:image:width\" content=\"1024\" \/>\n\t<meta property=\"og:image:height\" content=\"1024\" \/>\n\t<meta property=\"og:image:type\" content=\"image\/png\" \/>\n<meta name=\"twitter:card\" content=\"summary_large_image\" \/>\n<meta name=\"twitter:site\" content=\"@OnlineDrawings\" \/>\n<meta name=\"twitter:label1\" content=\"Est. reading time\" \/>\n\t<meta name=\"twitter:data1\" content=\"3 minutes\" \/>\n<script type=\"application\/ld+json\" class=\"yoast-schema-graph\">{\"@context\":\"https:\\\/\\\/schema.org\",\"@graph\":[{\"@type\":\"WebPage\",\"@id\":\"https:\\\/\\\/drawings-online.com\\\/en\\\/product\\\/painter-alphonse-de-neuville-in-his-studio-by-marie-desiree-bourgoin\\\/\",\"url\":\"https:\\\/\\\/drawings-online.com\\\/en\\\/product\\\/painter-alphonse-de-neuville-in-his-studio-by-marie-desiree-bourgoin\\\/\",\"name\":\"Le peintre Alphonse de Neuville dans son atelier par Marie-D\u00e9sir\u00e9 Bourgoin - Drawings-online\",\"isPartOf\":{\"@id\":\"https:\\\/\\\/drawings-online.com\\\/#website\"},\"primaryImageOfPage\":{\"@id\":\"https:\\\/\\\/drawings-online.com\\\/en\\\/product\\\/painter-alphonse-de-neuville-in-his-studio-by-marie-desiree-bourgoin\\\/#primaryimage\"},\"image\":{\"@id\":\"https:\\\/\\\/drawings-online.com\\\/en\\\/product\\\/painter-alphonse-de-neuville-in-his-studio-by-marie-desiree-bourgoin\\\/#primaryimage\"},\"thumbnailUrl\":\"https:\\\/\\\/drawings-online.com\\\/wp-content\\\/uploads\\\/2021\\\/01\\\/DSC_9645_1.png\",\"datePublished\":\"2021-01-14T11:20:11+00:00\",\"dateModified\":\"2023-08-28T15:48:22+00:00\",\"breadcrumb\":{\"@id\":\"https:\\\/\\\/drawings-online.com\\\/en\\\/product\\\/painter-alphonse-de-neuville-in-his-studio-by-marie-desiree-bourgoin\\\/#breadcrumb\"},\"inLanguage\":\"en-US\",\"potentialAction\":[{\"@type\":\"ReadAction\",\"target\":[\"https:\\\/\\\/drawings-online.com\\\/en\\\/product\\\/painter-alphonse-de-neuville-in-his-studio-by-marie-desiree-bourgoin\\\/\"]}]},{\"@type\":\"ImageObject\",\"inLanguage\":\"en-US\",\"@id\":\"https:\\\/\\\/drawings-online.com\\\/en\\\/product\\\/painter-alphonse-de-neuville-in-his-studio-by-marie-desiree-bourgoin\\\/#primaryimage\",\"url\":\"https:\\\/\\\/drawings-online.com\\\/wp-content\\\/uploads\\\/2021\\\/01\\\/DSC_9645_1.png\",\"contentUrl\":\"https:\\\/\\\/drawings-online.com\\\/wp-content\\\/uploads\\\/2021\\\/01\\\/DSC_9645_1.png\",\"width\":1800,\"height\":1800,\"caption\":\"Le peintre Alphonse de Neuville dans son atelier par MARIE-D\u00c9SIR\u00c9E BOURGOIN\"},{\"@type\":\"BreadcrumbList\",\"@id\":\"https:\\\/\\\/drawings-online.com\\\/en\\\/product\\\/painter-alphonse-de-neuville-in-his-studio-by-marie-desiree-bourgoin\\\/#breadcrumb\",\"itemListElement\":[{\"@type\":\"ListItem\",\"position\":1,\"name\":\"Works available\",\"item\":\"https:\\\/\\\/drawings-online.com\\\/\"},{\"@type\":\"ListItem\",\"position\":2,\"name\":\"Gallery\",\"item\":\"https:\\\/\\\/drawings-online.com\\\/galerie\\\/\"},{\"@type\":\"ListItem\",\"position\":3,\"name\":\"19e\",\"item\":\"https:\\\/\\\/drawings-online.com\\\/product_tag\\\/19e\\\/\"},{\"@type\":\"ListItem\",\"position\":4,\"name\":\"Painter Alphonse de Neuville in his Studio by Marie-D\u00e9sir\u00e9e Bourgoin\"}]},{\"@type\":\"WebSite\",\"@id\":\"https:\\\/\\\/drawings-online.com\\\/en\\\/#website\",\"url\":\"https:\\\/\\\/drawings-online.com\\\/en\\\/\",\"name\":\"Drawings-online\",\"description\":\"Dessins en ligne\",\"publisher\":{\"@id\":\"https:\\\/\\\/drawings-online.com\\\/en\\\/#organization\"},\"potentialAction\":[{\"@type\":\"SearchAction\",\"target\":{\"@type\":\"EntryPoint\",\"urlTemplate\":\"https:\\\/\\\/drawings-online.com\\\/en\\\/?s={search_term_string}\"},\"query-input\":{\"@type\":\"PropertyValueSpecification\",\"valueRequired\":true,\"valueName\":\"search_term_string\"}}],\"inLanguage\":\"en-US\"},{\"@type\":\"Organization\",\"@id\":\"https:\\\/\\\/drawings-online.com\\\/en\\\/#organization\",\"name\":\"Drawings-online\",\"url\":\"https:\\\/\\\/drawings-online.com\\\/en\\\/\",\"logo\":{\"@type\":\"ImageObject\",\"inLanguage\":\"en-US\",\"@id\":\"https:\\\/\\\/drawings-online.com\\\/en\\\/#\\\/schema\\\/logo\\\/image\\\/\",\"url\":\"https:\\\/\\\/drawings-online.com\\\/wp-content\\\/uploads\\\/2020\\\/12\\\/drawings-icone-transp-e1607442878135.png\",\"contentUrl\":\"https:\\\/\\\/drawings-online.com\\\/wp-content\\\/uploads\\\/2020\\\/12\\\/drawings-icone-transp-e1607442878135.png\",\"width\":150,\"height\":150,\"caption\":\"Drawings-online\"},\"image\":{\"@id\":\"https:\\\/\\\/drawings-online.com\\\/en\\\/#\\\/schema\\\/logo\\\/image\\\/\"},\"sameAs\":[\"https:\\\/\\\/www.facebook.com\\\/people\\\/Drawings-online\\\/100034942735866\\\/\",\"https:\\\/\\\/x.com\\\/OnlineDrawings\",\"https:\\\/\\\/www.instagram.com\\\/drawings_online_com\\\/\"]}]}<\/script>\n<!-- \/ Yoast SEO plugin. -->","yoast_head_json":{"title":"Painter Alphonse de Neuville in his Studio by Marie-D\u00e9sir\u00e9e Bourgoin","description":"The lavish workshop of military painter Alphonse de Neuville.Painter Alphonse de Neuville in his Studio by Marie-D\u00e9sir\u00e9e Bourgoin.","robots":{"index":"index","follow":"follow","max-snippet":"max-snippet:-1","max-image-preview":"max-image-preview:large","max-video-preview":"max-video-preview:-1"},"canonical":"The lavish workshop of military painter Alphonse de Neuville.Painter Alphonse de Neuville in his Studio by Marie-D\u00e9sir\u00e9e Bourgoin.","og_locale":"en_US","og_type":"article","og_title":"Painter Alphonse de Neuville in his Studio by Marie-D\u00e9sir\u00e9e Bourgoin","og_description":"The lavish workshop of military painter Alphonse de Neuville.Painter Alphonse de Neuville in his Studio by Marie-D\u00e9sir\u00e9e Bourgoin.","og_url":"https:\/\/drawings-online.com\/en\/product\/painter-alphonse-de-neuville-in-his-studio-by-marie-desiree-bourgoin\/","og_site_name":"Drawings-online","article_publisher":"https:\/\/www.facebook.com\/people\/Drawings-online\/100034942735866\/","article_modified_time":"2023-08-28T15:48:22+00:00","og_image":[{"width":1024,"height":1024,"url":"https:\/\/drawings-online.com\/wp-content\/uploads\/2021\/01\/DSC_9645_1-1024x1024.png","type":"image\/png"}],"twitter_card":"summary_large_image","twitter_site":"@OnlineDrawings","twitter_misc":{"Est. reading time":"3 minutes"},"schema":{"@context":"https:\/\/schema.org","@graph":[{"@type":"WebPage","@id":"https:\/\/drawings-online.com\/en\/product\/painter-alphonse-de-neuville-in-his-studio-by-marie-desiree-bourgoin\/","url":"https:\/\/drawings-online.com\/en\/product\/painter-alphonse-de-neuville-in-his-studio-by-marie-desiree-bourgoin\/","name":"Le peintre Alphonse de Neuville dans son atelier par Marie-D\u00e9sir\u00e9 Bourgoin - Drawings-online","isPartOf":{"@id":"https:\/\/drawings-online.com\/#website"},"primaryImageOfPage":{"@id":"https:\/\/drawings-online.com\/en\/product\/painter-alphonse-de-neuville-in-his-studio-by-marie-desiree-bourgoin\/#primaryimage"},"image":{"@id":"https:\/\/drawings-online.com\/en\/product\/painter-alphonse-de-neuville-in-his-studio-by-marie-desiree-bourgoin\/#primaryimage"},"thumbnailUrl":"https:\/\/drawings-online.com\/wp-content\/uploads\/2021\/01\/DSC_9645_1.png","datePublished":"2021-01-14T11:20:11+00:00","dateModified":"2023-08-28T15:48:22+00:00","breadcrumb":{"@id":"https:\/\/drawings-online.com\/en\/product\/painter-alphonse-de-neuville-in-his-studio-by-marie-desiree-bourgoin\/#breadcrumb"},"inLanguage":"en-US","potentialAction":[{"@type":"ReadAction","target":["https:\/\/drawings-online.com\/en\/product\/painter-alphonse-de-neuville-in-his-studio-by-marie-desiree-bourgoin\/"]}]},{"@type":"ImageObject","inLanguage":"en-US","@id":"https:\/\/drawings-online.com\/en\/product\/painter-alphonse-de-neuville-in-his-studio-by-marie-desiree-bourgoin\/#primaryimage","url":"https:\/\/drawings-online.com\/wp-content\/uploads\/2021\/01\/DSC_9645_1.png","contentUrl":"https:\/\/drawings-online.com\/wp-content\/uploads\/2021\/01\/DSC_9645_1.png","width":1800,"height":1800,"caption":"Le peintre Alphonse de Neuville dans son atelier par MARIE-D\u00c9SIR\u00c9E BOURGOIN"},{"@type":"BreadcrumbList","@id":"https:\/\/drawings-online.com\/en\/product\/painter-alphonse-de-neuville-in-his-studio-by-marie-desiree-bourgoin\/#breadcrumb","itemListElement":[{"@type":"ListItem","position":1,"name":"Works available","item":"https:\/\/drawings-online.com\/"},{"@type":"ListItem","position":2,"name":"Gallery","item":"https:\/\/drawings-online.com\/galerie\/"},{"@type":"ListItem","position":3,"name":"19e","item":"https:\/\/drawings-online.com\/product_tag\/19e\/"},{"@type":"ListItem","position":4,"name":"Painter Alphonse de Neuville in his Studio by Marie-D\u00e9sir\u00e9e Bourgoin"}]},{"@type":"WebSite","@id":"https:\/\/drawings-online.com\/en\/#website","url":"https:\/\/drawings-online.com\/en\/","name":"Drawings-online","description":"Dessins en ligne","publisher":{"@id":"https:\/\/drawings-online.com\/en\/#organization"},"potentialAction":[{"@type":"SearchAction","target":{"@type":"EntryPoint","urlTemplate":"https:\/\/drawings-online.com\/en\/?s={search_term_string}"},"query-input":{"@type":"PropertyValueSpecification","valueRequired":true,"valueName":"search_term_string"}}],"inLanguage":"en-US"},{"@type":"Organization","@id":"https:\/\/drawings-online.com\/en\/#organization","name":"Drawings-online","url":"https:\/\/drawings-online.com\/en\/","logo":{"@type":"ImageObject","inLanguage":"en-US","@id":"https:\/\/drawings-online.com\/en\/#\/schema\/logo\/image\/","url":"https:\/\/drawings-online.com\/wp-content\/uploads\/2020\/12\/drawings-icone-transp-e1607442878135.png","contentUrl":"https:\/\/drawings-online.com\/wp-content\/uploads\/2020\/12\/drawings-icone-transp-e1607442878135.png","width":150,"height":150,"caption":"Drawings-online"},"image":{"@id":"https:\/\/drawings-online.com\/en\/#\/schema\/logo\/image\/"},"sameAs":["https:\/\/www.facebook.com\/people\/Drawings-online\/100034942735866\/","https:\/\/x.com\/OnlineDrawings","https:\/\/www.instagram.com\/drawings_online_com\/"]}]}},"jetpack_sharing_enabled":true,"_links":{"self":[{"href":"https:\/\/drawings-online.com\/en\/wp-json\/wp\/v2\/product\/1849","targetHints":{"allow":["GET"]}}],"collection":[{"href":"https:\/\/drawings-online.com\/en\/wp-json\/wp\/v2\/product"}],"about":[{"href":"https:\/\/drawings-online.com\/en\/wp-json\/wp\/v2\/types\/product"}],"wp:featuredmedia":[{"embeddable":true,"href":"https:\/\/drawings-online.com\/en\/wp-json\/wp\/v2\/media\/1604"}],"wp:attachment":[{"href":"https:\/\/drawings-online.com\/en\/wp-json\/wp\/v2\/media?parent=1849"}],"wp:term":[{"taxonomy":"product_brand","embeddable":true,"href":"https:\/\/drawings-online.com\/en\/wp-json\/wp\/v2\/product_brand?post=1849"},{"taxonomy":"product_cat","embeddable":true,"href":"https:\/\/drawings-online.com\/en\/wp-json\/wp\/v2\/product_cat?post=1849"},{"taxonomy":"product_tag","embeddable":true,"href":"https:\/\/drawings-online.com\/en\/wp-json\/wp\/v2\/product_tag?post=1849"}],"curies":[{"name":"wp","href":"https:\/\/api.w.org\/{rel}","templated":true}]}}