{"id":1847,"date":"2021-01-14T10:15:42","date_gmt":"2021-01-14T09:15:42","guid":{"rendered":"https:\/\/drawings-online.com\/product\/\/"},"modified":"2023-01-17T18:32:14","modified_gmt":"2023-01-17T17:32:14","slug":"adoration-des-bergers-ecole-genoise-xviiie-siecle","status":"publish","type":"product","link":"https:\/\/drawings-online.com\/en\/product\/adoration-of-the-shepherds-genoese-school-18th-century\/","title":{"rendered":"Adoration of the Shepherds, Genoese school, 18th century"},"content":{"rendered":"<div><strong><span style=\"color: #000000;\">Genoese school, 18th century<\/span><\/strong><\/div>\n<div><span style=\"color: #000000;\">\u00a0<\/span><\/div>\n<div><strong><em><span style=\"color: #000000;\">Adoration of the Shepherds<\/span><\/em><\/strong><\/div>\n<div><span style=\"color: #000000;\">\u00a0<\/span><\/div>\n<div><span style=\"color: #000000;\">Gouache on vellum.<\/span><\/div>\n<div>\u00a0<\/div>\n<div>\n<div>278 x 222 mm &#8211; 10 15\/16 x 8 3\/4 in.<\/div>\n<div>\u00a0<\/div>\n<\/div>\n<div><span style=\"color: #000000;\">Provenance &#8211; According to the inscription on the back of the old mount by a collector called F. Marquet: Spinola family, Genoa, with two other gouaches by the same hand; Mrs Blanc, Nice; acquired 1 000 francs each by the inscription author&#8217;s uncle, Eug\u00e8ne Marquet.<\/span><\/div>\n<div><span style=\"color: #000000;\">\u00a0<\/span><\/div>\n<div><span style=\"color: #000000;\">Although the present gouache, and others by the same hand, remain anonymous, their excellent quality is remarkable. This touching\u00a0<i>Adoration<\/i>, probably created by a miniaturist artist, \u00a0successfully combines naivety and realism. The quality in the rendering of details, freshness of colors, and realism of faces and expressions, is rare and intriguing.<\/span><\/div>\n<div>\u00a0<\/div>\n<div>Condition report &#8211; <span style=\"font-size: 0.9rem;\">The vellum is fully laid down on Japanese paper. The gouache is in very good condition.\u00a0<\/span><\/p>\n<div class=\"gmail_default\">\u00a0<\/div>\n<\/div>\n","protected":false},"excerpt":{"rendered":"<p><em>A large-sized and exquisite drawing precise as a miniature.<\/em><\/p>\n<p>Adoration of the Shepherds, Genoese school, 18th century.<\/p>\n","protected":false},"featured_media":1855,"template":"","meta":{"_themeisle_gutenberg_block_has_review":false},"product_brand":[],"product_cat":[81,79],"product_tag":[24,345,353,31,178,415,96,33],"class_list":{"0":"post-1847","1":"product","2":"type-product","3":"status-publish","4":"has-post-thumbnail","6":"product_cat-genoese-school","7":"product_cat-italian-school","8":"product_tag-18th","9":"product_tag-old-master-drawings","10":"product_tag-gallery","11":"product_tag-gouache","12":"product_tag-miniature","13":"product_tag-n2","14":"product_tag-religious-subject","15":"product_tag-vellum","17":"first","18":"outofstock","19":"taxable","20":"shipping-taxable","21":"purchasable","22":"product-type-simple"},"yoast_head":"<!-- This site is optimized with the Yoast SEO plugin v27.4 - https:\/\/yoast.com\/product\/yoast-seo-wordpress\/ -->\n<title>Adoration of the Shepherds, Genoese school, 18th century<\/title>\n<meta name=\"description\" content=\"A large-sized and exquisite drawing precise as a miniature. Adoration of the Shepherds, Genoese school, 18th century.\" \/>\n<meta name=\"robots\" content=\"index, follow, max-snippet:-1, max-image-preview:large, max-video-preview:-1\" \/>\n<link rel=\"canonical\" href=\"http:\/\/A%20large-sized%20and%20exquisite%20drawing%20precise%20as%20a%20miniature.%20Adoration%20of%20the%20Shepherds,%20Genoese%20school,%2018th%20century.\" \/>\n<meta property=\"og:locale\" content=\"en_US\" \/>\n<meta property=\"og:type\" content=\"article\" \/>\n<meta property=\"og:title\" content=\"Adoration of the Shepherds, Genoese school, 18th century\" \/>\n<meta property=\"og:description\" content=\"A large-sized and exquisite drawing precise as a miniature. Adoration of the Shepherds, Genoese school, 18th century.\" \/>\n<meta property=\"og:url\" content=\"https:\/\/drawings-online.com\/en\/product\/adoration-of-the-shepherds-genoese-school-18th-century\/\" \/>\n<meta property=\"og:site_name\" content=\"Drawings-online\" \/>\n<meta property=\"article:publisher\" content=\"https:\/\/www.facebook.com\/people\/Drawings-online\/100034942735866\/\" \/>\n<meta property=\"article:modified_time\" content=\"2023-01-17T17:32:14+00:00\" \/>\n<meta property=\"og:image\" content=\"https:\/\/drawings-online.com\/wp-content\/uploads\/2021\/01\/DSC_1443_1-1024x1024.png\" \/>\n\t<meta property=\"og:image:width\" content=\"1024\" \/>\n\t<meta property=\"og:image:height\" content=\"1024\" \/>\n\t<meta property=\"og:image:type\" content=\"image\/png\" \/>\n<meta name=\"twitter:card\" content=\"summary_large_image\" \/>\n<meta name=\"twitter:site\" content=\"@OnlineDrawings\" \/>\n<meta name=\"twitter:label1\" content=\"Est. reading time\" \/>\n\t<meta name=\"twitter:data1\" content=\"1 minute\" \/>\n<script type=\"application\/ld+json\" class=\"yoast-schema-graph\">{\"@context\":\"https:\\\/\\\/schema.org\",\"@graph\":[{\"@type\":\"WebPage\",\"@id\":\"https:\\\/\\\/drawings-online.com\\\/en\\\/product\\\/adoration-of-the-shepherds-genoese-school-18th-century\\\/\",\"url\":\"https:\\\/\\\/drawings-online.com\\\/en\\\/product\\\/adoration-of-the-shepherds-genoese-school-18th-century\\\/\",\"name\":\"Adoration des bergers, \u00c9cole g\u00e9noise, XVIIIe si\u00e8cle - Drawings-online\",\"isPartOf\":{\"@id\":\"https:\\\/\\\/drawings-online.com\\\/#website\"},\"primaryImageOfPage\":{\"@id\":\"https:\\\/\\\/drawings-online.com\\\/en\\\/product\\\/adoration-of-the-shepherds-genoese-school-18th-century\\\/#primaryimage\"},\"image\":{\"@id\":\"https:\\\/\\\/drawings-online.com\\\/en\\\/product\\\/adoration-of-the-shepherds-genoese-school-18th-century\\\/#primaryimage\"},\"thumbnailUrl\":\"https:\\\/\\\/drawings-online.com\\\/wp-content\\\/uploads\\\/2021\\\/01\\\/DSC_1443_1.png\",\"datePublished\":\"2021-01-14T09:15:42+00:00\",\"dateModified\":\"2023-01-17T17:32:14+00:00\",\"breadcrumb\":{\"@id\":\"https:\\\/\\\/drawings-online.com\\\/en\\\/product\\\/adoration-of-the-shepherds-genoese-school-18th-century\\\/#breadcrumb\"},\"inLanguage\":\"en-US\",\"potentialAction\":[{\"@type\":\"ReadAction\",\"target\":[\"https:\\\/\\\/drawings-online.com\\\/en\\\/product\\\/adoration-of-the-shepherds-genoese-school-18th-century\\\/\"]}]},{\"@type\":\"ImageObject\",\"inLanguage\":\"en-US\",\"@id\":\"https:\\\/\\\/drawings-online.com\\\/en\\\/product\\\/adoration-of-the-shepherds-genoese-school-18th-century\\\/#primaryimage\",\"url\":\"https:\\\/\\\/drawings-online.com\\\/wp-content\\\/uploads\\\/2021\\\/01\\\/DSC_1443_1.png\",\"contentUrl\":\"https:\\\/\\\/drawings-online.com\\\/wp-content\\\/uploads\\\/2021\\\/01\\\/DSC_1443_1.png\",\"width\":1800,\"height\":1800,\"caption\":\"Adoration des bergers, Ecole g\u00e9noise du XVIIIe.\"},{\"@type\":\"BreadcrumbList\",\"@id\":\"https:\\\/\\\/drawings-online.com\\\/en\\\/product\\\/adoration-of-the-shepherds-genoese-school-18th-century\\\/#breadcrumb\",\"itemListElement\":[{\"@type\":\"ListItem\",\"position\":1,\"name\":\"Works available\",\"item\":\"https:\\\/\\\/drawings-online.com\\\/\"},{\"@type\":\"ListItem\",\"position\":2,\"name\":\"Gallery\",\"item\":\"https:\\\/\\\/drawings-online.com\\\/galerie\\\/\"},{\"@type\":\"ListItem\",\"position\":3,\"name\":\"18e\",\"item\":\"https:\\\/\\\/drawings-online.com\\\/product_tag\\\/18e\\\/\"},{\"@type\":\"ListItem\",\"position\":4,\"name\":\"Adoration of the Shepherds, Genoese school, 18th century\"}]},{\"@type\":\"WebSite\",\"@id\":\"https:\\\/\\\/drawings-online.com\\\/en\\\/#website\",\"url\":\"https:\\\/\\\/drawings-online.com\\\/en\\\/\",\"name\":\"Drawings-online\",\"description\":\"Dessins en ligne\",\"publisher\":{\"@id\":\"https:\\\/\\\/drawings-online.com\\\/en\\\/#organization\"},\"potentialAction\":[{\"@type\":\"SearchAction\",\"target\":{\"@type\":\"EntryPoint\",\"urlTemplate\":\"https:\\\/\\\/drawings-online.com\\\/en\\\/?s={search_term_string}\"},\"query-input\":{\"@type\":\"PropertyValueSpecification\",\"valueRequired\":true,\"valueName\":\"search_term_string\"}}],\"inLanguage\":\"en-US\"},{\"@type\":\"Organization\",\"@id\":\"https:\\\/\\\/drawings-online.com\\\/en\\\/#organization\",\"name\":\"Drawings-online\",\"url\":\"https:\\\/\\\/drawings-online.com\\\/en\\\/\",\"logo\":{\"@type\":\"ImageObject\",\"inLanguage\":\"en-US\",\"@id\":\"https:\\\/\\\/drawings-online.com\\\/en\\\/#\\\/schema\\\/logo\\\/image\\\/\",\"url\":\"https:\\\/\\\/drawings-online.com\\\/wp-content\\\/uploads\\\/2020\\\/12\\\/drawings-icone-transp-e1607442878135.png\",\"contentUrl\":\"https:\\\/\\\/drawings-online.com\\\/wp-content\\\/uploads\\\/2020\\\/12\\\/drawings-icone-transp-e1607442878135.png\",\"width\":150,\"height\":150,\"caption\":\"Drawings-online\"},\"image\":{\"@id\":\"https:\\\/\\\/drawings-online.com\\\/en\\\/#\\\/schema\\\/logo\\\/image\\\/\"},\"sameAs\":[\"https:\\\/\\\/www.facebook.com\\\/people\\\/Drawings-online\\\/100034942735866\\\/\",\"https:\\\/\\\/x.com\\\/OnlineDrawings\",\"https:\\\/\\\/www.instagram.com\\\/drawings_online_com\\\/\"]}]}<\/script>\n<!-- \/ Yoast SEO plugin. -->","yoast_head_json":{"title":"Adoration of the Shepherds, Genoese school, 18th century","description":"A large-sized and exquisite drawing precise as a miniature. Adoration of the Shepherds, Genoese school, 18th century.","robots":{"index":"index","follow":"follow","max-snippet":"max-snippet:-1","max-image-preview":"max-image-preview:large","max-video-preview":"max-video-preview:-1"},"canonical":"A large-sized and exquisite drawing precise as a miniature. Adoration of the Shepherds, Genoese school, 18th century.","og_locale":"en_US","og_type":"article","og_title":"Adoration of the Shepherds, Genoese school, 18th century","og_description":"A large-sized and exquisite drawing precise as a miniature. Adoration of the Shepherds, Genoese school, 18th century.","og_url":"https:\/\/drawings-online.com\/en\/product\/adoration-of-the-shepherds-genoese-school-18th-century\/","og_site_name":"Drawings-online","article_publisher":"https:\/\/www.facebook.com\/people\/Drawings-online\/100034942735866\/","article_modified_time":"2023-01-17T17:32:14+00:00","og_image":[{"width":1024,"height":1024,"url":"https:\/\/drawings-online.com\/wp-content\/uploads\/2021\/01\/DSC_1443_1-1024x1024.png","type":"image\/png"}],"twitter_card":"summary_large_image","twitter_site":"@OnlineDrawings","twitter_misc":{"Est. reading time":"1 minute"},"schema":{"@context":"https:\/\/schema.org","@graph":[{"@type":"WebPage","@id":"https:\/\/drawings-online.com\/en\/product\/adoration-of-the-shepherds-genoese-school-18th-century\/","url":"https:\/\/drawings-online.com\/en\/product\/adoration-of-the-shepherds-genoese-school-18th-century\/","name":"Adoration des bergers, \u00c9cole g\u00e9noise, XVIIIe si\u00e8cle - Drawings-online","isPartOf":{"@id":"https:\/\/drawings-online.com\/#website"},"primaryImageOfPage":{"@id":"https:\/\/drawings-online.com\/en\/product\/adoration-of-the-shepherds-genoese-school-18th-century\/#primaryimage"},"image":{"@id":"https:\/\/drawings-online.com\/en\/product\/adoration-of-the-shepherds-genoese-school-18th-century\/#primaryimage"},"thumbnailUrl":"https:\/\/drawings-online.com\/wp-content\/uploads\/2021\/01\/DSC_1443_1.png","datePublished":"2021-01-14T09:15:42+00:00","dateModified":"2023-01-17T17:32:14+00:00","breadcrumb":{"@id":"https:\/\/drawings-online.com\/en\/product\/adoration-of-the-shepherds-genoese-school-18th-century\/#breadcrumb"},"inLanguage":"en-US","potentialAction":[{"@type":"ReadAction","target":["https:\/\/drawings-online.com\/en\/product\/adoration-of-the-shepherds-genoese-school-18th-century\/"]}]},{"@type":"ImageObject","inLanguage":"en-US","@id":"https:\/\/drawings-online.com\/en\/product\/adoration-of-the-shepherds-genoese-school-18th-century\/#primaryimage","url":"https:\/\/drawings-online.com\/wp-content\/uploads\/2021\/01\/DSC_1443_1.png","contentUrl":"https:\/\/drawings-online.com\/wp-content\/uploads\/2021\/01\/DSC_1443_1.png","width":1800,"height":1800,"caption":"Adoration des bergers, Ecole g\u00e9noise du XVIIIe."},{"@type":"BreadcrumbList","@id":"https:\/\/drawings-online.com\/en\/product\/adoration-of-the-shepherds-genoese-school-18th-century\/#breadcrumb","itemListElement":[{"@type":"ListItem","position":1,"name":"Works available","item":"https:\/\/drawings-online.com\/"},{"@type":"ListItem","position":2,"name":"Gallery","item":"https:\/\/drawings-online.com\/galerie\/"},{"@type":"ListItem","position":3,"name":"18e","item":"https:\/\/drawings-online.com\/product_tag\/18e\/"},{"@type":"ListItem","position":4,"name":"Adoration of the Shepherds, Genoese school, 18th century"}]},{"@type":"WebSite","@id":"https:\/\/drawings-online.com\/en\/#website","url":"https:\/\/drawings-online.com\/en\/","name":"Drawings-online","description":"Dessins en ligne","publisher":{"@id":"https:\/\/drawings-online.com\/en\/#organization"},"potentialAction":[{"@type":"SearchAction","target":{"@type":"EntryPoint","urlTemplate":"https:\/\/drawings-online.com\/en\/?s={search_term_string}"},"query-input":{"@type":"PropertyValueSpecification","valueRequired":true,"valueName":"search_term_string"}}],"inLanguage":"en-US"},{"@type":"Organization","@id":"https:\/\/drawings-online.com\/en\/#organization","name":"Drawings-online","url":"https:\/\/drawings-online.com\/en\/","logo":{"@type":"ImageObject","inLanguage":"en-US","@id":"https:\/\/drawings-online.com\/en\/#\/schema\/logo\/image\/","url":"https:\/\/drawings-online.com\/wp-content\/uploads\/2020\/12\/drawings-icone-transp-e1607442878135.png","contentUrl":"https:\/\/drawings-online.com\/wp-content\/uploads\/2020\/12\/drawings-icone-transp-e1607442878135.png","width":150,"height":150,"caption":"Drawings-online"},"image":{"@id":"https:\/\/drawings-online.com\/en\/#\/schema\/logo\/image\/"},"sameAs":["https:\/\/www.facebook.com\/people\/Drawings-online\/100034942735866\/","https:\/\/x.com\/OnlineDrawings","https:\/\/www.instagram.com\/drawings_online_com\/"]}]}},"jetpack_sharing_enabled":true,"_links":{"self":[{"href":"https:\/\/drawings-online.com\/en\/wp-json\/wp\/v2\/product\/1847","targetHints":{"allow":["GET"]}}],"collection":[{"href":"https:\/\/drawings-online.com\/en\/wp-json\/wp\/v2\/product"}],"about":[{"href":"https:\/\/drawings-online.com\/en\/wp-json\/wp\/v2\/types\/product"}],"wp:featuredmedia":[{"embeddable":true,"href":"https:\/\/drawings-online.com\/en\/wp-json\/wp\/v2\/media\/1855"}],"wp:attachment":[{"href":"https:\/\/drawings-online.com\/en\/wp-json\/wp\/v2\/media?parent=1847"}],"wp:term":[{"taxonomy":"product_brand","embeddable":true,"href":"https:\/\/drawings-online.com\/en\/wp-json\/wp\/v2\/product_brand?post=1847"},{"taxonomy":"product_cat","embeddable":true,"href":"https:\/\/drawings-online.com\/en\/wp-json\/wp\/v2\/product_cat?post=1847"},{"taxonomy":"product_tag","embeddable":true,"href":"https:\/\/drawings-online.com\/en\/wp-json\/wp\/v2\/product_tag?post=1847"}],"curies":[{"name":"wp","href":"https:\/\/api.w.org\/{rel}","templated":true}]}}