{"id":1840,"date":"2021-01-14T11:00:30","date_gmt":"2021-01-14T10:00:30","guid":{"rendered":"https:\/\/drawings-online.com\/product\/\/"},"modified":"2023-01-17T18:32:11","modified_gmt":"2023-01-17T17:32:11","slug":"la-derision-du-christ-ecole-flamande-xvie-siecle","status":"publish","type":"product","link":"https:\/\/drawings-online.com\/en\/product\/the-mocking-of-christ-flemish-school-16th-century\/","title":{"rendered":"The Mocking of Christ, Flemish school, 16th century"},"content":{"rendered":"<p style=\"font-weight: 400;\"><strong>Flemish school, 16th century<\/strong><\/p>\n<p style=\"font-weight: 400;\"><strong><em>The Mocking of Christ\u00a0<\/em><\/strong><\/p>\n<p>Watermark Angel.<\/p>\n<p style=\"font-weight: 400;\">Traces of black chalk, pen and brown ink, brush and brown wash, heightened with white.<\/p>\n<p style=\"font-weight: 400;\">332 x 237 mm &#8211; 13 1\/16 x 9 5\/16 in.<\/p>\n<p style=\"font-weight: 400;\">This Flemish anonymous drawing bears medium similarities \u2013 brush and brown wash heightened with white gouache \u2013 with drawings by Frans Floris but do not share their mannerist tendency. It probably belonged to a series illustrating the Passion of Christ and was maybe preparatory for painted panels or prints.<\/p>\n<p><a href=\"https:\/\/drawings-online.com\/en\/product\/christ-before-pilate-flemish-school-16th-century\/\" target=\"_blank\" rel=\"noopener\">See this other drawing from the same series.<\/a><\/p>\n<p style=\"font-weight: 400;\">Condition report: Drying mark in the middle of the sheet, folding in upper right corner, old backing tape on the verso, white heightening slightly oxidized.\u00a0<\/p>\n<p style=\"font-weight: 400;\">\u00a0<\/p>\n","protected":false},"excerpt":{"rendered":"<p><em>The Passion of Christ by an anonymous Flemish artist.<\/em><\/p>\n<p>The Mocking of Christ, Flemish school, 16th century.<\/p>\n","protected":false},"featured_media":1841,"template":"","meta":{"_themeisle_gutenberg_block_has_review":false},"product_brand":[],"product_cat":[177],"product_tag":[88,345,36,353,39,415,35,27,96],"class_list":{"0":"post-1840","1":"product","2":"type-product","3":"status-publish","4":"has-post-thumbnail","6":"product_cat-flemish-school","7":"product_tag-16th","8":"product_tag-old-master-drawings","9":"product_tag-brown-ink","10":"product_tag-gallery","11":"product_tag-brown-wash","12":"product_tag-n2","13":"product_tag-pen","14":"product_tag-heightened-with-white","15":"product_tag-religious-subject","17":"first","18":"outofstock","19":"taxable","20":"shipping-taxable","21":"purchasable","22":"product-type-simple"},"yoast_head":"<!-- This site is optimized with the Yoast SEO plugin v27.4 - https:\/\/yoast.com\/product\/yoast-seo-wordpress\/ -->\n<title>The Mocking of Christ, Flemish school, 16th century<\/title>\n<meta name=\"description\" content=\"The Passion of Christ by an anonymous Flemish artist. The Mocking of Christ, Flemish school, 16th century.\" \/>\n<meta name=\"robots\" content=\"index, follow, max-snippet:-1, max-image-preview:large, max-video-preview:-1\" \/>\n<link rel=\"canonical\" href=\"http:\/\/The%20Passion%20of%20Christ%20by%20an%20anonymous%20Flemish%20artist.%20The%20Mocking%20of%20Christ,%20Flemish%20school,%2016th%20century.\" \/>\n<meta property=\"og:locale\" content=\"en_US\" \/>\n<meta property=\"og:type\" content=\"article\" \/>\n<meta property=\"og:title\" content=\"The Mocking of Christ, Flemish school, 16th century\" \/>\n<meta property=\"og:description\" content=\"The Passion of Christ by an anonymous Flemish artist. The Mocking of Christ, Flemish school, 16th century.\" \/>\n<meta property=\"og:url\" content=\"https:\/\/drawings-online.com\/en\/product\/the-mocking-of-christ-flemish-school-16th-century\/\" \/>\n<meta property=\"og:site_name\" content=\"Drawings-online\" \/>\n<meta property=\"article:publisher\" content=\"https:\/\/www.facebook.com\/people\/Drawings-online\/100034942735866\/\" \/>\n<meta property=\"article:modified_time\" content=\"2023-01-17T17:32:11+00:00\" \/>\n<meta property=\"og:image\" content=\"https:\/\/drawings-online.com\/wp-content\/uploads\/2021\/01\/DSC_9759_1-1024x1024.png\" \/>\n\t<meta property=\"og:image:width\" content=\"1024\" \/>\n\t<meta property=\"og:image:height\" content=\"1024\" \/>\n\t<meta property=\"og:image:type\" content=\"image\/png\" \/>\n<meta name=\"twitter:card\" content=\"summary_large_image\" \/>\n<meta name=\"twitter:site\" content=\"@OnlineDrawings\" \/>\n<meta name=\"twitter:label1\" content=\"Est. reading time\" \/>\n\t<meta name=\"twitter:data1\" content=\"1 minute\" \/>\n<script type=\"application\/ld+json\" class=\"yoast-schema-graph\">{\"@context\":\"https:\\\/\\\/schema.org\",\"@graph\":[{\"@type\":\"WebPage\",\"@id\":\"https:\\\/\\\/drawings-online.com\\\/en\\\/product\\\/the-mocking-of-christ-flemish-school-16th-century\\\/\",\"url\":\"https:\\\/\\\/drawings-online.com\\\/en\\\/product\\\/the-mocking-of-christ-flemish-school-16th-century\\\/\",\"name\":\"La D\u00e9rision du Christ, \u00c9cole flamande, XVIe\u00a0si\u00e8cle - Drawings-online\",\"isPartOf\":{\"@id\":\"https:\\\/\\\/drawings-online.com\\\/#website\"},\"primaryImageOfPage\":{\"@id\":\"https:\\\/\\\/drawings-online.com\\\/en\\\/product\\\/the-mocking-of-christ-flemish-school-16th-century\\\/#primaryimage\"},\"image\":{\"@id\":\"https:\\\/\\\/drawings-online.com\\\/en\\\/product\\\/the-mocking-of-christ-flemish-school-16th-century\\\/#primaryimage\"},\"thumbnailUrl\":\"https:\\\/\\\/drawings-online.com\\\/wp-content\\\/uploads\\\/2021\\\/01\\\/DSC_9759_1.png\",\"datePublished\":\"2021-01-14T10:00:30+00:00\",\"dateModified\":\"2023-01-17T17:32:11+00:00\",\"breadcrumb\":{\"@id\":\"https:\\\/\\\/drawings-online.com\\\/en\\\/product\\\/the-mocking-of-christ-flemish-school-16th-century\\\/#breadcrumb\"},\"inLanguage\":\"en-US\",\"potentialAction\":[{\"@type\":\"ReadAction\",\"target\":[\"https:\\\/\\\/drawings-online.com\\\/en\\\/product\\\/the-mocking-of-christ-flemish-school-16th-century\\\/\"]}]},{\"@type\":\"ImageObject\",\"inLanguage\":\"en-US\",\"@id\":\"https:\\\/\\\/drawings-online.com\\\/en\\\/product\\\/the-mocking-of-christ-flemish-school-16th-century\\\/#primaryimage\",\"url\":\"https:\\\/\\\/drawings-online.com\\\/wp-content\\\/uploads\\\/2021\\\/01\\\/DSC_9759_1.png\",\"contentUrl\":\"https:\\\/\\\/drawings-online.com\\\/wp-content\\\/uploads\\\/2021\\\/01\\\/DSC_9759_1.png\",\"width\":1800,\"height\":1800,\"caption\":\"La D\u00e9rision du Christ - \u00c9cole flamande, XVIe si\u00e8cle\"},{\"@type\":\"BreadcrumbList\",\"@id\":\"https:\\\/\\\/drawings-online.com\\\/en\\\/product\\\/the-mocking-of-christ-flemish-school-16th-century\\\/#breadcrumb\",\"itemListElement\":[{\"@type\":\"ListItem\",\"position\":1,\"name\":\"Works available\",\"item\":\"https:\\\/\\\/drawings-online.com\\\/\"},{\"@type\":\"ListItem\",\"position\":2,\"name\":\"Gallery\",\"item\":\"https:\\\/\\\/drawings-online.com\\\/galerie\\\/\"},{\"@type\":\"ListItem\",\"position\":3,\"name\":\"16e\",\"item\":\"https:\\\/\\\/drawings-online.com\\\/product_tag\\\/16e\\\/\"},{\"@type\":\"ListItem\",\"position\":4,\"name\":\"The Mocking of Christ, Flemish school, 16th century\"}]},{\"@type\":\"WebSite\",\"@id\":\"https:\\\/\\\/drawings-online.com\\\/en\\\/#website\",\"url\":\"https:\\\/\\\/drawings-online.com\\\/en\\\/\",\"name\":\"Drawings-online\",\"description\":\"Dessins en ligne\",\"publisher\":{\"@id\":\"https:\\\/\\\/drawings-online.com\\\/en\\\/#organization\"},\"potentialAction\":[{\"@type\":\"SearchAction\",\"target\":{\"@type\":\"EntryPoint\",\"urlTemplate\":\"https:\\\/\\\/drawings-online.com\\\/en\\\/?s={search_term_string}\"},\"query-input\":{\"@type\":\"PropertyValueSpecification\",\"valueRequired\":true,\"valueName\":\"search_term_string\"}}],\"inLanguage\":\"en-US\"},{\"@type\":\"Organization\",\"@id\":\"https:\\\/\\\/drawings-online.com\\\/en\\\/#organization\",\"name\":\"Drawings-online\",\"url\":\"https:\\\/\\\/drawings-online.com\\\/en\\\/\",\"logo\":{\"@type\":\"ImageObject\",\"inLanguage\":\"en-US\",\"@id\":\"https:\\\/\\\/drawings-online.com\\\/en\\\/#\\\/schema\\\/logo\\\/image\\\/\",\"url\":\"https:\\\/\\\/drawings-online.com\\\/wp-content\\\/uploads\\\/2020\\\/12\\\/drawings-icone-transp-e1607442878135.png\",\"contentUrl\":\"https:\\\/\\\/drawings-online.com\\\/wp-content\\\/uploads\\\/2020\\\/12\\\/drawings-icone-transp-e1607442878135.png\",\"width\":150,\"height\":150,\"caption\":\"Drawings-online\"},\"image\":{\"@id\":\"https:\\\/\\\/drawings-online.com\\\/en\\\/#\\\/schema\\\/logo\\\/image\\\/\"},\"sameAs\":[\"https:\\\/\\\/www.facebook.com\\\/people\\\/Drawings-online\\\/100034942735866\\\/\",\"https:\\\/\\\/x.com\\\/OnlineDrawings\",\"https:\\\/\\\/www.instagram.com\\\/drawings_online_com\\\/\"]}]}<\/script>\n<!-- \/ Yoast SEO plugin. -->","yoast_head_json":{"title":"The Mocking of Christ, Flemish school, 16th century","description":"The Passion of Christ by an anonymous Flemish artist. The Mocking of Christ, Flemish school, 16th century.","robots":{"index":"index","follow":"follow","max-snippet":"max-snippet:-1","max-image-preview":"max-image-preview:large","max-video-preview":"max-video-preview:-1"},"canonical":"The Passion of Christ by an anonymous Flemish artist. The Mocking of Christ, Flemish school, 16th century.","og_locale":"en_US","og_type":"article","og_title":"The Mocking of Christ, Flemish school, 16th century","og_description":"The Passion of Christ by an anonymous Flemish artist. The Mocking of Christ, Flemish school, 16th century.","og_url":"https:\/\/drawings-online.com\/en\/product\/the-mocking-of-christ-flemish-school-16th-century\/","og_site_name":"Drawings-online","article_publisher":"https:\/\/www.facebook.com\/people\/Drawings-online\/100034942735866\/","article_modified_time":"2023-01-17T17:32:11+00:00","og_image":[{"width":1024,"height":1024,"url":"https:\/\/drawings-online.com\/wp-content\/uploads\/2021\/01\/DSC_9759_1-1024x1024.png","type":"image\/png"}],"twitter_card":"summary_large_image","twitter_site":"@OnlineDrawings","twitter_misc":{"Est. reading time":"1 minute"},"schema":{"@context":"https:\/\/schema.org","@graph":[{"@type":"WebPage","@id":"https:\/\/drawings-online.com\/en\/product\/the-mocking-of-christ-flemish-school-16th-century\/","url":"https:\/\/drawings-online.com\/en\/product\/the-mocking-of-christ-flemish-school-16th-century\/","name":"La D\u00e9rision du Christ, \u00c9cole flamande, XVIe\u00a0si\u00e8cle - Drawings-online","isPartOf":{"@id":"https:\/\/drawings-online.com\/#website"},"primaryImageOfPage":{"@id":"https:\/\/drawings-online.com\/en\/product\/the-mocking-of-christ-flemish-school-16th-century\/#primaryimage"},"image":{"@id":"https:\/\/drawings-online.com\/en\/product\/the-mocking-of-christ-flemish-school-16th-century\/#primaryimage"},"thumbnailUrl":"https:\/\/drawings-online.com\/wp-content\/uploads\/2021\/01\/DSC_9759_1.png","datePublished":"2021-01-14T10:00:30+00:00","dateModified":"2023-01-17T17:32:11+00:00","breadcrumb":{"@id":"https:\/\/drawings-online.com\/en\/product\/the-mocking-of-christ-flemish-school-16th-century\/#breadcrumb"},"inLanguage":"en-US","potentialAction":[{"@type":"ReadAction","target":["https:\/\/drawings-online.com\/en\/product\/the-mocking-of-christ-flemish-school-16th-century\/"]}]},{"@type":"ImageObject","inLanguage":"en-US","@id":"https:\/\/drawings-online.com\/en\/product\/the-mocking-of-christ-flemish-school-16th-century\/#primaryimage","url":"https:\/\/drawings-online.com\/wp-content\/uploads\/2021\/01\/DSC_9759_1.png","contentUrl":"https:\/\/drawings-online.com\/wp-content\/uploads\/2021\/01\/DSC_9759_1.png","width":1800,"height":1800,"caption":"La D\u00e9rision du Christ - \u00c9cole flamande, XVIe si\u00e8cle"},{"@type":"BreadcrumbList","@id":"https:\/\/drawings-online.com\/en\/product\/the-mocking-of-christ-flemish-school-16th-century\/#breadcrumb","itemListElement":[{"@type":"ListItem","position":1,"name":"Works available","item":"https:\/\/drawings-online.com\/"},{"@type":"ListItem","position":2,"name":"Gallery","item":"https:\/\/drawings-online.com\/galerie\/"},{"@type":"ListItem","position":3,"name":"16e","item":"https:\/\/drawings-online.com\/product_tag\/16e\/"},{"@type":"ListItem","position":4,"name":"The Mocking of Christ, Flemish school, 16th century"}]},{"@type":"WebSite","@id":"https:\/\/drawings-online.com\/en\/#website","url":"https:\/\/drawings-online.com\/en\/","name":"Drawings-online","description":"Dessins en ligne","publisher":{"@id":"https:\/\/drawings-online.com\/en\/#organization"},"potentialAction":[{"@type":"SearchAction","target":{"@type":"EntryPoint","urlTemplate":"https:\/\/drawings-online.com\/en\/?s={search_term_string}"},"query-input":{"@type":"PropertyValueSpecification","valueRequired":true,"valueName":"search_term_string"}}],"inLanguage":"en-US"},{"@type":"Organization","@id":"https:\/\/drawings-online.com\/en\/#organization","name":"Drawings-online","url":"https:\/\/drawings-online.com\/en\/","logo":{"@type":"ImageObject","inLanguage":"en-US","@id":"https:\/\/drawings-online.com\/en\/#\/schema\/logo\/image\/","url":"https:\/\/drawings-online.com\/wp-content\/uploads\/2020\/12\/drawings-icone-transp-e1607442878135.png","contentUrl":"https:\/\/drawings-online.com\/wp-content\/uploads\/2020\/12\/drawings-icone-transp-e1607442878135.png","width":150,"height":150,"caption":"Drawings-online"},"image":{"@id":"https:\/\/drawings-online.com\/en\/#\/schema\/logo\/image\/"},"sameAs":["https:\/\/www.facebook.com\/people\/Drawings-online\/100034942735866\/","https:\/\/x.com\/OnlineDrawings","https:\/\/www.instagram.com\/drawings_online_com\/"]}]}},"jetpack_sharing_enabled":true,"_links":{"self":[{"href":"https:\/\/drawings-online.com\/en\/wp-json\/wp\/v2\/product\/1840","targetHints":{"allow":["GET"]}}],"collection":[{"href":"https:\/\/drawings-online.com\/en\/wp-json\/wp\/v2\/product"}],"about":[{"href":"https:\/\/drawings-online.com\/en\/wp-json\/wp\/v2\/types\/product"}],"wp:featuredmedia":[{"embeddable":true,"href":"https:\/\/drawings-online.com\/en\/wp-json\/wp\/v2\/media\/1841"}],"wp:attachment":[{"href":"https:\/\/drawings-online.com\/en\/wp-json\/wp\/v2\/media?parent=1840"}],"wp:term":[{"taxonomy":"product_brand","embeddable":true,"href":"https:\/\/drawings-online.com\/en\/wp-json\/wp\/v2\/product_brand?post=1840"},{"taxonomy":"product_cat","embeddable":true,"href":"https:\/\/drawings-online.com\/en\/wp-json\/wp\/v2\/product_cat?post=1840"},{"taxonomy":"product_tag","embeddable":true,"href":"https:\/\/drawings-online.com\/en\/wp-json\/wp\/v2\/product_tag?post=1840"}],"curies":[{"name":"wp","href":"https:\/\/api.w.org\/{rel}","templated":true}]}}