{"id":1751,"date":"2021-01-14T09:40:27","date_gmt":"2021-01-14T08:40:27","guid":{"rendered":"https:\/\/drawings-online.com\/product\/\/"},"modified":"2023-01-17T18:32:15","modified_gmt":"2023-01-17T17:32:15","slug":"projet-de-decor-putti-faisant-les-vendanges-ecole-italienne-xvie-siecle","status":"publish","type":"product","link":"https:\/\/drawings-online.com\/en\/product\/project-for-a-decor-putti-harvesting-grapes-italian-school16th-century\/","title":{"rendered":"Project for a Decor: Putti Harvesting Grapes, Italian school,16th century"},"content":{"rendered":"<p style=\"font-weight: 400;\"><strong>Italian school, 16th century<\/strong><\/p>\n<p style=\"font-weight: 400;\"><strong><em>Project for a Decor: Putti Harvesting Grapes<\/em><\/strong><\/p>\n<p>Numbered\u00a0<em>92<\/em>\u00a0with brown ink.<\/p>\n<p style=\"font-weight: 400;\">Pen and brown ink, brown wash.<\/p>\n<p>159 x 268 mm &#8211; 6 1\/4 x 10 9\/16 in.<\/p>\n<p>This charming harvesting scene is probably a project related to the decoration of a palazzo. The theme of harvesting is an ancient one and has been represented many times since its early appearances on Roman mosaics and marbles. It appeared again during the Renaissance and 16<sup>th\u00a0<\/sup>century, treated by painters who were also antiquity amateurs such as Giulio Romano. The author of our drawing elegantly conveys the playful and festive atmosphere of this theme, which always goes along with manifestations of abundance such as the heavy fruits and leaves garland handed over to the caryatids by the putti.<\/p>\n<p>Condition report &#8211; Laid down on a blue mount, framing lines with pen and black ink. Two tears in the upper part. Two small losses in the lower corners. A tear on the left hand-side. The ink is paler on the edges.<\/p>\n","protected":false},"excerpt":{"rendered":"<p><em>Enthusiastic harvesting for an Italian palazzo.<\/em><\/p>\n<p>Project for a Decor: Putti Harvesting Grapes, Italian school,16th century.<\/p>\n","protected":false},"featured_media":1752,"template":"","meta":{"_themeisle_gutenberg_block_has_review":false},"product_brand":[],"product_cat":[79],"product_tag":[88,345,36,353,39,415,35,103,166,168,167],"class_list":{"0":"post-1751","1":"product","2":"type-product","3":"status-publish","4":"has-post-thumbnail","6":"product_cat-italian-school","7":"product_tag-16th","8":"product_tag-old-master-drawings","9":"product_tag-brown-ink","10":"product_tag-gallery","11":"product_tag-brown-wash","12":"product_tag-n2","13":"product_tag-pen","14":"product_tag-project","15":"product_tag-decor-project","16":"product_tag-grapes","17":"product_tag-harvest","19":"first","20":"outofstock","21":"taxable","22":"shipping-taxable","23":"purchasable","24":"product-type-simple"},"yoast_head":"<!-- This site is optimized with the Yoast SEO plugin v27.4 - https:\/\/yoast.com\/product\/yoast-seo-wordpress\/ -->\n<title>Project for a Decor: Putti Harvesting Grapes, Italian school,16th century<\/title>\n<meta name=\"description\" content=\"Enthusiastic harvesting for an Italian palazzo. Project for a Decor: Putti Harvesting Grapes, Italian school,16th century.\" \/>\n<meta name=\"robots\" content=\"index, follow, max-snippet:-1, max-image-preview:large, max-video-preview:-1\" \/>\n<link rel=\"canonical\" href=\"\" \/>\n<meta property=\"og:locale\" content=\"en_US\" \/>\n<meta property=\"og:type\" content=\"article\" \/>\n<meta property=\"og:title\" content=\"Project for a Decor: Putti Harvesting Grapes, Italian school,16th century\" \/>\n<meta property=\"og:description\" content=\"Enthusiastic harvesting for an Italian palazzo. Project for a Decor: Putti Harvesting Grapes, Italian school,16th century.\" \/>\n<meta property=\"og:url\" content=\"https:\/\/drawings-online.com\/en\/product\/project-for-a-decor-putti-harvesting-grapes-italian-school16th-century\/\" \/>\n<meta property=\"og:site_name\" content=\"Drawings-online\" \/>\n<meta property=\"article:publisher\" content=\"https:\/\/www.facebook.com\/people\/Drawings-online\/100034942735866\/\" \/>\n<meta property=\"article:modified_time\" content=\"2023-01-17T17:32:15+00:00\" \/>\n<meta property=\"og:image\" content=\"https:\/\/drawings-online.com\/wp-content\/uploads\/2021\/01\/DSC_9736_1-1024x1024.png\" \/>\n\t<meta property=\"og:image:width\" content=\"1024\" \/>\n\t<meta property=\"og:image:height\" content=\"1024\" \/>\n\t<meta property=\"og:image:type\" content=\"image\/png\" \/>\n<meta name=\"twitter:card\" content=\"summary_large_image\" \/>\n<meta name=\"twitter:site\" content=\"@OnlineDrawings\" \/>\n<meta name=\"twitter:label1\" content=\"Est. reading time\" \/>\n\t<meta name=\"twitter:data1\" content=\"1 minute\" \/>\n<script type=\"application\/ld+json\" class=\"yoast-schema-graph\">{\"@context\":\"https:\\\/\\\/schema.org\",\"@graph\":[{\"@type\":\"WebPage\",\"@id\":\"https:\\\/\\\/drawings-online.com\\\/en\\\/product\\\/project-for-a-decor-putti-harvesting-grapes-italian-school16th-century\\\/\",\"url\":\"https:\\\/\\\/drawings-online.com\\\/en\\\/product\\\/project-for-a-decor-putti-harvesting-grapes-italian-school16th-century\\\/\",\"name\":\"Projet de d\u00e9cor : Putti faisant les vendanges, \u00a0\u00c9cole italienne, XVIe\u00a0si\u00e8cle - Drawings-online\",\"isPartOf\":{\"@id\":\"https:\\\/\\\/drawings-online.com\\\/#website\"},\"primaryImageOfPage\":{\"@id\":\"https:\\\/\\\/drawings-online.com\\\/en\\\/product\\\/project-for-a-decor-putti-harvesting-grapes-italian-school16th-century\\\/#primaryimage\"},\"image\":{\"@id\":\"https:\\\/\\\/drawings-online.com\\\/en\\\/product\\\/project-for-a-decor-putti-harvesting-grapes-italian-school16th-century\\\/#primaryimage\"},\"thumbnailUrl\":\"https:\\\/\\\/drawings-online.com\\\/wp-content\\\/uploads\\\/2021\\\/01\\\/DSC_9736_1.png\",\"datePublished\":\"2021-01-14T08:40:27+00:00\",\"dateModified\":\"2023-01-17T17:32:15+00:00\",\"breadcrumb\":{\"@id\":\"https:\\\/\\\/drawings-online.com\\\/en\\\/product\\\/project-for-a-decor-putti-harvesting-grapes-italian-school16th-century\\\/#breadcrumb\"},\"inLanguage\":\"en-US\",\"potentialAction\":[{\"@type\":\"ReadAction\",\"target\":[\"https:\\\/\\\/drawings-online.com\\\/en\\\/product\\\/project-for-a-decor-putti-harvesting-grapes-italian-school16th-century\\\/\"]}]},{\"@type\":\"ImageObject\",\"inLanguage\":\"en-US\",\"@id\":\"https:\\\/\\\/drawings-online.com\\\/en\\\/product\\\/project-for-a-decor-putti-harvesting-grapes-italian-school16th-century\\\/#primaryimage\",\"url\":\"https:\\\/\\\/drawings-online.com\\\/wp-content\\\/uploads\\\/2021\\\/01\\\/DSC_9736_1.png\",\"contentUrl\":\"https:\\\/\\\/drawings-online.com\\\/wp-content\\\/uploads\\\/2021\\\/01\\\/DSC_9736_1.png\",\"width\":1800,\"height\":1800,\"caption\":\"Projet de d\u00e9cor : Putti faisant les vendanges, \u00c9cole italienne, XVIe si\u00e8cle\"},{\"@type\":\"BreadcrumbList\",\"@id\":\"https:\\\/\\\/drawings-online.com\\\/en\\\/product\\\/project-for-a-decor-putti-harvesting-grapes-italian-school16th-century\\\/#breadcrumb\",\"itemListElement\":[{\"@type\":\"ListItem\",\"position\":1,\"name\":\"Works available\",\"item\":\"https:\\\/\\\/drawings-online.com\\\/\"},{\"@type\":\"ListItem\",\"position\":2,\"name\":\"Gallery\",\"item\":\"https:\\\/\\\/drawings-online.com\\\/galerie\\\/\"},{\"@type\":\"ListItem\",\"position\":3,\"name\":\"16e\",\"item\":\"https:\\\/\\\/drawings-online.com\\\/product_tag\\\/16e\\\/\"},{\"@type\":\"ListItem\",\"position\":4,\"name\":\"Project for a Decor: Putti Harvesting Grapes, Italian school,16th century\"}]},{\"@type\":\"WebSite\",\"@id\":\"https:\\\/\\\/drawings-online.com\\\/en\\\/#website\",\"url\":\"https:\\\/\\\/drawings-online.com\\\/en\\\/\",\"name\":\"Drawings-online\",\"description\":\"Dessins en ligne\",\"publisher\":{\"@id\":\"https:\\\/\\\/drawings-online.com\\\/en\\\/#organization\"},\"potentialAction\":[{\"@type\":\"SearchAction\",\"target\":{\"@type\":\"EntryPoint\",\"urlTemplate\":\"https:\\\/\\\/drawings-online.com\\\/en\\\/?s={search_term_string}\"},\"query-input\":{\"@type\":\"PropertyValueSpecification\",\"valueRequired\":true,\"valueName\":\"search_term_string\"}}],\"inLanguage\":\"en-US\"},{\"@type\":\"Organization\",\"@id\":\"https:\\\/\\\/drawings-online.com\\\/en\\\/#organization\",\"name\":\"Drawings-online\",\"url\":\"https:\\\/\\\/drawings-online.com\\\/en\\\/\",\"logo\":{\"@type\":\"ImageObject\",\"inLanguage\":\"en-US\",\"@id\":\"https:\\\/\\\/drawings-online.com\\\/en\\\/#\\\/schema\\\/logo\\\/image\\\/\",\"url\":\"https:\\\/\\\/drawings-online.com\\\/wp-content\\\/uploads\\\/2020\\\/12\\\/drawings-icone-transp-e1607442878135.png\",\"contentUrl\":\"https:\\\/\\\/drawings-online.com\\\/wp-content\\\/uploads\\\/2020\\\/12\\\/drawings-icone-transp-e1607442878135.png\",\"width\":150,\"height\":150,\"caption\":\"Drawings-online\"},\"image\":{\"@id\":\"https:\\\/\\\/drawings-online.com\\\/en\\\/#\\\/schema\\\/logo\\\/image\\\/\"},\"sameAs\":[\"https:\\\/\\\/www.facebook.com\\\/people\\\/Drawings-online\\\/100034942735866\\\/\",\"https:\\\/\\\/x.com\\\/OnlineDrawings\",\"https:\\\/\\\/www.instagram.com\\\/drawings_online_com\\\/\"]}]}<\/script>\n<!-- \/ Yoast SEO plugin. -->","yoast_head_json":{"title":"Project for a Decor: Putti Harvesting Grapes, Italian school,16th century","description":"Enthusiastic harvesting for an Italian palazzo. Project for a Decor: Putti Harvesting Grapes, Italian school,16th century.","robots":{"index":"index","follow":"follow","max-snippet":"max-snippet:-1","max-image-preview":"max-image-preview:large","max-video-preview":"max-video-preview:-1"},"canonical":"Enthusiastic harvesting for an Italian palazzo. Project for a Decor: Putti Harvesting Grapes, Italian school,16th century.","og_locale":"en_US","og_type":"article","og_title":"Project for a Decor: Putti Harvesting Grapes, Italian school,16th century","og_description":"Enthusiastic harvesting for an Italian palazzo. Project for a Decor: Putti Harvesting Grapes, Italian school,16th century.","og_url":"https:\/\/drawings-online.com\/en\/product\/project-for-a-decor-putti-harvesting-grapes-italian-school16th-century\/","og_site_name":"Drawings-online","article_publisher":"https:\/\/www.facebook.com\/people\/Drawings-online\/100034942735866\/","article_modified_time":"2023-01-17T17:32:15+00:00","og_image":[{"width":1024,"height":1024,"url":"https:\/\/drawings-online.com\/wp-content\/uploads\/2021\/01\/DSC_9736_1-1024x1024.png","type":"image\/png"}],"twitter_card":"summary_large_image","twitter_site":"@OnlineDrawings","twitter_misc":{"Est. reading time":"1 minute"},"schema":{"@context":"https:\/\/schema.org","@graph":[{"@type":"WebPage","@id":"https:\/\/drawings-online.com\/en\/product\/project-for-a-decor-putti-harvesting-grapes-italian-school16th-century\/","url":"https:\/\/drawings-online.com\/en\/product\/project-for-a-decor-putti-harvesting-grapes-italian-school16th-century\/","name":"Projet de d\u00e9cor : Putti faisant les vendanges, \u00a0\u00c9cole italienne, XVIe\u00a0si\u00e8cle - Drawings-online","isPartOf":{"@id":"https:\/\/drawings-online.com\/#website"},"primaryImageOfPage":{"@id":"https:\/\/drawings-online.com\/en\/product\/project-for-a-decor-putti-harvesting-grapes-italian-school16th-century\/#primaryimage"},"image":{"@id":"https:\/\/drawings-online.com\/en\/product\/project-for-a-decor-putti-harvesting-grapes-italian-school16th-century\/#primaryimage"},"thumbnailUrl":"https:\/\/drawings-online.com\/wp-content\/uploads\/2021\/01\/DSC_9736_1.png","datePublished":"2021-01-14T08:40:27+00:00","dateModified":"2023-01-17T17:32:15+00:00","breadcrumb":{"@id":"https:\/\/drawings-online.com\/en\/product\/project-for-a-decor-putti-harvesting-grapes-italian-school16th-century\/#breadcrumb"},"inLanguage":"en-US","potentialAction":[{"@type":"ReadAction","target":["https:\/\/drawings-online.com\/en\/product\/project-for-a-decor-putti-harvesting-grapes-italian-school16th-century\/"]}]},{"@type":"ImageObject","inLanguage":"en-US","@id":"https:\/\/drawings-online.com\/en\/product\/project-for-a-decor-putti-harvesting-grapes-italian-school16th-century\/#primaryimage","url":"https:\/\/drawings-online.com\/wp-content\/uploads\/2021\/01\/DSC_9736_1.png","contentUrl":"https:\/\/drawings-online.com\/wp-content\/uploads\/2021\/01\/DSC_9736_1.png","width":1800,"height":1800,"caption":"Projet de d\u00e9cor : Putti faisant les vendanges, \u00c9cole italienne, XVIe si\u00e8cle"},{"@type":"BreadcrumbList","@id":"https:\/\/drawings-online.com\/en\/product\/project-for-a-decor-putti-harvesting-grapes-italian-school16th-century\/#breadcrumb","itemListElement":[{"@type":"ListItem","position":1,"name":"Works available","item":"https:\/\/drawings-online.com\/"},{"@type":"ListItem","position":2,"name":"Gallery","item":"https:\/\/drawings-online.com\/galerie\/"},{"@type":"ListItem","position":3,"name":"16e","item":"https:\/\/drawings-online.com\/product_tag\/16e\/"},{"@type":"ListItem","position":4,"name":"Project for a Decor: Putti Harvesting Grapes, Italian school,16th century"}]},{"@type":"WebSite","@id":"https:\/\/drawings-online.com\/en\/#website","url":"https:\/\/drawings-online.com\/en\/","name":"Drawings-online","description":"Dessins en ligne","publisher":{"@id":"https:\/\/drawings-online.com\/en\/#organization"},"potentialAction":[{"@type":"SearchAction","target":{"@type":"EntryPoint","urlTemplate":"https:\/\/drawings-online.com\/en\/?s={search_term_string}"},"query-input":{"@type":"PropertyValueSpecification","valueRequired":true,"valueName":"search_term_string"}}],"inLanguage":"en-US"},{"@type":"Organization","@id":"https:\/\/drawings-online.com\/en\/#organization","name":"Drawings-online","url":"https:\/\/drawings-online.com\/en\/","logo":{"@type":"ImageObject","inLanguage":"en-US","@id":"https:\/\/drawings-online.com\/en\/#\/schema\/logo\/image\/","url":"https:\/\/drawings-online.com\/wp-content\/uploads\/2020\/12\/drawings-icone-transp-e1607442878135.png","contentUrl":"https:\/\/drawings-online.com\/wp-content\/uploads\/2020\/12\/drawings-icone-transp-e1607442878135.png","width":150,"height":150,"caption":"Drawings-online"},"image":{"@id":"https:\/\/drawings-online.com\/en\/#\/schema\/logo\/image\/"},"sameAs":["https:\/\/www.facebook.com\/people\/Drawings-online\/100034942735866\/","https:\/\/x.com\/OnlineDrawings","https:\/\/www.instagram.com\/drawings_online_com\/"]}]}},"jetpack_sharing_enabled":true,"_links":{"self":[{"href":"https:\/\/drawings-online.com\/en\/wp-json\/wp\/v2\/product\/1751","targetHints":{"allow":["GET"]}}],"collection":[{"href":"https:\/\/drawings-online.com\/en\/wp-json\/wp\/v2\/product"}],"about":[{"href":"https:\/\/drawings-online.com\/en\/wp-json\/wp\/v2\/types\/product"}],"wp:featuredmedia":[{"embeddable":true,"href":"https:\/\/drawings-online.com\/en\/wp-json\/wp\/v2\/media\/1752"}],"wp:attachment":[{"href":"https:\/\/drawings-online.com\/en\/wp-json\/wp\/v2\/media?parent=1751"}],"wp:term":[{"taxonomy":"product_brand","embeddable":true,"href":"https:\/\/drawings-online.com\/en\/wp-json\/wp\/v2\/product_brand?post=1751"},{"taxonomy":"product_cat","embeddable":true,"href":"https:\/\/drawings-online.com\/en\/wp-json\/wp\/v2\/product_cat?post=1751"},{"taxonomy":"product_tag","embeddable":true,"href":"https:\/\/drawings-online.com\/en\/wp-json\/wp\/v2\/product_tag?post=1751"}],"curies":[{"name":"wp","href":"https:\/\/api.w.org\/{rel}","templated":true}]}}