{"id":1743,"date":"2021-01-14T09:30:18","date_gmt":"2021-01-14T08:30:18","guid":{"rendered":"https:\/\/drawings-online.com\/product\/\/"},"modified":"2023-01-17T18:32:16","modified_gmt":"2023-01-17T17:32:16","slug":"jeune-homme-au-chapeau-ecole-florentine-fin-xvie-ou-debut-xviie-siecle","status":"publish","type":"product","link":"https:\/\/drawings-online.com\/en\/product\/young-man-wearing-a-hat-florentine-school-end-of-16th\/","title":{"rendered":"Young Man Wearing a Hat, florentine school end of 16th"},"content":{"rendered":"<p><strong>Florentine school, late 16th or early 17th century\u00a0<\/strong><\/p>\n<p style=\"font-weight: 400;\"><em><strong>Young Man Wearing a Hat<\/strong><\/em><\/p>\n<p>Red chalk. Framing lines with red chalk.<\/p>\n<p>143 x 124 mm &#8211; 5 5\/8 x 4 7\/8 in.<\/p>\n<p>Provenance &#8211; Giorgio dalla Bella, Milan, his stamp (<a href=\"https:\/\/www.marquesdecollections.fr\/detail.cfm\/marque\/11282\/total\/1\" target=\"_blank\" rel=\"noopener\">Lugt 3774<\/a>)<\/p>\n<p style=\"font-weight: 400;\">\u00a0<\/p>\n<figure id=\"attachment_1746\" aria-describedby=\"caption-attachment-1746\" style=\"width: 161px\" class=\"wp-caption alignleft\"><a href=\"http:\/\/www.nationalmuseum.se\/\" target=\"_blank\" rel=\"noopener\"><img loading=\"lazy\" decoding=\"async\" class=\"wp-image-1746\" style=\"font-size: 14.4px;\" src=\"https:\/\/drawings-online.com\/wp-content\/uploads\/2021\/01\/telechargement-e1610557050934-217x300.png\" alt=\"\" width=\"161\" height=\"223\" \/><\/a><figcaption id=\"caption-attachment-1746\" class=\"wp-caption-text\">Samson et Dalila by Lorenzo Lippi (1606-1664) (Stockholm, National Museum)<\/figcaption><\/figure>\n<p>Still anonymous, this charming drawing can be classified into the Florentine school. The use of a smooth red chalk and the schematic treatment of volumes by means of light contrats are typical of Florentine graphic habits. The small angular face with\u00a0sideways glance is reminiscent of Andrea Boscoli (1560-1607) although this artist&#8217;s graphic style is usually sharper. Similar hat style can be found in paintings by Cristofano Allori (1577-1621) such as his\u00a0<i><a href=\"https:\/\/fr.wikipedia.org\/wiki\/Cristofano_Allori#\/media\/Fichier:Cristofano_Allori-selfportrait.jpg\" target=\"_blank\" rel=\"noopener\">Self-portrait<\/a>\u00a0<\/i>(Florence, Uffizi Gallery) for example, but a particularly close hat appears in\u00a0<i>Samson and Dalilah\u00a0<\/i>(Stockholm, National Museum) by Lorenzo Lippi (1606 \u2013 1664), which would help date the drawing to the first part of the 17<sup>th<\/sup>century.<\/p>\n<p><span lang=\"EN-US\">Condition report &#8211; <\/span>Very fresh red chalk. The upper, left and right edges reintegrated.<\/p>\n","protected":false},"excerpt":{"rendered":"<p><em>The charms of red chalk and Florentine school.<\/em><\/p>\n<p>Young Man Wearing a Hat, florentine school, late 16th or early 17th century.<\/p>\n","protected":false},"featured_media":1747,"template":"","meta":{"_themeisle_gutenberg_block_has_review":false},"product_brand":[],"product_cat":[87,79],"product_tag":[88,23,175,345,353,415,99,28],"class_list":{"0":"post-1743","1":"product","2":"type-product","3":"status-publish","4":"has-post-thumbnail","6":"product_cat-florentine-school","7":"product_cat-italian-school","8":"product_tag-16th","9":"product_tag-17th","10":"product_tag-hat","11":"product_tag-old-master-drawings","12":"product_tag-gallery","13":"product_tag-n2","14":"product_tag-portrait","15":"product_tag-red-chalk","17":"first","18":"outofstock","19":"taxable","20":"shipping-taxable","21":"purchasable","22":"product-type-simple"},"yoast_head":"<!-- This site is optimized with the Yoast SEO plugin v27.5 - https:\/\/yoast.com\/product\/yoast-seo-wordpress\/ -->\n<title>Young Man Wearing a Hat, florentine school end of 16th<\/title>\n<meta name=\"description\" content=\"The charms of red chalk and Florentine school. Young Man Wearing a Hat, florentine school, late 16th or early 17th century.\" \/>\n<meta name=\"robots\" content=\"index, follow, max-snippet:-1, max-image-preview:large, max-video-preview:-1\" \/>\n<link rel=\"canonical\" href=\"http:\/\/The%20charms%20of%20red%20chalk%20and%20Florentine%20school.%20Young%20Man%20Wearing%20a%20Hat,%20florentine%20school,%20late%2016th%20or%20early%2017th%20century.\" \/>\n<meta property=\"og:locale\" content=\"en_US\" \/>\n<meta property=\"og:type\" content=\"article\" \/>\n<meta property=\"og:title\" content=\"Young Man Wearing a Hat, florentine school end of 16th\" \/>\n<meta property=\"og:description\" content=\"The charms of red chalk and Florentine school. Young Man Wearing a Hat, florentine school, late 16th or early 17th century.\" \/>\n<meta property=\"og:url\" content=\"https:\/\/drawings-online.com\/en\/product\/young-man-wearing-a-hat-florentine-school-end-of-16th\/\" \/>\n<meta property=\"og:site_name\" content=\"Drawings-online\" \/>\n<meta property=\"article:publisher\" content=\"https:\/\/www.facebook.com\/people\/Drawings-online\/100034942735866\/\" \/>\n<meta property=\"article:modified_time\" content=\"2023-01-17T17:32:16+00:00\" \/>\n<meta property=\"og:image\" content=\"https:\/\/drawings-online.com\/wp-content\/uploads\/2021\/01\/DSC_9643_1-1024x1024.png\" \/>\n\t<meta property=\"og:image:width\" content=\"1024\" \/>\n\t<meta property=\"og:image:height\" content=\"1024\" \/>\n\t<meta property=\"og:image:type\" content=\"image\/png\" \/>\n<meta name=\"twitter:card\" content=\"summary_large_image\" \/>\n<meta name=\"twitter:site\" content=\"@OnlineDrawings\" \/>\n<meta name=\"twitter:label1\" content=\"Est. reading time\" \/>\n\t<meta name=\"twitter:data1\" content=\"2 minutes\" \/>\n<script type=\"application\/ld+json\" class=\"yoast-schema-graph\">{\"@context\":\"https:\\\/\\\/schema.org\",\"@graph\":[{\"@type\":\"WebPage\",\"@id\":\"https:\\\/\\\/drawings-online.com\\\/en\\\/product\\\/young-man-wearing-a-hat-florentine-school-end-of-16th\\\/\",\"url\":\"https:\\\/\\\/drawings-online.com\\\/en\\\/product\\\/young-man-wearing-a-hat-florentine-school-end-of-16th\\\/\",\"name\":\"Jeune homme au chapeau, \u00c9cole florentine, fin XVIe ou d\u00e9but XVIIe si\u00e8cle - Drawings-online\",\"isPartOf\":{\"@id\":\"https:\\\/\\\/drawings-online.com\\\/#website\"},\"primaryImageOfPage\":{\"@id\":\"https:\\\/\\\/drawings-online.com\\\/en\\\/product\\\/young-man-wearing-a-hat-florentine-school-end-of-16th\\\/#primaryimage\"},\"image\":{\"@id\":\"https:\\\/\\\/drawings-online.com\\\/en\\\/product\\\/young-man-wearing-a-hat-florentine-school-end-of-16th\\\/#primaryimage\"},\"thumbnailUrl\":\"https:\\\/\\\/drawings-online.com\\\/wp-content\\\/uploads\\\/2021\\\/01\\\/DSC_9643_1.png\",\"datePublished\":\"2021-01-14T08:30:18+00:00\",\"dateModified\":\"2023-01-17T17:32:16+00:00\",\"breadcrumb\":{\"@id\":\"https:\\\/\\\/drawings-online.com\\\/en\\\/product\\\/young-man-wearing-a-hat-florentine-school-end-of-16th\\\/#breadcrumb\"},\"inLanguage\":\"en-US\",\"potentialAction\":[{\"@type\":\"ReadAction\",\"target\":[\"https:\\\/\\\/drawings-online.com\\\/en\\\/product\\\/young-man-wearing-a-hat-florentine-school-end-of-16th\\\/\"]}]},{\"@type\":\"ImageObject\",\"inLanguage\":\"en-US\",\"@id\":\"https:\\\/\\\/drawings-online.com\\\/en\\\/product\\\/young-man-wearing-a-hat-florentine-school-end-of-16th\\\/#primaryimage\",\"url\":\"https:\\\/\\\/drawings-online.com\\\/wp-content\\\/uploads\\\/2021\\\/01\\\/DSC_9643_1.png\",\"contentUrl\":\"https:\\\/\\\/drawings-online.com\\\/wp-content\\\/uploads\\\/2021\\\/01\\\/DSC_9643_1.png\",\"width\":1800,\"height\":1800,\"caption\":\"Jeune homme au chapeau, \u00c9cole florentine fin XVIe\"},{\"@type\":\"BreadcrumbList\",\"@id\":\"https:\\\/\\\/drawings-online.com\\\/en\\\/product\\\/young-man-wearing-a-hat-florentine-school-end-of-16th\\\/#breadcrumb\",\"itemListElement\":[{\"@type\":\"ListItem\",\"position\":1,\"name\":\"Works available\",\"item\":\"https:\\\/\\\/drawings-online.com\\\/\"},{\"@type\":\"ListItem\",\"position\":2,\"name\":\"Gallery\",\"item\":\"https:\\\/\\\/drawings-online.com\\\/galerie\\\/\"},{\"@type\":\"ListItem\",\"position\":3,\"name\":\"16e\",\"item\":\"https:\\\/\\\/drawings-online.com\\\/product_tag\\\/16e\\\/\"},{\"@type\":\"ListItem\",\"position\":4,\"name\":\"Young Man Wearing a Hat, florentine school end of 16th\"}]},{\"@type\":\"WebSite\",\"@id\":\"https:\\\/\\\/drawings-online.com\\\/en\\\/#website\",\"url\":\"https:\\\/\\\/drawings-online.com\\\/en\\\/\",\"name\":\"Drawings-online\",\"description\":\"Dessins en ligne\",\"publisher\":{\"@id\":\"https:\\\/\\\/drawings-online.com\\\/en\\\/#organization\"},\"potentialAction\":[{\"@type\":\"SearchAction\",\"target\":{\"@type\":\"EntryPoint\",\"urlTemplate\":\"https:\\\/\\\/drawings-online.com\\\/en\\\/?s={search_term_string}\"},\"query-input\":{\"@type\":\"PropertyValueSpecification\",\"valueRequired\":true,\"valueName\":\"search_term_string\"}}],\"inLanguage\":\"en-US\"},{\"@type\":\"Organization\",\"@id\":\"https:\\\/\\\/drawings-online.com\\\/en\\\/#organization\",\"name\":\"Drawings-online\",\"url\":\"https:\\\/\\\/drawings-online.com\\\/en\\\/\",\"logo\":{\"@type\":\"ImageObject\",\"inLanguage\":\"en-US\",\"@id\":\"https:\\\/\\\/drawings-online.com\\\/en\\\/#\\\/schema\\\/logo\\\/image\\\/\",\"url\":\"https:\\\/\\\/drawings-online.com\\\/wp-content\\\/uploads\\\/2020\\\/12\\\/drawings-icone-transp-e1607442878135.png\",\"contentUrl\":\"https:\\\/\\\/drawings-online.com\\\/wp-content\\\/uploads\\\/2020\\\/12\\\/drawings-icone-transp-e1607442878135.png\",\"width\":150,\"height\":150,\"caption\":\"Drawings-online\"},\"image\":{\"@id\":\"https:\\\/\\\/drawings-online.com\\\/en\\\/#\\\/schema\\\/logo\\\/image\\\/\"},\"sameAs\":[\"https:\\\/\\\/www.facebook.com\\\/people\\\/Drawings-online\\\/100034942735866\\\/\",\"https:\\\/\\\/x.com\\\/OnlineDrawings\",\"https:\\\/\\\/www.instagram.com\\\/drawings_online_com\\\/\"]}]}<\/script>\n<!-- \/ Yoast SEO plugin. -->","yoast_head_json":{"title":"Young Man Wearing a Hat, florentine school end of 16th","description":"The charms of red chalk and Florentine school. Young Man Wearing a Hat, florentine school, late 16th or early 17th century.","robots":{"index":"index","follow":"follow","max-snippet":"max-snippet:-1","max-image-preview":"max-image-preview:large","max-video-preview":"max-video-preview:-1"},"canonical":"The charms of red chalk and Florentine school. Young Man Wearing a Hat, florentine school, late 16th or early 17th century.","og_locale":"en_US","og_type":"article","og_title":"Young Man Wearing a Hat, florentine school end of 16th","og_description":"The charms of red chalk and Florentine school. Young Man Wearing a Hat, florentine school, late 16th or early 17th century.","og_url":"https:\/\/drawings-online.com\/en\/product\/young-man-wearing-a-hat-florentine-school-end-of-16th\/","og_site_name":"Drawings-online","article_publisher":"https:\/\/www.facebook.com\/people\/Drawings-online\/100034942735866\/","article_modified_time":"2023-01-17T17:32:16+00:00","og_image":[{"width":1024,"height":1024,"url":"https:\/\/drawings-online.com\/wp-content\/uploads\/2021\/01\/DSC_9643_1-1024x1024.png","type":"image\/png"}],"twitter_card":"summary_large_image","twitter_site":"@OnlineDrawings","twitter_misc":{"Est. reading time":"2 minutes"},"schema":{"@context":"https:\/\/schema.org","@graph":[{"@type":"WebPage","@id":"https:\/\/drawings-online.com\/en\/product\/young-man-wearing-a-hat-florentine-school-end-of-16th\/","url":"https:\/\/drawings-online.com\/en\/product\/young-man-wearing-a-hat-florentine-school-end-of-16th\/","name":"Jeune homme au chapeau, \u00c9cole florentine, fin XVIe ou d\u00e9but XVIIe si\u00e8cle - Drawings-online","isPartOf":{"@id":"https:\/\/drawings-online.com\/#website"},"primaryImageOfPage":{"@id":"https:\/\/drawings-online.com\/en\/product\/young-man-wearing-a-hat-florentine-school-end-of-16th\/#primaryimage"},"image":{"@id":"https:\/\/drawings-online.com\/en\/product\/young-man-wearing-a-hat-florentine-school-end-of-16th\/#primaryimage"},"thumbnailUrl":"https:\/\/drawings-online.com\/wp-content\/uploads\/2021\/01\/DSC_9643_1.png","datePublished":"2021-01-14T08:30:18+00:00","dateModified":"2023-01-17T17:32:16+00:00","breadcrumb":{"@id":"https:\/\/drawings-online.com\/en\/product\/young-man-wearing-a-hat-florentine-school-end-of-16th\/#breadcrumb"},"inLanguage":"en-US","potentialAction":[{"@type":"ReadAction","target":["https:\/\/drawings-online.com\/en\/product\/young-man-wearing-a-hat-florentine-school-end-of-16th\/"]}]},{"@type":"ImageObject","inLanguage":"en-US","@id":"https:\/\/drawings-online.com\/en\/product\/young-man-wearing-a-hat-florentine-school-end-of-16th\/#primaryimage","url":"https:\/\/drawings-online.com\/wp-content\/uploads\/2021\/01\/DSC_9643_1.png","contentUrl":"https:\/\/drawings-online.com\/wp-content\/uploads\/2021\/01\/DSC_9643_1.png","width":1800,"height":1800,"caption":"Jeune homme au chapeau, \u00c9cole florentine fin XVIe"},{"@type":"BreadcrumbList","@id":"https:\/\/drawings-online.com\/en\/product\/young-man-wearing-a-hat-florentine-school-end-of-16th\/#breadcrumb","itemListElement":[{"@type":"ListItem","position":1,"name":"Works available","item":"https:\/\/drawings-online.com\/"},{"@type":"ListItem","position":2,"name":"Gallery","item":"https:\/\/drawings-online.com\/galerie\/"},{"@type":"ListItem","position":3,"name":"16e","item":"https:\/\/drawings-online.com\/product_tag\/16e\/"},{"@type":"ListItem","position":4,"name":"Young Man Wearing a Hat, florentine school end of 16th"}]},{"@type":"WebSite","@id":"https:\/\/drawings-online.com\/en\/#website","url":"https:\/\/drawings-online.com\/en\/","name":"Drawings-online","description":"Dessins en ligne","publisher":{"@id":"https:\/\/drawings-online.com\/en\/#organization"},"potentialAction":[{"@type":"SearchAction","target":{"@type":"EntryPoint","urlTemplate":"https:\/\/drawings-online.com\/en\/?s={search_term_string}"},"query-input":{"@type":"PropertyValueSpecification","valueRequired":true,"valueName":"search_term_string"}}],"inLanguage":"en-US"},{"@type":"Organization","@id":"https:\/\/drawings-online.com\/en\/#organization","name":"Drawings-online","url":"https:\/\/drawings-online.com\/en\/","logo":{"@type":"ImageObject","inLanguage":"en-US","@id":"https:\/\/drawings-online.com\/en\/#\/schema\/logo\/image\/","url":"https:\/\/drawings-online.com\/wp-content\/uploads\/2020\/12\/drawings-icone-transp-e1607442878135.png","contentUrl":"https:\/\/drawings-online.com\/wp-content\/uploads\/2020\/12\/drawings-icone-transp-e1607442878135.png","width":150,"height":150,"caption":"Drawings-online"},"image":{"@id":"https:\/\/drawings-online.com\/en\/#\/schema\/logo\/image\/"},"sameAs":["https:\/\/www.facebook.com\/people\/Drawings-online\/100034942735866\/","https:\/\/x.com\/OnlineDrawings","https:\/\/www.instagram.com\/drawings_online_com\/"]}]}},"jetpack_sharing_enabled":true,"_links":{"self":[{"href":"https:\/\/drawings-online.com\/en\/wp-json\/wp\/v2\/product\/1743","targetHints":{"allow":["GET"]}}],"collection":[{"href":"https:\/\/drawings-online.com\/en\/wp-json\/wp\/v2\/product"}],"about":[{"href":"https:\/\/drawings-online.com\/en\/wp-json\/wp\/v2\/types\/product"}],"wp:featuredmedia":[{"embeddable":true,"href":"https:\/\/drawings-online.com\/en\/wp-json\/wp\/v2\/media\/1747"}],"wp:attachment":[{"href":"https:\/\/drawings-online.com\/en\/wp-json\/wp\/v2\/media?parent=1743"}],"wp:term":[{"taxonomy":"product_brand","embeddable":true,"href":"https:\/\/drawings-online.com\/en\/wp-json\/wp\/v2\/product_brand?post=1743"},{"taxonomy":"product_cat","embeddable":true,"href":"https:\/\/drawings-online.com\/en\/wp-json\/wp\/v2\/product_cat?post=1743"},{"taxonomy":"product_tag","embeddable":true,"href":"https:\/\/drawings-online.com\/en\/wp-json\/wp\/v2\/product_tag?post=1743"}],"curies":[{"name":"wp","href":"https:\/\/api.w.org\/{rel}","templated":true}]}}