{"id":1348,"date":"2020-12-09T12:40:10","date_gmt":"2020-12-09T11:40:10","guid":{"rendered":"https:\/\/drawings-online.com\/product\/\/"},"modified":"2023-01-17T18:29:48","modified_gmt":"2023-01-17T17:29:48","slug":"paysage-vallonne-par-jules-chadel","status":"publish","type":"product","link":"https:\/\/drawings-online.com\/en\/product\/hilly-landscape-by-jules-chadel\/","title":{"rendered":"Hilly landscape by Jules Chadel"},"content":{"rendered":"<p><strong>Jules Chadel<\/strong><\/p>\n<p>Clermont Ferrand 1870 &#8211; Paris 1941<\/p>\n<p><strong><em>Hilly landscape<\/em><\/strong><\/p>\n<p>Monogrammed <em>JCH<\/em> lower right.<\/p>\n<p>Pen and China ink, watercolor and gouache. Framing lines with black chalk.<\/p>\n<p>241 x 315 mm &#8211; 9,49 x 12,40 in.<\/p>\n<p>A student in the \u00c9cole des beaux-arts in Clermont-Ferrand, Jules Chadel transferred in 1839 to the \u00c9cole des arts d\u00e9coratifs in Paris. He worked as a draughtsman for the jewel designer Georges Le Turq before entering the more famous Henri Vever&#8217;s workshop. There he discovered Japanese art, which was to make a long-lasting impression on him.<\/p>\n<p>Alongside Prosper-Alphonse Isaac, he undertook to learn oriental graphic techniques and wood engraving with Yoshijiro Urushibara, a Japanese artist living between Paris and London from 1908 to 1940.<\/p>\n<p>Following Henri Rivi\u00e8re&#8217;s example, he discovered Brittany, where he executed numerous wash and watercolor drawings, preparatory to wood engravings. Chadel was one of the few artists to carry this Japanese-style to the extreme, using exclusively Japanese techniques and practicing monochrome drawing.<\/p>\n<p><a href=\"https:\/\/dai.ly\/x3fgyik\" target=\"_blank\" rel=\"noopener\">A large group of his works is in the Roger-Quilliot museum in Clermont-Ferrand and was exhibited in 2015-2016:\u00a0<em>Nature et Mouvement : Jules Chadel (1870 \u2013 1941) dessins et gravures.<\/em>\u00a0<\/a><\/p>\n<p>Condition report &#8211; Laid down on Japan paper. Slight diagonal crease in the paper, barely visible. Good overall condition.<\/p>\n","protected":false},"excerpt":{"rendered":"<p><em>Invitation to a stroll by Japanese art lover.<\/em><\/p>\n<p>Hilly landscape by Jules Chadel.<\/p>\n","protected":false},"featured_media":1471,"template":"","meta":{"_themeisle_gutenberg_block_has_review":false},"product_brand":[],"product_cat":[78],"product_tag":[37,104,349,92,26,414],"class_list":{"0":"post-1348","1":"product","2":"type-product","3":"status-publish","4":"has-post-thumbnail","6":"product_cat-french-school","7":"product_tag-19th","8":"product_tag-20th","9":"product_tag-jules-chadel-workshop","10":"product_tag-china-ink","11":"product_tag-gray-wash","12":"product_tag-n1","14":"first","15":"outofstock","16":"taxable","17":"shipping-taxable","18":"purchasable","19":"product-type-simple"},"yoast_head":"<!-- This site is optimized with the Yoast SEO plugin v27.4 - https:\/\/yoast.com\/product\/yoast-seo-wordpress\/ -->\n<title>Hilly landscape by Jules Chadel<\/title>\n<meta name=\"description\" content=\"Invitation to a stroll by Japanese art lover. Hilly landscape by Jules Chadel.\" \/>\n<meta name=\"robots\" content=\"index, follow, max-snippet:-1, max-image-preview:large, max-video-preview:-1\" \/>\n<link rel=\"canonical\" href=\"http:\/\/Invitation%20to%20a%20stroll%20by%20Japanese%20art%20lover.%20Hilly%20landscape%20by%20Jules%20Chadel.\" \/>\n<meta property=\"og:locale\" content=\"en_US\" \/>\n<meta property=\"og:type\" content=\"article\" \/>\n<meta property=\"og:title\" content=\"Hilly landscape by Jules Chadel\" \/>\n<meta property=\"og:description\" content=\"Invitation to a stroll by Japanese art lover. Hilly landscape by Jules Chadel.\" \/>\n<meta property=\"og:url\" content=\"https:\/\/drawings-online.com\/en\/product\/hilly-landscape-by-jules-chadel\/\" \/>\n<meta property=\"og:site_name\" content=\"Drawings-online\" \/>\n<meta property=\"article:publisher\" content=\"https:\/\/www.facebook.com\/people\/Drawings-online\/100034942735866\/\" \/>\n<meta property=\"article:modified_time\" content=\"2023-01-17T17:29:48+00:00\" \/>\n<meta property=\"og:image\" content=\"https:\/\/drawings-online.com\/wp-content\/uploads\/2020\/11\/DSC_9266_12-1024x1024.png\" \/>\n\t<meta property=\"og:image:width\" content=\"1024\" \/>\n\t<meta property=\"og:image:height\" content=\"1024\" \/>\n\t<meta property=\"og:image:type\" content=\"image\/png\" \/>\n<meta name=\"twitter:card\" content=\"summary_large_image\" \/>\n<meta name=\"twitter:site\" content=\"@OnlineDrawings\" \/>\n<meta name=\"twitter:label1\" content=\"Est. reading time\" \/>\n\t<meta name=\"twitter:data1\" content=\"1 minute\" \/>\n<script type=\"application\/ld+json\" class=\"yoast-schema-graph\">{\"@context\":\"https:\\\/\\\/schema.org\",\"@graph\":[{\"@type\":\"WebPage\",\"@id\":\"https:\\\/\\\/drawings-online.com\\\/en\\\/product\\\/hilly-landscape-by-jules-chadel\\\/\",\"url\":\"https:\\\/\\\/drawings-online.com\\\/en\\\/product\\\/hilly-landscape-by-jules-chadel\\\/\",\"name\":\"Paysage vallonn\u00e9 par Jules Chadel - Drawings-online\",\"isPartOf\":{\"@id\":\"https:\\\/\\\/drawings-online.com\\\/#website\"},\"primaryImageOfPage\":{\"@id\":\"https:\\\/\\\/drawings-online.com\\\/en\\\/product\\\/hilly-landscape-by-jules-chadel\\\/#primaryimage\"},\"image\":{\"@id\":\"https:\\\/\\\/drawings-online.com\\\/en\\\/product\\\/hilly-landscape-by-jules-chadel\\\/#primaryimage\"},\"thumbnailUrl\":\"https:\\\/\\\/drawings-online.com\\\/wp-content\\\/uploads\\\/2020\\\/11\\\/DSC_9266_12.png\",\"datePublished\":\"2020-12-09T11:40:10+00:00\",\"dateModified\":\"2023-01-17T17:29:48+00:00\",\"breadcrumb\":{\"@id\":\"https:\\\/\\\/drawings-online.com\\\/en\\\/product\\\/hilly-landscape-by-jules-chadel\\\/#breadcrumb\"},\"inLanguage\":\"en-US\",\"potentialAction\":[{\"@type\":\"ReadAction\",\"target\":[\"https:\\\/\\\/drawings-online.com\\\/en\\\/product\\\/hilly-landscape-by-jules-chadel\\\/\"]}]},{\"@type\":\"ImageObject\",\"inLanguage\":\"en-US\",\"@id\":\"https:\\\/\\\/drawings-online.com\\\/en\\\/product\\\/hilly-landscape-by-jules-chadel\\\/#primaryimage\",\"url\":\"https:\\\/\\\/drawings-online.com\\\/wp-content\\\/uploads\\\/2020\\\/11\\\/DSC_9266_12.png\",\"contentUrl\":\"https:\\\/\\\/drawings-online.com\\\/wp-content\\\/uploads\\\/2020\\\/11\\\/DSC_9266_12.png\",\"width\":1800,\"height\":1800},{\"@type\":\"BreadcrumbList\",\"@id\":\"https:\\\/\\\/drawings-online.com\\\/en\\\/product\\\/hilly-landscape-by-jules-chadel\\\/#breadcrumb\",\"itemListElement\":[{\"@type\":\"ListItem\",\"position\":1,\"name\":\"Works available\",\"item\":\"https:\\\/\\\/drawings-online.com\\\/\"},{\"@type\":\"ListItem\",\"position\":2,\"name\":\"Gallery\",\"item\":\"https:\\\/\\\/drawings-online.com\\\/galerie\\\/\"},{\"@type\":\"ListItem\",\"position\":3,\"name\":\"19e\",\"item\":\"https:\\\/\\\/drawings-online.com\\\/product_tag\\\/19e\\\/\"},{\"@type\":\"ListItem\",\"position\":4,\"name\":\"Hilly landscape by Jules Chadel\"}]},{\"@type\":\"WebSite\",\"@id\":\"https:\\\/\\\/drawings-online.com\\\/en\\\/#website\",\"url\":\"https:\\\/\\\/drawings-online.com\\\/en\\\/\",\"name\":\"Drawings-online\",\"description\":\"Dessins en ligne\",\"publisher\":{\"@id\":\"https:\\\/\\\/drawings-online.com\\\/en\\\/#organization\"},\"potentialAction\":[{\"@type\":\"SearchAction\",\"target\":{\"@type\":\"EntryPoint\",\"urlTemplate\":\"https:\\\/\\\/drawings-online.com\\\/en\\\/?s={search_term_string}\"},\"query-input\":{\"@type\":\"PropertyValueSpecification\",\"valueRequired\":true,\"valueName\":\"search_term_string\"}}],\"inLanguage\":\"en-US\"},{\"@type\":\"Organization\",\"@id\":\"https:\\\/\\\/drawings-online.com\\\/en\\\/#organization\",\"name\":\"Drawings-online\",\"url\":\"https:\\\/\\\/drawings-online.com\\\/en\\\/\",\"logo\":{\"@type\":\"ImageObject\",\"inLanguage\":\"en-US\",\"@id\":\"https:\\\/\\\/drawings-online.com\\\/en\\\/#\\\/schema\\\/logo\\\/image\\\/\",\"url\":\"https:\\\/\\\/drawings-online.com\\\/wp-content\\\/uploads\\\/2020\\\/12\\\/drawings-icone-transp-e1607442878135.png\",\"contentUrl\":\"https:\\\/\\\/drawings-online.com\\\/wp-content\\\/uploads\\\/2020\\\/12\\\/drawings-icone-transp-e1607442878135.png\",\"width\":150,\"height\":150,\"caption\":\"Drawings-online\"},\"image\":{\"@id\":\"https:\\\/\\\/drawings-online.com\\\/en\\\/#\\\/schema\\\/logo\\\/image\\\/\"},\"sameAs\":[\"https:\\\/\\\/www.facebook.com\\\/people\\\/Drawings-online\\\/100034942735866\\\/\",\"https:\\\/\\\/x.com\\\/OnlineDrawings\",\"https:\\\/\\\/www.instagram.com\\\/drawings_online_com\\\/\"]}]}<\/script>\n<!-- \/ Yoast SEO plugin. -->","yoast_head_json":{"title":"Hilly landscape by Jules Chadel","description":"Invitation to a stroll by Japanese art lover. Hilly landscape by Jules Chadel.","robots":{"index":"index","follow":"follow","max-snippet":"max-snippet:-1","max-image-preview":"max-image-preview:large","max-video-preview":"max-video-preview:-1"},"canonical":"Invitation to a stroll by Japanese art lover. Hilly landscape by Jules Chadel.","og_locale":"en_US","og_type":"article","og_title":"Hilly landscape by Jules Chadel","og_description":"Invitation to a stroll by Japanese art lover. Hilly landscape by Jules Chadel.","og_url":"https:\/\/drawings-online.com\/en\/product\/hilly-landscape-by-jules-chadel\/","og_site_name":"Drawings-online","article_publisher":"https:\/\/www.facebook.com\/people\/Drawings-online\/100034942735866\/","article_modified_time":"2023-01-17T17:29:48+00:00","og_image":[{"width":1024,"height":1024,"url":"https:\/\/drawings-online.com\/wp-content\/uploads\/2020\/11\/DSC_9266_12-1024x1024.png","type":"image\/png"}],"twitter_card":"summary_large_image","twitter_site":"@OnlineDrawings","twitter_misc":{"Est. reading time":"1 minute"},"schema":{"@context":"https:\/\/schema.org","@graph":[{"@type":"WebPage","@id":"https:\/\/drawings-online.com\/en\/product\/hilly-landscape-by-jules-chadel\/","url":"https:\/\/drawings-online.com\/en\/product\/hilly-landscape-by-jules-chadel\/","name":"Paysage vallonn\u00e9 par Jules Chadel - Drawings-online","isPartOf":{"@id":"https:\/\/drawings-online.com\/#website"},"primaryImageOfPage":{"@id":"https:\/\/drawings-online.com\/en\/product\/hilly-landscape-by-jules-chadel\/#primaryimage"},"image":{"@id":"https:\/\/drawings-online.com\/en\/product\/hilly-landscape-by-jules-chadel\/#primaryimage"},"thumbnailUrl":"https:\/\/drawings-online.com\/wp-content\/uploads\/2020\/11\/DSC_9266_12.png","datePublished":"2020-12-09T11:40:10+00:00","dateModified":"2023-01-17T17:29:48+00:00","breadcrumb":{"@id":"https:\/\/drawings-online.com\/en\/product\/hilly-landscape-by-jules-chadel\/#breadcrumb"},"inLanguage":"en-US","potentialAction":[{"@type":"ReadAction","target":["https:\/\/drawings-online.com\/en\/product\/hilly-landscape-by-jules-chadel\/"]}]},{"@type":"ImageObject","inLanguage":"en-US","@id":"https:\/\/drawings-online.com\/en\/product\/hilly-landscape-by-jules-chadel\/#primaryimage","url":"https:\/\/drawings-online.com\/wp-content\/uploads\/2020\/11\/DSC_9266_12.png","contentUrl":"https:\/\/drawings-online.com\/wp-content\/uploads\/2020\/11\/DSC_9266_12.png","width":1800,"height":1800},{"@type":"BreadcrumbList","@id":"https:\/\/drawings-online.com\/en\/product\/hilly-landscape-by-jules-chadel\/#breadcrumb","itemListElement":[{"@type":"ListItem","position":1,"name":"Works available","item":"https:\/\/drawings-online.com\/"},{"@type":"ListItem","position":2,"name":"Gallery","item":"https:\/\/drawings-online.com\/galerie\/"},{"@type":"ListItem","position":3,"name":"19e","item":"https:\/\/drawings-online.com\/product_tag\/19e\/"},{"@type":"ListItem","position":4,"name":"Hilly landscape by Jules Chadel"}]},{"@type":"WebSite","@id":"https:\/\/drawings-online.com\/en\/#website","url":"https:\/\/drawings-online.com\/en\/","name":"Drawings-online","description":"Dessins en ligne","publisher":{"@id":"https:\/\/drawings-online.com\/en\/#organization"},"potentialAction":[{"@type":"SearchAction","target":{"@type":"EntryPoint","urlTemplate":"https:\/\/drawings-online.com\/en\/?s={search_term_string}"},"query-input":{"@type":"PropertyValueSpecification","valueRequired":true,"valueName":"search_term_string"}}],"inLanguage":"en-US"},{"@type":"Organization","@id":"https:\/\/drawings-online.com\/en\/#organization","name":"Drawings-online","url":"https:\/\/drawings-online.com\/en\/","logo":{"@type":"ImageObject","inLanguage":"en-US","@id":"https:\/\/drawings-online.com\/en\/#\/schema\/logo\/image\/","url":"https:\/\/drawings-online.com\/wp-content\/uploads\/2020\/12\/drawings-icone-transp-e1607442878135.png","contentUrl":"https:\/\/drawings-online.com\/wp-content\/uploads\/2020\/12\/drawings-icone-transp-e1607442878135.png","width":150,"height":150,"caption":"Drawings-online"},"image":{"@id":"https:\/\/drawings-online.com\/en\/#\/schema\/logo\/image\/"},"sameAs":["https:\/\/www.facebook.com\/people\/Drawings-online\/100034942735866\/","https:\/\/x.com\/OnlineDrawings","https:\/\/www.instagram.com\/drawings_online_com\/"]}]}},"jetpack_sharing_enabled":true,"_links":{"self":[{"href":"https:\/\/drawings-online.com\/en\/wp-json\/wp\/v2\/product\/1348","targetHints":{"allow":["GET"]}}],"collection":[{"href":"https:\/\/drawings-online.com\/en\/wp-json\/wp\/v2\/product"}],"about":[{"href":"https:\/\/drawings-online.com\/en\/wp-json\/wp\/v2\/types\/product"}],"wp:featuredmedia":[{"embeddable":true,"href":"https:\/\/drawings-online.com\/en\/wp-json\/wp\/v2\/media\/1471"}],"wp:attachment":[{"href":"https:\/\/drawings-online.com\/en\/wp-json\/wp\/v2\/media?parent=1348"}],"wp:term":[{"taxonomy":"product_brand","embeddable":true,"href":"https:\/\/drawings-online.com\/en\/wp-json\/wp\/v2\/product_brand?post=1348"},{"taxonomy":"product_cat","embeddable":true,"href":"https:\/\/drawings-online.com\/en\/wp-json\/wp\/v2\/product_cat?post=1348"},{"taxonomy":"product_tag","embeddable":true,"href":"https:\/\/drawings-online.com\/en\/wp-json\/wp\/v2\/product_tag?post=1348"}],"curies":[{"name":"wp","href":"https:\/\/api.w.org\/{rel}","templated":true}]}}