{"id":1231,"date":"2020-12-09T13:15:53","date_gmt":"2020-12-09T12:15:53","guid":{"rendered":"https:\/\/drawings-online.com\/product\/\/"},"modified":"2023-01-17T18:29:45","modified_gmt":"2023-01-17T17:29:45","slug":"louis-xvi-appele-a-limmortalite-soutenu-par-un-ange-ecole-francaise-du-xixe-siecle","status":"publish","type":"product","link":"https:\/\/drawings-online.com\/en\/product\/louis-xvi-called-to-immortality-sustained-by-an-angel-after-a-sculpture-by-joseph-bosio-in-the-chapelle-expiatoire-paris-french-school-19th-century\/","title":{"rendered":"Louis XVI called to Immortality, sustained by an Angel, after a sculpture by Joseph Bosio in the Chapelle Expiatoire, Paris. French School 19th century"},"content":{"rendered":"<p><strong>French School 19th century<\/strong><\/p>\n<p><strong><i><span lang=\"EN-US\">Louis XVI called to Immortality, sustained by an Angel<\/span><\/i><span lang=\"EN-US\">, after a sculpture by Joseph Bosio in the Chapelle Expiatoire, Paris<\/span><\/strong><\/p>\n<p>Black chalk, stumping and gumming.<\/p>\n<p>450 x 360 mm &#8211; 17,72 x 14,17 in.<\/p>\n<p style=\"font-weight: 400;\">With a stunning technique, this drawing reproduces a sculpture executed by Fran\u00e7ois Joseph Bosio for the Chapelle Expiatoire (Paris, square Louis-XVI), placing it on a background that evokes the dark sky of a black and cloudy night.<\/p>\n<p style=\"font-weight: 400;\">When he came into power, Louis XVIII decided to commission the architect Pierre-Fran\u00e7ois-L\u00e9onard Fontaine with the edification of a commemorative chapel, later to be called &#8220;expiatoire&#8221; (penitential). It was built on the former location of the Madeleine cemetery, where the King&#8217;s and Queen&#8217;s bodies had been buried before their transfer to Saint-Denis basilica on 21 January 1815. The monument was erected between 1815 and 1826, and Bosio was commissioned a sculpture representing\u00a0<em>Louis XVI called to Immortality, sustained by an Angel.<\/em><\/p>\n<p style=\"font-weight: 400;\">Although it reproduces Bosio&#8217;s sculpture, this drawing is a work of art per se. It was intended to support memory and to inspire devotion and respect for the sacrificed King, who is sustained by an Angel just like Jesus-Christ. The drawing background&#8217;s soft texture reminds of the velvet that covered the &#8220;chapelle ardentes&#8221; &#8211; ephemeral constructions built to host the King&#8217;s body &#8211; or the walls, ground, and windows during funeral ceremonies of the royal family members. Very characteristic of the Bourbon Restoration, this impressive drawing fully illustrates the grief felt by a part of the French population and politicized by the returned to power Monarchists.\u00a0<\/p>\n<p>Condition reports &#8211; Darkened paper, a tear in Louis XVI\u2019s right hand, some small abrasions and around the angel\u2019s left hand<\/p>\n<p>&nbsp;<\/p>\n","protected":false},"excerpt":{"rendered":"<p><em>A tribute to Monarchy, drawn with a brilliant technique.<\/em><\/p>\n<p>Louis XVI called to Immortality, sustained by an Angel, after a sculpture by Joseph Bosio in the Chapelle Expiatoire, Paris. French School 19th century.<\/p>\n","protected":false},"featured_media":1232,"template":"","meta":{"_themeisle_gutenberg_block_has_review":false},"product_brand":[],"product_cat":[78],"product_tag":[37,345,34,353,118,117,414,16,116],"class_list":{"0":"post-1231","1":"product","2":"type-product","3":"status-publish","4":"has-post-thumbnail","6":"product_cat-french-school","7":"product_tag-19th","8":"product_tag-old-master-drawings","9":"product_tag-stumping","10":"product_tag-gallery","11":"product_tag-louis-xvi","12":"product_tag-monarchy","13":"product_tag-n1","14":"product_tag-black-chalk","15":"product_tag-sculpture","17":"first","18":"outofstock","19":"taxable","20":"shipping-taxable","21":"purchasable","22":"product-type-simple"},"yoast_head":"<!-- This site is optimized with the Yoast SEO plugin v27.5 - https:\/\/yoast.com\/product\/yoast-seo-wordpress\/ -->\n<title>Louis XVI called to Immortality, sustained by an Angel, after a sculpture by Joseph Bosio in the Chapelle Expiatoire, Paris. French School 19th century<\/title>\n<meta name=\"description\" content=\"A tribute to Monarchy, drawn with a brilliant technique. Louis XVI called to Immortality, sustained by an Angel, after a sculpture by Joseph Bosio in the Chapelle Expiatoire, Paris. French School 19th century.\" \/>\n<meta name=\"robots\" content=\"index, follow, max-snippet:-1, max-image-preview:large, max-video-preview:-1\" \/>\n<link rel=\"canonical\" href=\"http:\/\/A%20tribute%20to%20Monarchy,%20drawn%20with%20a%20brilliant%20technique.%20Louis%20XVI%20called%20to%20Immortality,%20sustained%20by%20an%20Angel,%20after%20a%20sculpture%20by%20Joseph%20Bosio%20in%20the%20Chapelle%20Expiatoire,%20Paris.%20French%20School%2019th%20century.\" \/>\n<meta property=\"og:locale\" content=\"en_US\" \/>\n<meta property=\"og:type\" content=\"article\" \/>\n<meta property=\"og:title\" content=\"Louis XVI called to Immortality, sustained by an Angel, after a sculpture by Joseph Bosio in the Chapelle Expiatoire, Paris. French School 19th century\" \/>\n<meta property=\"og:description\" content=\"A tribute to Monarchy, drawn with a brilliant technique. Louis XVI called to Immortality, sustained by an Angel, after a sculpture by Joseph Bosio in the Chapelle Expiatoire, Paris. French School 19th century.\" \/>\n<meta property=\"og:url\" content=\"https:\/\/drawings-online.com\/en\/product\/louis-xvi-called-to-immortality-sustained-by-an-angel-after-a-sculpture-by-joseph-bosio-in-the-chapelle-expiatoire-paris-french-school-19th-century\/\" \/>\n<meta property=\"og:site_name\" content=\"Drawings-online\" \/>\n<meta property=\"article:publisher\" content=\"https:\/\/www.facebook.com\/people\/Drawings-online\/100034942735866\/\" \/>\n<meta property=\"article:modified_time\" content=\"2023-01-17T17:29:45+00:00\" \/>\n<meta property=\"og:image\" content=\"https:\/\/drawings-online.com\/wp-content\/uploads\/2020\/11\/DSC_8089_1-1024x1024.png\" \/>\n\t<meta property=\"og:image:width\" content=\"1024\" \/>\n\t<meta property=\"og:image:height\" content=\"1024\" \/>\n\t<meta property=\"og:image:type\" content=\"image\/png\" \/>\n<meta name=\"twitter:card\" content=\"summary_large_image\" \/>\n<meta name=\"twitter:site\" content=\"@OnlineDrawings\" \/>\n<meta name=\"twitter:label1\" content=\"Est. reading time\" \/>\n\t<meta name=\"twitter:data1\" content=\"2 minutes\" \/>\n<script type=\"application\/ld+json\" class=\"yoast-schema-graph\">{\"@context\":\"https:\\\/\\\/schema.org\",\"@graph\":[{\"@type\":\"WebPage\",\"@id\":\"https:\\\/\\\/drawings-online.com\\\/en\\\/product\\\/louis-xvi-called-to-immortality-sustained-by-an-angel-after-a-sculpture-by-joseph-bosio-in-the-chapelle-expiatoire-paris-french-school-19th-century\\\/\",\"url\":\"https:\\\/\\\/drawings-online.com\\\/en\\\/product\\\/louis-xvi-called-to-immortality-sustained-by-an-angel-after-a-sculpture-by-joseph-bosio-in-the-chapelle-expiatoire-paris-french-school-19th-century\\\/\",\"name\":\"Louis XVI appel\u00e9 \u00e0 l\u2019Immortalit\u00e9, soutenu par un ange, \u00e9cole fran\u00e7aise du XIXe si\u00e8cle - Drawings-online\",\"isPartOf\":{\"@id\":\"https:\\\/\\\/drawings-online.com\\\/#website\"},\"primaryImageOfPage\":{\"@id\":\"https:\\\/\\\/drawings-online.com\\\/en\\\/product\\\/louis-xvi-called-to-immortality-sustained-by-an-angel-after-a-sculpture-by-joseph-bosio-in-the-chapelle-expiatoire-paris-french-school-19th-century\\\/#primaryimage\"},\"image\":{\"@id\":\"https:\\\/\\\/drawings-online.com\\\/en\\\/product\\\/louis-xvi-called-to-immortality-sustained-by-an-angel-after-a-sculpture-by-joseph-bosio-in-the-chapelle-expiatoire-paris-french-school-19th-century\\\/#primaryimage\"},\"thumbnailUrl\":\"https:\\\/\\\/drawings-online.com\\\/wp-content\\\/uploads\\\/2020\\\/11\\\/DSC_8089_1.png\",\"datePublished\":\"2020-12-09T12:15:53+00:00\",\"dateModified\":\"2023-01-17T17:29:45+00:00\",\"breadcrumb\":{\"@id\":\"https:\\\/\\\/drawings-online.com\\\/en\\\/product\\\/louis-xvi-called-to-immortality-sustained-by-an-angel-after-a-sculpture-by-joseph-bosio-in-the-chapelle-expiatoire-paris-french-school-19th-century\\\/#breadcrumb\"},\"inLanguage\":\"en-US\",\"potentialAction\":[{\"@type\":\"ReadAction\",\"target\":[\"https:\\\/\\\/drawings-online.com\\\/en\\\/product\\\/louis-xvi-called-to-immortality-sustained-by-an-angel-after-a-sculpture-by-joseph-bosio-in-the-chapelle-expiatoire-paris-french-school-19th-century\\\/\"]}]},{\"@type\":\"ImageObject\",\"inLanguage\":\"en-US\",\"@id\":\"https:\\\/\\\/drawings-online.com\\\/en\\\/product\\\/louis-xvi-called-to-immortality-sustained-by-an-angel-after-a-sculpture-by-joseph-bosio-in-the-chapelle-expiatoire-paris-french-school-19th-century\\\/#primaryimage\",\"url\":\"https:\\\/\\\/drawings-online.com\\\/wp-content\\\/uploads\\\/2020\\\/11\\\/DSC_8089_1.png\",\"contentUrl\":\"https:\\\/\\\/drawings-online.com\\\/wp-content\\\/uploads\\\/2020\\\/11\\\/DSC_8089_1.png\",\"width\":1800,\"height\":1800,\"caption\":\"Louis XVI appel\u00e9 \u00e0 l\u2019Immortalit\u00e9, soutenu par un ange, \u00e9cole fran\u00e7aise du XIXe si\u00e8cle.\"},{\"@type\":\"BreadcrumbList\",\"@id\":\"https:\\\/\\\/drawings-online.com\\\/en\\\/product\\\/louis-xvi-called-to-immortality-sustained-by-an-angel-after-a-sculpture-by-joseph-bosio-in-the-chapelle-expiatoire-paris-french-school-19th-century\\\/#breadcrumb\",\"itemListElement\":[{\"@type\":\"ListItem\",\"position\":1,\"name\":\"Works available\",\"item\":\"https:\\\/\\\/drawings-online.com\\\/\"},{\"@type\":\"ListItem\",\"position\":2,\"name\":\"Gallery\",\"item\":\"https:\\\/\\\/drawings-online.com\\\/galerie\\\/\"},{\"@type\":\"ListItem\",\"position\":3,\"name\":\"19e\",\"item\":\"https:\\\/\\\/drawings-online.com\\\/product_tag\\\/19e\\\/\"},{\"@type\":\"ListItem\",\"position\":4,\"name\":\"Louis XVI called to Immortality, sustained by an Angel, after a sculpture by Joseph Bosio in the Chapelle Expiatoire, Paris. French School 19th century\"}]},{\"@type\":\"WebSite\",\"@id\":\"https:\\\/\\\/drawings-online.com\\\/en\\\/#website\",\"url\":\"https:\\\/\\\/drawings-online.com\\\/en\\\/\",\"name\":\"Drawings-online\",\"description\":\"Dessins en ligne\",\"publisher\":{\"@id\":\"https:\\\/\\\/drawings-online.com\\\/en\\\/#organization\"},\"potentialAction\":[{\"@type\":\"SearchAction\",\"target\":{\"@type\":\"EntryPoint\",\"urlTemplate\":\"https:\\\/\\\/drawings-online.com\\\/en\\\/?s={search_term_string}\"},\"query-input\":{\"@type\":\"PropertyValueSpecification\",\"valueRequired\":true,\"valueName\":\"search_term_string\"}}],\"inLanguage\":\"en-US\"},{\"@type\":\"Organization\",\"@id\":\"https:\\\/\\\/drawings-online.com\\\/en\\\/#organization\",\"name\":\"Drawings-online\",\"url\":\"https:\\\/\\\/drawings-online.com\\\/en\\\/\",\"logo\":{\"@type\":\"ImageObject\",\"inLanguage\":\"en-US\",\"@id\":\"https:\\\/\\\/drawings-online.com\\\/en\\\/#\\\/schema\\\/logo\\\/image\\\/\",\"url\":\"https:\\\/\\\/drawings-online.com\\\/wp-content\\\/uploads\\\/2020\\\/12\\\/drawings-icone-transp-e1607442878135.png\",\"contentUrl\":\"https:\\\/\\\/drawings-online.com\\\/wp-content\\\/uploads\\\/2020\\\/12\\\/drawings-icone-transp-e1607442878135.png\",\"width\":150,\"height\":150,\"caption\":\"Drawings-online\"},\"image\":{\"@id\":\"https:\\\/\\\/drawings-online.com\\\/en\\\/#\\\/schema\\\/logo\\\/image\\\/\"},\"sameAs\":[\"https:\\\/\\\/www.facebook.com\\\/people\\\/Drawings-online\\\/100034942735866\\\/\",\"https:\\\/\\\/x.com\\\/OnlineDrawings\",\"https:\\\/\\\/www.instagram.com\\\/drawings_online_com\\\/\"]}]}<\/script>\n<!-- \/ Yoast SEO plugin. -->","yoast_head_json":{"title":"Louis XVI called to Immortality, sustained by an Angel, after a sculpture by Joseph Bosio in the Chapelle Expiatoire, Paris. French School 19th century","description":"A tribute to Monarchy, drawn with a brilliant technique. Louis XVI called to Immortality, sustained by an Angel, after a sculpture by Joseph Bosio in the Chapelle Expiatoire, Paris. French School 19th century.","robots":{"index":"index","follow":"follow","max-snippet":"max-snippet:-1","max-image-preview":"max-image-preview:large","max-video-preview":"max-video-preview:-1"},"canonical":"A tribute to Monarchy, drawn with a brilliant technique. Louis XVI called to Immortality, sustained by an Angel, after a sculpture by Joseph Bosio in the Chapelle Expiatoire, Paris. French School 19th century.","og_locale":"en_US","og_type":"article","og_title":"Louis XVI called to Immortality, sustained by an Angel, after a sculpture by Joseph Bosio in the Chapelle Expiatoire, Paris. French School 19th century","og_description":"A tribute to Monarchy, drawn with a brilliant technique. Louis XVI called to Immortality, sustained by an Angel, after a sculpture by Joseph Bosio in the Chapelle Expiatoire, Paris. French School 19th century.","og_url":"https:\/\/drawings-online.com\/en\/product\/louis-xvi-called-to-immortality-sustained-by-an-angel-after-a-sculpture-by-joseph-bosio-in-the-chapelle-expiatoire-paris-french-school-19th-century\/","og_site_name":"Drawings-online","article_publisher":"https:\/\/www.facebook.com\/people\/Drawings-online\/100034942735866\/","article_modified_time":"2023-01-17T17:29:45+00:00","og_image":[{"width":1024,"height":1024,"url":"https:\/\/drawings-online.com\/wp-content\/uploads\/2020\/11\/DSC_8089_1-1024x1024.png","type":"image\/png"}],"twitter_card":"summary_large_image","twitter_site":"@OnlineDrawings","twitter_misc":{"Est. reading time":"2 minutes"},"schema":{"@context":"https:\/\/schema.org","@graph":[{"@type":"WebPage","@id":"https:\/\/drawings-online.com\/en\/product\/louis-xvi-called-to-immortality-sustained-by-an-angel-after-a-sculpture-by-joseph-bosio-in-the-chapelle-expiatoire-paris-french-school-19th-century\/","url":"https:\/\/drawings-online.com\/en\/product\/louis-xvi-called-to-immortality-sustained-by-an-angel-after-a-sculpture-by-joseph-bosio-in-the-chapelle-expiatoire-paris-french-school-19th-century\/","name":"Louis XVI appel\u00e9 \u00e0 l\u2019Immortalit\u00e9, soutenu par un ange, \u00e9cole fran\u00e7aise du XIXe si\u00e8cle - Drawings-online","isPartOf":{"@id":"https:\/\/drawings-online.com\/#website"},"primaryImageOfPage":{"@id":"https:\/\/drawings-online.com\/en\/product\/louis-xvi-called-to-immortality-sustained-by-an-angel-after-a-sculpture-by-joseph-bosio-in-the-chapelle-expiatoire-paris-french-school-19th-century\/#primaryimage"},"image":{"@id":"https:\/\/drawings-online.com\/en\/product\/louis-xvi-called-to-immortality-sustained-by-an-angel-after-a-sculpture-by-joseph-bosio-in-the-chapelle-expiatoire-paris-french-school-19th-century\/#primaryimage"},"thumbnailUrl":"https:\/\/drawings-online.com\/wp-content\/uploads\/2020\/11\/DSC_8089_1.png","datePublished":"2020-12-09T12:15:53+00:00","dateModified":"2023-01-17T17:29:45+00:00","breadcrumb":{"@id":"https:\/\/drawings-online.com\/en\/product\/louis-xvi-called-to-immortality-sustained-by-an-angel-after-a-sculpture-by-joseph-bosio-in-the-chapelle-expiatoire-paris-french-school-19th-century\/#breadcrumb"},"inLanguage":"en-US","potentialAction":[{"@type":"ReadAction","target":["https:\/\/drawings-online.com\/en\/product\/louis-xvi-called-to-immortality-sustained-by-an-angel-after-a-sculpture-by-joseph-bosio-in-the-chapelle-expiatoire-paris-french-school-19th-century\/"]}]},{"@type":"ImageObject","inLanguage":"en-US","@id":"https:\/\/drawings-online.com\/en\/product\/louis-xvi-called-to-immortality-sustained-by-an-angel-after-a-sculpture-by-joseph-bosio-in-the-chapelle-expiatoire-paris-french-school-19th-century\/#primaryimage","url":"https:\/\/drawings-online.com\/wp-content\/uploads\/2020\/11\/DSC_8089_1.png","contentUrl":"https:\/\/drawings-online.com\/wp-content\/uploads\/2020\/11\/DSC_8089_1.png","width":1800,"height":1800,"caption":"Louis XVI appel\u00e9 \u00e0 l\u2019Immortalit\u00e9, soutenu par un ange, \u00e9cole fran\u00e7aise du XIXe si\u00e8cle."},{"@type":"BreadcrumbList","@id":"https:\/\/drawings-online.com\/en\/product\/louis-xvi-called-to-immortality-sustained-by-an-angel-after-a-sculpture-by-joseph-bosio-in-the-chapelle-expiatoire-paris-french-school-19th-century\/#breadcrumb","itemListElement":[{"@type":"ListItem","position":1,"name":"Works available","item":"https:\/\/drawings-online.com\/"},{"@type":"ListItem","position":2,"name":"Gallery","item":"https:\/\/drawings-online.com\/galerie\/"},{"@type":"ListItem","position":3,"name":"19e","item":"https:\/\/drawings-online.com\/product_tag\/19e\/"},{"@type":"ListItem","position":4,"name":"Louis XVI called to Immortality, sustained by an Angel, after a sculpture by Joseph Bosio in the Chapelle Expiatoire, Paris. French School 19th century"}]},{"@type":"WebSite","@id":"https:\/\/drawings-online.com\/en\/#website","url":"https:\/\/drawings-online.com\/en\/","name":"Drawings-online","description":"Dessins en ligne","publisher":{"@id":"https:\/\/drawings-online.com\/en\/#organization"},"potentialAction":[{"@type":"SearchAction","target":{"@type":"EntryPoint","urlTemplate":"https:\/\/drawings-online.com\/en\/?s={search_term_string}"},"query-input":{"@type":"PropertyValueSpecification","valueRequired":true,"valueName":"search_term_string"}}],"inLanguage":"en-US"},{"@type":"Organization","@id":"https:\/\/drawings-online.com\/en\/#organization","name":"Drawings-online","url":"https:\/\/drawings-online.com\/en\/","logo":{"@type":"ImageObject","inLanguage":"en-US","@id":"https:\/\/drawings-online.com\/en\/#\/schema\/logo\/image\/","url":"https:\/\/drawings-online.com\/wp-content\/uploads\/2020\/12\/drawings-icone-transp-e1607442878135.png","contentUrl":"https:\/\/drawings-online.com\/wp-content\/uploads\/2020\/12\/drawings-icone-transp-e1607442878135.png","width":150,"height":150,"caption":"Drawings-online"},"image":{"@id":"https:\/\/drawings-online.com\/en\/#\/schema\/logo\/image\/"},"sameAs":["https:\/\/www.facebook.com\/people\/Drawings-online\/100034942735866\/","https:\/\/x.com\/OnlineDrawings","https:\/\/www.instagram.com\/drawings_online_com\/"]}]}},"jetpack_sharing_enabled":true,"_links":{"self":[{"href":"https:\/\/drawings-online.com\/en\/wp-json\/wp\/v2\/product\/1231","targetHints":{"allow":["GET"]}}],"collection":[{"href":"https:\/\/drawings-online.com\/en\/wp-json\/wp\/v2\/product"}],"about":[{"href":"https:\/\/drawings-online.com\/en\/wp-json\/wp\/v2\/types\/product"}],"wp:featuredmedia":[{"embeddable":true,"href":"https:\/\/drawings-online.com\/en\/wp-json\/wp\/v2\/media\/1232"}],"wp:attachment":[{"href":"https:\/\/drawings-online.com\/en\/wp-json\/wp\/v2\/media?parent=1231"}],"wp:term":[{"taxonomy":"product_brand","embeddable":true,"href":"https:\/\/drawings-online.com\/en\/wp-json\/wp\/v2\/product_brand?post=1231"},{"taxonomy":"product_cat","embeddable":true,"href":"https:\/\/drawings-online.com\/en\/wp-json\/wp\/v2\/product_cat?post=1231"},{"taxonomy":"product_tag","embeddable":true,"href":"https:\/\/drawings-online.com\/en\/wp-json\/wp\/v2\/product_tag?post=1231"}],"curies":[{"name":"wp","href":"https:\/\/api.w.org\/{rel}","templated":true}]}}