{"id":1217,"date":"2020-12-09T13:40:35","date_gmt":"2020-12-09T12:40:35","guid":{"rendered":"https:\/\/drawings-online.com\/product\/\/"},"modified":"2023-01-17T18:29:43","modified_gmt":"2023-01-17T17:29:43","slug":"venus-aux-colombes-atelier-de-francois-boucher","status":"publish","type":"product","link":"https:\/\/drawings-online.com\/en\/product\/venus-with-doves-workshop-of-francois-boucher\/","title":{"rendered":"Venus with Doves, workshop of Fran\u00e7ois Boucher"},"content":{"rendered":"<p><strong>Fran\u00e7ois Boucher (Workshop of)<\/strong><\/p>\n<p>Paris 1703 \u2013 1770<\/p>\n<p><strong><em>Venus with Doves<\/em><\/strong><\/p>\n<p>Black chalk, stumping, white chalk heightening on buff paper<\/p>\n<p>391 x 296 mm &#8211; 15,39 x 11,65 in<\/p>\n<p>The composition of this striking drawing on brown paper derives from <a href=\"https:\/\/www.nga.gov\/collection\/art-object-page.12200.html\" target=\"_blank\" rel=\"noopener\">The\u00a0<em>Bath of Venus<\/em> (National Gallery, Washington)<\/a> commissioned by the Marquise de Pompadour with its pendant,\u00a0<em>The Toilet of Venus <\/em><em>(Metropolitan Museum, New York)<\/em>, to decorate her &#8220;Appartement des Bains&#8221; in the Chateau de Bellevue.<\/p>\n<p>The painting has not been engraved, but the figure of the young woman with doves appears in an engraving by Jean-Baptiste Michel with the title <em>V\u00e9nus sortant du bain<\/em> while a pendant shows <em>V\u00e9nus entrant au bain<\/em>.<\/p>\n<p><em><img loading=\"lazy\" decoding=\"async\" class=\"size-medium wp-image-1369 alignleft\" src=\"https:\/\/drawings-online.com\/wp-content\/uploads\/2020\/11\/IMG_8530-2-194x300.jpg\" alt=\"\" width=\"194\" height=\"300\" srcset=\"https:\/\/drawings-online.com\/wp-content\/uploads\/2020\/11\/IMG_8530-2-194x300.jpg 194w, https:\/\/drawings-online.com\/wp-content\/uploads\/2020\/11\/IMG_8530-2-scaled-300x463.jpg 300w, https:\/\/drawings-online.com\/wp-content\/uploads\/2020\/11\/IMG_8530-2-scaled-600x926.jpg 600w, https:\/\/drawings-online.com\/wp-content\/uploads\/2020\/11\/IMG_8530-2-663x1024.jpg 663w, https:\/\/drawings-online.com\/wp-content\/uploads\/2020\/11\/IMG_8530-2-768x1186.jpg 768w, https:\/\/drawings-online.com\/wp-content\/uploads\/2020\/11\/IMG_8530-2-995x1536.jpg 995w, https:\/\/drawings-online.com\/wp-content\/uploads\/2020\/11\/IMG_8530-2-1326x2048.jpg 1326w, https:\/\/drawings-online.com\/wp-content\/uploads\/2020\/11\/IMG_8530-2-scaled.jpg 1658w\" sizes=\"auto, (max-width: 194px) 100vw, 194px\" \/><\/em><\/p>\n<p>Throughout his career, Boucher maintained an extensive collaboration with engravers and was very used to reusing his painted motives in multiple painted or drawn variants intended for the trade.\u00a0\u00a0<\/p>\n<p>Our drawing is close to the engraving but presents significant differences: the flowers behind the young woman, the shape of trees, the absence of the bush on the left side, the slightly different hairstyle. More than a project for the engraving, it is probably a drawing executed for the art market by one of Boucher\u2019s pupils or collaborators. Boucher\u2019s strong graphic influence is clearly visible in places such as the trees on the right side or the flower bush.<\/p>\n<p>The use of brown paper and strong white heightening allows to date the drawing to the last decade of the artist&#8217;s and his workshop&#8217;s activity.<\/p>\n<p>Condition report &#8211;\u00a0<\/p>\n","protected":false},"excerpt":{"rendered":"<p><em>Fine example of the 18th-century sensuality, so typical of Fran\u00e7ois Boucher and his atelier.<\/em><\/p>\n<p>Venus with Doves, workshop of Fran\u00e7ois Boucher.<\/p>\n","protected":false},"featured_media":1219,"template":"","meta":{"_themeisle_gutenberg_block_has_review":false},"product_brand":[],"product_cat":[78],"product_tag":[24,30,345,113,353,414,188,29,16],"class_list":{"0":"post-1217","1":"product","2":"type-product","3":"status-publish","4":"has-post-thumbnail","6":"product_cat-french-school","7":"product_tag-18th","8":"product_tag-white-chalk","9":"product_tag-old-master-drawings","10":"product_tag-female-nude","11":"product_tag-gallery","12":"product_tag-n1","13":"product_tag-naked","14":"product_tag-beige-paper","15":"product_tag-black-chalk","17":"first","18":"outofstock","19":"taxable","20":"shipping-taxable","21":"purchasable","22":"product-type-simple"},"yoast_head":"<!-- This site is optimized with the Yoast SEO plugin v27.5 - https:\/\/yoast.com\/product\/yoast-seo-wordpress\/ -->\n<title>Venus with Doves, workshop of Fran\u00e7ois Boucher<\/title>\n<meta name=\"description\" content=\"Fine example of the 18th-century sensuality, so typical of Fran\u00e7ois Boucher and his atelier. Venus with Doves, workshop of Fran\u00e7ois Boucher.\" \/>\n<meta name=\"robots\" content=\"index, follow, max-snippet:-1, max-image-preview:large, max-video-preview:-1\" \/>\n<link rel=\"canonical\" href=\"http:\/\/Fine%20example%20of%20the%2018th-century%20sensuality,%20so%20typical%20of%20Fran\u00e7ois%20Boucher%20and%20his%20atelier.%20Venus%20with%20Doves,%20workshop%20of%20Fran\u00e7ois%20Boucher.\" \/>\n<meta property=\"og:locale\" content=\"en_US\" \/>\n<meta property=\"og:type\" content=\"article\" \/>\n<meta property=\"og:title\" content=\"Venus with Doves, workshop of Fran\u00e7ois Boucher\" \/>\n<meta property=\"og:description\" content=\"Fine example of the 18th-century sensuality, so typical of Fran\u00e7ois Boucher and his atelier. Venus with Doves, workshop of Fran\u00e7ois Boucher.\" \/>\n<meta property=\"og:url\" content=\"https:\/\/drawings-online.com\/en\/product\/venus-with-doves-workshop-of-francois-boucher\/\" \/>\n<meta property=\"og:site_name\" content=\"Drawings-online\" \/>\n<meta property=\"article:publisher\" content=\"https:\/\/www.facebook.com\/people\/Drawings-online\/100034942735866\/\" \/>\n<meta property=\"article:modified_time\" content=\"2023-01-17T17:29:43+00:00\" \/>\n<meta property=\"og:image\" content=\"https:\/\/drawings-online.com\/wp-content\/uploads\/2020\/11\/DSC_8124_1-1024x1024.png\" \/>\n\t<meta property=\"og:image:width\" content=\"1024\" \/>\n\t<meta property=\"og:image:height\" content=\"1024\" \/>\n\t<meta property=\"og:image:type\" content=\"image\/png\" \/>\n<meta name=\"twitter:card\" content=\"summary_large_image\" \/>\n<meta name=\"twitter:site\" content=\"@OnlineDrawings\" \/>\n<meta name=\"twitter:label1\" content=\"Est. reading time\" \/>\n\t<meta name=\"twitter:data1\" content=\"2 minutes\" \/>\n<script type=\"application\/ld+json\" class=\"yoast-schema-graph\">{\"@context\":\"https:\\\/\\\/schema.org\",\"@graph\":[{\"@type\":\"WebPage\",\"@id\":\"https:\\\/\\\/drawings-online.com\\\/en\\\/product\\\/venus-with-doves-workshop-of-francois-boucher\\\/\",\"url\":\"https:\\\/\\\/drawings-online.com\\\/en\\\/product\\\/venus-with-doves-workshop-of-francois-boucher\\\/\",\"name\":\"V\u00e9nus aux colombes, atelier de Fran\u00e7ois Boucher - Drawings-online\",\"isPartOf\":{\"@id\":\"https:\\\/\\\/drawings-online.com\\\/#website\"},\"primaryImageOfPage\":{\"@id\":\"https:\\\/\\\/drawings-online.com\\\/en\\\/product\\\/venus-with-doves-workshop-of-francois-boucher\\\/#primaryimage\"},\"image\":{\"@id\":\"https:\\\/\\\/drawings-online.com\\\/en\\\/product\\\/venus-with-doves-workshop-of-francois-boucher\\\/#primaryimage\"},\"thumbnailUrl\":\"https:\\\/\\\/drawings-online.com\\\/wp-content\\\/uploads\\\/2020\\\/11\\\/DSC_8124_1.png\",\"datePublished\":\"2020-12-09T12:40:35+00:00\",\"dateModified\":\"2023-01-17T17:29:43+00:00\",\"breadcrumb\":{\"@id\":\"https:\\\/\\\/drawings-online.com\\\/en\\\/product\\\/venus-with-doves-workshop-of-francois-boucher\\\/#breadcrumb\"},\"inLanguage\":\"en-US\",\"potentialAction\":[{\"@type\":\"ReadAction\",\"target\":[\"https:\\\/\\\/drawings-online.com\\\/en\\\/product\\\/venus-with-doves-workshop-of-francois-boucher\\\/\"]}]},{\"@type\":\"ImageObject\",\"inLanguage\":\"en-US\",\"@id\":\"https:\\\/\\\/drawings-online.com\\\/en\\\/product\\\/venus-with-doves-workshop-of-francois-boucher\\\/#primaryimage\",\"url\":\"https:\\\/\\\/drawings-online.com\\\/wp-content\\\/uploads\\\/2020\\\/11\\\/DSC_8124_1.png\",\"contentUrl\":\"https:\\\/\\\/drawings-online.com\\\/wp-content\\\/uploads\\\/2020\\\/11\\\/DSC_8124_1.png\",\"width\":1800,\"height\":1800,\"caption\":\"V\u00e9nus aux colombes, cercle de Fran\u00e7ois Boucher\"},{\"@type\":\"BreadcrumbList\",\"@id\":\"https:\\\/\\\/drawings-online.com\\\/en\\\/product\\\/venus-with-doves-workshop-of-francois-boucher\\\/#breadcrumb\",\"itemListElement\":[{\"@type\":\"ListItem\",\"position\":1,\"name\":\"Works available\",\"item\":\"https:\\\/\\\/drawings-online.com\\\/\"},{\"@type\":\"ListItem\",\"position\":2,\"name\":\"Gallery\",\"item\":\"https:\\\/\\\/drawings-online.com\\\/galerie\\\/\"},{\"@type\":\"ListItem\",\"position\":3,\"name\":\"18e\",\"item\":\"https:\\\/\\\/drawings-online.com\\\/product_tag\\\/18e\\\/\"},{\"@type\":\"ListItem\",\"position\":4,\"name\":\"Venus with Doves, workshop of Fran\u00e7ois Boucher\"}]},{\"@type\":\"WebSite\",\"@id\":\"https:\\\/\\\/drawings-online.com\\\/en\\\/#website\",\"url\":\"https:\\\/\\\/drawings-online.com\\\/en\\\/\",\"name\":\"Drawings-online\",\"description\":\"Dessins en ligne\",\"publisher\":{\"@id\":\"https:\\\/\\\/drawings-online.com\\\/en\\\/#organization\"},\"potentialAction\":[{\"@type\":\"SearchAction\",\"target\":{\"@type\":\"EntryPoint\",\"urlTemplate\":\"https:\\\/\\\/drawings-online.com\\\/en\\\/?s={search_term_string}\"},\"query-input\":{\"@type\":\"PropertyValueSpecification\",\"valueRequired\":true,\"valueName\":\"search_term_string\"}}],\"inLanguage\":\"en-US\"},{\"@type\":\"Organization\",\"@id\":\"https:\\\/\\\/drawings-online.com\\\/en\\\/#organization\",\"name\":\"Drawings-online\",\"url\":\"https:\\\/\\\/drawings-online.com\\\/en\\\/\",\"logo\":{\"@type\":\"ImageObject\",\"inLanguage\":\"en-US\",\"@id\":\"https:\\\/\\\/drawings-online.com\\\/en\\\/#\\\/schema\\\/logo\\\/image\\\/\",\"url\":\"https:\\\/\\\/drawings-online.com\\\/wp-content\\\/uploads\\\/2020\\\/12\\\/drawings-icone-transp-e1607442878135.png\",\"contentUrl\":\"https:\\\/\\\/drawings-online.com\\\/wp-content\\\/uploads\\\/2020\\\/12\\\/drawings-icone-transp-e1607442878135.png\",\"width\":150,\"height\":150,\"caption\":\"Drawings-online\"},\"image\":{\"@id\":\"https:\\\/\\\/drawings-online.com\\\/en\\\/#\\\/schema\\\/logo\\\/image\\\/\"},\"sameAs\":[\"https:\\\/\\\/www.facebook.com\\\/people\\\/Drawings-online\\\/100034942735866\\\/\",\"https:\\\/\\\/x.com\\\/OnlineDrawings\",\"https:\\\/\\\/www.instagram.com\\\/drawings_online_com\\\/\"]}]}<\/script>\n<!-- \/ Yoast SEO plugin. -->","yoast_head_json":{"title":"Venus with Doves, workshop of Fran\u00e7ois Boucher","description":"Fine example of the 18th-century sensuality, so typical of Fran\u00e7ois Boucher and his atelier. Venus with Doves, workshop of Fran\u00e7ois Boucher.","robots":{"index":"index","follow":"follow","max-snippet":"max-snippet:-1","max-image-preview":"max-image-preview:large","max-video-preview":"max-video-preview:-1"},"canonical":"Fine example of the 18th-century sensuality, so typical of Fran\u00e7ois Boucher and his atelier. Venus with Doves, workshop of Fran\u00e7ois Boucher.","og_locale":"en_US","og_type":"article","og_title":"Venus with Doves, workshop of Fran\u00e7ois Boucher","og_description":"Fine example of the 18th-century sensuality, so typical of Fran\u00e7ois Boucher and his atelier. Venus with Doves, workshop of Fran\u00e7ois Boucher.","og_url":"https:\/\/drawings-online.com\/en\/product\/venus-with-doves-workshop-of-francois-boucher\/","og_site_name":"Drawings-online","article_publisher":"https:\/\/www.facebook.com\/people\/Drawings-online\/100034942735866\/","article_modified_time":"2023-01-17T17:29:43+00:00","og_image":[{"width":1024,"height":1024,"url":"https:\/\/drawings-online.com\/wp-content\/uploads\/2020\/11\/DSC_8124_1-1024x1024.png","type":"image\/png"}],"twitter_card":"summary_large_image","twitter_site":"@OnlineDrawings","twitter_misc":{"Est. reading time":"2 minutes"},"schema":{"@context":"https:\/\/schema.org","@graph":[{"@type":"WebPage","@id":"https:\/\/drawings-online.com\/en\/product\/venus-with-doves-workshop-of-francois-boucher\/","url":"https:\/\/drawings-online.com\/en\/product\/venus-with-doves-workshop-of-francois-boucher\/","name":"V\u00e9nus aux colombes, atelier de Fran\u00e7ois Boucher - Drawings-online","isPartOf":{"@id":"https:\/\/drawings-online.com\/#website"},"primaryImageOfPage":{"@id":"https:\/\/drawings-online.com\/en\/product\/venus-with-doves-workshop-of-francois-boucher\/#primaryimage"},"image":{"@id":"https:\/\/drawings-online.com\/en\/product\/venus-with-doves-workshop-of-francois-boucher\/#primaryimage"},"thumbnailUrl":"https:\/\/drawings-online.com\/wp-content\/uploads\/2020\/11\/DSC_8124_1.png","datePublished":"2020-12-09T12:40:35+00:00","dateModified":"2023-01-17T17:29:43+00:00","breadcrumb":{"@id":"https:\/\/drawings-online.com\/en\/product\/venus-with-doves-workshop-of-francois-boucher\/#breadcrumb"},"inLanguage":"en-US","potentialAction":[{"@type":"ReadAction","target":["https:\/\/drawings-online.com\/en\/product\/venus-with-doves-workshop-of-francois-boucher\/"]}]},{"@type":"ImageObject","inLanguage":"en-US","@id":"https:\/\/drawings-online.com\/en\/product\/venus-with-doves-workshop-of-francois-boucher\/#primaryimage","url":"https:\/\/drawings-online.com\/wp-content\/uploads\/2020\/11\/DSC_8124_1.png","contentUrl":"https:\/\/drawings-online.com\/wp-content\/uploads\/2020\/11\/DSC_8124_1.png","width":1800,"height":1800,"caption":"V\u00e9nus aux colombes, cercle de Fran\u00e7ois Boucher"},{"@type":"BreadcrumbList","@id":"https:\/\/drawings-online.com\/en\/product\/venus-with-doves-workshop-of-francois-boucher\/#breadcrumb","itemListElement":[{"@type":"ListItem","position":1,"name":"Works available","item":"https:\/\/drawings-online.com\/"},{"@type":"ListItem","position":2,"name":"Gallery","item":"https:\/\/drawings-online.com\/galerie\/"},{"@type":"ListItem","position":3,"name":"18e","item":"https:\/\/drawings-online.com\/product_tag\/18e\/"},{"@type":"ListItem","position":4,"name":"Venus with Doves, workshop of Fran\u00e7ois Boucher"}]},{"@type":"WebSite","@id":"https:\/\/drawings-online.com\/en\/#website","url":"https:\/\/drawings-online.com\/en\/","name":"Drawings-online","description":"Dessins en ligne","publisher":{"@id":"https:\/\/drawings-online.com\/en\/#organization"},"potentialAction":[{"@type":"SearchAction","target":{"@type":"EntryPoint","urlTemplate":"https:\/\/drawings-online.com\/en\/?s={search_term_string}"},"query-input":{"@type":"PropertyValueSpecification","valueRequired":true,"valueName":"search_term_string"}}],"inLanguage":"en-US"},{"@type":"Organization","@id":"https:\/\/drawings-online.com\/en\/#organization","name":"Drawings-online","url":"https:\/\/drawings-online.com\/en\/","logo":{"@type":"ImageObject","inLanguage":"en-US","@id":"https:\/\/drawings-online.com\/en\/#\/schema\/logo\/image\/","url":"https:\/\/drawings-online.com\/wp-content\/uploads\/2020\/12\/drawings-icone-transp-e1607442878135.png","contentUrl":"https:\/\/drawings-online.com\/wp-content\/uploads\/2020\/12\/drawings-icone-transp-e1607442878135.png","width":150,"height":150,"caption":"Drawings-online"},"image":{"@id":"https:\/\/drawings-online.com\/en\/#\/schema\/logo\/image\/"},"sameAs":["https:\/\/www.facebook.com\/people\/Drawings-online\/100034942735866\/","https:\/\/x.com\/OnlineDrawings","https:\/\/www.instagram.com\/drawings_online_com\/"]}]}},"jetpack_sharing_enabled":true,"_links":{"self":[{"href":"https:\/\/drawings-online.com\/en\/wp-json\/wp\/v2\/product\/1217","targetHints":{"allow":["GET"]}}],"collection":[{"href":"https:\/\/drawings-online.com\/en\/wp-json\/wp\/v2\/product"}],"about":[{"href":"https:\/\/drawings-online.com\/en\/wp-json\/wp\/v2\/types\/product"}],"wp:featuredmedia":[{"embeddable":true,"href":"https:\/\/drawings-online.com\/en\/wp-json\/wp\/v2\/media\/1219"}],"wp:attachment":[{"href":"https:\/\/drawings-online.com\/en\/wp-json\/wp\/v2\/media?parent=1217"}],"wp:term":[{"taxonomy":"product_brand","embeddable":true,"href":"https:\/\/drawings-online.com\/en\/wp-json\/wp\/v2\/product_brand?post=1217"},{"taxonomy":"product_cat","embeddable":true,"href":"https:\/\/drawings-online.com\/en\/wp-json\/wp\/v2\/product_cat?post=1217"},{"taxonomy":"product_tag","embeddable":true,"href":"https:\/\/drawings-online.com\/en\/wp-json\/wp\/v2\/product_tag?post=1217"}],"curies":[{"name":"wp","href":"https:\/\/api.w.org\/{rel}","templated":true}]}}