{"id":1211,"date":"2020-12-09T13:00:49","date_gmt":"2020-12-09T12:00:49","guid":{"rendered":"https:\/\/drawings-online.com\/product\/\/"},"modified":"2023-01-17T18:29:47","modified_gmt":"2023-01-17T17:29:47","slug":"etude-de-papillon-avec-une-mouche-une-guepe-et-un-moucheron-1797-par-nicolai-peters","status":"publish","type":"product","link":"https:\/\/drawings-online.com\/en\/product\/study-of-a-butterfly-a-fly-a-wasp-and-a-gnat-german-school-1797\/","title":{"rendered":"Study of a butterfly, a fly, a wasp and a gnat, german School, 1797"},"content":{"rendered":"<p><strong>Nicola\u00ef Peters<\/strong><\/p>\n<p>Friedrichstadt 1766 &#8211; Flensbourg 1825<\/p>\n<p><em><strong>Study of a butterfly, a fly, a wasp and a gnat<\/strong><\/em><\/p>\n<p>Inscribed <em>1.Trauermantel 2. Madentrager 3.Musikuss 4. Schmutzliege <\/em>lower center and <em>N. Peters Hermi John pinx <\/em>lower left and <em>Fridrich a. d. ? 1797<\/em> lower right.<\/p>\n<p>Pen and brown ink, grey wash, gouache. Double framing lines.<\/p>\n<p>Watermark &#8211; fleur-de-lys.<\/p>\n<p>232 x 242 mm &#8211; 9,13 x 9,53 in<\/p>\n<p>As stated in the inscribed caption, the butterfly is a Mourning cloak (Morio Nymphalis antiopa). The fly, the wasp, and the gnat are given names that may match ancient designations. The entomologist painters who signed this nice drawing remain unidentified. They drew inspiration in <em>Abhandlungen von Insecten<\/em> written in 1764 by Jacob Christian Sch\u00e4ffers or in his <em>Icones insectorum circa ratisbonam indigenorum coloribus naturam referentibus expressae<\/em> published in 1779. It should be observed that a few engravers named Fridrich &#8211; like one of the authors of this drawing- participated in the editing of both these insect treatises.<\/p>\n<p>This interest for the living, vegetal or animal extensively developed during the 18th century thanks to the systematic research led by professional entomologists or by mere enthusiast amateurs. The fine execution and delicate layout reveal the real talent of both these artists, who were maybe just amateurs.<\/p>\n<p>Condition report &#8211; Remains of glue strips on the edge on the verso. Faint foxing.<\/p>\n","protected":false},"excerpt":{"rendered":"<p><em>A fine example of insectomania in the 18th century.<\/em><\/p>\n<p>Study of a butterfly, a fly, a wasp and a gnat, german School, 1797.<\/p>\n","protected":false},"featured_media":1212,"template":"","meta":{"_themeisle_gutenberg_block_has_review":false},"product_brand":[],"product_cat":[123],"product_tag":[24,345,111,101,353,31,112,414],"class_list":{"0":"post-1211","1":"product","2":"type-product","3":"status-publish","4":"has-post-thumbnail","6":"product_cat-danish-school","7":"product_tag-18th","8":"product_tag-old-master-drawings","9":"product_tag-entomology","10":"product_tag-study","11":"product_tag-gallery","12":"product_tag-gouache","13":"product_tag-insects","14":"product_tag-n1","16":"first","17":"outofstock","18":"taxable","19":"shipping-taxable","20":"purchasable","21":"product-type-simple"},"yoast_head":"<!-- This site is optimized with the Yoast SEO plugin v27.4 - https:\/\/yoast.com\/product\/yoast-seo-wordpress\/ -->\n<title>Study of a butterfly, a fly, a wasp and a gnat, german School, 1797<\/title>\n<meta name=\"description\" content=\"A fine example of insectomania in the 18th century. Study of a butterfly, a fly, a wasp and a gnat, german School, 1797.\" \/>\n<meta name=\"robots\" content=\"index, follow, max-snippet:-1, max-image-preview:large, max-video-preview:-1\" \/>\n<link rel=\"canonical\" href=\"http:\/\/A%20fine%20example%20of%20insectomania%20in%20the%2018th%20century.%20Study%20of%20a%20butterfly,%20a%20fly,%20a%20wasp%20and%20a%20gnat,%20german%20School,%201797.\" \/>\n<meta property=\"og:locale\" content=\"en_US\" \/>\n<meta property=\"og:type\" content=\"article\" \/>\n<meta property=\"og:title\" content=\"Study of a butterfly, a fly, a wasp and a gnat, german School, 1797\" \/>\n<meta property=\"og:description\" content=\"A fine example of insectomania in the 18th century. Study of a butterfly, a fly, a wasp and a gnat, german School, 1797.\" \/>\n<meta property=\"og:url\" content=\"https:\/\/drawings-online.com\/en\/product\/study-of-a-butterfly-a-fly-a-wasp-and-a-gnat-german-school-1797\/\" \/>\n<meta property=\"og:site_name\" content=\"Drawings-online\" \/>\n<meta property=\"article:publisher\" content=\"https:\/\/www.facebook.com\/people\/Drawings-online\/100034942735866\/\" \/>\n<meta property=\"article:modified_time\" content=\"2023-01-17T17:29:47+00:00\" \/>\n<meta property=\"og:image\" content=\"https:\/\/drawings-online.com\/wp-content\/uploads\/2020\/11\/DSC_8152_1-1024x1024.png\" \/>\n\t<meta property=\"og:image:width\" content=\"1024\" \/>\n\t<meta property=\"og:image:height\" content=\"1024\" \/>\n\t<meta property=\"og:image:type\" content=\"image\/png\" \/>\n<meta name=\"twitter:card\" content=\"summary_large_image\" \/>\n<meta name=\"twitter:site\" content=\"@OnlineDrawings\" \/>\n<meta name=\"twitter:label1\" content=\"Est. reading time\" \/>\n\t<meta name=\"twitter:data1\" content=\"1 minute\" \/>\n<script type=\"application\/ld+json\" class=\"yoast-schema-graph\">{\"@context\":\"https:\\\/\\\/schema.org\",\"@graph\":[{\"@type\":\"WebPage\",\"@id\":\"https:\\\/\\\/drawings-online.com\\\/en\\\/product\\\/study-of-a-butterfly-a-fly-a-wasp-and-a-gnat-german-school-1797\\\/\",\"url\":\"https:\\\/\\\/drawings-online.com\\\/en\\\/product\\\/study-of-a-butterfly-a-fly-a-wasp-and-a-gnat-german-school-1797\\\/\",\"name\":\"\u00c9tude de papillon avec une mouche, une gu\u00eape et un moucheron, 1797 par Nicola\u00ef Peters - Drawings-online\",\"isPartOf\":{\"@id\":\"https:\\\/\\\/drawings-online.com\\\/#website\"},\"primaryImageOfPage\":{\"@id\":\"https:\\\/\\\/drawings-online.com\\\/en\\\/product\\\/study-of-a-butterfly-a-fly-a-wasp-and-a-gnat-german-school-1797\\\/#primaryimage\"},\"image\":{\"@id\":\"https:\\\/\\\/drawings-online.com\\\/en\\\/product\\\/study-of-a-butterfly-a-fly-a-wasp-and-a-gnat-german-school-1797\\\/#primaryimage\"},\"thumbnailUrl\":\"https:\\\/\\\/drawings-online.com\\\/wp-content\\\/uploads\\\/2020\\\/11\\\/DSC_8152_1.png\",\"datePublished\":\"2020-12-09T12:00:49+00:00\",\"dateModified\":\"2023-01-17T17:29:47+00:00\",\"breadcrumb\":{\"@id\":\"https:\\\/\\\/drawings-online.com\\\/en\\\/product\\\/study-of-a-butterfly-a-fly-a-wasp-and-a-gnat-german-school-1797\\\/#breadcrumb\"},\"inLanguage\":\"en-US\",\"potentialAction\":[{\"@type\":\"ReadAction\",\"target\":[\"https:\\\/\\\/drawings-online.com\\\/en\\\/product\\\/study-of-a-butterfly-a-fly-a-wasp-and-a-gnat-german-school-1797\\\/\"]}]},{\"@type\":\"ImageObject\",\"inLanguage\":\"en-US\",\"@id\":\"https:\\\/\\\/drawings-online.com\\\/en\\\/product\\\/study-of-a-butterfly-a-fly-a-wasp-and-a-gnat-german-school-1797\\\/#primaryimage\",\"url\":\"https:\\\/\\\/drawings-online.com\\\/wp-content\\\/uploads\\\/2020\\\/11\\\/DSC_8152_1.png\",\"contentUrl\":\"https:\\\/\\\/drawings-online.com\\\/wp-content\\\/uploads\\\/2020\\\/11\\\/DSC_8152_1.png\",\"width\":1800,\"height\":1800,\"caption\":\"\u00c9tudes d'insectes par N. Peters Hermi John et Friedrich\"},{\"@type\":\"BreadcrumbList\",\"@id\":\"https:\\\/\\\/drawings-online.com\\\/en\\\/product\\\/study-of-a-butterfly-a-fly-a-wasp-and-a-gnat-german-school-1797\\\/#breadcrumb\",\"itemListElement\":[{\"@type\":\"ListItem\",\"position\":1,\"name\":\"Works available\",\"item\":\"https:\\\/\\\/drawings-online.com\\\/\"},{\"@type\":\"ListItem\",\"position\":2,\"name\":\"Gallery\",\"item\":\"https:\\\/\\\/drawings-online.com\\\/galerie\\\/\"},{\"@type\":\"ListItem\",\"position\":3,\"name\":\"18e\",\"item\":\"https:\\\/\\\/drawings-online.com\\\/product_tag\\\/18e\\\/\"},{\"@type\":\"ListItem\",\"position\":4,\"name\":\"Study of a butterfly, a fly, a wasp and a gnat, german School, 1797\"}]},{\"@type\":\"WebSite\",\"@id\":\"https:\\\/\\\/drawings-online.com\\\/en\\\/#website\",\"url\":\"https:\\\/\\\/drawings-online.com\\\/en\\\/\",\"name\":\"Drawings-online\",\"description\":\"Dessins en ligne\",\"publisher\":{\"@id\":\"https:\\\/\\\/drawings-online.com\\\/en\\\/#organization\"},\"potentialAction\":[{\"@type\":\"SearchAction\",\"target\":{\"@type\":\"EntryPoint\",\"urlTemplate\":\"https:\\\/\\\/drawings-online.com\\\/en\\\/?s={search_term_string}\"},\"query-input\":{\"@type\":\"PropertyValueSpecification\",\"valueRequired\":true,\"valueName\":\"search_term_string\"}}],\"inLanguage\":\"en-US\"},{\"@type\":\"Organization\",\"@id\":\"https:\\\/\\\/drawings-online.com\\\/en\\\/#organization\",\"name\":\"Drawings-online\",\"url\":\"https:\\\/\\\/drawings-online.com\\\/en\\\/\",\"logo\":{\"@type\":\"ImageObject\",\"inLanguage\":\"en-US\",\"@id\":\"https:\\\/\\\/drawings-online.com\\\/en\\\/#\\\/schema\\\/logo\\\/image\\\/\",\"url\":\"https:\\\/\\\/drawings-online.com\\\/wp-content\\\/uploads\\\/2020\\\/12\\\/drawings-icone-transp-e1607442878135.png\",\"contentUrl\":\"https:\\\/\\\/drawings-online.com\\\/wp-content\\\/uploads\\\/2020\\\/12\\\/drawings-icone-transp-e1607442878135.png\",\"width\":150,\"height\":150,\"caption\":\"Drawings-online\"},\"image\":{\"@id\":\"https:\\\/\\\/drawings-online.com\\\/en\\\/#\\\/schema\\\/logo\\\/image\\\/\"},\"sameAs\":[\"https:\\\/\\\/www.facebook.com\\\/people\\\/Drawings-online\\\/100034942735866\\\/\",\"https:\\\/\\\/x.com\\\/OnlineDrawings\",\"https:\\\/\\\/www.instagram.com\\\/drawings_online_com\\\/\"]}]}<\/script>\n<!-- \/ Yoast SEO plugin. -->","yoast_head_json":{"title":"Study of a butterfly, a fly, a wasp and a gnat, german School, 1797","description":"A fine example of insectomania in the 18th century. Study of a butterfly, a fly, a wasp and a gnat, german School, 1797.","robots":{"index":"index","follow":"follow","max-snippet":"max-snippet:-1","max-image-preview":"max-image-preview:large","max-video-preview":"max-video-preview:-1"},"canonical":"A fine example of insectomania in the 18th century. Study of a butterfly, a fly, a wasp and a gnat, german School, 1797.","og_locale":"en_US","og_type":"article","og_title":"Study of a butterfly, a fly, a wasp and a gnat, german School, 1797","og_description":"A fine example of insectomania in the 18th century. Study of a butterfly, a fly, a wasp and a gnat, german School, 1797.","og_url":"https:\/\/drawings-online.com\/en\/product\/study-of-a-butterfly-a-fly-a-wasp-and-a-gnat-german-school-1797\/","og_site_name":"Drawings-online","article_publisher":"https:\/\/www.facebook.com\/people\/Drawings-online\/100034942735866\/","article_modified_time":"2023-01-17T17:29:47+00:00","og_image":[{"width":1024,"height":1024,"url":"https:\/\/drawings-online.com\/wp-content\/uploads\/2020\/11\/DSC_8152_1-1024x1024.png","type":"image\/png"}],"twitter_card":"summary_large_image","twitter_site":"@OnlineDrawings","twitter_misc":{"Est. reading time":"1 minute"},"schema":{"@context":"https:\/\/schema.org","@graph":[{"@type":"WebPage","@id":"https:\/\/drawings-online.com\/en\/product\/study-of-a-butterfly-a-fly-a-wasp-and-a-gnat-german-school-1797\/","url":"https:\/\/drawings-online.com\/en\/product\/study-of-a-butterfly-a-fly-a-wasp-and-a-gnat-german-school-1797\/","name":"\u00c9tude de papillon avec une mouche, une gu\u00eape et un moucheron, 1797 par Nicola\u00ef Peters - Drawings-online","isPartOf":{"@id":"https:\/\/drawings-online.com\/#website"},"primaryImageOfPage":{"@id":"https:\/\/drawings-online.com\/en\/product\/study-of-a-butterfly-a-fly-a-wasp-and-a-gnat-german-school-1797\/#primaryimage"},"image":{"@id":"https:\/\/drawings-online.com\/en\/product\/study-of-a-butterfly-a-fly-a-wasp-and-a-gnat-german-school-1797\/#primaryimage"},"thumbnailUrl":"https:\/\/drawings-online.com\/wp-content\/uploads\/2020\/11\/DSC_8152_1.png","datePublished":"2020-12-09T12:00:49+00:00","dateModified":"2023-01-17T17:29:47+00:00","breadcrumb":{"@id":"https:\/\/drawings-online.com\/en\/product\/study-of-a-butterfly-a-fly-a-wasp-and-a-gnat-german-school-1797\/#breadcrumb"},"inLanguage":"en-US","potentialAction":[{"@type":"ReadAction","target":["https:\/\/drawings-online.com\/en\/product\/study-of-a-butterfly-a-fly-a-wasp-and-a-gnat-german-school-1797\/"]}]},{"@type":"ImageObject","inLanguage":"en-US","@id":"https:\/\/drawings-online.com\/en\/product\/study-of-a-butterfly-a-fly-a-wasp-and-a-gnat-german-school-1797\/#primaryimage","url":"https:\/\/drawings-online.com\/wp-content\/uploads\/2020\/11\/DSC_8152_1.png","contentUrl":"https:\/\/drawings-online.com\/wp-content\/uploads\/2020\/11\/DSC_8152_1.png","width":1800,"height":1800,"caption":"\u00c9tudes d'insectes par N. Peters Hermi John et Friedrich"},{"@type":"BreadcrumbList","@id":"https:\/\/drawings-online.com\/en\/product\/study-of-a-butterfly-a-fly-a-wasp-and-a-gnat-german-school-1797\/#breadcrumb","itemListElement":[{"@type":"ListItem","position":1,"name":"Works available","item":"https:\/\/drawings-online.com\/"},{"@type":"ListItem","position":2,"name":"Gallery","item":"https:\/\/drawings-online.com\/galerie\/"},{"@type":"ListItem","position":3,"name":"18e","item":"https:\/\/drawings-online.com\/product_tag\/18e\/"},{"@type":"ListItem","position":4,"name":"Study of a butterfly, a fly, a wasp and a gnat, german School, 1797"}]},{"@type":"WebSite","@id":"https:\/\/drawings-online.com\/en\/#website","url":"https:\/\/drawings-online.com\/en\/","name":"Drawings-online","description":"Dessins en ligne","publisher":{"@id":"https:\/\/drawings-online.com\/en\/#organization"},"potentialAction":[{"@type":"SearchAction","target":{"@type":"EntryPoint","urlTemplate":"https:\/\/drawings-online.com\/en\/?s={search_term_string}"},"query-input":{"@type":"PropertyValueSpecification","valueRequired":true,"valueName":"search_term_string"}}],"inLanguage":"en-US"},{"@type":"Organization","@id":"https:\/\/drawings-online.com\/en\/#organization","name":"Drawings-online","url":"https:\/\/drawings-online.com\/en\/","logo":{"@type":"ImageObject","inLanguage":"en-US","@id":"https:\/\/drawings-online.com\/en\/#\/schema\/logo\/image\/","url":"https:\/\/drawings-online.com\/wp-content\/uploads\/2020\/12\/drawings-icone-transp-e1607442878135.png","contentUrl":"https:\/\/drawings-online.com\/wp-content\/uploads\/2020\/12\/drawings-icone-transp-e1607442878135.png","width":150,"height":150,"caption":"Drawings-online"},"image":{"@id":"https:\/\/drawings-online.com\/en\/#\/schema\/logo\/image\/"},"sameAs":["https:\/\/www.facebook.com\/people\/Drawings-online\/100034942735866\/","https:\/\/x.com\/OnlineDrawings","https:\/\/www.instagram.com\/drawings_online_com\/"]}]}},"jetpack_sharing_enabled":true,"_links":{"self":[{"href":"https:\/\/drawings-online.com\/en\/wp-json\/wp\/v2\/product\/1211","targetHints":{"allow":["GET"]}}],"collection":[{"href":"https:\/\/drawings-online.com\/en\/wp-json\/wp\/v2\/product"}],"about":[{"href":"https:\/\/drawings-online.com\/en\/wp-json\/wp\/v2\/types\/product"}],"wp:featuredmedia":[{"embeddable":true,"href":"https:\/\/drawings-online.com\/en\/wp-json\/wp\/v2\/media\/1212"}],"wp:attachment":[{"href":"https:\/\/drawings-online.com\/en\/wp-json\/wp\/v2\/media?parent=1211"}],"wp:term":[{"taxonomy":"product_brand","embeddable":true,"href":"https:\/\/drawings-online.com\/en\/wp-json\/wp\/v2\/product_brand?post=1211"},{"taxonomy":"product_cat","embeddable":true,"href":"https:\/\/drawings-online.com\/en\/wp-json\/wp\/v2\/product_cat?post=1211"},{"taxonomy":"product_tag","embeddable":true,"href":"https:\/\/drawings-online.com\/en\/wp-json\/wp\/v2\/product_tag?post=1211"}],"curies":[{"name":"wp","href":"https:\/\/api.w.org\/{rel}","templated":true}]}}