{"id":1110,"date":"2020-12-09T13:10:16","date_gmt":"2020-12-09T12:10:16","guid":{"rendered":"https:\/\/drawings-online.com\/product\/\/"},"modified":"2023-01-17T18:29:46","modified_gmt":"2023-01-17T17:29:46","slug":"violette-odorante-viola-odorata-avec-deux-papillons-et-une-chenille-ecole-hollandaise-debut-du-xixe-siecle","status":"publish","type":"product","link":"https:\/\/drawings-online.com\/en\/product\/viola-odorata-with-two-butterflies-and-a-caterpillar-dutch-school-beginning-of-the-xixth-century\/","title":{"rendered":"Viola Odorata with two butterflies and a caterpillar, Dutch school, beginning of the XIXth century"},"content":{"rendered":"<p><strong>Dutch school, beginning of the XIXth century<\/strong><\/p>\n<p><em><strong>Viola Odorata with two butterflies and a caterpillar<\/strong><\/em><\/p>\n<p>Inscribed <em>Nro1 Viola Odorata Welriekeno Viooltze<\/em> (recto) with extensive description of the flower, in Dutch (verso).<\/p>\n<p>Watercolour.<\/p>\n<p>Watermark BLAUW &amp; BRHEL.<\/p>\n<p>362 x 235 mm &#8211; 14,25 x 9,25 in.<\/p>\n<p>Viola Odorata : one of the rare scented violets, thought to be magic and aphrodisiac during the Middle Age. This anonymous botanical draughtsman does not seem aware of the true appearance of the flower&#8217;s regular visitors, Issoria Lathonia &#8211; Queen of Spain fritillary &#8211; and Boloria Dia &#8211; Weaver&#8217;s fritillary. Indeed, it was not before 1819 that Jacob Hubner \u00a0identified them\u00a0in his study Das kleine Schmetterlingsbuch.\u00a0But the refined presentation of the flower and the precise descriptions on the verso reveal a knowledgeable botanist as well as a fine draughtsman.<\/p>\n<p>Condition report &#8211; Two folds, horizontal and vertical. Very slight foxing.<\/p>\n","protected":false},"excerpt":{"rendered":"<p><em>Refined botanic study of a plant long believed to have aphrodisiac powers.<\/em><\/p>\n<p>Viola Odorata with two butterflies and a caterpillar, Dutch school, beginning of the XIXth century.<\/p>\n","protected":false},"featured_media":1127,"template":"","meta":{"_themeisle_gutenberg_block_has_review":false},"product_brand":[],"product_cat":[94],"product_tag":[37,346,353,414],"class_list":{"0":"post-1110","1":"product","2":"type-product","3":"status-publish","4":"has-post-thumbnail","6":"product_cat-dutch-school","7":"product_tag-19th","8":"product_tag-19th-century-drawings","9":"product_tag-gallery","10":"product_tag-n1","12":"first","13":"outofstock","14":"taxable","15":"shipping-taxable","16":"purchasable","17":"product-type-simple"},"yoast_head":"<!-- This site is optimized with the Yoast SEO plugin v27.4 - https:\/\/yoast.com\/product\/yoast-seo-wordpress\/ -->\n<title>Viola Odorata with two butterflies and a caterpillar, Dutch school, beginning of the XIXth century<\/title>\n<meta name=\"description\" content=\"Refined botanic study of a plant long believed to have aphrodisiac powers. Viola Odorata with two butterflies and a caterpillar, Dutch school, beginning of the XIXth century.\" \/>\n<meta name=\"robots\" content=\"index, follow, max-snippet:-1, max-image-preview:large, max-video-preview:-1\" \/>\n<link rel=\"canonical\" href=\"http:\/\/Refined%20botanic%20study%20of%20a%20plant%20long%20believed%20to%20have%20aphrodisiac%20powers.%20Viola%20Odorata%20with%20two%20butterflies%20and%20a%20caterpillar,%20Dutch%20school,%20beginning%20of%20the%20XIXth%20century.\" \/>\n<meta property=\"og:locale\" content=\"en_US\" \/>\n<meta property=\"og:type\" content=\"article\" \/>\n<meta property=\"og:title\" content=\"Viola Odorata with two butterflies and a caterpillar, Dutch school, beginning of the XIXth century\" \/>\n<meta property=\"og:description\" content=\"Refined botanic study of a plant long believed to have aphrodisiac powers. Viola Odorata with two butterflies and a caterpillar, Dutch school, beginning of the XIXth century.\" \/>\n<meta property=\"og:url\" content=\"https:\/\/drawings-online.com\/en\/product\/viola-odorata-with-two-butterflies-and-a-caterpillar-dutch-school-beginning-of-the-xixth-century\/\" \/>\n<meta property=\"og:site_name\" content=\"Drawings-online\" \/>\n<meta property=\"article:publisher\" content=\"https:\/\/www.facebook.com\/people\/Drawings-online\/100034942735866\/\" \/>\n<meta property=\"article:modified_time\" content=\"2023-01-17T17:29:46+00:00\" \/>\n<meta property=\"og:image\" content=\"https:\/\/drawings-online.com\/wp-content\/uploads\/2020\/11\/DSC_8198_1b-1024x1024.png\" \/>\n\t<meta property=\"og:image:width\" content=\"1024\" \/>\n\t<meta property=\"og:image:height\" content=\"1024\" \/>\n\t<meta property=\"og:image:type\" content=\"image\/png\" \/>\n<meta name=\"twitter:card\" content=\"summary_large_image\" \/>\n<meta name=\"twitter:site\" content=\"@OnlineDrawings\" \/>\n<meta name=\"twitter:label1\" content=\"Est. reading time\" \/>\n\t<meta name=\"twitter:data1\" content=\"1 minute\" \/>\n<script type=\"application\/ld+json\" class=\"yoast-schema-graph\">{\"@context\":\"https:\\\/\\\/schema.org\",\"@graph\":[{\"@type\":\"WebPage\",\"@id\":\"https:\\\/\\\/drawings-online.com\\\/en\\\/product\\\/viola-odorata-with-two-butterflies-and-a-caterpillar-dutch-school-beginning-of-the-xixth-century\\\/\",\"url\":\"https:\\\/\\\/drawings-online.com\\\/en\\\/product\\\/viola-odorata-with-two-butterflies-and-a-caterpillar-dutch-school-beginning-of-the-xixth-century\\\/\",\"name\":\"Violette odorante (Viola Odorata) avec deux papillons et une chenille, \u00e9cole hollandaise, d\u00e9but du XIXe si\u00e8cle - Drawings-online\",\"isPartOf\":{\"@id\":\"https:\\\/\\\/drawings-online.com\\\/#website\"},\"primaryImageOfPage\":{\"@id\":\"https:\\\/\\\/drawings-online.com\\\/en\\\/product\\\/viola-odorata-with-two-butterflies-and-a-caterpillar-dutch-school-beginning-of-the-xixth-century\\\/#primaryimage\"},\"image\":{\"@id\":\"https:\\\/\\\/drawings-online.com\\\/en\\\/product\\\/viola-odorata-with-two-butterflies-and-a-caterpillar-dutch-school-beginning-of-the-xixth-century\\\/#primaryimage\"},\"thumbnailUrl\":\"https:\\\/\\\/drawings-online.com\\\/wp-content\\\/uploads\\\/2020\\\/11\\\/DSC_8198_1b.png\",\"datePublished\":\"2020-12-09T12:10:16+00:00\",\"dateModified\":\"2023-01-17T17:29:46+00:00\",\"breadcrumb\":{\"@id\":\"https:\\\/\\\/drawings-online.com\\\/en\\\/product\\\/viola-odorata-with-two-butterflies-and-a-caterpillar-dutch-school-beginning-of-the-xixth-century\\\/#breadcrumb\"},\"inLanguage\":\"en-US\",\"potentialAction\":[{\"@type\":\"ReadAction\",\"target\":[\"https:\\\/\\\/drawings-online.com\\\/en\\\/product\\\/viola-odorata-with-two-butterflies-and-a-caterpillar-dutch-school-beginning-of-the-xixth-century\\\/\"]}]},{\"@type\":\"ImageObject\",\"inLanguage\":\"en-US\",\"@id\":\"https:\\\/\\\/drawings-online.com\\\/en\\\/product\\\/viola-odorata-with-two-butterflies-and-a-caterpillar-dutch-school-beginning-of-the-xixth-century\\\/#primaryimage\",\"url\":\"https:\\\/\\\/drawings-online.com\\\/wp-content\\\/uploads\\\/2020\\\/11\\\/DSC_8198_1b.png\",\"contentUrl\":\"https:\\\/\\\/drawings-online.com\\\/wp-content\\\/uploads\\\/2020\\\/11\\\/DSC_8198_1b.png\",\"width\":1800,\"height\":1800,\"caption\":\"La Violette odorante (Viola Odorata) avec deux papillons et une chenille, \u00c9cole hollandaise du d\u00e9but du XIX\u00e8me si\u00e8cle\"},{\"@type\":\"BreadcrumbList\",\"@id\":\"https:\\\/\\\/drawings-online.com\\\/en\\\/product\\\/viola-odorata-with-two-butterflies-and-a-caterpillar-dutch-school-beginning-of-the-xixth-century\\\/#breadcrumb\",\"itemListElement\":[{\"@type\":\"ListItem\",\"position\":1,\"name\":\"Works available\",\"item\":\"https:\\\/\\\/drawings-online.com\\\/\"},{\"@type\":\"ListItem\",\"position\":2,\"name\":\"Gallery\",\"item\":\"https:\\\/\\\/drawings-online.com\\\/galerie\\\/\"},{\"@type\":\"ListItem\",\"position\":3,\"name\":\"19e\",\"item\":\"https:\\\/\\\/drawings-online.com\\\/product_tag\\\/19e\\\/\"},{\"@type\":\"ListItem\",\"position\":4,\"name\":\"Viola Odorata with two butterflies and a caterpillar, Dutch school, beginning of the XIXth century\"}]},{\"@type\":\"WebSite\",\"@id\":\"https:\\\/\\\/drawings-online.com\\\/en\\\/#website\",\"url\":\"https:\\\/\\\/drawings-online.com\\\/en\\\/\",\"name\":\"Drawings-online\",\"description\":\"Dessins en ligne\",\"publisher\":{\"@id\":\"https:\\\/\\\/drawings-online.com\\\/en\\\/#organization\"},\"potentialAction\":[{\"@type\":\"SearchAction\",\"target\":{\"@type\":\"EntryPoint\",\"urlTemplate\":\"https:\\\/\\\/drawings-online.com\\\/en\\\/?s={search_term_string}\"},\"query-input\":{\"@type\":\"PropertyValueSpecification\",\"valueRequired\":true,\"valueName\":\"search_term_string\"}}],\"inLanguage\":\"en-US\"},{\"@type\":\"Organization\",\"@id\":\"https:\\\/\\\/drawings-online.com\\\/en\\\/#organization\",\"name\":\"Drawings-online\",\"url\":\"https:\\\/\\\/drawings-online.com\\\/en\\\/\",\"logo\":{\"@type\":\"ImageObject\",\"inLanguage\":\"en-US\",\"@id\":\"https:\\\/\\\/drawings-online.com\\\/en\\\/#\\\/schema\\\/logo\\\/image\\\/\",\"url\":\"https:\\\/\\\/drawings-online.com\\\/wp-content\\\/uploads\\\/2020\\\/12\\\/drawings-icone-transp-e1607442878135.png\",\"contentUrl\":\"https:\\\/\\\/drawings-online.com\\\/wp-content\\\/uploads\\\/2020\\\/12\\\/drawings-icone-transp-e1607442878135.png\",\"width\":150,\"height\":150,\"caption\":\"Drawings-online\"},\"image\":{\"@id\":\"https:\\\/\\\/drawings-online.com\\\/en\\\/#\\\/schema\\\/logo\\\/image\\\/\"},\"sameAs\":[\"https:\\\/\\\/www.facebook.com\\\/people\\\/Drawings-online\\\/100034942735866\\\/\",\"https:\\\/\\\/x.com\\\/OnlineDrawings\",\"https:\\\/\\\/www.instagram.com\\\/drawings_online_com\\\/\"]}]}<\/script>\n<!-- \/ Yoast SEO plugin. -->","yoast_head_json":{"title":"Viola Odorata with two butterflies and a caterpillar, Dutch school, beginning of the XIXth century","description":"Refined botanic study of a plant long believed to have aphrodisiac powers. Viola Odorata with two butterflies and a caterpillar, Dutch school, beginning of the XIXth century.","robots":{"index":"index","follow":"follow","max-snippet":"max-snippet:-1","max-image-preview":"max-image-preview:large","max-video-preview":"max-video-preview:-1"},"canonical":"Refined botanic study of a plant long believed to have aphrodisiac powers. Viola Odorata with two butterflies and a caterpillar, Dutch school, beginning of the XIXth century.","og_locale":"en_US","og_type":"article","og_title":"Viola Odorata with two butterflies and a caterpillar, Dutch school, beginning of the XIXth century","og_description":"Refined botanic study of a plant long believed to have aphrodisiac powers. Viola Odorata with two butterflies and a caterpillar, Dutch school, beginning of the XIXth century.","og_url":"https:\/\/drawings-online.com\/en\/product\/viola-odorata-with-two-butterflies-and-a-caterpillar-dutch-school-beginning-of-the-xixth-century\/","og_site_name":"Drawings-online","article_publisher":"https:\/\/www.facebook.com\/people\/Drawings-online\/100034942735866\/","article_modified_time":"2023-01-17T17:29:46+00:00","og_image":[{"width":1024,"height":1024,"url":"https:\/\/drawings-online.com\/wp-content\/uploads\/2020\/11\/DSC_8198_1b-1024x1024.png","type":"image\/png"}],"twitter_card":"summary_large_image","twitter_site":"@OnlineDrawings","twitter_misc":{"Est. reading time":"1 minute"},"schema":{"@context":"https:\/\/schema.org","@graph":[{"@type":"WebPage","@id":"https:\/\/drawings-online.com\/en\/product\/viola-odorata-with-two-butterflies-and-a-caterpillar-dutch-school-beginning-of-the-xixth-century\/","url":"https:\/\/drawings-online.com\/en\/product\/viola-odorata-with-two-butterflies-and-a-caterpillar-dutch-school-beginning-of-the-xixth-century\/","name":"Violette odorante (Viola Odorata) avec deux papillons et une chenille, \u00e9cole hollandaise, d\u00e9but du XIXe si\u00e8cle - Drawings-online","isPartOf":{"@id":"https:\/\/drawings-online.com\/#website"},"primaryImageOfPage":{"@id":"https:\/\/drawings-online.com\/en\/product\/viola-odorata-with-two-butterflies-and-a-caterpillar-dutch-school-beginning-of-the-xixth-century\/#primaryimage"},"image":{"@id":"https:\/\/drawings-online.com\/en\/product\/viola-odorata-with-two-butterflies-and-a-caterpillar-dutch-school-beginning-of-the-xixth-century\/#primaryimage"},"thumbnailUrl":"https:\/\/drawings-online.com\/wp-content\/uploads\/2020\/11\/DSC_8198_1b.png","datePublished":"2020-12-09T12:10:16+00:00","dateModified":"2023-01-17T17:29:46+00:00","breadcrumb":{"@id":"https:\/\/drawings-online.com\/en\/product\/viola-odorata-with-two-butterflies-and-a-caterpillar-dutch-school-beginning-of-the-xixth-century\/#breadcrumb"},"inLanguage":"en-US","potentialAction":[{"@type":"ReadAction","target":["https:\/\/drawings-online.com\/en\/product\/viola-odorata-with-two-butterflies-and-a-caterpillar-dutch-school-beginning-of-the-xixth-century\/"]}]},{"@type":"ImageObject","inLanguage":"en-US","@id":"https:\/\/drawings-online.com\/en\/product\/viola-odorata-with-two-butterflies-and-a-caterpillar-dutch-school-beginning-of-the-xixth-century\/#primaryimage","url":"https:\/\/drawings-online.com\/wp-content\/uploads\/2020\/11\/DSC_8198_1b.png","contentUrl":"https:\/\/drawings-online.com\/wp-content\/uploads\/2020\/11\/DSC_8198_1b.png","width":1800,"height":1800,"caption":"La Violette odorante (Viola Odorata) avec deux papillons et une chenille, \u00c9cole hollandaise du d\u00e9but du XIX\u00e8me si\u00e8cle"},{"@type":"BreadcrumbList","@id":"https:\/\/drawings-online.com\/en\/product\/viola-odorata-with-two-butterflies-and-a-caterpillar-dutch-school-beginning-of-the-xixth-century\/#breadcrumb","itemListElement":[{"@type":"ListItem","position":1,"name":"Works available","item":"https:\/\/drawings-online.com\/"},{"@type":"ListItem","position":2,"name":"Gallery","item":"https:\/\/drawings-online.com\/galerie\/"},{"@type":"ListItem","position":3,"name":"19e","item":"https:\/\/drawings-online.com\/product_tag\/19e\/"},{"@type":"ListItem","position":4,"name":"Viola Odorata with two butterflies and a caterpillar, Dutch school, beginning of the XIXth century"}]},{"@type":"WebSite","@id":"https:\/\/drawings-online.com\/en\/#website","url":"https:\/\/drawings-online.com\/en\/","name":"Drawings-online","description":"Dessins en ligne","publisher":{"@id":"https:\/\/drawings-online.com\/en\/#organization"},"potentialAction":[{"@type":"SearchAction","target":{"@type":"EntryPoint","urlTemplate":"https:\/\/drawings-online.com\/en\/?s={search_term_string}"},"query-input":{"@type":"PropertyValueSpecification","valueRequired":true,"valueName":"search_term_string"}}],"inLanguage":"en-US"},{"@type":"Organization","@id":"https:\/\/drawings-online.com\/en\/#organization","name":"Drawings-online","url":"https:\/\/drawings-online.com\/en\/","logo":{"@type":"ImageObject","inLanguage":"en-US","@id":"https:\/\/drawings-online.com\/en\/#\/schema\/logo\/image\/","url":"https:\/\/drawings-online.com\/wp-content\/uploads\/2020\/12\/drawings-icone-transp-e1607442878135.png","contentUrl":"https:\/\/drawings-online.com\/wp-content\/uploads\/2020\/12\/drawings-icone-transp-e1607442878135.png","width":150,"height":150,"caption":"Drawings-online"},"image":{"@id":"https:\/\/drawings-online.com\/en\/#\/schema\/logo\/image\/"},"sameAs":["https:\/\/www.facebook.com\/people\/Drawings-online\/100034942735866\/","https:\/\/x.com\/OnlineDrawings","https:\/\/www.instagram.com\/drawings_online_com\/"]}]}},"jetpack_sharing_enabled":true,"_links":{"self":[{"href":"https:\/\/drawings-online.com\/en\/wp-json\/wp\/v2\/product\/1110","targetHints":{"allow":["GET"]}}],"collection":[{"href":"https:\/\/drawings-online.com\/en\/wp-json\/wp\/v2\/product"}],"about":[{"href":"https:\/\/drawings-online.com\/en\/wp-json\/wp\/v2\/types\/product"}],"wp:featuredmedia":[{"embeddable":true,"href":"https:\/\/drawings-online.com\/en\/wp-json\/wp\/v2\/media\/1127"}],"wp:attachment":[{"href":"https:\/\/drawings-online.com\/en\/wp-json\/wp\/v2\/media?parent=1110"}],"wp:term":[{"taxonomy":"product_brand","embeddable":true,"href":"https:\/\/drawings-online.com\/en\/wp-json\/wp\/v2\/product_brand?post=1110"},{"taxonomy":"product_cat","embeddable":true,"href":"https:\/\/drawings-online.com\/en\/wp-json\/wp\/v2\/product_cat?post=1110"},{"taxonomy":"product_tag","embeddable":true,"href":"https:\/\/drawings-online.com\/en\/wp-json\/wp\/v2\/product_tag?post=1110"}],"curies":[{"name":"wp","href":"https:\/\/api.w.org\/{rel}","templated":true}]}}