{"id":1035,"date":"2020-12-09T10:57:15","date_gmt":"2020-12-09T09:57:15","guid":{"rendered":"https:\/\/drawings-online.com\/fr\/product\/\/"},"modified":"2023-01-17T18:29:03","modified_gmt":"2023-01-17T17:29:03","slug":"portrait-de-bernardo-davanzati-bostichi-dapres-cristofano-allori-ecole-italienne-du-xviiie-siecle","status":"publish","type":"product","link":"https:\/\/drawings-online.com\/en\/product\/portrait-of-bernardo-davanzato-bostichi-after-cristofano-allori\/","title":{"rendered":"Portrait of Bernardo Davanzato Bostichi, after Cristofano Allori"},"content":{"rendered":"<p><strong>Italian school, 18th century<\/strong><\/p>\n<p><strong><i><span lang=\"EN-US\">Portrait of Bernardo Davanzato Bostichi, after Cristofano Allori<\/span><\/i><\/strong><\/p>\n<p>Black chalk, stumping, white chalk heightenings.<\/p>\n<p>335 x 208 mm &#8211; 13,19 x 8,19 in.<\/p>\n<p>This drawing is a beautiful 18th-century study after the portrait of Bernardo Davanzati Bostichi painted around 1605 by Cristofano Allori and nowadays in the Ashmolean Museum in Oxford.<\/p>\n<p><img loading=\"lazy\" decoding=\"async\" class=\"alignleft\" src=\"https:\/\/upload.wikimedia.org\/wikipedia\/commons\/b\/bd\/Bernardo_Davanzati_Allori.jpg\" alt=\"Bernardo Davanzati Allori.jpg\" width=\"224\" height=\"291\" \/><\/p>\n<p>A cultivated Florentine scholar, Bernardo Davanzati Bostichi translated Dante and Tacite, but he was also a shrewd businessman who had lived in Lyon in his youth. In 1754 the book publisher Giuseppe Comino issued a new release of his complete writings in Padova. His portrait by Cristofano Allori was then used for the frontispiece illustration. This drawing was probably made on the occasion of the revival of Bostichi&#8217;s popularity.<\/p>\n<p>Condition report &#8211; Good condition. Laid down on old paper. Small foldings from the laying down at the top and bottom right. Small tear at the lower left. Traces of an old mount around the edge.<\/p>\n","protected":false},"excerpt":{"rendered":"<p><em>A powerful and actual size portrait.<\/em><\/p>\n<p>Portrait of a man, Italian school, 18th century.<\/p>\n","protected":false},"featured_media":1036,"template":"","meta":{"_themeisle_gutenberg_block_has_review":false},"product_brand":[],"product_cat":[79],"product_tag":[23,30,345,34,353,414,16,99],"class_list":{"0":"post-1035","1":"product","2":"type-product","3":"status-publish","4":"has-post-thumbnail","6":"product_cat-italian-school","7":"product_tag-17th","8":"product_tag-white-chalk","9":"product_tag-old-master-drawings","10":"product_tag-stumping","11":"product_tag-gallery","12":"product_tag-n1","13":"product_tag-black-chalk","14":"product_tag-portrait","16":"first","17":"outofstock","18":"taxable","19":"shipping-taxable","20":"purchasable","21":"product-type-simple"},"yoast_head":"<!-- This site is optimized with the Yoast SEO plugin v27.5 - https:\/\/yoast.com\/product\/yoast-seo-wordpress\/ -->\n<title>Portrait of Bernardo Davanzato Bostichi, after Cristofano Allori<\/title>\n<meta name=\"description\" content=\"A powerful and actual size portrait. Portrait of a man, Italian school, 18th century.\" \/>\n<meta name=\"robots\" content=\"index, follow, max-snippet:-1, max-image-preview:large, max-video-preview:-1\" \/>\n<link rel=\"canonical\" href=\"http:\/\/A%20powerful%20and%20actual%20size%20portrait.%20Portrait%20of%20a%20man,%20Italian%20school,%2018th%20century.\" \/>\n<meta property=\"og:locale\" content=\"en_US\" \/>\n<meta property=\"og:type\" content=\"article\" \/>\n<meta property=\"og:title\" content=\"Portrait of Bernardo Davanzato Bostichi, after Cristofano Allori\" \/>\n<meta property=\"og:description\" content=\"A powerful and actual size portrait. Portrait of a man, Italian school, 18th century.\" \/>\n<meta property=\"og:url\" content=\"https:\/\/drawings-online.com\/en\/product\/portrait-of-bernardo-davanzato-bostichi-after-cristofano-allori\/\" \/>\n<meta property=\"og:site_name\" content=\"Drawings-online\" \/>\n<meta property=\"article:publisher\" content=\"https:\/\/www.facebook.com\/people\/Drawings-online\/100034942735866\/\" \/>\n<meta property=\"article:modified_time\" content=\"2023-01-17T17:29:03+00:00\" \/>\n<meta property=\"og:image\" content=\"https:\/\/drawings-online.com\/wp-content\/uploads\/2020\/11\/DSC_8186_1-1024x1024.png\" \/>\n\t<meta property=\"og:image:width\" content=\"1024\" \/>\n\t<meta property=\"og:image:height\" content=\"1024\" \/>\n\t<meta property=\"og:image:type\" content=\"image\/png\" \/>\n<meta name=\"twitter:card\" content=\"summary_large_image\" \/>\n<meta name=\"twitter:site\" content=\"@OnlineDrawings\" \/>\n<meta name=\"twitter:label1\" content=\"Est. reading time\" \/>\n\t<meta name=\"twitter:data1\" content=\"1 minute\" \/>\n<script type=\"application\/ld+json\" class=\"yoast-schema-graph\">{\"@context\":\"https:\\\/\\\/schema.org\",\"@graph\":[{\"@type\":\"WebPage\",\"@id\":\"https:\\\/\\\/drawings-online.com\\\/en\\\/product\\\/portrait-of-bernardo-davanzato-bostichi-after-cristofano-allori\\\/\",\"url\":\"https:\\\/\\\/drawings-online.com\\\/en\\\/product\\\/portrait-of-bernardo-davanzato-bostichi-after-cristofano-allori\\\/\",\"name\":\"Portrait de Bernardo Davanzati Bostichi (d\u2019apr\u00e8s Cristofano Allori), \u00e9cole italienne du XVIIIe si\u00e8cle - Drawings-online\",\"isPartOf\":{\"@id\":\"https:\\\/\\\/drawings-online.com\\\/#website\"},\"primaryImageOfPage\":{\"@id\":\"https:\\\/\\\/drawings-online.com\\\/en\\\/product\\\/portrait-of-bernardo-davanzato-bostichi-after-cristofano-allori\\\/#primaryimage\"},\"image\":{\"@id\":\"https:\\\/\\\/drawings-online.com\\\/en\\\/product\\\/portrait-of-bernardo-davanzato-bostichi-after-cristofano-allori\\\/#primaryimage\"},\"thumbnailUrl\":\"https:\\\/\\\/drawings-online.com\\\/wp-content\\\/uploads\\\/2020\\\/11\\\/DSC_8186_1.png\",\"datePublished\":\"2020-12-09T09:57:15+00:00\",\"dateModified\":\"2023-01-17T17:29:03+00:00\",\"breadcrumb\":{\"@id\":\"https:\\\/\\\/drawings-online.com\\\/en\\\/product\\\/portrait-of-bernardo-davanzato-bostichi-after-cristofano-allori\\\/#breadcrumb\"},\"inLanguage\":\"en-US\",\"potentialAction\":[{\"@type\":\"ReadAction\",\"target\":[\"https:\\\/\\\/drawings-online.com\\\/en\\\/product\\\/portrait-of-bernardo-davanzato-bostichi-after-cristofano-allori\\\/\"]}]},{\"@type\":\"ImageObject\",\"inLanguage\":\"en-US\",\"@id\":\"https:\\\/\\\/drawings-online.com\\\/en\\\/product\\\/portrait-of-bernardo-davanzato-bostichi-after-cristofano-allori\\\/#primaryimage\",\"url\":\"https:\\\/\\\/drawings-online.com\\\/wp-content\\\/uploads\\\/2020\\\/11\\\/DSC_8186_1.png\",\"contentUrl\":\"https:\\\/\\\/drawings-online.com\\\/wp-content\\\/uploads\\\/2020\\\/11\\\/DSC_8186_1.png\",\"width\":1800,\"height\":1800,\"caption\":\"\u00c9cole italienne, XVIIe si\u00e8cle - Portrait d'homme - Pierre noire, estompe, rehauts de craie blanche - 335 x 208 mm\"},{\"@type\":\"BreadcrumbList\",\"@id\":\"https:\\\/\\\/drawings-online.com\\\/en\\\/product\\\/portrait-of-bernardo-davanzato-bostichi-after-cristofano-allori\\\/#breadcrumb\",\"itemListElement\":[{\"@type\":\"ListItem\",\"position\":1,\"name\":\"Works available\",\"item\":\"https:\\\/\\\/drawings-online.com\\\/\"},{\"@type\":\"ListItem\",\"position\":2,\"name\":\"Gallery\",\"item\":\"https:\\\/\\\/drawings-online.com\\\/galerie\\\/\"},{\"@type\":\"ListItem\",\"position\":3,\"name\":\"17e\",\"item\":\"https:\\\/\\\/drawings-online.com\\\/product_tag\\\/17e\\\/\"},{\"@type\":\"ListItem\",\"position\":4,\"name\":\"Portrait of Bernardo Davanzato Bostichi, after Cristofano Allori\"}]},{\"@type\":\"WebSite\",\"@id\":\"https:\\\/\\\/drawings-online.com\\\/en\\\/#website\",\"url\":\"https:\\\/\\\/drawings-online.com\\\/en\\\/\",\"name\":\"Drawings-online\",\"description\":\"Dessins en ligne\",\"publisher\":{\"@id\":\"https:\\\/\\\/drawings-online.com\\\/en\\\/#organization\"},\"potentialAction\":[{\"@type\":\"SearchAction\",\"target\":{\"@type\":\"EntryPoint\",\"urlTemplate\":\"https:\\\/\\\/drawings-online.com\\\/en\\\/?s={search_term_string}\"},\"query-input\":{\"@type\":\"PropertyValueSpecification\",\"valueRequired\":true,\"valueName\":\"search_term_string\"}}],\"inLanguage\":\"en-US\"},{\"@type\":\"Organization\",\"@id\":\"https:\\\/\\\/drawings-online.com\\\/en\\\/#organization\",\"name\":\"Drawings-online\",\"url\":\"https:\\\/\\\/drawings-online.com\\\/en\\\/\",\"logo\":{\"@type\":\"ImageObject\",\"inLanguage\":\"en-US\",\"@id\":\"https:\\\/\\\/drawings-online.com\\\/en\\\/#\\\/schema\\\/logo\\\/image\\\/\",\"url\":\"https:\\\/\\\/drawings-online.com\\\/wp-content\\\/uploads\\\/2020\\\/12\\\/drawings-icone-transp-e1607442878135.png\",\"contentUrl\":\"https:\\\/\\\/drawings-online.com\\\/wp-content\\\/uploads\\\/2020\\\/12\\\/drawings-icone-transp-e1607442878135.png\",\"width\":150,\"height\":150,\"caption\":\"Drawings-online\"},\"image\":{\"@id\":\"https:\\\/\\\/drawings-online.com\\\/en\\\/#\\\/schema\\\/logo\\\/image\\\/\"},\"sameAs\":[\"https:\\\/\\\/www.facebook.com\\\/people\\\/Drawings-online\\\/100034942735866\\\/\",\"https:\\\/\\\/x.com\\\/OnlineDrawings\",\"https:\\\/\\\/www.instagram.com\\\/drawings_online_com\\\/\"]}]}<\/script>\n<!-- \/ Yoast SEO plugin. -->","yoast_head_json":{"title":"Portrait of Bernardo Davanzato Bostichi, after Cristofano Allori","description":"A powerful and actual size portrait. Portrait of a man, Italian school, 18th century.","robots":{"index":"index","follow":"follow","max-snippet":"max-snippet:-1","max-image-preview":"max-image-preview:large","max-video-preview":"max-video-preview:-1"},"canonical":"A powerful and actual size portrait. Portrait of a man, Italian school, 18th century.","og_locale":"en_US","og_type":"article","og_title":"Portrait of Bernardo Davanzato Bostichi, after Cristofano Allori","og_description":"A powerful and actual size portrait. Portrait of a man, Italian school, 18th century.","og_url":"https:\/\/drawings-online.com\/en\/product\/portrait-of-bernardo-davanzato-bostichi-after-cristofano-allori\/","og_site_name":"Drawings-online","article_publisher":"https:\/\/www.facebook.com\/people\/Drawings-online\/100034942735866\/","article_modified_time":"2023-01-17T17:29:03+00:00","og_image":[{"width":1024,"height":1024,"url":"https:\/\/drawings-online.com\/wp-content\/uploads\/2020\/11\/DSC_8186_1-1024x1024.png","type":"image\/png"}],"twitter_card":"summary_large_image","twitter_site":"@OnlineDrawings","twitter_misc":{"Est. reading time":"1 minute"},"schema":{"@context":"https:\/\/schema.org","@graph":[{"@type":"WebPage","@id":"https:\/\/drawings-online.com\/en\/product\/portrait-of-bernardo-davanzato-bostichi-after-cristofano-allori\/","url":"https:\/\/drawings-online.com\/en\/product\/portrait-of-bernardo-davanzato-bostichi-after-cristofano-allori\/","name":"Portrait de Bernardo Davanzati Bostichi (d\u2019apr\u00e8s Cristofano Allori), \u00e9cole italienne du XVIIIe si\u00e8cle - Drawings-online","isPartOf":{"@id":"https:\/\/drawings-online.com\/#website"},"primaryImageOfPage":{"@id":"https:\/\/drawings-online.com\/en\/product\/portrait-of-bernardo-davanzato-bostichi-after-cristofano-allori\/#primaryimage"},"image":{"@id":"https:\/\/drawings-online.com\/en\/product\/portrait-of-bernardo-davanzato-bostichi-after-cristofano-allori\/#primaryimage"},"thumbnailUrl":"https:\/\/drawings-online.com\/wp-content\/uploads\/2020\/11\/DSC_8186_1.png","datePublished":"2020-12-09T09:57:15+00:00","dateModified":"2023-01-17T17:29:03+00:00","breadcrumb":{"@id":"https:\/\/drawings-online.com\/en\/product\/portrait-of-bernardo-davanzato-bostichi-after-cristofano-allori\/#breadcrumb"},"inLanguage":"en-US","potentialAction":[{"@type":"ReadAction","target":["https:\/\/drawings-online.com\/en\/product\/portrait-of-bernardo-davanzato-bostichi-after-cristofano-allori\/"]}]},{"@type":"ImageObject","inLanguage":"en-US","@id":"https:\/\/drawings-online.com\/en\/product\/portrait-of-bernardo-davanzato-bostichi-after-cristofano-allori\/#primaryimage","url":"https:\/\/drawings-online.com\/wp-content\/uploads\/2020\/11\/DSC_8186_1.png","contentUrl":"https:\/\/drawings-online.com\/wp-content\/uploads\/2020\/11\/DSC_8186_1.png","width":1800,"height":1800,"caption":"\u00c9cole italienne, XVIIe si\u00e8cle - Portrait d'homme - Pierre noire, estompe, rehauts de craie blanche - 335 x 208 mm"},{"@type":"BreadcrumbList","@id":"https:\/\/drawings-online.com\/en\/product\/portrait-of-bernardo-davanzato-bostichi-after-cristofano-allori\/#breadcrumb","itemListElement":[{"@type":"ListItem","position":1,"name":"Works available","item":"https:\/\/drawings-online.com\/"},{"@type":"ListItem","position":2,"name":"Gallery","item":"https:\/\/drawings-online.com\/galerie\/"},{"@type":"ListItem","position":3,"name":"17e","item":"https:\/\/drawings-online.com\/product_tag\/17e\/"},{"@type":"ListItem","position":4,"name":"Portrait of Bernardo Davanzato Bostichi, after Cristofano Allori"}]},{"@type":"WebSite","@id":"https:\/\/drawings-online.com\/en\/#website","url":"https:\/\/drawings-online.com\/en\/","name":"Drawings-online","description":"Dessins en ligne","publisher":{"@id":"https:\/\/drawings-online.com\/en\/#organization"},"potentialAction":[{"@type":"SearchAction","target":{"@type":"EntryPoint","urlTemplate":"https:\/\/drawings-online.com\/en\/?s={search_term_string}"},"query-input":{"@type":"PropertyValueSpecification","valueRequired":true,"valueName":"search_term_string"}}],"inLanguage":"en-US"},{"@type":"Organization","@id":"https:\/\/drawings-online.com\/en\/#organization","name":"Drawings-online","url":"https:\/\/drawings-online.com\/en\/","logo":{"@type":"ImageObject","inLanguage":"en-US","@id":"https:\/\/drawings-online.com\/en\/#\/schema\/logo\/image\/","url":"https:\/\/drawings-online.com\/wp-content\/uploads\/2020\/12\/drawings-icone-transp-e1607442878135.png","contentUrl":"https:\/\/drawings-online.com\/wp-content\/uploads\/2020\/12\/drawings-icone-transp-e1607442878135.png","width":150,"height":150,"caption":"Drawings-online"},"image":{"@id":"https:\/\/drawings-online.com\/en\/#\/schema\/logo\/image\/"},"sameAs":["https:\/\/www.facebook.com\/people\/Drawings-online\/100034942735866\/","https:\/\/x.com\/OnlineDrawings","https:\/\/www.instagram.com\/drawings_online_com\/"]}]}},"jetpack_sharing_enabled":true,"_links":{"self":[{"href":"https:\/\/drawings-online.com\/en\/wp-json\/wp\/v2\/product\/1035","targetHints":{"allow":["GET"]}}],"collection":[{"href":"https:\/\/drawings-online.com\/en\/wp-json\/wp\/v2\/product"}],"about":[{"href":"https:\/\/drawings-online.com\/en\/wp-json\/wp\/v2\/types\/product"}],"wp:featuredmedia":[{"embeddable":true,"href":"https:\/\/drawings-online.com\/en\/wp-json\/wp\/v2\/media\/1036"}],"wp:attachment":[{"href":"https:\/\/drawings-online.com\/en\/wp-json\/wp\/v2\/media?parent=1035"}],"wp:term":[{"taxonomy":"product_brand","embeddable":true,"href":"https:\/\/drawings-online.com\/en\/wp-json\/wp\/v2\/product_brand?post=1035"},{"taxonomy":"product_cat","embeddable":true,"href":"https:\/\/drawings-online.com\/en\/wp-json\/wp\/v2\/product_cat?post=1035"},{"taxonomy":"product_tag","embeddable":true,"href":"https:\/\/drawings-online.com\/en\/wp-json\/wp\/v2\/product_tag?post=1035"}],"curies":[{"name":"wp","href":"https:\/\/api.w.org\/{rel}","templated":true}]}}