{"id":1030,"date":"2020-12-09T11:25:11","date_gmt":"2020-12-09T10:25:11","guid":{"rendered":"https:\/\/drawings-online.com\/fr\/product\/\/"},"modified":"2023-01-17T18:29:51","modified_gmt":"2023-01-17T17:29:51","slug":"scene-de-bataille-aux-cavaliers-recto-et-frise-sculptee-verso-ecole-italienne-du-xvie-siecle","status":"publish","type":"product","link":"https:\/\/drawings-online.com\/en\/product\/battle-scene-with-horse-riders-recto-and-a-study-of-a-sculpted-frieze-verso-italian-school-end-of-16th-century\/","title":{"rendered":"Battle scene with horse riders (recto) and a Study of a sculpted frieze (verso), Italian school, end of 16th century"},"content":{"rendered":"<p><strong>Italian school, end of 16th century<\/strong><\/p>\n<p><em><strong>Battle scene with horse riders (recto); Study of a sculpted frieze (verso)<\/strong><\/em><\/p>\n<p>Pen and brown ink over black chalk, brown wash, the corners cut.<\/p>\n<p>212 x 284 mm &#8211; 8,35 x 11,18 in.<\/p>\n<p>Provenance &#8211;\u00a0Albert Finot\u00a0collection , his stamp <a href=\"http:\/\/www.marquesdecollections.fr\/detail.cfm\/marque\/11135\" target=\"_blank\" rel=\"noopener noreferrer\">(Lugt 3627) <\/a>\u00a0; Artcurial, Sale Old Master &amp; 19th Century paintings and drawings &#8211; <a href=\"https:\/\/www.artcurial.com\/en\/lot-ecole-italienne-de-la-fin-du-xvie-siecle-recto-choc-de-cavalerie-verso-etude-de-frise-sculptee\" target=\"_blank\" rel=\"noopener noreferrer\">21 june 2010 \/Lot 15.<\/a><\/p>\n<p>Condition report &#8211; Beautiful condition. Some tiny, barely visible spots.<\/p>\n","protected":false},"excerpt":{"rendered":"<p><em>An engaging mannerist drawing whose author remains to be found out.<\/em><\/p>\n<p>Battle scene with horse riders (recto) and a Study of a sculpted frieze (verso), Italian school, end of 16th century.<\/p>\n","protected":false},"featured_media":1031,"template":"","meta":{"_themeisle_gutenberg_block_has_review":false},"product_brand":[],"product_cat":[79],"product_tag":[88,345,36,353,39,414,35],"class_list":{"0":"post-1030","1":"product","2":"type-product","3":"status-publish","4":"has-post-thumbnail","6":"product_cat-italian-school","7":"product_tag-16th","8":"product_tag-old-master-drawings","9":"product_tag-brown-ink","10":"product_tag-gallery","11":"product_tag-brown-wash","12":"product_tag-n1","13":"product_tag-pen","15":"first","16":"outofstock","17":"taxable","18":"shipping-taxable","19":"purchasable","20":"product-type-simple"},"yoast_head":"<!-- This site is optimized with the Yoast SEO plugin v27.4 - https:\/\/yoast.com\/product\/yoast-seo-wordpress\/ -->\n<title>Battle scene with horse riders (recto) and a Study of a sculpted frieze (verso), Italian school, end of 16th century<\/title>\n<meta name=\"description\" content=\"An engaging mannerist drawing whose author remains to be found out. Battle scene with horse riders (recto) and a Study of a sculpted frieze (verso), Italian school, end of 16th century.\" \/>\n<meta name=\"robots\" content=\"index, follow, max-snippet:-1, max-image-preview:large, max-video-preview:-1\" \/>\n<link rel=\"canonical\" href=\"http:\/\/An%20engaging%20mannerist%20drawing%20whose%20author%20remains%20to%20be%20found%20out.%20Battle%20scene%20with%20horse%20riders%20(recto)%20and%20a%20Study%20of%20a%20sculpted%20frieze%20(verso),%20Italian%20school,%20end%20of%2016th%20century.\" \/>\n<meta property=\"og:locale\" content=\"en_US\" \/>\n<meta property=\"og:type\" content=\"article\" \/>\n<meta property=\"og:title\" content=\"Battle scene with horse riders (recto) and a Study of a sculpted frieze (verso), Italian school, end of 16th century\" \/>\n<meta property=\"og:description\" content=\"An engaging mannerist drawing whose author remains to be found out. Battle scene with horse riders (recto) and a Study of a sculpted frieze (verso), Italian school, end of 16th century.\" \/>\n<meta property=\"og:url\" content=\"https:\/\/drawings-online.com\/en\/product\/battle-scene-with-horse-riders-recto-and-a-study-of-a-sculpted-frieze-verso-italian-school-end-of-16th-century\/\" \/>\n<meta property=\"og:site_name\" content=\"Drawings-online\" \/>\n<meta property=\"article:publisher\" content=\"https:\/\/www.facebook.com\/people\/Drawings-online\/100034942735866\/\" \/>\n<meta property=\"article:modified_time\" content=\"2023-01-17T17:29:51+00:00\" \/>\n<meta property=\"og:image\" content=\"https:\/\/drawings-online.com\/wp-content\/uploads\/2020\/11\/DSC_8191_1-1024x1024.png\" \/>\n\t<meta property=\"og:image:width\" content=\"1024\" \/>\n\t<meta property=\"og:image:height\" content=\"1024\" \/>\n\t<meta property=\"og:image:type\" content=\"image\/png\" \/>\n<meta name=\"twitter:card\" content=\"summary_large_image\" \/>\n<meta name=\"twitter:site\" content=\"@OnlineDrawings\" \/>\n<script type=\"application\/ld+json\" class=\"yoast-schema-graph\">{\"@context\":\"https:\\\/\\\/schema.org\",\"@graph\":[{\"@type\":\"WebPage\",\"@id\":\"https:\\\/\\\/drawings-online.com\\\/en\\\/product\\\/battle-scene-with-horse-riders-recto-and-a-study-of-a-sculpted-frieze-verso-italian-school-end-of-16th-century\\\/\",\"url\":\"https:\\\/\\\/drawings-online.com\\\/en\\\/product\\\/battle-scene-with-horse-riders-recto-and-a-study-of-a-sculpted-frieze-verso-italian-school-end-of-16th-century\\\/\",\"name\":\"Sc\u00e8ne de bataille aux cavaliers (recto) et frise sculpt\u00e9e (verso), \u00e9cole italienne du XVIe si\u00e8cle. - Drawings-online\",\"isPartOf\":{\"@id\":\"https:\\\/\\\/drawings-online.com\\\/#website\"},\"primaryImageOfPage\":{\"@id\":\"https:\\\/\\\/drawings-online.com\\\/en\\\/product\\\/battle-scene-with-horse-riders-recto-and-a-study-of-a-sculpted-frieze-verso-italian-school-end-of-16th-century\\\/#primaryimage\"},\"image\":{\"@id\":\"https:\\\/\\\/drawings-online.com\\\/en\\\/product\\\/battle-scene-with-horse-riders-recto-and-a-study-of-a-sculpted-frieze-verso-italian-school-end-of-16th-century\\\/#primaryimage\"},\"thumbnailUrl\":\"https:\\\/\\\/drawings-online.com\\\/wp-content\\\/uploads\\\/2020\\\/11\\\/DSC_8191_1.png\",\"datePublished\":\"2020-12-09T10:25:11+00:00\",\"dateModified\":\"2023-01-17T17:29:51+00:00\",\"breadcrumb\":{\"@id\":\"https:\\\/\\\/drawings-online.com\\\/en\\\/product\\\/battle-scene-with-horse-riders-recto-and-a-study-of-a-sculpted-frieze-verso-italian-school-end-of-16th-century\\\/#breadcrumb\"},\"inLanguage\":\"en-US\",\"potentialAction\":[{\"@type\":\"ReadAction\",\"target\":[\"https:\\\/\\\/drawings-online.com\\\/en\\\/product\\\/battle-scene-with-horse-riders-recto-and-a-study-of-a-sculpted-frieze-verso-italian-school-end-of-16th-century\\\/\"]}]},{\"@type\":\"ImageObject\",\"inLanguage\":\"en-US\",\"@id\":\"https:\\\/\\\/drawings-online.com\\\/en\\\/product\\\/battle-scene-with-horse-riders-recto-and-a-study-of-a-sculpted-frieze-verso-italian-school-end-of-16th-century\\\/#primaryimage\",\"url\":\"https:\\\/\\\/drawings-online.com\\\/wp-content\\\/uploads\\\/2020\\\/11\\\/DSC_8191_1.png\",\"contentUrl\":\"https:\\\/\\\/drawings-online.com\\\/wp-content\\\/uploads\\\/2020\\\/11\\\/DSC_8191_1.png\",\"width\":1800,\"height\":1800,\"caption\":\"\u00c9cole italienne, fin du XVIe si\u00e8cle - Sc\u00e8ne de bataille aux cavaliers (recto) ; Frise sculpt\u00e9e (verso) - Plume et encre brune sur trait de crayon noir, lavis brun, les angles coup\u00e9s - 212 x 284 mm\"},{\"@type\":\"BreadcrumbList\",\"@id\":\"https:\\\/\\\/drawings-online.com\\\/en\\\/product\\\/battle-scene-with-horse-riders-recto-and-a-study-of-a-sculpted-frieze-verso-italian-school-end-of-16th-century\\\/#breadcrumb\",\"itemListElement\":[{\"@type\":\"ListItem\",\"position\":1,\"name\":\"Works available\",\"item\":\"https:\\\/\\\/drawings-online.com\\\/\"},{\"@type\":\"ListItem\",\"position\":2,\"name\":\"Gallery\",\"item\":\"https:\\\/\\\/drawings-online.com\\\/galerie\\\/\"},{\"@type\":\"ListItem\",\"position\":3,\"name\":\"16e\",\"item\":\"https:\\\/\\\/drawings-online.com\\\/product_tag\\\/16e\\\/\"},{\"@type\":\"ListItem\",\"position\":4,\"name\":\"Battle scene with horse riders (recto) and a Study of a sculpted frieze (verso), Italian school, end of 16th century\"}]},{\"@type\":\"WebSite\",\"@id\":\"https:\\\/\\\/drawings-online.com\\\/en\\\/#website\",\"url\":\"https:\\\/\\\/drawings-online.com\\\/en\\\/\",\"name\":\"Drawings-online\",\"description\":\"Dessins en ligne\",\"publisher\":{\"@id\":\"https:\\\/\\\/drawings-online.com\\\/en\\\/#organization\"},\"potentialAction\":[{\"@type\":\"SearchAction\",\"target\":{\"@type\":\"EntryPoint\",\"urlTemplate\":\"https:\\\/\\\/drawings-online.com\\\/en\\\/?s={search_term_string}\"},\"query-input\":{\"@type\":\"PropertyValueSpecification\",\"valueRequired\":true,\"valueName\":\"search_term_string\"}}],\"inLanguage\":\"en-US\"},{\"@type\":\"Organization\",\"@id\":\"https:\\\/\\\/drawings-online.com\\\/en\\\/#organization\",\"name\":\"Drawings-online\",\"url\":\"https:\\\/\\\/drawings-online.com\\\/en\\\/\",\"logo\":{\"@type\":\"ImageObject\",\"inLanguage\":\"en-US\",\"@id\":\"https:\\\/\\\/drawings-online.com\\\/en\\\/#\\\/schema\\\/logo\\\/image\\\/\",\"url\":\"https:\\\/\\\/drawings-online.com\\\/wp-content\\\/uploads\\\/2020\\\/12\\\/drawings-icone-transp-e1607442878135.png\",\"contentUrl\":\"https:\\\/\\\/drawings-online.com\\\/wp-content\\\/uploads\\\/2020\\\/12\\\/drawings-icone-transp-e1607442878135.png\",\"width\":150,\"height\":150,\"caption\":\"Drawings-online\"},\"image\":{\"@id\":\"https:\\\/\\\/drawings-online.com\\\/en\\\/#\\\/schema\\\/logo\\\/image\\\/\"},\"sameAs\":[\"https:\\\/\\\/www.facebook.com\\\/people\\\/Drawings-online\\\/100034942735866\\\/\",\"https:\\\/\\\/x.com\\\/OnlineDrawings\",\"https:\\\/\\\/www.instagram.com\\\/drawings_online_com\\\/\"]}]}<\/script>\n<!-- \/ Yoast SEO plugin. -->","yoast_head_json":{"title":"Battle scene with horse riders (recto) and a Study of a sculpted frieze (verso), Italian school, end of 16th century","description":"An engaging mannerist drawing whose author remains to be found out. Battle scene with horse riders (recto) and a Study of a sculpted frieze (verso), Italian school, end of 16th century.","robots":{"index":"index","follow":"follow","max-snippet":"max-snippet:-1","max-image-preview":"max-image-preview:large","max-video-preview":"max-video-preview:-1"},"canonical":"An engaging mannerist drawing whose author remains to be found out. Battle scene with horse riders (recto) and a Study of a sculpted frieze (verso), Italian school, end of 16th century.","og_locale":"en_US","og_type":"article","og_title":"Battle scene with horse riders (recto) and a Study of a sculpted frieze (verso), Italian school, end of 16th century","og_description":"An engaging mannerist drawing whose author remains to be found out. Battle scene with horse riders (recto) and a Study of a sculpted frieze (verso), Italian school, end of 16th century.","og_url":"https:\/\/drawings-online.com\/en\/product\/battle-scene-with-horse-riders-recto-and-a-study-of-a-sculpted-frieze-verso-italian-school-end-of-16th-century\/","og_site_name":"Drawings-online","article_publisher":"https:\/\/www.facebook.com\/people\/Drawings-online\/100034942735866\/","article_modified_time":"2023-01-17T17:29:51+00:00","og_image":[{"width":1024,"height":1024,"url":"https:\/\/drawings-online.com\/wp-content\/uploads\/2020\/11\/DSC_8191_1-1024x1024.png","type":"image\/png"}],"twitter_card":"summary_large_image","twitter_site":"@OnlineDrawings","schema":{"@context":"https:\/\/schema.org","@graph":[{"@type":"WebPage","@id":"https:\/\/drawings-online.com\/en\/product\/battle-scene-with-horse-riders-recto-and-a-study-of-a-sculpted-frieze-verso-italian-school-end-of-16th-century\/","url":"https:\/\/drawings-online.com\/en\/product\/battle-scene-with-horse-riders-recto-and-a-study-of-a-sculpted-frieze-verso-italian-school-end-of-16th-century\/","name":"Sc\u00e8ne de bataille aux cavaliers (recto) et frise sculpt\u00e9e (verso), \u00e9cole italienne du XVIe si\u00e8cle. - Drawings-online","isPartOf":{"@id":"https:\/\/drawings-online.com\/#website"},"primaryImageOfPage":{"@id":"https:\/\/drawings-online.com\/en\/product\/battle-scene-with-horse-riders-recto-and-a-study-of-a-sculpted-frieze-verso-italian-school-end-of-16th-century\/#primaryimage"},"image":{"@id":"https:\/\/drawings-online.com\/en\/product\/battle-scene-with-horse-riders-recto-and-a-study-of-a-sculpted-frieze-verso-italian-school-end-of-16th-century\/#primaryimage"},"thumbnailUrl":"https:\/\/drawings-online.com\/wp-content\/uploads\/2020\/11\/DSC_8191_1.png","datePublished":"2020-12-09T10:25:11+00:00","dateModified":"2023-01-17T17:29:51+00:00","breadcrumb":{"@id":"https:\/\/drawings-online.com\/en\/product\/battle-scene-with-horse-riders-recto-and-a-study-of-a-sculpted-frieze-verso-italian-school-end-of-16th-century\/#breadcrumb"},"inLanguage":"en-US","potentialAction":[{"@type":"ReadAction","target":["https:\/\/drawings-online.com\/en\/product\/battle-scene-with-horse-riders-recto-and-a-study-of-a-sculpted-frieze-verso-italian-school-end-of-16th-century\/"]}]},{"@type":"ImageObject","inLanguage":"en-US","@id":"https:\/\/drawings-online.com\/en\/product\/battle-scene-with-horse-riders-recto-and-a-study-of-a-sculpted-frieze-verso-italian-school-end-of-16th-century\/#primaryimage","url":"https:\/\/drawings-online.com\/wp-content\/uploads\/2020\/11\/DSC_8191_1.png","contentUrl":"https:\/\/drawings-online.com\/wp-content\/uploads\/2020\/11\/DSC_8191_1.png","width":1800,"height":1800,"caption":"\u00c9cole italienne, fin du XVIe si\u00e8cle - Sc\u00e8ne de bataille aux cavaliers (recto) ; Frise sculpt\u00e9e (verso) - Plume et encre brune sur trait de crayon noir, lavis brun, les angles coup\u00e9s - 212 x 284 mm"},{"@type":"BreadcrumbList","@id":"https:\/\/drawings-online.com\/en\/product\/battle-scene-with-horse-riders-recto-and-a-study-of-a-sculpted-frieze-verso-italian-school-end-of-16th-century\/#breadcrumb","itemListElement":[{"@type":"ListItem","position":1,"name":"Works available","item":"https:\/\/drawings-online.com\/"},{"@type":"ListItem","position":2,"name":"Gallery","item":"https:\/\/drawings-online.com\/galerie\/"},{"@type":"ListItem","position":3,"name":"16e","item":"https:\/\/drawings-online.com\/product_tag\/16e\/"},{"@type":"ListItem","position":4,"name":"Battle scene with horse riders (recto) and a Study of a sculpted frieze (verso), Italian school, end of 16th century"}]},{"@type":"WebSite","@id":"https:\/\/drawings-online.com\/en\/#website","url":"https:\/\/drawings-online.com\/en\/","name":"Drawings-online","description":"Dessins en ligne","publisher":{"@id":"https:\/\/drawings-online.com\/en\/#organization"},"potentialAction":[{"@type":"SearchAction","target":{"@type":"EntryPoint","urlTemplate":"https:\/\/drawings-online.com\/en\/?s={search_term_string}"},"query-input":{"@type":"PropertyValueSpecification","valueRequired":true,"valueName":"search_term_string"}}],"inLanguage":"en-US"},{"@type":"Organization","@id":"https:\/\/drawings-online.com\/en\/#organization","name":"Drawings-online","url":"https:\/\/drawings-online.com\/en\/","logo":{"@type":"ImageObject","inLanguage":"en-US","@id":"https:\/\/drawings-online.com\/en\/#\/schema\/logo\/image\/","url":"https:\/\/drawings-online.com\/wp-content\/uploads\/2020\/12\/drawings-icone-transp-e1607442878135.png","contentUrl":"https:\/\/drawings-online.com\/wp-content\/uploads\/2020\/12\/drawings-icone-transp-e1607442878135.png","width":150,"height":150,"caption":"Drawings-online"},"image":{"@id":"https:\/\/drawings-online.com\/en\/#\/schema\/logo\/image\/"},"sameAs":["https:\/\/www.facebook.com\/people\/Drawings-online\/100034942735866\/","https:\/\/x.com\/OnlineDrawings","https:\/\/www.instagram.com\/drawings_online_com\/"]}]}},"jetpack_sharing_enabled":true,"_links":{"self":[{"href":"https:\/\/drawings-online.com\/en\/wp-json\/wp\/v2\/product\/1030","targetHints":{"allow":["GET"]}}],"collection":[{"href":"https:\/\/drawings-online.com\/en\/wp-json\/wp\/v2\/product"}],"about":[{"href":"https:\/\/drawings-online.com\/en\/wp-json\/wp\/v2\/types\/product"}],"wp:featuredmedia":[{"embeddable":true,"href":"https:\/\/drawings-online.com\/en\/wp-json\/wp\/v2\/media\/1031"}],"wp:attachment":[{"href":"https:\/\/drawings-online.com\/en\/wp-json\/wp\/v2\/media?parent=1030"}],"wp:term":[{"taxonomy":"product_brand","embeddable":true,"href":"https:\/\/drawings-online.com\/en\/wp-json\/wp\/v2\/product_brand?post=1030"},{"taxonomy":"product_cat","embeddable":true,"href":"https:\/\/drawings-online.com\/en\/wp-json\/wp\/v2\/product_cat?post=1030"},{"taxonomy":"product_tag","embeddable":true,"href":"https:\/\/drawings-online.com\/en\/wp-json\/wp\/v2\/product_tag?post=1030"}],"curies":[{"name":"wp","href":"https:\/\/api.w.org\/{rel}","templated":true}]}}