{"id":1023,"date":"2020-12-09T15:30:42","date_gmt":"2020-12-09T14:30:42","guid":{"rendered":"https:\/\/drawings-online.com\/fr\/product\/\/"},"modified":"2023-01-17T18:30:52","modified_gmt":"2023-01-17T17:30:52","slug":"etude-dun-homme-de-profil-portant-une-visiere-et-dune-tete-de-vierge-par-matteo-rosselli","status":"publish","type":"product","link":"https:\/\/drawings-online.com\/en\/product\/a-man-seen-on-profile-wearing-a-fur-cap-and-a-study-for-the-head-of-the-virgin-by-matteo-rosselli\/","title":{"rendered":"A man seen on profile wearing a fur cap and a study for the head of the Virgin by Matteo Rosselli"},"content":{"rendered":"<p><strong>Matteo Rosselli<\/strong><\/p>\n<p>Florence 1578 &#8211; Florence 1650<\/p>\n<p><em><strong>A man seen on profile wearing a fur cap and a study for the head of the Virgin<\/strong><\/em><\/p>\n<p>Red chalk.<\/p>\n<p>140 x 203 mm &#8211; 5,51 x 7,99 in.<\/p>\n<p><img loading=\"lazy\" decoding=\"async\" class=\"size-medium wp-image-1024 alignleft\" src=\"https:\/\/drawings-online.com\/wp-content\/uploads\/2020\/11\/Matteo-ROSSELLI-Christies-224x300.jpg\" alt=\"\" width=\"224\" height=\"300\" srcset=\"https:\/\/drawings-online.com\/wp-content\/uploads\/2020\/11\/Matteo-ROSSELLI-Christies-224x300.jpg 224w, https:\/\/drawings-online.com\/wp-content\/uploads\/2020\/11\/Matteo-ROSSELLI-Christies-300x402.jpg 300w, https:\/\/drawings-online.com\/wp-content\/uploads\/2020\/11\/Matteo-ROSSELLI-Christies-600x805.jpg 600w, https:\/\/drawings-online.com\/wp-content\/uploads\/2020\/11\/Matteo-ROSSELLI-Christies-763x1024.jpg 763w, https:\/\/drawings-online.com\/wp-content\/uploads\/2020\/11\/Matteo-ROSSELLI-Christies-768x1030.jpg 768w, https:\/\/drawings-online.com\/wp-content\/uploads\/2020\/11\/Matteo-ROSSELLI-Christies-1145x1536.jpg 1145w, https:\/\/drawings-online.com\/wp-content\/uploads\/2020\/11\/Matteo-ROSSELLI-Christies.jpg 1424w\" sizes=\"auto, (max-width: 224px) 100vw, 224px\" \/><\/p>\n<p>The head of the virgin can be compared with this drawing sold at Christie&#8217;s on 10 January 1996:<\/p>\n<p><em>OLD MASTER DRAWINGS, <\/em>Lot number 19, Illustrated on page 36 of the catalog. T<em>wo studies for the head of a Madonna<\/em> &#8211; Chalk\/paper &#8211; 21 x 15.5 cm.<\/p>\n<p>Condition report &#8211; Trace of folding. Red chalk slightly rubbed. A pin hole at the bottom left.<\/p>\n","protected":false},"excerpt":{"rendered":"<p><em>An interesting fur cap style for hat lovers.<\/em><\/p>\n<p>A man seen on profile wearing a fur cap and a study for the head of the Virgin by Matteo Rosselli.<\/p>\n","protected":false},"featured_media":1025,"template":"","meta":{"_themeisle_gutenberg_block_has_review":false},"product_brand":[],"product_cat":[87,79],"product_tag":[23,345,353,414,28],"class_list":{"0":"post-1023","1":"product","2":"type-product","3":"status-publish","4":"has-post-thumbnail","6":"product_cat-florentine-school","7":"product_cat-italian-school","8":"product_tag-17th","9":"product_tag-old-master-drawings","10":"product_tag-gallery","11":"product_tag-n1","12":"product_tag-red-chalk","14":"first","15":"outofstock","16":"taxable","17":"shipping-taxable","18":"purchasable","19":"product-type-simple"},"yoast_head":"<!-- This site is optimized with the Yoast SEO plugin v27.4 - https:\/\/yoast.com\/product\/yoast-seo-wordpress\/ -->\n<title>A man seen on profile wearing a fur cap and a study for the head of the Virgin by Matteo Rosselli<\/title>\n<meta name=\"description\" content=\"An interesting fur cap style for hat lovers. A man seen on profile wearing a fur cap and a study for the head of the Virgin by Matteo Rosselli.\" \/>\n<meta name=\"robots\" content=\"index, follow, max-snippet:-1, max-image-preview:large, max-video-preview:-1\" \/>\n<link rel=\"canonical\" href=\"http:\/\/An%20interesting%20fur%20cap%20style%20for%20hat%20lovers.%20A%20man%20seen%20on%20profile%20wearing%20a%20fur%20cap%20and%20a%20study%20for%20the%20head%20of%20the%20Virgin%20by%20Matteo%20Rosselli.\" \/>\n<meta property=\"og:locale\" content=\"en_US\" \/>\n<meta property=\"og:type\" content=\"article\" \/>\n<meta property=\"og:title\" content=\"A man seen on profile wearing a fur cap and a study for the head of the Virgin by Matteo Rosselli\" \/>\n<meta property=\"og:description\" content=\"An interesting fur cap style for hat lovers. A man seen on profile wearing a fur cap and a study for the head of the Virgin by Matteo Rosselli.\" \/>\n<meta property=\"og:url\" content=\"https:\/\/drawings-online.com\/en\/product\/a-man-seen-on-profile-wearing-a-fur-cap-and-a-study-for-the-head-of-the-virgin-by-matteo-rosselli\/\" \/>\n<meta property=\"og:site_name\" content=\"Drawings-online\" \/>\n<meta property=\"article:publisher\" content=\"https:\/\/www.facebook.com\/people\/Drawings-online\/100034942735866\/\" \/>\n<meta property=\"article:modified_time\" content=\"2023-01-17T17:30:52+00:00\" \/>\n<meta property=\"og:image\" content=\"https:\/\/drawings-online.com\/wp-content\/uploads\/2020\/11\/DSC_8234_1-1024x1024.png\" \/>\n\t<meta property=\"og:image:width\" content=\"1024\" \/>\n\t<meta property=\"og:image:height\" content=\"1024\" \/>\n\t<meta property=\"og:image:type\" content=\"image\/png\" \/>\n<meta name=\"twitter:card\" content=\"summary_large_image\" \/>\n<meta name=\"twitter:site\" content=\"@OnlineDrawings\" \/>\n<meta name=\"twitter:label1\" content=\"Est. reading time\" \/>\n\t<meta name=\"twitter:data1\" content=\"1 minute\" \/>\n<script type=\"application\/ld+json\" class=\"yoast-schema-graph\">{\"@context\":\"https:\\\/\\\/schema.org\",\"@graph\":[{\"@type\":\"WebPage\",\"@id\":\"https:\\\/\\\/drawings-online.com\\\/en\\\/product\\\/a-man-seen-on-profile-wearing-a-fur-cap-and-a-study-for-the-head-of-the-virgin-by-matteo-rosselli\\\/\",\"url\":\"https:\\\/\\\/drawings-online.com\\\/en\\\/product\\\/a-man-seen-on-profile-wearing-a-fur-cap-and-a-study-for-the-head-of-the-virgin-by-matteo-rosselli\\\/\",\"name\":\"\u00c9tude d'un homme de profil portant une visi\u00e8re et d'une t\u00eate de Vierge par Matteo Rosselli - Drawings-online\",\"isPartOf\":{\"@id\":\"https:\\\/\\\/drawings-online.com\\\/#website\"},\"primaryImageOfPage\":{\"@id\":\"https:\\\/\\\/drawings-online.com\\\/en\\\/product\\\/a-man-seen-on-profile-wearing-a-fur-cap-and-a-study-for-the-head-of-the-virgin-by-matteo-rosselli\\\/#primaryimage\"},\"image\":{\"@id\":\"https:\\\/\\\/drawings-online.com\\\/en\\\/product\\\/a-man-seen-on-profile-wearing-a-fur-cap-and-a-study-for-the-head-of-the-virgin-by-matteo-rosselli\\\/#primaryimage\"},\"thumbnailUrl\":\"https:\\\/\\\/drawings-online.com\\\/wp-content\\\/uploads\\\/2020\\\/11\\\/DSC_8234_1.png\",\"datePublished\":\"2020-12-09T14:30:42+00:00\",\"dateModified\":\"2023-01-17T17:30:52+00:00\",\"breadcrumb\":{\"@id\":\"https:\\\/\\\/drawings-online.com\\\/en\\\/product\\\/a-man-seen-on-profile-wearing-a-fur-cap-and-a-study-for-the-head-of-the-virgin-by-matteo-rosselli\\\/#breadcrumb\"},\"inLanguage\":\"en-US\",\"potentialAction\":[{\"@type\":\"ReadAction\",\"target\":[\"https:\\\/\\\/drawings-online.com\\\/en\\\/product\\\/a-man-seen-on-profile-wearing-a-fur-cap-and-a-study-for-the-head-of-the-virgin-by-matteo-rosselli\\\/\"]}]},{\"@type\":\"ImageObject\",\"inLanguage\":\"en-US\",\"@id\":\"https:\\\/\\\/drawings-online.com\\\/en\\\/product\\\/a-man-seen-on-profile-wearing-a-fur-cap-and-a-study-for-the-head-of-the-virgin-by-matteo-rosselli\\\/#primaryimage\",\"url\":\"https:\\\/\\\/drawings-online.com\\\/wp-content\\\/uploads\\\/2020\\\/11\\\/DSC_8234_1.png\",\"contentUrl\":\"https:\\\/\\\/drawings-online.com\\\/wp-content\\\/uploads\\\/2020\\\/11\\\/DSC_8234_1.png\",\"width\":1800,\"height\":1800,\"caption\":\"Matteo Rosselli Florence 1578 - Florence 1650 Un homme de profil portant une visi\u00e8re et \u00e9tude de t\u00eate de la Vierge - Sanguine sur papier - 140 x 203 mm\"},{\"@type\":\"BreadcrumbList\",\"@id\":\"https:\\\/\\\/drawings-online.com\\\/en\\\/product\\\/a-man-seen-on-profile-wearing-a-fur-cap-and-a-study-for-the-head-of-the-virgin-by-matteo-rosselli\\\/#breadcrumb\",\"itemListElement\":[{\"@type\":\"ListItem\",\"position\":1,\"name\":\"Works available\",\"item\":\"https:\\\/\\\/drawings-online.com\\\/\"},{\"@type\":\"ListItem\",\"position\":2,\"name\":\"Gallery\",\"item\":\"https:\\\/\\\/drawings-online.com\\\/galerie\\\/\"},{\"@type\":\"ListItem\",\"position\":3,\"name\":\"17e\",\"item\":\"https:\\\/\\\/drawings-online.com\\\/product_tag\\\/17e\\\/\"},{\"@type\":\"ListItem\",\"position\":4,\"name\":\"A man seen on profile wearing a fur cap and a study for the head of the Virgin by Matteo Rosselli\"}]},{\"@type\":\"WebSite\",\"@id\":\"https:\\\/\\\/drawings-online.com\\\/en\\\/#website\",\"url\":\"https:\\\/\\\/drawings-online.com\\\/en\\\/\",\"name\":\"Drawings-online\",\"description\":\"Dessins en ligne\",\"publisher\":{\"@id\":\"https:\\\/\\\/drawings-online.com\\\/en\\\/#organization\"},\"potentialAction\":[{\"@type\":\"SearchAction\",\"target\":{\"@type\":\"EntryPoint\",\"urlTemplate\":\"https:\\\/\\\/drawings-online.com\\\/en\\\/?s={search_term_string}\"},\"query-input\":{\"@type\":\"PropertyValueSpecification\",\"valueRequired\":true,\"valueName\":\"search_term_string\"}}],\"inLanguage\":\"en-US\"},{\"@type\":\"Organization\",\"@id\":\"https:\\\/\\\/drawings-online.com\\\/en\\\/#organization\",\"name\":\"Drawings-online\",\"url\":\"https:\\\/\\\/drawings-online.com\\\/en\\\/\",\"logo\":{\"@type\":\"ImageObject\",\"inLanguage\":\"en-US\",\"@id\":\"https:\\\/\\\/drawings-online.com\\\/en\\\/#\\\/schema\\\/logo\\\/image\\\/\",\"url\":\"https:\\\/\\\/drawings-online.com\\\/wp-content\\\/uploads\\\/2020\\\/12\\\/drawings-icone-transp-e1607442878135.png\",\"contentUrl\":\"https:\\\/\\\/drawings-online.com\\\/wp-content\\\/uploads\\\/2020\\\/12\\\/drawings-icone-transp-e1607442878135.png\",\"width\":150,\"height\":150,\"caption\":\"Drawings-online\"},\"image\":{\"@id\":\"https:\\\/\\\/drawings-online.com\\\/en\\\/#\\\/schema\\\/logo\\\/image\\\/\"},\"sameAs\":[\"https:\\\/\\\/www.facebook.com\\\/people\\\/Drawings-online\\\/100034942735866\\\/\",\"https:\\\/\\\/x.com\\\/OnlineDrawings\",\"https:\\\/\\\/www.instagram.com\\\/drawings_online_com\\\/\"]}]}<\/script>\n<!-- \/ Yoast SEO plugin. -->","yoast_head_json":{"title":"A man seen on profile wearing a fur cap and a study for the head of the Virgin by Matteo Rosselli","description":"An interesting fur cap style for hat lovers. A man seen on profile wearing a fur cap and a study for the head of the Virgin by Matteo Rosselli.","robots":{"index":"index","follow":"follow","max-snippet":"max-snippet:-1","max-image-preview":"max-image-preview:large","max-video-preview":"max-video-preview:-1"},"canonical":"An interesting fur cap style for hat lovers. A man seen on profile wearing a fur cap and a study for the head of the Virgin by Matteo Rosselli.","og_locale":"en_US","og_type":"article","og_title":"A man seen on profile wearing a fur cap and a study for the head of the Virgin by Matteo Rosselli","og_description":"An interesting fur cap style for hat lovers. A man seen on profile wearing a fur cap and a study for the head of the Virgin by Matteo Rosselli.","og_url":"https:\/\/drawings-online.com\/en\/product\/a-man-seen-on-profile-wearing-a-fur-cap-and-a-study-for-the-head-of-the-virgin-by-matteo-rosselli\/","og_site_name":"Drawings-online","article_publisher":"https:\/\/www.facebook.com\/people\/Drawings-online\/100034942735866\/","article_modified_time":"2023-01-17T17:30:52+00:00","og_image":[{"width":1024,"height":1024,"url":"https:\/\/drawings-online.com\/wp-content\/uploads\/2020\/11\/DSC_8234_1-1024x1024.png","type":"image\/png"}],"twitter_card":"summary_large_image","twitter_site":"@OnlineDrawings","twitter_misc":{"Est. reading time":"1 minute"},"schema":{"@context":"https:\/\/schema.org","@graph":[{"@type":"WebPage","@id":"https:\/\/drawings-online.com\/en\/product\/a-man-seen-on-profile-wearing-a-fur-cap-and-a-study-for-the-head-of-the-virgin-by-matteo-rosselli\/","url":"https:\/\/drawings-online.com\/en\/product\/a-man-seen-on-profile-wearing-a-fur-cap-and-a-study-for-the-head-of-the-virgin-by-matteo-rosselli\/","name":"\u00c9tude d'un homme de profil portant une visi\u00e8re et d'une t\u00eate de Vierge par Matteo Rosselli - Drawings-online","isPartOf":{"@id":"https:\/\/drawings-online.com\/#website"},"primaryImageOfPage":{"@id":"https:\/\/drawings-online.com\/en\/product\/a-man-seen-on-profile-wearing-a-fur-cap-and-a-study-for-the-head-of-the-virgin-by-matteo-rosselli\/#primaryimage"},"image":{"@id":"https:\/\/drawings-online.com\/en\/product\/a-man-seen-on-profile-wearing-a-fur-cap-and-a-study-for-the-head-of-the-virgin-by-matteo-rosselli\/#primaryimage"},"thumbnailUrl":"https:\/\/drawings-online.com\/wp-content\/uploads\/2020\/11\/DSC_8234_1.png","datePublished":"2020-12-09T14:30:42+00:00","dateModified":"2023-01-17T17:30:52+00:00","breadcrumb":{"@id":"https:\/\/drawings-online.com\/en\/product\/a-man-seen-on-profile-wearing-a-fur-cap-and-a-study-for-the-head-of-the-virgin-by-matteo-rosselli\/#breadcrumb"},"inLanguage":"en-US","potentialAction":[{"@type":"ReadAction","target":["https:\/\/drawings-online.com\/en\/product\/a-man-seen-on-profile-wearing-a-fur-cap-and-a-study-for-the-head-of-the-virgin-by-matteo-rosselli\/"]}]},{"@type":"ImageObject","inLanguage":"en-US","@id":"https:\/\/drawings-online.com\/en\/product\/a-man-seen-on-profile-wearing-a-fur-cap-and-a-study-for-the-head-of-the-virgin-by-matteo-rosselli\/#primaryimage","url":"https:\/\/drawings-online.com\/wp-content\/uploads\/2020\/11\/DSC_8234_1.png","contentUrl":"https:\/\/drawings-online.com\/wp-content\/uploads\/2020\/11\/DSC_8234_1.png","width":1800,"height":1800,"caption":"Matteo Rosselli Florence 1578 - Florence 1650 Un homme de profil portant une visi\u00e8re et \u00e9tude de t\u00eate de la Vierge - Sanguine sur papier - 140 x 203 mm"},{"@type":"BreadcrumbList","@id":"https:\/\/drawings-online.com\/en\/product\/a-man-seen-on-profile-wearing-a-fur-cap-and-a-study-for-the-head-of-the-virgin-by-matteo-rosselli\/#breadcrumb","itemListElement":[{"@type":"ListItem","position":1,"name":"Works available","item":"https:\/\/drawings-online.com\/"},{"@type":"ListItem","position":2,"name":"Gallery","item":"https:\/\/drawings-online.com\/galerie\/"},{"@type":"ListItem","position":3,"name":"17e","item":"https:\/\/drawings-online.com\/product_tag\/17e\/"},{"@type":"ListItem","position":4,"name":"A man seen on profile wearing a fur cap and a study for the head of the Virgin by Matteo Rosselli"}]},{"@type":"WebSite","@id":"https:\/\/drawings-online.com\/en\/#website","url":"https:\/\/drawings-online.com\/en\/","name":"Drawings-online","description":"Dessins en ligne","publisher":{"@id":"https:\/\/drawings-online.com\/en\/#organization"},"potentialAction":[{"@type":"SearchAction","target":{"@type":"EntryPoint","urlTemplate":"https:\/\/drawings-online.com\/en\/?s={search_term_string}"},"query-input":{"@type":"PropertyValueSpecification","valueRequired":true,"valueName":"search_term_string"}}],"inLanguage":"en-US"},{"@type":"Organization","@id":"https:\/\/drawings-online.com\/en\/#organization","name":"Drawings-online","url":"https:\/\/drawings-online.com\/en\/","logo":{"@type":"ImageObject","inLanguage":"en-US","@id":"https:\/\/drawings-online.com\/en\/#\/schema\/logo\/image\/","url":"https:\/\/drawings-online.com\/wp-content\/uploads\/2020\/12\/drawings-icone-transp-e1607442878135.png","contentUrl":"https:\/\/drawings-online.com\/wp-content\/uploads\/2020\/12\/drawings-icone-transp-e1607442878135.png","width":150,"height":150,"caption":"Drawings-online"},"image":{"@id":"https:\/\/drawings-online.com\/en\/#\/schema\/logo\/image\/"},"sameAs":["https:\/\/www.facebook.com\/people\/Drawings-online\/100034942735866\/","https:\/\/x.com\/OnlineDrawings","https:\/\/www.instagram.com\/drawings_online_com\/"]}]}},"jetpack_sharing_enabled":true,"_links":{"self":[{"href":"https:\/\/drawings-online.com\/en\/wp-json\/wp\/v2\/product\/1023","targetHints":{"allow":["GET"]}}],"collection":[{"href":"https:\/\/drawings-online.com\/en\/wp-json\/wp\/v2\/product"}],"about":[{"href":"https:\/\/drawings-online.com\/en\/wp-json\/wp\/v2\/types\/product"}],"wp:featuredmedia":[{"embeddable":true,"href":"https:\/\/drawings-online.com\/en\/wp-json\/wp\/v2\/media\/1025"}],"wp:attachment":[{"href":"https:\/\/drawings-online.com\/en\/wp-json\/wp\/v2\/media?parent=1023"}],"wp:term":[{"taxonomy":"product_brand","embeddable":true,"href":"https:\/\/drawings-online.com\/en\/wp-json\/wp\/v2\/product_brand?post=1023"},{"taxonomy":"product_cat","embeddable":true,"href":"https:\/\/drawings-online.com\/en\/wp-json\/wp\/v2\/product_cat?post=1023"},{"taxonomy":"product_tag","embeddable":true,"href":"https:\/\/drawings-online.com\/en\/wp-json\/wp\/v2\/product_tag?post=1023"}],"curies":[{"name":"wp","href":"https:\/\/api.w.org\/{rel}","templated":true}]}}