{"id":1598,"date":"2020-12-27T18:26:30","date_gmt":"2020-12-27T17:26:30","guid":{"rendered":"https:\/\/drawings-online.com\/?page_id=1598"},"modified":"2020-12-27T18:26:31","modified_gmt":"2020-12-27T17:26:31","slug":"validation-de-formulaire-submit-the-form","status":"publish","type":"page","link":"https:\/\/drawings-online.com\/en\/validation-de-formulaire-submit-the-form\/","title":{"rendered":"Validation de formulaire \/ Submit the form"},"content":{"rendered":"\n<div class=\"wp-block-columns is-layout-flex wp-container-core-columns-is-layout-9d6595d7 wp-block-columns-is-layout-flex\">\n<div class=\"wp-block-column is-layout-flow wp-block-column-is-layout-flow\">\n<p>Validation de formulaire<\/p>\n\n\n\n<p>Le responsable du traitement des donn\u00e9es personnelles est&nbsp;Georges FRANCK, Pr\u00e9sident de la SAS BEAUX-ARTS ONLINE<\/p>\n\n\n\n<p>Le pr\u00e9sent formulaire vous permet de saisir des informations ayant pour objet la finalit\u00e9 suivante : \u00ab&nbsp;Envoi de nos lettres d\u2019informations&nbsp;\u00bb.<\/p>\n\n\n\n<p>Vous \u00eates inform\u00e9 du caract\u00e8re obligatoire des r\u00e9ponses aux questions pos\u00e9es, et que l\u2019absence de r\u00e9ponse ne permettra pas le traitement de votre demande.<\/p>\n\n\n\n<p>Les informations seront conserv\u00e9es pendant la dur\u00e9e de la r\u00e9ception de ces \u00ab&nbsp;lettres d\u2019informations&nbsp;\u00bb et sont destin\u00e9es \u00e0 la SAS BEAUX-ARTS ONLINE.<\/p>\n\n\n\n<p>Les donn\u00e9es transmises au moyen du pr\u00e9sent formulaire seront utilis\u00e9es exclusivement en vue du traitement de votre demande. Vous b\u00e9n\u00e9ficiez d\u2019un droit d\u2019acc\u00e8s et de rectification aux informations qui vous concernent. Pour exercer ce droit d\u2019acc\u00e8s, merci de vous r\u00e9f\u00e9rer aux mentions l\u00e9gales du site Internet.<\/p>\n\n\n\n<p>En validant ce formulaire, vous donnez votre consentement \u00e0 ce que les donn\u00e9es personnelles saisies soient trait\u00e9es dans le cadre de la finalit\u00e9 indiqu\u00e9e ci-dessus.<\/p>\n<\/div>\n\n\n\n<div class=\"wp-block-column is-layout-flow wp-block-column-is-layout-flow\">\n<p>Submit the form<\/p>\n\n\n\n<p>Georges FRANCK, President of SAS BEAUX-ARTS ONLINE is responsible for processing all personal information.<\/p>\n\n\n\n<p>This form allows you to enter your personal information in order to receive our Newsletter.<\/p>\n\n\n\n<p>All fields in the form are mandatory. Your form will not be processed until you have completed all the fields<\/p>\n\n\n\n<p>SAS BEAUX-ARTS ONLINE will only store your information as long as you receive the newsletter.<\/p>\n\n\n\n<p>The information collected will be used exclusively for processing your form. You have the right to access and rectify your personal information. To exercise this right, please refer to the Legal Notice on this site.<\/p>\n\n\n\n<p>By submitting this form, you agree that the personal information you provided may be used for the purpose indicated above.<\/p>\n<\/div>\n<\/div>\n","protected":false},"excerpt":{"rendered":"<p>Validation de formulaire Le responsable du traitement des donn\u00e9es personnelles est&nbsp;Georges FRANCK, Pr\u00e9sident de la SAS BEAUX-ARTS ONLINE Le pr\u00e9sent formulaire vous permet de saisir des informations ayant pour objet la finalit\u00e9 suivante : \u00ab&nbsp;Envoi de nos lettres d\u2019informations&nbsp;\u00bb. Vous \u00eates inform\u00e9 du caract\u00e8re obligatoire des r\u00e9ponses aux questions pos\u00e9es, et que l\u2019absence de r\u00e9ponse [&hellip;]<\/p>\n","protected":false},"author":1,"featured_media":0,"parent":0,"menu_order":0,"comment_status":"closed","ping_status":"closed","template":"","meta":{"_themeisle_gutenberg_block_has_review":false,"footnotes":""},"class_list":["post-1598","page","type-page","status-publish","hentry"],"yoast_head":"<!-- This site is optimized with the Yoast SEO plugin v27.5 - https:\/\/yoast.com\/product\/yoast-seo-wordpress\/ -->\n<title>Validation de formulaire \/ Submit the form<\/title>\n<meta name=\"description\" content=\"Validation de formulaire Le responsable du traitement des donn\u00e9es personnelles est&nbsp;Georges FRANCK, Pr\u00e9sident de la SAS BEAUX-ARTS ONLINE Le pr\u00e9sent formulaire vous permet de saisir des informations ayant pour objet la finalit\u00e9 suivante : \u00ab&nbsp;Envoi de nos lettres d\u2019informations&nbsp;\u00bb. Vous \u00eates inform\u00e9 du caract\u00e8re obligatoire des r\u00e9ponses aux questions pos\u00e9es, et que l\u2019absence de r\u00e9ponse&hellip;\" \/>\n<meta name=\"robots\" content=\"index, follow, max-snippet:-1, max-image-preview:large, max-video-preview:-1\" \/>\n<link rel=\"canonical\" href=\"\" \/>\n<meta property=\"og:locale\" content=\"en_US\" \/>\n<meta property=\"og:type\" content=\"article\" \/>\n<meta property=\"og:title\" content=\"Validation de formulaire \/ Submit the form\" \/>\n<meta property=\"og:description\" content=\"Validation de formulaire Le responsable du traitement des donn\u00e9es personnelles est&nbsp;Georges FRANCK, Pr\u00e9sident de la SAS BEAUX-ARTS ONLINE Le pr\u00e9sent formulaire vous permet de saisir des informations ayant pour objet la finalit\u00e9 suivante : \u00ab&nbsp;Envoi de nos lettres d\u2019informations&nbsp;\u00bb. Vous \u00eates inform\u00e9 du caract\u00e8re obligatoire des r\u00e9ponses aux questions pos\u00e9es, et que l\u2019absence de r\u00e9ponse&hellip;\" \/>\n<meta property=\"og:url\" content=\"https:\/\/drawings-online.com\/en\/validation-de-formulaire-submit-the-form\/\" \/>\n<meta property=\"og:site_name\" content=\"Drawings-online\" \/>\n<meta property=\"article:publisher\" content=\"https:\/\/www.facebook.com\/people\/Drawings-online\/100034942735866\/\" \/>\n<meta property=\"article:modified_time\" content=\"2020-12-27T17:26:31+00:00\" \/>\n<meta name=\"twitter:card\" content=\"summary_large_image\" \/>\n<meta name=\"twitter:site\" content=\"@OnlineDrawings\" \/>\n<meta name=\"twitter:label1\" content=\"Est. reading time\" \/>\n\t<meta name=\"twitter:data1\" content=\"2 minutes\" \/>\n<script type=\"application\/ld+json\" class=\"yoast-schema-graph\">{\"@context\":\"https:\\\/\\\/schema.org\",\"@graph\":[{\"@type\":\"WebPage\",\"@id\":\"https:\\\/\\\/drawings-online.com\\\/en\\\/validation-de-formulaire-submit-the-form\\\/\",\"url\":\"https:\\\/\\\/drawings-online.com\\\/en\\\/validation-de-formulaire-submit-the-form\\\/\",\"name\":\"Validation de formulaire \\\/ Submit the form - Drawings-online\",\"isPartOf\":{\"@id\":\"https:\\\/\\\/drawings-online.com\\\/#website\"},\"datePublished\":\"2020-12-27T17:26:30+00:00\",\"dateModified\":\"2020-12-27T17:26:31+00:00\",\"breadcrumb\":{\"@id\":\"https:\\\/\\\/drawings-online.com\\\/en\\\/validation-de-formulaire-submit-the-form\\\/#breadcrumb\"},\"inLanguage\":\"en-US\",\"potentialAction\":[{\"@type\":\"ReadAction\",\"target\":[\"https:\\\/\\\/drawings-online.com\\\/en\\\/validation-de-formulaire-submit-the-form\\\/\"]}]},{\"@type\":\"BreadcrumbList\",\"@id\":\"https:\\\/\\\/drawings-online.com\\\/en\\\/validation-de-formulaire-submit-the-form\\\/#breadcrumb\",\"itemListElement\":[{\"@type\":\"ListItem\",\"position\":1,\"name\":\"Works available\",\"item\":\"https:\\\/\\\/drawings-online.com\\\/\"},{\"@type\":\"ListItem\",\"position\":2,\"name\":\"Validation de formulaire \\\/ Submit the form\"}]},{\"@type\":\"WebSite\",\"@id\":\"https:\\\/\\\/drawings-online.com\\\/en\\\/#website\",\"url\":\"https:\\\/\\\/drawings-online.com\\\/en\\\/\",\"name\":\"Drawings-online\",\"description\":\"Dessins en ligne\",\"publisher\":{\"@id\":\"https:\\\/\\\/drawings-online.com\\\/en\\\/#organization\"},\"potentialAction\":[{\"@type\":\"SearchAction\",\"target\":{\"@type\":\"EntryPoint\",\"urlTemplate\":\"https:\\\/\\\/drawings-online.com\\\/en\\\/?s={search_term_string}\"},\"query-input\":{\"@type\":\"PropertyValueSpecification\",\"valueRequired\":true,\"valueName\":\"search_term_string\"}}],\"inLanguage\":\"en-US\"},{\"@type\":\"Organization\",\"@id\":\"https:\\\/\\\/drawings-online.com\\\/en\\\/#organization\",\"name\":\"Drawings-online\",\"url\":\"https:\\\/\\\/drawings-online.com\\\/en\\\/\",\"logo\":{\"@type\":\"ImageObject\",\"inLanguage\":\"en-US\",\"@id\":\"https:\\\/\\\/drawings-online.com\\\/en\\\/#\\\/schema\\\/logo\\\/image\\\/\",\"url\":\"https:\\\/\\\/drawings-online.com\\\/wp-content\\\/uploads\\\/2020\\\/12\\\/drawings-icone-transp-e1607442878135.png\",\"contentUrl\":\"https:\\\/\\\/drawings-online.com\\\/wp-content\\\/uploads\\\/2020\\\/12\\\/drawings-icone-transp-e1607442878135.png\",\"width\":150,\"height\":150,\"caption\":\"Drawings-online\"},\"image\":{\"@id\":\"https:\\\/\\\/drawings-online.com\\\/en\\\/#\\\/schema\\\/logo\\\/image\\\/\"},\"sameAs\":[\"https:\\\/\\\/www.facebook.com\\\/people\\\/Drawings-online\\\/100034942735866\\\/\",\"https:\\\/\\\/x.com\\\/OnlineDrawings\",\"https:\\\/\\\/www.instagram.com\\\/drawings_online_com\\\/\"]}]}<\/script>\n<!-- \/ Yoast SEO plugin. -->","yoast_head_json":{"title":"Validation de formulaire \/ Submit the form","description":"Validation de formulaire Le responsable du traitement des donn\u00e9es personnelles est&nbsp;Georges FRANCK, Pr\u00e9sident de la SAS BEAUX-ARTS ONLINE Le pr\u00e9sent formulaire vous permet de saisir des informations ayant pour objet la finalit\u00e9 suivante : \u00ab&nbsp;Envoi de nos lettres d\u2019informations&nbsp;\u00bb. Vous \u00eates inform\u00e9 du caract\u00e8re obligatoire des r\u00e9ponses aux questions pos\u00e9es, et que l\u2019absence de r\u00e9ponse&hellip;","robots":{"index":"index","follow":"follow","max-snippet":"max-snippet:-1","max-image-preview":"max-image-preview:large","max-video-preview":"max-video-preview:-1"},"canonical":"Validation de formulaire Le responsable du traitement des donn\u00e9es personnelles est&nbsp;Georges FRANCK, Pr\u00e9sident de la SAS BEAUX-ARTS ONLINE Le pr\u00e9sent formulaire vous permet de saisir des informations ayant pour objet la finalit\u00e9 suivante : \u00ab&nbsp;Envoi de nos lettres d\u2019informations&nbsp;\u00bb. Vous \u00eates inform\u00e9 du caract\u00e8re obligatoire des r\u00e9ponses aux questions pos\u00e9es, et que l\u2019absence de r\u00e9ponse&hellip;","og_locale":"en_US","og_type":"article","og_title":"Validation de formulaire \/ Submit the form","og_description":"Validation de formulaire Le responsable du traitement des donn\u00e9es personnelles est&nbsp;Georges FRANCK, Pr\u00e9sident de la SAS BEAUX-ARTS ONLINE Le pr\u00e9sent formulaire vous permet de saisir des informations ayant pour objet la finalit\u00e9 suivante : \u00ab&nbsp;Envoi de nos lettres d\u2019informations&nbsp;\u00bb. Vous \u00eates inform\u00e9 du caract\u00e8re obligatoire des r\u00e9ponses aux questions pos\u00e9es, et que l\u2019absence de r\u00e9ponse&hellip;","og_url":"https:\/\/drawings-online.com\/en\/validation-de-formulaire-submit-the-form\/","og_site_name":"Drawings-online","article_publisher":"https:\/\/www.facebook.com\/people\/Drawings-online\/100034942735866\/","article_modified_time":"2020-12-27T17:26:31+00:00","twitter_card":"summary_large_image","twitter_site":"@OnlineDrawings","twitter_misc":{"Est. reading time":"2 minutes"},"schema":{"@context":"https:\/\/schema.org","@graph":[{"@type":"WebPage","@id":"https:\/\/drawings-online.com\/en\/validation-de-formulaire-submit-the-form\/","url":"https:\/\/drawings-online.com\/en\/validation-de-formulaire-submit-the-form\/","name":"Validation de formulaire \/ Submit the form - Drawings-online","isPartOf":{"@id":"https:\/\/drawings-online.com\/#website"},"datePublished":"2020-12-27T17:26:30+00:00","dateModified":"2020-12-27T17:26:31+00:00","breadcrumb":{"@id":"https:\/\/drawings-online.com\/en\/validation-de-formulaire-submit-the-form\/#breadcrumb"},"inLanguage":"en-US","potentialAction":[{"@type":"ReadAction","target":["https:\/\/drawings-online.com\/en\/validation-de-formulaire-submit-the-form\/"]}]},{"@type":"BreadcrumbList","@id":"https:\/\/drawings-online.com\/en\/validation-de-formulaire-submit-the-form\/#breadcrumb","itemListElement":[{"@type":"ListItem","position":1,"name":"Works available","item":"https:\/\/drawings-online.com\/"},{"@type":"ListItem","position":2,"name":"Validation de formulaire \/ Submit the form"}]},{"@type":"WebSite","@id":"https:\/\/drawings-online.com\/en\/#website","url":"https:\/\/drawings-online.com\/en\/","name":"Drawings-online","description":"Dessins en ligne","publisher":{"@id":"https:\/\/drawings-online.com\/en\/#organization"},"potentialAction":[{"@type":"SearchAction","target":{"@type":"EntryPoint","urlTemplate":"https:\/\/drawings-online.com\/en\/?s={search_term_string}"},"query-input":{"@type":"PropertyValueSpecification","valueRequired":true,"valueName":"search_term_string"}}],"inLanguage":"en-US"},{"@type":"Organization","@id":"https:\/\/drawings-online.com\/en\/#organization","name":"Drawings-online","url":"https:\/\/drawings-online.com\/en\/","logo":{"@type":"ImageObject","inLanguage":"en-US","@id":"https:\/\/drawings-online.com\/en\/#\/schema\/logo\/image\/","url":"https:\/\/drawings-online.com\/wp-content\/uploads\/2020\/12\/drawings-icone-transp-e1607442878135.png","contentUrl":"https:\/\/drawings-online.com\/wp-content\/uploads\/2020\/12\/drawings-icone-transp-e1607442878135.png","width":150,"height":150,"caption":"Drawings-online"},"image":{"@id":"https:\/\/drawings-online.com\/en\/#\/schema\/logo\/image\/"},"sameAs":["https:\/\/www.facebook.com\/people\/Drawings-online\/100034942735866\/","https:\/\/x.com\/OnlineDrawings","https:\/\/www.instagram.com\/drawings_online_com\/"]}]}},"jetpack_sharing_enabled":true,"_links":{"self":[{"href":"https:\/\/drawings-online.com\/en\/wp-json\/wp\/v2\/pages\/1598","targetHints":{"allow":["GET"]}}],"collection":[{"href":"https:\/\/drawings-online.com\/en\/wp-json\/wp\/v2\/pages"}],"about":[{"href":"https:\/\/drawings-online.com\/en\/wp-json\/wp\/v2\/types\/page"}],"author":[{"embeddable":true,"href":"https:\/\/drawings-online.com\/en\/wp-json\/wp\/v2\/users\/1"}],"replies":[{"embeddable":true,"href":"https:\/\/drawings-online.com\/en\/wp-json\/wp\/v2\/comments?post=1598"}],"version-history":[{"count":1,"href":"https:\/\/drawings-online.com\/en\/wp-json\/wp\/v2\/pages\/1598\/revisions"}],"predecessor-version":[{"id":1599,"href":"https:\/\/drawings-online.com\/en\/wp-json\/wp\/v2\/pages\/1598\/revisions\/1599"}],"wp:attachment":[{"href":"https:\/\/drawings-online.com\/en\/wp-json\/wp\/v2\/media?parent=1598"}],"curies":[{"name":"wp","href":"https:\/\/api.w.org\/{rel}","templated":true}]}}